{"id":1950,"date":"2023-06-30T10:32:22","date_gmt":"2023-06-30T13:32:22","guid":{"rendered":"https:\/\/lidertecsa.com.ar\/catalogo\/?post_type=product&#038;p=1950"},"modified":"2024-12-13T16:32:49","modified_gmt":"2024-12-13T19:32:49","slug":"guante-de-acrilo-poliamida-y-latex","status":"publish","type":"product","link":"https:\/\/lidertecsa.com.ar\/catalogo\/producto\/guante-de-acrilo-poliamida-y-latex\/","title":{"rendered":"Guante de Acr\u00edlico\/Poliamida y L\u00e1tex"},"content":{"rendered":"<section id=\"sectionCarac\" class=\"blocAccordion\">\n<div class=\"titreAccordion ui-accordion-header ui-accordion-header-active ui-state-active\">CARACTER\u00cdSTICAS DEL PRODUCTO<\/div>\n<div class=\"contentAccordion ui-accordion-content ui-accordion-content-active\">\n<section class=\"blocContenu blocContenu-first\">\n<div>Interior\u00a0: 100% acril\u00edco galga 10. Exterior\u00a0: 100% poliamida galga 15. Mano totalmente impregnada de l\u00e1tex. Segunda impregnaci\u00f3n de l\u00e1tex espuma en palma y punta de los dedos.<\/div>\n<\/section>\n<section class=\"blocContenu\">\n<div>Guante : poliamida\/acr\u00edlico.<br \/>\nImpregnaci\u00f3n : l\u00e1tex.<\/div>\n<\/section>\n<section class=\"blocContenu\">\n<div>\n<div class=\"titleh1\"><span class=\"titre\">Ref. :\u00a0<\/span><span class=\"lib\">VV736<\/span><\/div>\n<div><\/div>\n<\/div>\n<\/section>\n<\/div>\n<\/section>\n<section id=\"sectionUtilisations\" class=\"blocAccordion\">\n<div class=\"titreAccordion ui-accordion-header ui-accordion-header-active ui-state-active\">USOS DEL PRODUCTO &#8211; RIESGOS<\/div>\n<div class=\"titreAccordion ui-accordion-header ui-accordion-header-active ui-state-active\">&#8211; Travaux publics<\/div>\n<div class=\"contentAccordion ui-accordion-content ui-accordion-content-active\">\n<div class=\"linePictos blocContenu\">&#8211; Maintenance<br \/>\n&#8211; Stockage<br \/>\n&#8211; Traitement des d\u00e9chets<br \/>\n&#8211; Travailleurs temporaires \/ \u00c9ducation<br \/>\n&#8211; Agriculture \/ Industrie foresti\u00e8re &amp; P\u00eache<\/div>\n<div class=\"linePictos blocContenu\">&#8211; Fr\u00edo<\/div>\n<div class=\"linePictos blocContenu\">&#8211; Intemp\u00e9ries<\/div>\n<div><\/div>\n<\/div>\n<\/section>\n<section id=\"sectionPlusProduits\" class=\"blocAccordion\">\n<div class=\"titreAccordion ui-accordion-header ui-accordion-header-active ui-state-active\">LOS PRODUCTOS + &#8211; BENEFICIOS PARA EL USUARIO<\/div>\n<div class=\"contentAccordion ui-accordion-content ui-accordion-content-active\">\n<section class=\"blocContenu row-fluid benefit\">\n<div class=\"span2 image\">\n<div class=\"row-fluid\">\n<div class=\"span10 offset1\"><\/div>\n<\/div>\n<\/div>\n<\/section>\n<section class=\"blocContenu row-fluid benefit\">\n<div class=\"span5\">\n<p>&#8211; Alta impregnaci\u00f3n de nitrilo :<br \/>\n\u2022 Mayor protecci\u00f3n de los dedos contra el fr\u00edo y el agua<br \/>\n\u2022 Gran flexibilidad<\/p>\n<p>&#8211; Muy buena resistencia al fr\u00edo y la humedad<\/p>\n<\/div>\n<\/section>\n<section class=\"blocContenu row-fluid benefit\">\n<div class=\"span5\">\n<p>&#8211; Soporte acr\u00edlico cepillado :<br \/>\n\u2022 Protecci\u00f3n contra el fr\u00edo y la humedad<br \/>\n\u2022 Cepillado : Gran confort y mantenimiento del calor<\/p>\n<\/div>\n<\/section>\n<section class=\"blocContenu row-fluid benefit\">\n<div class=\"span5\">\n<p>&#8211; Disponible tambi\u00e9n en blister<\/p>\n<\/div>\n<\/section>\n<section class=\"blocContenu row-fluid benefit\">\n<div class=\"span5\">\n<p>&#8211; La polivalencia de las protecciones hacen que estos guantes sean una verdadera ventaja en todas los climas.<\/p>\n<\/div>\n<div class=\"span5\">\n<p>&nbsp;<\/p>\n<\/div>\n<\/section>\n<\/div>\n<\/section>\n<section id=\"sectionReferences\" class=\"blocAccordion\">\n<div class=\"titreAccordion ui-accordion-header ui-accordion-header-active ui-state-active\">REFERENCIAS<\/div>\n<div class=\"contentAccordion ui-accordion-content ui-accordion-content-active\">\n<table id=\"tabReferences\" class=\"table table-hover footable toggle-circle default footable-loaded\">\n<thead>\n<tr>\n<th class=\"refArticle footable-visible footable-first-column\">REFERENCIA<\/th>\n<th class=\"eanArticle footable-visible\">C\u00d3DIGO DE BARRAS<\/th>\n<th class=\"pcbArticle footable-visible\"><\/th>\n<th class=\"spcbArticle footable-visible\"><\/th>\n<th class=\"groupingRuleArticle footable-visible\" data-hide=\"phone\" data-grouping-label=\"Color Art\u00edculo\">COLOR ART\u00cdCULO<\/th>\n<th class=\"groupingRuleArticle footable-visible footable-last-column\" data-hide=\"phone\" data-grouping-label=\"Talla Art\u00edculo\">TALLA ART\u00cdCULO<\/th>\n<\/tr>\n<\/thead>\n<tfoot><\/tfoot>\n<\/table>\n<\/div>\n<\/section>\n<section id=\"sectionNormes\" class=\"blocAccordion\">\n<div class=\"titreAccordion ui-accordion-header ui-accordion-header-active ui-state-active\">CERTIFICACIONES &#8211; NORMAS<\/div>\n<div class=\"contentAccordion ui-accordion-content ui-accordion-content-active\">\n<section class=\"blocContenu row-fluid blocContenu-first groupeDirectives\">\n<div class=\"row-fluid legislation\">\n<div class=\"span12\">\n<p class=\"headerLegislation\"><span class=\"pictoLegislation LEG011\"><img decoding=\"async\" title=\"REGLAMENTACI\u00d3N (UE) 2016\/425\" src=\"https:\/\/www.deltaplus.com.ar\/documents\/10194\/11466796\/Picto+CE.jpg\/d8dafaa5-8c2b-4094-b6a5-907872154b9f?version=1.0&amp;t=1668767732612&amp;imageThumbnail=1\" alt=\"REGLAMENTACI\u00d3N (UE) 2016\/425\" \/>\u00a0<\/span><span class=\"libLegislation\">REGLAMENTACI\u00d3N (UE) 2016\/425<\/span><\/p>\n<\/div>\n<\/div>\n<div class=\"row-fluid norme\">\n<div class=\"span1 pictoNorme\"><\/div>\n<div class=\"span11 libNorme\">\n<p><span class=\"normLib\" data-norm-code=\"0\">EN ISO 21420:2020\u00a0Exigencias generales\u00a0\u00a0<i class=\"icon-ord-info\"><\/i><\/span><\/p>\n<\/div>\n<\/div>\n<div class=\"row-fluid norme\">\n<div class=\"span1 pictoNorme\"><span data-norm-code=\"1\"><img decoding=\"async\" title=\"Guantes contra los riesgos Mec\u00e1nicos (Niveles obtenidos en la palma)\" src=\"https:\/\/www.deltaplus.com.ar\/documents\/10194\/11466796\/Mecaniques.jpg\/850f1b5a-38f8-4a84-8fde-56f1206b8aab?version=1.0&amp;t=1668767726358&amp;imageThumbnail=1\" alt=\"Guantes contra los riesgos Mec\u00e1nicos (Niveles obtenidos en la palma)\" \/><\/span><\/div>\n<div class=\"span11 libNorme\">\n<p><span class=\"normLib\" data-norm-code=\"1\">EN388:2016+A1:2018\u00a0Guantes contra los riesgos Mec\u00e1nicos (Niveles obtenidos en la palma)\u00a0\u00a0<i class=\"icon-ord-info\"><\/i><\/span><\/p>\n<table class=\"performanceNorme\">\n<tbody>\n<tr>\n<td class=\"shortLabelPerf\"><\/td>\n<td class=\"valeurPerf\">2<\/td>\n<td class=\"libPerf\">Resistencia a la abrasi\u00f3n (de 1 a 4)<\/td>\n<\/tr>\n<tr>\n<td class=\"shortLabelPerf\"><\/td>\n<td class=\"valeurPerf\">2<\/td>\n<td class=\"libPerf\">Resistencia al corte (de 1 a 5)<\/td>\n<\/tr>\n<tr>\n<td class=\"shortLabelPerf\"><\/td>\n<td class=\"valeurPerf\">3<\/td>\n<td class=\"libPerf\">Resistencia al desgarro (de 1 a 4)<\/td>\n<\/tr>\n<tr>\n<td class=\"shortLabelPerf\"><\/td>\n<td class=\"valeurPerf\">1<\/td>\n<td class=\"libPerf\">Resistencia a la perforaci\u00f3n (de 1 a 4)<\/td>\n<\/tr>\n<tr>\n<td class=\"shortLabelPerf\"><\/td>\n<td class=\"valeurPerf\">B<\/td>\n<td class=\"libPerf\">Resistencia a los cortes por objetos cortantes (TDM EN ISO 13997) (de A a F).<\/td>\n<\/tr>\n<\/tbody>\n<\/table>\n<\/div>\n<\/div>\n<div class=\"row-fluid norme\">\n<div class=\"span1 pictoNorme\"><span data-norm-code=\"2\"><img decoding=\"async\" title=\"Guantes de protecci\u00f3n contra el fr\u00edo (Un &quot;X&quot; = Test no realizada)\" src=\"https:\/\/www.deltaplus.com.ar\/documents\/10194\/11466796\/Froid.jpg\/2caea9cd-679d-484c-83ea-f3502b37509f?version=1.0&amp;t=1668767750739&amp;imageThumbnail=1\" alt=\"Guantes de protecci\u00f3n contra el fr\u00edo (Un &quot;X&quot; = Test no realizada)\" \/><\/span><\/div>\n<div class=\"span11 libNorme\">\n<p><span class=\"normLib\" data-norm-code=\"2\">EN511:2006\u00a0Guantes de protecci\u00f3n contra el fr\u00edo (Un \u00abX\u00bb = Test no realizada)\u00a0\u00a0<i class=\"icon-ord-info\"><\/i><\/span><\/p>\n<table class=\"performanceNorme\">\n<tbody>\n<tr>\n<td class=\"shortLabelPerf\"><\/td>\n<td class=\"valeurPerf\">1<\/td>\n<td class=\"libPerf\">Resistencia al fr\u00edo por convecci\u00f3n (1 a 4)<\/td>\n<\/tr>\n<tr>\n<td class=\"shortLabelPerf\"><\/td>\n<td class=\"valeurPerf\">2<\/td>\n<td class=\"libPerf\">Resistencia al fr\u00edo de contacto (1 a 4)<\/td>\n<\/tr>\n<tr>\n<td class=\"shortLabelPerf\"><\/td>\n<td class=\"valeurPerf\">1<\/td>\n<td class=\"libPerf\">Impermeabilidad al agua\u00a0(0 o 1)<\/td>\n<\/tr>\n<\/tbody>\n<\/table>\n<\/div>\n<\/div>\n<div class=\"row-fluid norme\">\n<div class=\"span1 pictoNorme\"><span data-norm-code=\"3\"><img decoding=\"async\" title=\"Guantes contra los riesgos de calor (Un &quot;X&quot; = Test no realizada)\" src=\"https:\/\/www.deltaplus.com.ar\/documents\/10194\/11466796\/Chaleur+2020.jpg\/eecbcb68-93fb-4e9f-90f8-11162070fa10?version=1.0&amp;t=1668767628971&amp;imageThumbnail=1\" alt=\"Guantes contra los riesgos de calor (Un &quot;X&quot; = Test no realizada)\" \/><\/span><\/div>\n<div class=\"span11 libNorme\">\n<p><span class=\"normLib\" data-norm-code=\"3\">EN407:2020\u00a0Guantes contra los riesgos de calor (Un \u00abX\u00bb = Test no realizada)\u00a0\u00a0<i class=\"icon-ord-info\"><\/i><\/span><\/p>\n<table class=\"performanceNorme\">\n<tbody>\n<tr>\n<td class=\"shortLabelPerf\"><\/td>\n<td class=\"valeurPerf\">X<\/td>\n<td class=\"libPerf\">Resistencia a la propagaci\u00f3n de las llamas (X).<\/td>\n<\/tr>\n<tr>\n<td class=\"shortLabelPerf\"><\/td>\n<td class=\"valeurPerf\">2<\/td>\n<td class=\"libPerf\">Resistencia al calor de contacto (de 1 a 2)<\/td>\n<\/tr>\n<tr>\n<td class=\"shortLabelPerf\"><\/td>\n<td class=\"valeurPerf\">X<\/td>\n<td class=\"libPerf\">Resistencia al calor de convecci\u00f3n (de 1 a 2)<\/td>\n<\/tr>\n<tr>\n<td class=\"shortLabelPerf\"><\/td>\n<td class=\"valeurPerf\">X<\/td>\n<td class=\"libPerf\">Resistencia al calor radiante (de 1 a 2)<\/td>\n<\/tr>\n<tr>\n<td class=\"shortLabelPerf\"><\/td>\n<td class=\"valeurPerf\">X<\/td>\n<td class=\"libPerf\">Resistencia a las peque\u00f1as proyecciones de metal en fusi\u00f3n (de 1 a 2)<\/td>\n<\/tr>\n<tr>\n<td class=\"shortLabelPerf\"><\/td>\n<td class=\"valeurPerf\">X<\/td>\n<td class=\"libPerf\">Resistencia a grandes proyecciones de metal en fusi\u00f3n (de 1 a 2)<\/td>\n<\/tr>\n<\/tbody>\n<\/table>\n<\/div>\n<\/div>\n<\/section>\n<\/div>\n<\/section>\n","protected":false},"excerpt":{"rendered":"<p>Interior\u00a0: 100% acril\u00edco galga 10. Exterior\u00a0: 100% poliamida galga 15. Mano totalmente impregnada de l\u00e1tex. Segunda impregnaci\u00f3n de l\u00e1tex espuma en palma y punta de los dedos.<\/p>\n<p>&nbsp;<\/p>\n","protected":false},"featured_media":9801,"template":"","meta":{"_joinchat":[]},"product_cat":[785,476],"product_tag":[482],"class_list":{"0":"post-1950","1":"product","2":"type-product","3":"status-publish","4":"has-post-thumbnail","6":"product_cat-proteccion-manos-barazos","7":"product_cat-latex","8":"product_tag-guante-de-acrilico-poliamida","10":"first","11":"instock","12":"taxable","13":"shipping-taxable","14":"product-type-simple"},"_links":{"self":[{"href":"https:\/\/lidertecsa.com.ar\/catalogo\/wp-json\/wp\/v2\/product\/1950"}],"collection":[{"href":"https:\/\/lidertecsa.com.ar\/catalogo\/wp-json\/wp\/v2\/product"}],"about":[{"href":"https:\/\/lidertecsa.com.ar\/catalogo\/wp-json\/wp\/v2\/types\/product"}],"wp:featuredmedia":[{"embeddable":true,"href":"https:\/\/lidertecsa.com.ar\/catalogo\/wp-json\/wp\/v2\/media\/9801"}],"wp:attachment":[{"href":"https:\/\/lidertecsa.com.ar\/catalogo\/wp-json\/wp\/v2\/media?parent=1950"}],"wp:term":[{"taxonomy":"product_cat","embeddable":true,"href":"https:\/\/lidertecsa.com.ar\/catalogo\/wp-json\/wp\/v2\/product_cat?post=1950"},{"taxonomy":"product_tag","embeddable":true,"href":"https:\/\/lidertecsa.com.ar\/catalogo\/wp-json\/wp\/v2\/product_tag?post=1950"}],"curies":[{"name":"wp","href":"https:\/\/api.w.org\/{rel}","templated":true}]}}