{"id":193,"date":"2023-06-12T16:03:36","date_gmt":"2023-06-12T19:03:36","guid":{"rendered":"https:\/\/lidertecsa.com.ar\/catalogo\/?post_type=product&#038;p=193"},"modified":"2024-12-13T16:30:25","modified_gmt":"2024-12-13T19:30:25","slug":"juego-de-pistola-h-v-l-p-11-piezas","status":"publish","type":"product","link":"https:\/\/lidertecsa.com.ar\/catalogo\/producto\/juego-de-pistola-h-v-l-p-11-piezas\/","title":{"rendered":"JUEGO DE PISTOLA H.V.L.P. &#8211; 11 PIEZAS"},"content":{"rendered":"<p><span style=\"font-family: Arial, Helvetica, sans-serif;font-size: medium\"><strong><span style=\"font-size: small\">Para:<\/span><\/strong><span style=\"font-size: small\">\u00a0grandes superficies, coches completos y veh\u00edculos industriales.<br \/>\nPintura base acuosa y base disolvente.<\/span><\/span><\/p>\n<p><strong>Material:<\/strong>\u00a0Pico y aguja de acero inoxidable. Cuerpo de aluminio.<\/p>\n<p><strong>Incluye:<\/strong>\u00a0P700, man\u00f3metro, filtro pl\u00e1stico, porta dep\u00f3sito descartable, 5 dep\u00f3sitos descartables 260 cc,<br \/>\nkit de desarme y limpieza, manual con despiece.<\/p>\n<p><strong>Info:<\/strong>\u00a0Alto volumen. Baja Presi\u00f3n. En caja pl\u00e1stica.<span style=\"font-family: Arial, Helvetica, sans-serif;font-size: small\">\u00a0<\/span><\/p>\n","protected":false},"excerpt":{"rendered":"<table border=\"0\" width=\"870\" align=\"center\">\n<tbody>\n<tr>\n<td height=\"23\">\n<div align=\"left\"><strong><span style=\"font-family: Arial, Helvetica, sans-serif;font-size: medium\">P700B<\/span><\/strong><\/div>\n<\/td>\n<td height=\"23\"><\/td>\n<td>\n<div align=\"center\"><span style=\"font-size: x-large\"><span style=\"font-family: Arial, Helvetica, sans-serif;font-size: medium\"><span style=\"font-size: small\">Presi\u00f3n de trabajo:\u00a0<strong><span style=\"font-family: Arial, Helvetica, sans-serif\">3 bar \/ 43 psi.<\/span><\/strong><br \/>\nDep\u00f3sito:\u00a0<strong><span style=\"font-family: Arial, Helvetica, sans-serif\">600 cc<\/span><\/strong><br \/>\nPico:\u00a0<strong><span style=\"font-family: Arial, Helvetica, sans-serif\">1,4 mm<\/span><\/strong><\/span><\/span><\/span><\/div>\n<\/td>\n<\/tr>\n<\/tbody>\n<\/table>\n","protected":false},"featured_media":194,"template":"","meta":{"_joinchat":[]},"product_cat":[73],"product_tag":[75],"class_list":{"0":"post-193","1":"product","2":"type-product","3":"status-publish","4":"has-post-thumbnail","6":"product_cat-pistolas-de-pintar","7":"product_tag-profesional","9":"first","10":"instock","11":"taxable","12":"shipping-taxable","13":"product-type-simple"},"_links":{"self":[{"href":"https:\/\/lidertecsa.com.ar\/catalogo\/wp-json\/wp\/v2\/product\/193"}],"collection":[{"href":"https:\/\/lidertecsa.com.ar\/catalogo\/wp-json\/wp\/v2\/product"}],"about":[{"href":"https:\/\/lidertecsa.com.ar\/catalogo\/wp-json\/wp\/v2\/types\/product"}],"wp:featuredmedia":[{"embeddable":true,"href":"https:\/\/lidertecsa.com.ar\/catalogo\/wp-json\/wp\/v2\/media\/194"}],"wp:attachment":[{"href":"https:\/\/lidertecsa.com.ar\/catalogo\/wp-json\/wp\/v2\/media?parent=193"}],"wp:term":[{"taxonomy":"product_cat","embeddable":true,"href":"https:\/\/lidertecsa.com.ar\/catalogo\/wp-json\/wp\/v2\/product_cat?post=193"},{"taxonomy":"product_tag","embeddable":true,"href":"https:\/\/lidertecsa.com.ar\/catalogo\/wp-json\/wp\/v2\/product_tag?post=193"}],"curies":[{"name":"wp","href":"https:\/\/api.w.org\/{rel}","templated":true}]}}