{"id":1908,"date":"2023-06-29T15:53:21","date_gmt":"2023-06-29T18:53:21","guid":{"rendered":"https:\/\/lidertecsa.com.ar\/catalogo\/?post_type=product&#038;p=1908"},"modified":"2024-12-13T16:32:45","modified_gmt":"2024-12-13T19:32:45","slug":"guante-en-nitrilo-dorso-vent-puno-de-lona","status":"publish","type":"product","link":"https:\/\/lidertecsa.com.ar\/catalogo\/producto\/guante-en-nitrilo-dorso-vent-puno-de-lona\/","title":{"rendered":"Guante en Nitrilo. Dorso Vent. Pu\u00f1o de Lona"},"content":{"rendered":"<section id=\"sectionCarac\" class=\"blocAccordion\">\n<div class=\"titreAccordion ui-accordion-header ui-accordion-header-active ui-state-active\">CARACTER\u00cdSTICAS DEL PRODUCTO<\/div>\n<div class=\"contentAccordion ui-accordion-content ui-accordion-content-active\">\n<section class=\"blocContenu blocContenu-first\">\n<div>Guante en nitrilo sobre soporte de jersey de algod\u00f3n. Pu\u00f1o de lona. Dorso ventilado.<\/div>\n<\/section>\n<section class=\"blocContenu\">\n<div>Soporte: jersey de algod\u00f3n.<br \/>\nImpregnaci\u00f3n: 100% nitrilo templado y vulcanizado (l\u00e1tex nitrilo-acr\u00edlico butadieno) Manguito: tela.<\/div>\n<\/section>\n<section class=\"blocContenu\">\n<div>\n<div class=\"titleh1\"><span class=\"titre\">Ref. :\u00a0<\/span><span class=\"lib\">NI170<\/span><\/div>\n<div><\/div>\n<\/div>\n<\/section>\n<\/div>\n<\/section>\n<section id=\"sectionUtilisations\" class=\"blocAccordion\">\n<div class=\"titreAccordion ui-accordion-header ui-accordion-header-active ui-state-active\">USOS DEL PRODUCTO &#8211; RIESGOS<\/div>\n<div class=\"titreAccordion ui-accordion-header ui-accordion-header-active ui-state-active\">&#8211; Travaux publics<\/div>\n<div class=\"contentAccordion ui-accordion-content ui-accordion-content-active\">\n<div class=\"linePictos blocContenu\">&#8211; Automobile<\/div>\n<div class=\"linePictos blocContenu\">&#8211; Stockage<\/div>\n<div class=\"linePictos blocContenu\">&#8211; Industrie mini\u00e8re<br \/>\n&#8211; Traitement des d\u00e9chets<br \/>\n&#8211; Travailleurs temporaires \/ \u00c9ducation<\/div>\n<div class=\"linePictos blocContenu\">&#8211; Desgaste<\/div>\n<div><\/div>\n<\/div>\n<\/section>\n<section id=\"sectionPlusProduits\" class=\"blocAccordion\">\n<div class=\"titreAccordion ui-accordion-header ui-accordion-header-active ui-state-active\">LOS PRODUCTOS + &#8211; BENEFICIOS PARA EL USUARIO<\/div>\n<div class=\"contentAccordion ui-accordion-content ui-accordion-content-active\">\n<section class=\"blocContenu row-fluid benefit\">\n<div class=\"span2 image\">\n<div class=\"row-fluid\">\n<div class=\"span10 offset1\"><\/div>\n<\/div>\n<\/div>\n<div class=\"span5\">\n<p>Nitrilo sobre soporte jersey de algod\u00f3n\u00a0:<br \/>\n\u2022 Poco sensible al calor<br \/>\n\u2022 Excelentes resultados en medios aceitosos y grasientos<\/p>\n<\/div>\n<\/section>\n<section class=\"blocContenu row-fluid benefit\">\n<div class=\"span5\">\n<p>Soporte Jersey algod\u00f3n con dorso fresco\u00a0:<br \/>\n\u2022 Confort<br \/>\n\u2022 Mejora transpirabilidad<\/p>\n<\/div>\n<\/section>\n<section class=\"blocContenu row-fluid benefit\">\n<div class=\"span5\">\n<p>Manguito de seguridad de 6 cm\u00a0:<br \/>\n\u2022 Protecci\u00f3n de la prenda<br \/>\n\u2022 Facilita la colocaci\u00f3n y quitado del guante<\/p>\n<\/div>\n<\/section>\n<\/div>\n<\/section>\n<section id=\"sectionReferences\" class=\"blocAccordion\">\n<div class=\"titreAccordion ui-accordion-header ui-accordion-header-active ui-state-active\">REFERENCIAS<\/div>\n<div class=\"contentAccordion ui-accordion-content ui-accordion-content-active\">\n<table id=\"tabReferences\" class=\"table table-hover footable toggle-circle default footable-loaded\">\n<thead>\n<tr>\n<th class=\"refArticle footable-visible footable-first-column\">REFERENCIA<\/th>\n<th class=\"eanArticle footable-visible\">C\u00d3DIGO DE BARRAS<\/th>\n<th class=\"pcbArticle footable-visible\"><\/th>\n<th class=\"spcbArticle footable-visible\"><\/th>\n<th class=\"groupingRuleArticle footable-visible\" data-hide=\"phone\" data-grouping-label=\"Color Art\u00edculo\">COLOR ART\u00cdCULO<\/th>\n<th class=\"groupingRuleArticle footable-visible footable-last-column\" data-hide=\"phone\" data-grouping-label=\"Talla Art\u00edculo\">TALLA ART\u00cdCULO<\/th>\n<\/tr>\n<\/thead>\n<tfoot><\/tfoot>\n<tbody>\n<tr>\n<td class=\"refArticle footable-visible footable-first-column\" data-ref=\"NI17010\">NI17010-NI170<\/td>\n<td class=\"eanArticle footable-visible\">3295249010775<\/td>\n<td class=\"pcbArticle footable-visible\" data-vl=\"11\" data-pcb=\"120\" data-spcb=\"12\" data-partitionable=\"true\">120<\/td>\n<td class=\"spcbArticle footable-visible\">12<\/td>\n<td class=\"groupingRuleArticle footable-visible\" data-grouping-label=\"Color Art\u00edculo\" data-grouping-value=\"Azul\">Azul<\/td>\n<td class=\"groupingRuleArticle footable-visible footable-last-column\" data-grouping-label=\"Talla Art\u00edculo\" data-grouping-value=\"10\">10<\/td>\n<\/tr>\n<\/tbody>\n<\/table>\n<\/div>\n<\/section>\n<section id=\"sectionNormes\" class=\"blocAccordion\">\n<div class=\"titreAccordion ui-accordion-header ui-accordion-header-active ui-state-active\">CERTIFICACIONES &#8211; NORMAS<\/div>\n<div class=\"contentAccordion ui-accordion-content ui-accordion-content-active\">\n<section class=\"blocContenu row-fluid blocContenu-first groupeDirectives\">\n<div class=\"row-fluid legislation\">\n<div class=\"span12\">\n<p class=\"headerLegislation\"><span class=\"pictoLegislation LEG300\"><img decoding=\"async\" title=\"Certif. sello S Resoluci\u00f3n 896\/99\" src=\"https:\/\/www.deltaplus.com.ar\/documents\/10194\/11468382\/LOGO+IRAM+S+PARA+GUANTES.jpg\/7f981917-2bd9-40d8-9f54-16815214e026?version=1.0&amp;t=1668767788510&amp;imageThumbnail=1\" alt=\"Certif. sello S Resoluci\u00f3n 896\/99\" \/>\u00a0<\/span><span class=\"libLegislation\">CERTIF. SELLO S RESOLUCI\u00d3N 896\/99<\/span><\/p>\n<\/div>\n<\/div>\n<div class=\"row-fluid norme\">\n<div class=\"span1 pictoNorme\"><\/div>\n<div class=\"span11 libNorme\">\n<p><span class=\"normLib\" data-norm-code=\"0\">EN ISO 21420:2020\u00a0Exigencias generales\u00a0\u00a0<i class=\"icon-ord-info\"><\/i><\/span><\/p>\n<\/div>\n<\/div>\n<div class=\"row-fluid norme\">\n<div class=\"span1 pictoNorme\"><span data-norm-code=\"1\"><img decoding=\"async\" title=\"Guantes contra los riesgos Mec\u00e1nicos (Niveles obtenidos en la palma)\" src=\"https:\/\/www.deltaplus.com.ar\/documents\/10194\/11466796\/Mecaniques.jpg\/850f1b5a-38f8-4a84-8fde-56f1206b8aab?version=1.0&amp;t=1668767726358&amp;imageThumbnail=1\" alt=\"Guantes contra los riesgos Mec\u00e1nicos (Niveles obtenidos en la palma)\" \/><\/span><\/div>\n<div class=\"span11 libNorme\">\n<p><span class=\"normLib\" data-norm-code=\"1\">EN388:2016\u00a0Guantes contra los riesgos Mec\u00e1nicos (Niveles obtenidos en la palma)\u00a0\u00a0<i class=\"icon-ord-info\"><\/i><\/span><\/p>\n<table class=\"performanceNorme\">\n<tbody>\n<tr>\n<td class=\"shortLabelPerf\"><\/td>\n<td class=\"valeurPerf\">3<\/td>\n<td class=\"libPerf\">Resistencia a la abrasi\u00f3n (de 1 a 4)<\/td>\n<\/tr>\n<tr>\n<td class=\"shortLabelPerf\"><\/td>\n<td class=\"valeurPerf\">1<\/td>\n<td class=\"libPerf\">Resistencia al corte (de 1 a 5)<\/td>\n<\/tr>\n<tr>\n<td class=\"shortLabelPerf\"><\/td>\n<td class=\"valeurPerf\">1<\/td>\n<td class=\"libPerf\">Resistencia al desgarro (de 1 a 4)<\/td>\n<\/tr>\n<tr>\n<td class=\"shortLabelPerf\"><\/td>\n<td class=\"valeurPerf\">1<\/td>\n<td class=\"libPerf\">Resistencia a la perforaci\u00f3n (de 1 a 4)<\/td>\n<\/tr>\n<tr>\n<td class=\"shortLabelPerf\"><\/td>\n<td class=\"valeurPerf\">X<\/td>\n<td class=\"libPerf\">Resistencia a los cortes por objetos cortantes (TDM EN ISO 13997) (de A a F).<\/td>\n<\/tr>\n<\/tbody>\n<\/table>\n<\/div>\n<\/div>\n<div class=\"row-fluid legislation\">\n<div class=\"span12\">\n<p class=\"headerLegislation\"><span class=\"pictoLegislation LEG011\"><img decoding=\"async\" title=\"REGLAMENTACI\u00d3N (UE) 2016\/425\" src=\"https:\/\/www.deltaplus.com.ar\/documents\/10194\/11466796\/Picto+CE.jpg\/d8dafaa5-8c2b-4094-b6a5-907872154b9f?version=1.0&amp;t=1668767732612&amp;imageThumbnail=1\" alt=\"REGLAMENTACI\u00d3N (UE) 2016\/425\" \/>\u00a0<\/span><span class=\"libLegislation\">REGLAMENTACI\u00d3N (UE) 2016\/425<\/span><\/p>\n<\/div>\n<\/div>\n<div class=\"row-fluid norme\">\n<div class=\"span1 pictoNorme\"><\/div>\n<div class=\"span11 libNorme\">\n<p><span class=\"normLib\" data-norm-code=\"0\">EN ISO 21420:2020\u00a0Exigencias generales\u00a0\u00a0<i class=\"icon-ord-info\"><\/i><\/span><\/p>\n<\/div>\n<\/div>\n<div class=\"row-fluid norme\">\n<div class=\"span1 pictoNorme\"><span data-norm-code=\"1\"><img decoding=\"async\" title=\"Guantes contra los riesgos Mec\u00e1nicos (Niveles obtenidos en la palma)\" src=\"https:\/\/www.deltaplus.com.ar\/documents\/10194\/11466796\/Mecaniques.jpg\/850f1b5a-38f8-4a84-8fde-56f1206b8aab?version=1.0&amp;t=1668767726358&amp;imageThumbnail=1\" alt=\"Guantes contra los riesgos Mec\u00e1nicos (Niveles obtenidos en la palma)\" \/><\/span><\/div>\n<div class=\"span11 libNorme\">\n<p><span class=\"normLib\" data-norm-code=\"1\">EN388:2016+A1:2018\u00a0Guantes contra los riesgos Mec\u00e1nicos (Niveles obtenidos en la palma)\u00a0\u00a0<i class=\"icon-ord-info\"><\/i><\/span><\/p>\n<table class=\"performanceNorme\">\n<tbody>\n<tr>\n<td class=\"shortLabelPerf\"><\/td>\n<td class=\"valeurPerf\">3<\/td>\n<td class=\"libPerf\">Resistencia a la abrasi\u00f3n (de 1 a 4)<\/td>\n<\/tr>\n<tr>\n<td class=\"shortLabelPerf\"><\/td>\n<td class=\"valeurPerf\">1<\/td>\n<td class=\"libPerf\">Resistencia al corte (de 1 a 5)<\/td>\n<\/tr>\n<tr>\n<td class=\"shortLabelPerf\"><\/td>\n<td class=\"valeurPerf\">1<\/td>\n<td class=\"libPerf\">Resistencia al desgarro (de 1 a 4)<\/td>\n<\/tr>\n<tr>\n<td class=\"shortLabelPerf\"><\/td>\n<td class=\"valeurPerf\">1<\/td>\n<td class=\"libPerf\">Resistencia a la perforaci\u00f3n (de 1 a 4)<\/td>\n<\/tr>\n<tr>\n<td class=\"shortLabelPerf\"><\/td>\n<td class=\"valeurPerf\">X<\/td>\n<td class=\"libPerf\">Resistencia a los cortes por objetos cortantes (TDM EN ISO 13997) (de A a F).<\/td>\n<\/tr>\n<\/tbody>\n<\/table>\n<\/div>\n<\/div>\n<\/section>\n<\/div>\n<\/section>\n","protected":false},"excerpt":{"rendered":"<p>Guante en nitrilo sobre soporte de jersey de algod\u00f3n. Pu\u00f1o de lona. Dorso ventilado.<\/p>\n","protected":false},"featured_media":9827,"template":"","meta":{"_joinchat":[]},"product_cat":[785,449],"product_tag":[450],"class_list":{"0":"post-1908","1":"product","2":"type-product","3":"status-publish","4":"has-post-thumbnail","6":"product_cat-proteccion-manos-barazos","7":"product_cat-guantes-nitrilo","8":"product_tag-guante-nitrilo-azul","10":"first","11":"instock","12":"taxable","13":"shipping-taxable","14":"product-type-simple"},"_links":{"self":[{"href":"https:\/\/lidertecsa.com.ar\/catalogo\/wp-json\/wp\/v2\/product\/1908"}],"collection":[{"href":"https:\/\/lidertecsa.com.ar\/catalogo\/wp-json\/wp\/v2\/product"}],"about":[{"href":"https:\/\/lidertecsa.com.ar\/catalogo\/wp-json\/wp\/v2\/types\/product"}],"wp:featuredmedia":[{"embeddable":true,"href":"https:\/\/lidertecsa.com.ar\/catalogo\/wp-json\/wp\/v2\/media\/9827"}],"wp:attachment":[{"href":"https:\/\/lidertecsa.com.ar\/catalogo\/wp-json\/wp\/v2\/media?parent=1908"}],"wp:term":[{"taxonomy":"product_cat","embeddable":true,"href":"https:\/\/lidertecsa.com.ar\/catalogo\/wp-json\/wp\/v2\/product_cat?post=1908"},{"taxonomy":"product_tag","embeddable":true,"href":"https:\/\/lidertecsa.com.ar\/catalogo\/wp-json\/wp\/v2\/product_tag?post=1908"}],"curies":[{"name":"wp","href":"https:\/\/api.w.org\/{rel}","templated":true}]}}