{"id":1897,"date":"2023-06-29T15:33:33","date_gmt":"2023-06-29T18:33:33","guid":{"rendered":"https:\/\/lidertecsa.com.ar\/catalogo\/?post_type=product&#038;p=1897"},"modified":"2024-12-13T16:32:45","modified_gmt":"2024-12-13T19:32:45","slug":"guante-de-nitrilo-no-empolvado","status":"publish","type":"product","link":"https:\/\/lidertecsa.com.ar\/catalogo\/producto\/guante-de-nitrilo-no-empolvado\/","title":{"rendered":"Guante de Nitrilo no Empolvado"},"content":{"rendered":"<section id=\"sectionCarac\" class=\"blocAccordion\">\n<div class=\"contentAccordion ui-accordion-content ui-accordion-content-active\">\n<section class=\"blocContenu blocContenu-first\">\n<div>Guante de un solo uso nitrilo no empolvado, AQL 1,5. Caja de 100 unidades.<\/div>\n<\/section>\n<section class=\"blocContenu\">\n<div>100% nitrilo<\/div>\n<\/section>\n<section class=\"blocContenu\">\n<div>\n<div class=\"titleh1\"><span class=\"titre\">Ref. :\u00a0<\/span><span class=\"lib\">V1400B100<\/span><\/div>\n<\/div>\n<\/section>\n<\/div>\n<\/section>\n<section id=\"sectionUtilisations\" class=\"blocAccordion\">\n<div><\/div>\n<div class=\"titreAccordion ui-accordion-header ui-accordion-header-active ui-state-active\">USOS DEL PRODUCTO &#8211; RIESGOS<\/div>\n<div class=\"contentAccordion ui-accordion-content ui-accordion-content-active\">\n<div class=\"linePictos blocContenu\">\n<div class=\"blocProductUse\"><span id=\"picto_8575995\">&#8211; Second \u0153uvre \/ Artisans<\/span><\/div>\n<p>&#8211; T\u00e9l\u00e9communication<br \/>\n&#8211; Automobile<br \/>\n&#8211; Travailleurs temporaires \/ \u00c9ducation<br \/>\n&#8211; Agriculture \/ Industrie foresti\u00e8re &amp; P\u00eache<\/p>\n<div class=\"blocProductUse\"><span id=\"picto_8575991\">&#8211; Services H\u00e9bergements &amp; Restauration<\/span><\/div>\n<\/div>\n<div class=\"linePictos blocContenu\">\n<div class=\"blocProductUse\">&#8211; Biol\u00f3gicos<\/div>\n<p>-Particules<\/p>\n<\/div>\n<div><\/div>\n<\/div>\n<\/section>\n<section id=\"sectionPlusProduits\" class=\"blocAccordion\">\n<div class=\"titreAccordion ui-accordion-header ui-accordion-header-active ui-state-active\">LOS PRODUCTOS + &#8211; BENEFICIOS PARA EL USUARIO<\/div>\n<div><\/div>\n<div class=\"contentAccordion ui-accordion-content ui-accordion-content-active\">\n<section class=\"blocContenu row-fluid benefit\">\n<div class=\"span5\">\n<p>Guantes no empolvados\u00a0:<br \/>\n\u2022 Protecci\u00f3n de los objetos manipulados<\/p>\n<p>Nitrilo :<\/p>\n<p>\u2022 Herm\u00e9tico al aire y el agua<\/p>\n<p>\u2022 Flexibilidad, elasticidad y tacto<\/p>\n<p>\u2022 Ausencia de riesgos de alergias<\/p>\n<p>\u2022 Escasa protecci\u00f3n contra los productos qu\u00edmicos (contacto ocasional)<\/p>\n<\/div>\n<\/section>\n<section class=\"blocContenu row-fluid benefit\">\n<div class=\"span5\">\n<p>Guante probado de acuerdo con EN ISO 371-1:2016 Tipo B<\/p>\n<\/div>\n<div class=\"span5\">\n<p>Color azul :<\/p>\n<\/div>\n<\/section>\n<section class=\"blocContenu row-fluid benefit\">\n<div class=\"span5\">\n<p>\u2022 Localizaci\u00f3n visual facilitada sobre el puesto de trabajo<\/p>\n<\/div>\n<\/section>\n<\/div>\n<\/section>\n<section id=\"sectionReferences\" class=\"blocAccordion\">\n<div class=\"titreAccordion ui-accordion-header ui-accordion-header-active ui-state-active\">REFERENCIAS<\/div>\n<div class=\"contentAccordion ui-accordion-content ui-accordion-content-active\">\n<table id=\"tabReferences\" class=\"table table-hover footable toggle-circle default footable-loaded\">\n<thead>\n<tr>\n<th class=\"refArticle footable-visible footable-first-column\">REFERENCIA<\/th>\n<th class=\"eanArticle footable-visible\">C\u00d3DIGO DE BARRAS<\/th>\n<th class=\"pcbArticle footable-visible\"><\/th>\n<th class=\"spcbArticle footable-visible\"><\/th>\n<th class=\"groupingRuleArticle footable-visible\" data-hide=\"phone\" data-grouping-label=\"Color Art\u00edculo\">COLOR ART\u00cdCULO<\/th>\n<th class=\"groupingRuleArticle footable-visible footable-last-column\" data-hide=\"phone\" data-grouping-label=\"Talla Art\u00edculo\">TALLA ART\u00cdCULO<\/th>\n<\/tr>\n<\/thead>\n<tfoot><\/tfoot>\n<\/table>\n<\/div>\n<\/section>\n<section id=\"sectionNormes\" class=\"blocAccordion\">\n<div class=\"titreAccordion ui-accordion-header ui-accordion-header-active ui-state-active\">CERTIFICACIONES &#8211; NORMAS<\/div>\n<div class=\"contentAccordion ui-accordion-content ui-accordion-content-active\">\n<section class=\"blocContenu row-fluid blocContenu-first groupeDirectives\">\n<div class=\"row-fluid legislation\">\n<div class=\"span12\">\n<p class=\"headerLegislation\"><span class=\"pictoLegislation LEG011\"><img decoding=\"async\" title=\"REGLAMENTACI\u00d3N (UE) 2016\/425\" src=\"https:\/\/www.deltaplus.com.ar\/documents\/10194\/11466796\/Picto+CE.jpg\/d8dafaa5-8c2b-4094-b6a5-907872154b9f?version=1.0&amp;t=1668767732612&amp;imageThumbnail=1\" alt=\"REGLAMENTACI\u00d3N (UE) 2016\/425\" \/>\u00a0<\/span><span class=\"libLegislation\">REGLAMENTACI\u00d3N (UE) 2016\/425<\/span><\/p>\n<\/div>\n<\/div>\n<div class=\"row-fluid norme\">\n<div class=\"span1 pictoNorme\"><\/div>\n<div class=\"span11 libNorme\">\n<p><span class=\"normLib\" data-norm-code=\"0\">EN420:2003+A1:2009\u00a0Exigencias generales\u00a0\u00a0<i class=\"icon-ord-info\"><\/i><\/span><\/p>\n<table class=\"performanceNorme\">\n<tbody>\n<tr>\n<td class=\"shortLabelPerf\"><\/td>\n<td class=\"valeurPerf\">5<\/td>\n<td class=\"libPerf\">La dexteridad (de 1 a 5)<\/td>\n<\/tr>\n<\/tbody>\n<\/table>\n<\/div>\n<\/div>\n<div class=\"row-fluid norme\">\n<div class=\"span1 pictoNorme\"><img decoding=\"async\" title=\"Guantes protecci\u00f3n contra los productos qu\u00edmicos y los microorganismos. Parte 1: Terminolog\u00eda y exigencias de desempe\u00f1o para los riesgos qu\u00edmicos.\" src=\"https:\/\/www.deltaplus.com.ar\/documents\/10194\/11466796\/Chimique+1.jpg\/956aa053-8ff1-403e-b157-d22f44af633b?version=1.0&amp;t=1668767596415&amp;imageThumbnail=1\" alt=\"Guantes protecci\u00f3n contra los productos qu\u00edmicos y los microorganismos. Parte 1: Terminolog\u00eda y exigencias de desempe\u00f1o para los riesgos qu\u00edmicos.\" \/><\/div>\n<div class=\"span11 libNorme\">\n<p>EN ISO 374-1:2016\u00a0Guantes protecci\u00f3n contra los productos qu\u00edmicos y los microorganismos. Parte 1: Terminolog\u00eda y exigencias de desempe\u00f1o para los riesgos qu\u00edmicos.<\/p>\n<table class=\"performanceNorme\">\n<tbody>\n<tr>\n<td class=\"shortLabelPerf\">TIPO<\/td>\n<td class=\"valeurPerf\">B<\/td>\n<td class=\"libPerf\">Tipo B &#8211; Estanqueidad al aire y al agua de acuerdo con EN ISO 374-2:2019. Resistencia a la permeabilidad de al menos 3 productos qu\u00edmicos de nivel 2 seg\u00fan EN16523-1:2015 (1 &#8211; 6).<\/td>\n<\/tr>\n<tr>\n<td class=\"shortLabelPerf\"><\/td>\n<td class=\"valeurPerf\">.<\/td>\n<td class=\"libPerf\">Determinaci\u00f3n de la resistencia a la degradaci\u00f3n por productos qu\u00edmicos de acuerdo con la EN ISO 374-4: 2019. Parte 4: Determinaci\u00f3n de la resistencia a la degradaci\u00f3n por productos qu\u00edmicos.<\/td>\n<\/tr>\n<tr>\n<td class=\"shortLabelPerf\">J<\/td>\n<td class=\"valeurPerf\">3 &gt; 60 mn<\/td>\n<td class=\"libPerf\">n-Heptano (J) CAS 142-85-5<\/td>\n<\/tr>\n<tr>\n<td class=\"shortLabelPerf\">K<\/td>\n<td class=\"valeurPerf\">6 &gt; 480 mn<\/td>\n<td class=\"libPerf\">Hidr\u00f3xido de sodio al 40 % (K ) CAS 1310-73-2<\/td>\n<\/tr>\n<tr>\n<td class=\"shortLabelPerf\">T<\/td>\n<td class=\"valeurPerf\">6 &gt; 480 mn<\/td>\n<td class=\"libPerf\">T<\/td>\n<\/tr>\n<\/tbody>\n<\/table>\n<\/div>\n<\/div>\n<div class=\"row-fluid norme\">\n<div class=\"span1 pictoNorme\"><img decoding=\"async\" title=\"Guantes de protecci\u00f3n contra qu\u00edmicos y microorganismos peligrosos - Parte 5: Terminolog\u00eda y requisitos de desempe\u00f1o para los riesgos de los microorganismos: VIRUS.\" src=\"https:\/\/www.deltaplus.com.ar\/documents\/10194\/11466796\/Micro-organismes+VIRUS.jpg\/b6cc4612-6afe-49f8-8821-6605f6052fb0?version=1.0&amp;t=1668767703225&amp;imageThumbnail=1\" alt=\"Guantes de protecci\u00f3n contra qu\u00edmicos y microorganismos peligrosos - Parte 5: Terminolog\u00eda y requisitos de desempe\u00f1o para los riesgos de los microorganismos: VIRUS.\" \/><\/div>\n<div class=\"span11 libNorme\">\n<p>EN ISO 374-5: 2016\u00a0Guantes de protecci\u00f3n contra qu\u00edmicos y microorganismos peligrosos &#8211; Parte 5: Terminolog\u00eda y requisitos de desempe\u00f1o para los riesgos de los microorganismos: VIRUS.<\/p>\n<table class=\"performanceNorme\">\n<tbody>\n<tr>\n<td class=\"shortLabelPerf\">BACTERIAS + HONGOS<\/td>\n<td class=\"valeurPerf\">.<\/td>\n<td class=\"libPerf\">BACTERIAS + HONGOS : Estanqueidad al aire y al agua de acuerdo con EN ISO 374-2:2019.<\/td>\n<\/tr>\n<tr>\n<td class=\"shortLabelPerf\"><\/td>\n<td class=\"valeurPerf\">.<\/td>\n<td class=\"libPerf\">VIRUS<\/td>\n<\/tr>\n<\/tbody>\n<\/table>\n<\/div>\n<\/div>\n<\/section>\n<\/div>\n<\/section>\n","protected":false},"excerpt":{"rendered":"<p>Guante de un solo uso nitrilo no empolvado. Caja de 100 unidades.<\/p>\n","protected":false},"featured_media":9820,"template":"","meta":{"_joinchat":[]},"product_cat":[449,785],"product_tag":[465],"class_list":{"0":"post-1897","1":"product","2":"type-product","3":"status-publish","4":"has-post-thumbnail","6":"product_cat-guantes-nitrilo","7":"product_cat-proteccion-manos-barazos","8":"product_tag-guante-de-nitrilo-descartable","10":"first","11":"instock","12":"taxable","13":"shipping-taxable","14":"product-type-simple"},"_links":{"self":[{"href":"https:\/\/lidertecsa.com.ar\/catalogo\/wp-json\/wp\/v2\/product\/1897"}],"collection":[{"href":"https:\/\/lidertecsa.com.ar\/catalogo\/wp-json\/wp\/v2\/product"}],"about":[{"href":"https:\/\/lidertecsa.com.ar\/catalogo\/wp-json\/wp\/v2\/types\/product"}],"wp:featuredmedia":[{"embeddable":true,"href":"https:\/\/lidertecsa.com.ar\/catalogo\/wp-json\/wp\/v2\/media\/9820"}],"wp:attachment":[{"href":"https:\/\/lidertecsa.com.ar\/catalogo\/wp-json\/wp\/v2\/media?parent=1897"}],"wp:term":[{"taxonomy":"product_cat","embeddable":true,"href":"https:\/\/lidertecsa.com.ar\/catalogo\/wp-json\/wp\/v2\/product_cat?post=1897"},{"taxonomy":"product_tag","embeddable":true,"href":"https:\/\/lidertecsa.com.ar\/catalogo\/wp-json\/wp\/v2\/product_tag?post=1897"}],"curies":[{"name":"wp","href":"https:\/\/api.w.org\/{rel}","templated":true}]}}