{"id":1891,"date":"2023-06-29T15:15:59","date_gmt":"2023-06-29T18:15:59","guid":{"rendered":"https:\/\/lidertecsa.com.ar\/catalogo\/?post_type=product&#038;p=1891"},"modified":"2024-12-13T16:32:44","modified_gmt":"2024-12-13T19:32:44","slug":"gunate-pvc-basf","status":"publish","type":"product","link":"https:\/\/lidertecsa.com.ar\/catalogo\/producto\/gunate-pvc-basf\/","title":{"rendered":"Guante PVC BASF"},"content":{"rendered":"<section class=\"blocContenu blocContenu-first\">\n<div>Guante con recubrimiento PVC sobre soporte de jersey de algod\u00f3n. Longitud: 40 cm. Espesor: 1,20 &#8211; 1,40 mm.<\/div>\n<\/section>\n<section class=\"blocContenu\">\n<div>Soporte: algod\u00f3n interlock.<br \/>\nImpregnaci\u00f3n: 100% PVC.<\/div>\n<div>\n<div><\/div>\n<div class=\"titreAccordion ui-accordion-header ui-accordion-header-active ui-state-active\">USOS DEL PRODUCTO &#8211; RIESGOS<\/div>\n<div class=\"contentAccordion ui-accordion-content ui-accordion-content-active\">\n<div class=\"linePictos blocContenu\">\n<div class=\"blocProductUse\"><span id=\"picto_8575994\">&#8211; B\u00e2timent <\/span><\/div>\n<div class=\"blocProductUse\">&#8211; Chimie \/ P\u00e9trochimie<\/div>\n<div class=\"blocProductUse\"><span id=\"picto_8576006\">&#8211; P\u00e9trole et gaz (extraction)\u00a0<\/span><\/div>\n<\/div>\n<div class=\"linePictos blocContenu\">\n<div class=\"blocProductUse\">&#8211; Biol\u00f3gicos<\/div>\n<div class=\"blocProductUse\">&#8211; Desgaste<\/div>\n<\/div>\n<div>\n<div><\/div>\n<div class=\"titreAccordion ui-accordion-header ui-accordion-header-active ui-state-active\">BENEFICIOS PARA EL USUARIO<\/div>\n<div class=\"contentAccordion ui-accordion-content ui-accordion-content-active\">\n<section class=\"blocContenu row-fluid benefit\">\n<div class=\"span5\">\n<p>PVC\u00a0:<br \/>\n\u2022 Resistencia a la abrasi\u00f3n<br \/>\n\u2022 Materia muy resistente a los aceites, productos qu\u00edmicos y derivados del petr\u00f3leo<\/p>\n<p>Longitud 40 cm :<\/p>\n<p>Protecci\u00f3n del antebrazo.<\/p>\n<div class=\"titreAccordion ui-accordion-header ui-accordion-header-active ui-state-active\">REFERENCIAS<\/div>\n<div class=\"contentAccordion ui-accordion-content ui-accordion-content-active\">\n<table id=\"tabReferences\" class=\"table table-hover footable toggle-circle default footable-loaded\">\n<thead>\n<tr>\n<th class=\"refArticle footable-visible footable-first-column\">REFERENCIA<\/th>\n<th class=\"eanArticle footable-visible\">C\u00d3DIGO DE BARRAS<\/th>\n<th class=\"pcbArticle footable-visible\"><\/th>\n<th class=\"spcbArticle footable-visible\"><\/th>\n<th class=\"groupingRuleArticle footable-visible\" data-hide=\"phone\" data-grouping-label=\"Color Art\u00edculo\">COLOR ART\u00cdCULO<\/th>\n<th class=\"groupingRuleArticle footable-visible footable-last-column\" data-hide=\"phone\" data-grouping-label=\"Talla Art\u00edculo\">TALLA ART\u00cdCULO<\/th>\n<\/tr>\n<\/thead>\n<tfoot><\/tfoot>\n<tbody>\n<tr>\n<td class=\"refArticle footable-visible footable-first-column\" data-ref=\"PVCC40010\">PVCC40010-PVCC400<\/td>\n<td class=\"eanArticle footable-visible\">3295249134396<\/td>\n<td class=\"pcbArticle footable-visible\" data-vl=\"11\" data-pcb=\"120\" data-spcb=\"12\" data-partitionable=\"true\">120<\/td>\n<td class=\"spcbArticle footable-visible\">12<\/td>\n<td class=\"groupingRuleArticle footable-visible\" data-grouping-label=\"Color Art\u00edculo\" data-grouping-value=\"Rojo\">Rojo<\/td>\n<td class=\"groupingRuleArticle footable-visible footable-last-column\" data-grouping-label=\"Talla Art\u00edculo\" data-grouping-value=\"10\">10<\/td>\n<\/tr>\n<\/tbody>\n<\/table>\n<div class=\"titreAccordion ui-accordion-header ui-accordion-header-active ui-state-active\">CERTIFICACIONES &#8211; NORMAS<\/div>\n<div class=\"contentAccordion ui-accordion-content ui-accordion-content-active\">\n<section class=\"blocContenu row-fluid blocContenu-first groupeDirectives\">\n<div class=\"row-fluid legislation\">\n<div class=\"span12\">\n<p class=\"headerLegislation\"><span class=\"pictoLegislation LEG300\"><img decoding=\"async\" title=\"Certif. sello S Resoluci\u00f3n 896\/99\" src=\"https:\/\/www.deltaplus.com.ar\/documents\/10194\/11468382\/LOGO+IRAM+S+PARA+GUANTES.jpg\/7f981917-2bd9-40d8-9f54-16815214e026?version=1.0&amp;t=1668767788510&amp;imageThumbnail=1\" alt=\"Certif. sello S Resoluci\u00f3n 896\/99\" \/>\u00a0<\/span><span class=\"libLegislation\">CERTIF. SELLO S RESOLUCI\u00d3N 896\/99<\/span><\/p>\n<\/div>\n<\/div>\n<div class=\"row-fluid norme\">\n<div class=\"span1 pictoNorme\"><img decoding=\"async\" title=\"Guantes protecci\u00f3n contra los productos qu\u00edmicos y los microorganismos. Parte 1: Terminolog\u00eda y exigencias de desempe\u00f1o para los riesgos qu\u00edmicos.\" src=\"https:\/\/www.deltaplus.com.ar\/documents\/10194\/11466796\/Chimique+1.jpg\/956aa053-8ff1-403e-b157-d22f44af633b?version=1.0&amp;t=1668767596415&amp;imageThumbnail=1\" alt=\"Guantes protecci\u00f3n contra los productos qu\u00edmicos y los microorganismos. Parte 1: Terminolog\u00eda y exigencias de desempe\u00f1o para los riesgos qu\u00edmicos.\" \/><\/div>\n<div class=\"span11 libNorme\">\n<p>EN ISO 374-1:2016\u00a0Guantes protecci\u00f3n contra los productos qu\u00edmicos y los microorganismos. Parte 1: Terminolog\u00eda y exigencias de desempe\u00f1o para los riesgos qu\u00edmicos.<\/p>\n<table class=\"performanceNorme\">\n<tbody>\n<tr>\n<td class=\"shortLabelPerf\">TIPO<\/td>\n<td class=\"valeurPerf\">B<\/td>\n<td class=\"libPerf\">Tipo B &#8211; Estanqueidad al aire y al agua de acuerdo con EN ISO 374-2:2019. Resistencia a la permeabilidad de al menos 3 productos qu\u00edmicos de nivel 2 seg\u00fan EN16523-1:2015 (1 &#8211; 6).<\/td>\n<\/tr>\n<tr>\n<td class=\"shortLabelPerf\"><\/td>\n<td class=\"valeurPerf\">.<\/td>\n<td class=\"libPerf\">Determinaci\u00f3n de la resistencia a la degradaci\u00f3n por productos qu\u00edmicos de acuerdo con la EN ISO 374-4: 2019. Parte 4: Determinaci\u00f3n de la resistencia a la degradaci\u00f3n por productos qu\u00edmicos.<\/td>\n<\/tr>\n<tr>\n<td class=\"shortLabelPerf\">A<\/td>\n<td class=\"valeurPerf\">2 &gt; 30 mn<\/td>\n<td class=\"libPerf\">Metanol (A) CAS 67-56-1<\/td>\n<\/tr>\n<tr>\n<td class=\"shortLabelPerf\">K<\/td>\n<td class=\"valeurPerf\">2 &gt; 30 mn<\/td>\n<td class=\"libPerf\">Hidr\u00f3xido de sodio al 40 % (K ) CAS 1310-73-2<\/td>\n<\/tr>\n<tr>\n<td class=\"shortLabelPerf\">L<\/td>\n<td class=\"valeurPerf\">2 &gt; 30 mn<\/td>\n<td class=\"libPerf\">\u00c1cido sulf\u00farico 96 % (L ) CAS 7664-93-9<\/td>\n<\/tr>\n<\/tbody>\n<\/table>\n<\/div>\n<\/div>\n<div class=\"row-fluid norme\">\n<div class=\"span1 pictoNorme\"><span data-norm-code=\"1\"><img decoding=\"async\" title=\"Guantes contra los riesgos Mec\u00e1nicos (Niveles obtenidos en la palma)\" src=\"https:\/\/www.deltaplus.com.ar\/documents\/10194\/11466796\/Mecaniques.jpg\/850f1b5a-38f8-4a84-8fde-56f1206b8aab?version=1.0&amp;t=1668767726358&amp;imageThumbnail=1\" alt=\"Guantes contra los riesgos Mec\u00e1nicos (Niveles obtenidos en la palma)\" \/><\/span><\/div>\n<div class=\"span11 libNorme\">\n<p><span class=\"normLib\" data-norm-code=\"1\">EN388:2016\u00a0Guantes contra los riesgos Mec\u00e1nicos (Niveles obtenidos en la palma)\u00a0\u00a0<i class=\"icon-ord-info\"><\/i><\/span><\/p>\n<table class=\"performanceNorme\">\n<tbody>\n<tr>\n<td class=\"shortLabelPerf\"><\/td>\n<td class=\"valeurPerf\">4<\/td>\n<td class=\"libPerf\">Resistencia a la abrasi\u00f3n (de 1 a 4)<\/td>\n<\/tr>\n<tr>\n<td class=\"shortLabelPerf\"><\/td>\n<td class=\"valeurPerf\">1<\/td>\n<td class=\"libPerf\">Resistencia al corte (de 1 a 5)<\/td>\n<\/tr>\n<tr>\n<td class=\"shortLabelPerf\"><\/td>\n<td class=\"valeurPerf\">3<\/td>\n<td class=\"libPerf\">Resistencia al desgarro (de 1 a 4)<\/td>\n<\/tr>\n<tr>\n<td class=\"shortLabelPerf\"><\/td>\n<td class=\"valeurPerf\">1<\/td>\n<td class=\"libPerf\">Resistencia a la perforaci\u00f3n (de 1 a 4)<\/td>\n<\/tr>\n<tr>\n<td class=\"shortLabelPerf\"><\/td>\n<td class=\"valeurPerf\">X<\/td>\n<td class=\"libPerf\">Resistencia a los cortes por objetos cortantes (TDM EN ISO 13997) (de A a F).<\/td>\n<\/tr>\n<\/tbody>\n<\/table>\n<\/div>\n<\/div>\n<div class=\"row-fluid norme\">\n<div class=\"span1 pictoNorme\"><\/div>\n<div class=\"span11 libNorme\">\n<p><span class=\"normLib\" data-norm-code=\"2\">EN420:2003+A1:2009\u00a0Exigencias generales\u00a0\u00a0<i class=\"icon-ord-info\"><\/i><\/span><\/p>\n<table class=\"performanceNorme\">\n<tbody>\n<tr>\n<td class=\"shortLabelPerf\"><\/td>\n<td class=\"valeurPerf\">5<\/td>\n<td class=\"libPerf\">La dexteridad (de 1 a 5)<\/td>\n<\/tr>\n<\/tbody>\n<\/table>\n<\/div>\n<\/div>\n<div class=\"row-fluid norme\">\n<div class=\"span1 pictoNorme\"><img decoding=\"async\" title=\"Guantes de protecci\u00f3n contra qu\u00edmicos y microorganismos peligrosos - Parte 5: Terminolog\u00eda y requisitos de desempe\u00f1o para los riesgos de los microorganismos.\" src=\"https:\/\/www.deltaplus.com.ar\/documents\/10194\/11466796\/Micro-organismes.jpg\/339fe568-4138-4378-ad20-09dcfccac079?version=1.0&amp;t=1668767764596&amp;imageThumbnail=1\" alt=\"Guantes de protecci\u00f3n contra qu\u00edmicos y microorganismos peligrosos - Parte 5: Terminolog\u00eda y requisitos de desempe\u00f1o para los riesgos de los microorganismos.\" \/><\/div>\n<div class=\"span11 libNorme\">\n<p>EN ISO 374-5:2016\u00a0Guantes de protecci\u00f3n contra qu\u00edmicos y microorganismos peligrosos &#8211; Parte 5: Terminolog\u00eda y requisitos de desempe\u00f1o para los riesgos de los microorganismos.<\/p>\n<table class=\"performanceNorme\">\n<tbody>\n<tr>\n<td class=\"shortLabelPerf\">BACTERIAS + HONGOS<\/td>\n<td class=\"valeurPerf\">.<\/td>\n<td class=\"libPerf\">BACTERIAS + HONGOS : Estanqueidad al aire y al agua de acuerdo con EN ISO 374-2:2019.<\/td>\n<\/tr>\n<\/tbody>\n<\/table>\n<\/div>\n<\/div>\n<div class=\"row-fluid legislation\">\n<div class=\"span12\">\n<p class=\"headerLegislation\"><span class=\"pictoLegislation LEG011\"><img decoding=\"async\" title=\"REGLAMENTACI\u00d3N (UE) 2016\/425\" src=\"https:\/\/www.deltaplus.com.ar\/documents\/10194\/11466796\/Picto+CE.jpg\/d8dafaa5-8c2b-4094-b6a5-907872154b9f?version=1.0&amp;t=1668767732612&amp;imageThumbnail=1\" alt=\"REGLAMENTACI\u00d3N (UE) 2016\/425\" \/>\u00a0<\/span><span class=\"libLegislation\">REGLAMENTACI\u00d3N (UE) 2016\/425<\/span><\/p>\n<\/div>\n<\/div>\n<div class=\"row-fluid norme\">\n<div class=\"span1 pictoNorme\"><\/div>\n<div class=\"span11 libNorme\">\n<p><span class=\"normLib\" data-norm-code=\"0\">EN420:2003+A1:2009\u00a0Exigencias generales\u00a0\u00a0<i class=\"icon-ord-info\"><\/i><\/span><\/p>\n<table class=\"performanceNorme\">\n<tbody>\n<tr>\n<td class=\"shortLabelPerf\"><\/td>\n<td class=\"valeurPerf\">5<\/td>\n<td class=\"libPerf\">La dexteridad (de 1 a 5)<\/td>\n<\/tr>\n<\/tbody>\n<\/table>\n<\/div>\n<\/div>\n<div class=\"row-fluid norme\">\n<div class=\"span1 pictoNorme\"><span data-norm-code=\"1\"><img decoding=\"async\" title=\"Guantes contra los riesgos Mec\u00e1nicos (Niveles obtenidos en la palma)\" src=\"https:\/\/www.deltaplus.com.ar\/documents\/10194\/11466796\/Mecaniques.jpg\/850f1b5a-38f8-4a84-8fde-56f1206b8aab?version=1.0&amp;t=1668767726358&amp;imageThumbnail=1\" alt=\"Guantes contra los riesgos Mec\u00e1nicos (Niveles obtenidos en la palma)\" \/><\/span><\/div>\n<div class=\"span11 libNorme\">\n<p><span class=\"normLib\" data-norm-code=\"1\">EN388:2016\u00a0Guantes contra los riesgos Mec\u00e1nicos (Niveles obtenidos en la palma)\u00a0\u00a0<i class=\"icon-ord-info\"><\/i><\/span><\/p>\n<table class=\"performanceNorme\">\n<tbody>\n<tr>\n<td class=\"shortLabelPerf\"><\/td>\n<td class=\"valeurPerf\">4<\/td>\n<td class=\"libPerf\">Resistencia a la abrasi\u00f3n (de 1 a 4)<\/td>\n<\/tr>\n<tr>\n<td class=\"shortLabelPerf\"><\/td>\n<td class=\"valeurPerf\">1<\/td>\n<td class=\"libPerf\">Resistencia al corte (de 1 a 5)<\/td>\n<\/tr>\n<tr>\n<td class=\"shortLabelPerf\"><\/td>\n<td class=\"valeurPerf\">3<\/td>\n<td class=\"libPerf\">Resistencia al desgarro (de 1 a 4)<\/td>\n<\/tr>\n<tr>\n<td class=\"shortLabelPerf\"><\/td>\n<td class=\"valeurPerf\">1<\/td>\n<td class=\"libPerf\">Resistencia a la perforaci\u00f3n (de 1 a 4)<\/td>\n<\/tr>\n<tr>\n<td class=\"shortLabelPerf\"><\/td>\n<td class=\"valeurPerf\">X<\/td>\n<td class=\"libPerf\">Resistencia a los cortes por objetos cortantes (TDM EN ISO 13997) (de A a F).<\/td>\n<\/tr>\n<\/tbody>\n<\/table>\n<\/div>\n<\/div>\n<div class=\"row-fluid norme\">\n<div class=\"span1 pictoNorme\"><img decoding=\"async\" title=\"Guantes protecci\u00f3n contra los productos qu\u00edmicos y los microorganismos. Parte 1: Terminolog\u00eda y exigencias de desempe\u00f1o para los riesgos qu\u00edmicos.\" src=\"https:\/\/www.deltaplus.com.ar\/documents\/10194\/11466796\/Chimique+1.jpg\/956aa053-8ff1-403e-b157-d22f44af633b?version=1.0&amp;t=1668767596415&amp;imageThumbnail=1\" alt=\"Guantes protecci\u00f3n contra los productos qu\u00edmicos y los microorganismos. Parte 1: Terminolog\u00eda y exigencias de desempe\u00f1o para los riesgos qu\u00edmicos.\" \/><\/div>\n<div class=\"span11 libNorme\">\n<p>EN ISO 374-1:2016\u00a0Guantes protecci\u00f3n contra los productos qu\u00edmicos y los microorganismos. Parte 1: Terminolog\u00eda y exigencias de desempe\u00f1o para los riesgos qu\u00edmicos.<\/p>\n<table class=\"performanceNorme\">\n<tbody>\n<tr>\n<td class=\"shortLabelPerf\">TIPO<\/td>\n<td class=\"valeurPerf\">B<\/td>\n<td class=\"libPerf\">Tipo B &#8211; Estanqueidad al aire y al agua de acuerdo con EN ISO 374-2:2019. Resistencia a la permeabilidad de al menos 3 productos qu\u00edmicos de nivel 2 seg\u00fan EN16523-1:2015 (1 &#8211; 6).<\/td>\n<\/tr>\n<tr>\n<td class=\"shortLabelPerf\"><\/td>\n<td class=\"valeurPerf\">.<\/td>\n<td class=\"libPerf\">Determinaci\u00f3n de la resistencia a la degradaci\u00f3n por productos qu\u00edmicos de acuerdo con la EN ISO 374-4: 2019. Parte 4: Determinaci\u00f3n de la resistencia a la degradaci\u00f3n por productos qu\u00edmicos.<\/td>\n<\/tr>\n<tr>\n<td class=\"shortLabelPerf\">A<\/td>\n<td class=\"valeurPerf\">4 &gt; 120 mn<\/td>\n<td class=\"libPerf\">Metanol (A) CAS 67-56-1<\/td>\n<\/tr>\n<tr>\n<td class=\"shortLabelPerf\">K<\/td>\n<td class=\"valeurPerf\">6 &gt; 480 mn<\/td>\n<td class=\"libPerf\">Hidr\u00f3xido de sodio al 40 % (K ) CAS 1310-73-2<\/td>\n<\/tr>\n<tr>\n<td class=\"shortLabelPerf\">L<\/td>\n<td class=\"valeurPerf\">6 &gt; 480 mn<\/td>\n<td class=\"libPerf\">\u00c1cido sulf\u00farico 96 % (L ) CAS 7664-93-9<\/td>\n<\/tr>\n<\/tbody>\n<\/table>\n<\/div>\n<\/div>\n<div class=\"row-fluid norme\">\n<div class=\"span1 pictoNorme\"><img decoding=\"async\" title=\"Guantes de protecci\u00f3n contra qu\u00edmicos y microorganismos peligrosos - Parte 5: Terminolog\u00eda y requisitos de desempe\u00f1o para los riesgos de los microorganismos.\" src=\"https:\/\/www.deltaplus.com.ar\/documents\/10194\/11466796\/Micro-organismes.jpg\/339fe568-4138-4378-ad20-09dcfccac079?version=1.0&amp;t=1668767764596&amp;imageThumbnail=1\" alt=\"Guantes de protecci\u00f3n contra qu\u00edmicos y microorganismos peligrosos - Parte 5: Terminolog\u00eda y requisitos de desempe\u00f1o para los riesgos de los microorganismos.\" \/><\/div>\n<div class=\"span11 libNorme\">\n<p>EN ISO 374-5:2016\u00a0Guantes de protecci\u00f3n contra qu\u00edmicos y microorganismos peligrosos &#8211; Parte 5: Terminolog\u00eda y requisitos de desempe\u00f1o para los riesgos de los microorganismos.<\/p>\n<table class=\"performanceNorme\">\n<tbody>\n<tr>\n<td class=\"shortLabelPerf\">BACTERIAS + HONGOS<\/td>\n<td class=\"valeurPerf\">.<\/td>\n<td class=\"libPerf\">BACTERIAS + HONGOS : Estanqueidad al aire y al agua de acuerdo con EN ISO 374-2:2019.<\/td>\n<\/tr>\n<\/tbody>\n<\/table>\n<\/div>\n<\/div>\n<\/section>\n<\/div>\n<\/div>\n<\/div>\n<\/section>\n<\/div>\n<\/div>\n<\/div>\n<\/div>\n<\/section>\n","protected":false},"excerpt":{"rendered":"<p>Guante con recubrimiento PVC sobre soporte de jersey de algod\u00f3n. Longitud: 40 cm. Espesor: 1,20 &#8211; 1,40 mm.<\/p>\n","protected":false},"featured_media":9838,"template":"","meta":{"_joinchat":[]},"product_cat":[785,458],"product_tag":[463],"class_list":{"0":"post-1891","1":"product","2":"type-product","3":"status-publish","4":"has-post-thumbnail","6":"product_cat-proteccion-manos-barazos","7":"product_cat-guantes-pvc","8":"product_tag-guante-pvc-rojo","10":"first","11":"instock","12":"taxable","13":"shipping-taxable","14":"product-type-simple"},"_links":{"self":[{"href":"https:\/\/lidertecsa.com.ar\/catalogo\/wp-json\/wp\/v2\/product\/1891"}],"collection":[{"href":"https:\/\/lidertecsa.com.ar\/catalogo\/wp-json\/wp\/v2\/product"}],"about":[{"href":"https:\/\/lidertecsa.com.ar\/catalogo\/wp-json\/wp\/v2\/types\/product"}],"wp:featuredmedia":[{"embeddable":true,"href":"https:\/\/lidertecsa.com.ar\/catalogo\/wp-json\/wp\/v2\/media\/9838"}],"wp:attachment":[{"href":"https:\/\/lidertecsa.com.ar\/catalogo\/wp-json\/wp\/v2\/media?parent=1891"}],"wp:term":[{"taxonomy":"product_cat","embeddable":true,"href":"https:\/\/lidertecsa.com.ar\/catalogo\/wp-json\/wp\/v2\/product_cat?post=1891"},{"taxonomy":"product_tag","embeddable":true,"href":"https:\/\/lidertecsa.com.ar\/catalogo\/wp-json\/wp\/v2\/product_tag?post=1891"}],"curies":[{"name":"wp","href":"https:\/\/api.w.org\/{rel}","templated":true}]}}