{"id":1884,"date":"2023-06-29T13:38:42","date_gmt":"2023-06-29T16:38:42","guid":{"rendered":"https:\/\/lidertecsa.com.ar\/catalogo\/?post_type=product&#038;p=1884"},"modified":"2024-12-13T16:32:43","modified_gmt":"2024-12-13T19:32:43","slug":"cinta-autoadhesiva-freezer-tape","status":"publish","type":"product","link":"https:\/\/lidertecsa.com.ar\/catalogo\/producto\/cinta-autoadhesiva-freezer-tape\/","title":{"rendered":"Cinta Autoadhesiva Freezer Tape"},"content":{"rendered":"<section class=\"elementor-section elementor-inner-section elementor-element elementor-element-6bc88e8 elementor-section-boxed elementor-section-height-default elementor-section-height-default\" data-id=\"6bc88e8\" data-element_type=\"section\">\n<div class=\"elementor-container elementor-column-gap-default\">\n<div class=\"elementor-row\">\n<div class=\"elementor-column elementor-col-50 elementor-inner-column elementor-element elementor-element-bea1419\" data-id=\"bea1419\" data-element_type=\"column\">\n<div class=\"elementor-column-wrap elementor-element-populated\">\n<div class=\"elementor-widget-wrap\">\n<div class=\"elementor-element elementor-element-464c41c elementor-widget elementor-widget-text-editor\" data-id=\"464c41c\" data-element_type=\"widget\" data-widget_type=\"text-editor.default\">\n<div class=\"elementor-widget-container\">\n<div class=\"elementor-text-editor elementor-clearfix\">\n<p>Cinta adhesivada con soporte en Polietileno de baja densidad, y adhesivo a base de caucho sint\u00e9tico y resina.<\/p>\n<p>La cinta tiene un release especial que permite un f\u00e1cil desenrolle y un perfecto anclaje de la espuma aislante a la tuber\u00eda.<\/p>\n<\/div>\n<\/div>\n<\/div>\n<\/div>\n<\/div>\n<\/div>\n<\/div>\n<\/div>\n<\/section>\n<div class=\"elementor-element elementor-element-bcb758b elementor-widget elementor-widget-toggle\" data-id=\"bcb758b\" data-element_type=\"widget\" data-widget_type=\"toggle.default\">\n<div class=\"elementor-widget-container\">\n<div class=\"elementor-toggle\" role=\"tablist\">\n<div class=\"elementor-toggle-item\">\n<div id=\"elementor-tab-title-1971\" class=\"elementor-tab-title elementor-active\" role=\"tab\" data-tab=\"1\"><i class=\"elementor-toggle-icon-opened far fa-check-circle\"><\/i><a class=\"elementor-toggle-title\" href=\"https:\/\/faipsa.com\/freezer-tape-1200\/\">Propiedades<\/a><\/div>\n<div id=\"elementor-tab-content-1971\" class=\"elementor-tab-content elementor-clearfix elementor-active\" role=\"tabpanel\" data-tab=\"1\" aria-labelledby=\"elementor-tab-title-1971\">\n<p>Soporte<br \/>\nFilm de Polietileno de baja densidad. Espesor 50 micrones<\/p>\n<p>Presenta muy buena adhesi\u00f3n, excelente desempe\u00f1o, alta capacidad de sellado y protecci\u00f3n contra filtraciones.<\/p>\n<\/div>\n<\/div>\n<\/div>\n<\/div>\n<\/div>\n","protected":false},"excerpt":{"rendered":"<p>Dise\u00f1ada para asegurar, proteger y sellar tuber\u00edas o serpentinas de enfriamiento en la producci\u00f3n de enfriadores, refrigeradores y congeladores.<\/p>\n","protected":false},"featured_media":1885,"template":"","meta":{"_joinchat":[]},"product_cat":[441],"product_tag":[454],"class_list":{"0":"post-1884","1":"product","2":"type-product","3":"status-publish","4":"has-post-thumbnail","6":"product_cat-cintas-de-uso-especifico","7":"product_tag-cinta-freezer","9":"first","10":"instock","11":"taxable","12":"shipping-taxable","13":"product-type-simple"},"_links":{"self":[{"href":"https:\/\/lidertecsa.com.ar\/catalogo\/wp-json\/wp\/v2\/product\/1884"}],"collection":[{"href":"https:\/\/lidertecsa.com.ar\/catalogo\/wp-json\/wp\/v2\/product"}],"about":[{"href":"https:\/\/lidertecsa.com.ar\/catalogo\/wp-json\/wp\/v2\/types\/product"}],"wp:featuredmedia":[{"embeddable":true,"href":"https:\/\/lidertecsa.com.ar\/catalogo\/wp-json\/wp\/v2\/media\/1885"}],"wp:attachment":[{"href":"https:\/\/lidertecsa.com.ar\/catalogo\/wp-json\/wp\/v2\/media?parent=1884"}],"wp:term":[{"taxonomy":"product_cat","embeddable":true,"href":"https:\/\/lidertecsa.com.ar\/catalogo\/wp-json\/wp\/v2\/product_cat?post=1884"},{"taxonomy":"product_tag","embeddable":true,"href":"https:\/\/lidertecsa.com.ar\/catalogo\/wp-json\/wp\/v2\/product_tag?post=1884"}],"curies":[{"name":"wp","href":"https:\/\/api.w.org\/{rel}","templated":true}]}}