{"id":1880,"date":"2023-06-29T13:30:12","date_gmt":"2023-06-29T16:30:12","guid":{"rendered":"https:\/\/lidertecsa.com.ar\/catalogo\/?post_type=product&#038;p=1880"},"modified":"2024-12-13T16:43:34","modified_gmt":"2024-12-13T19:43:34","slug":"cinta-autoadhesiva-invisible","status":"publish","type":"product","link":"https:\/\/lidertecsa.com.ar\/catalogo\/producto\/cinta-autoadhesiva-invisible\/","title":{"rendered":"Cinta Autoadhesiva Invisible"},"content":{"rendered":"<div id=\"elementor-tab-title-7753\" class=\"elementor-tab-title elementor-active\" role=\"tab\" data-tab=\"3\"><a class=\"elementor-toggle-title\" href=\"https:\/\/faipsa.com\/cinta-autoadhesiva-invisible\/\">Usos<\/a><\/div>\n<div id=\"elementor-tab-content-7753\" class=\"elementor-tab-content elementor-clearfix elementor-active\" role=\"tabpanel\" data-tab=\"3\" aria-labelledby=\"elementor-tab-title-7753\">\n<ul>\n<li>Ideal para uso escolar, proyectos y tareas de oficina.<\/li>\n<\/ul>\n<div class=\"elementor-toggle-item\">\n<div id=\"elementor-tab-title-7751\" class=\"elementor-tab-title elementor-active\" role=\"tab\" data-tab=\"1\"><a class=\"elementor-toggle-title\" href=\"https:\/\/faipsa.com\/cinta-autoadhesiva-invisible\/\">Dimensiones<\/a><\/div>\n<div id=\"elementor-tab-content-7751\" class=\"elementor-tab-content elementor-clearfix elementor-active\" role=\"tabpanel\" data-tab=\"1\" aria-labelledby=\"elementor-tab-title-7751\">\n<div class=\"table-wrapper\">\n<table width=\"635\">\n<tbody>\n<tr>\n<td width=\"261\"><strong>Art\u00edculo\u00a0<\/strong><\/td>\n<td width=\"83\"><strong>Ancho (mm)<\/strong><\/td>\n<td width=\"178\"><strong>Largo (mts)<\/strong><\/td>\n<td width=\"113\"><strong>Rollos (por Caja)<\/strong><\/td>\n<\/tr>\n<tr>\n<td>0130\u00a0 00712\u00a0 00E30\u00a0\u00a0 c\/bolsita<\/td>\n<td>12<\/td>\n<td>30<\/td>\n<td>48<\/td>\n<\/tr>\n<tr>\n<td>0130\u00a0 00718\u00a0 00E30\u00a0\u00a0 c\/bolsita<\/td>\n<td>18<\/td>\n<td>30<\/td>\n<td>40<\/td>\n<\/tr>\n<\/tbody>\n<\/table>\n<\/div>\n<\/div>\n<\/div>\n<div class=\"elementor-toggle-item\">\n<div id=\"elementor-tab-title-7752\" class=\"elementor-tab-title elementor-active\" role=\"tab\" data-tab=\"2\"><i class=\"elementor-toggle-icon-opened far fa-check-circle\"><\/i><a class=\"elementor-toggle-title\" href=\"https:\/\/faipsa.com\/cinta-autoadhesiva-invisible\/\">Propiedades<\/a><\/div>\n<div id=\"elementor-tab-content-7752\" class=\"elementor-tab-content elementor-clearfix elementor-active\" role=\"tabpanel\" data-tab=\"2\" aria-labelledby=\"elementor-tab-title-7752\">\n<div class=\"table-wrapper\">\n<table width=\"487\">\n<thead>\n<tr>\n<th>Propiedades<\/th>\n<th><\/th>\n<\/tr>\n<tr>\n<td>Tipo de adhesivo<\/td>\n<td>Acr\u00edlico<\/td>\n<\/tr>\n<tr>\n<td>Tack<\/td>\n<td>15 cm m\u00e1ximo<\/td>\n<\/tr>\n<tr>\n<td>Espesor Total<\/td>\n<td>0,045-0,050 mm<\/td>\n<\/tr>\n<tr>\n<td>Resistencia a la tracci\u00f3n *<\/td>\n<td>2,5 kg\/cm m\u00edn.<\/td>\n<\/tr>\n<\/thead>\n<tbody>\n<tr>\n<td>Elongaci\u00f3n *<\/td>\n<td>50 % m\u00ednimo<\/td>\n<\/tr>\n<tr>\n<td>Adhesi\u00f3n al acero a 180\u00b0 *<\/td>\n<td>100-150 g\/cm<\/td>\n<\/tr>\n<\/tbody>\n<\/table>\n<\/div>\n<p>* M\u00e9todos de ensayo seg\u00fan PTSC\/31, 31Bis \/1 y 6 respectivamente.<\/p>\n<p>IMPORTANTE:\u00a0Los datos de este producto est\u00e1n basados en ensayos considerados como confiables y se presentan como informaci\u00f3n. Por lo tanto, no se garantizan los resultados ni se acepta responsabilidad por da\u00f1os o perjuicios ocasionados por su uso, debiendo el usuario atenerse a los resultados previos obtenidos en sus propias pruebas.<\/p>\n<\/div>\n<\/div>\n<\/div>\n","protected":false},"excerpt":{"rendered":"<ul>\n<li>Al usarla sobre papel es invisible.<\/li>\n<li>Permite escribir sobre ella con facilidad.<\/li>\n<\/ul>\n","protected":false},"featured_media":1881,"template":"","meta":{"_joinchat":[]},"product_cat":[441],"product_tag":[452],"class_list":{"0":"post-1880","1":"product","2":"type-product","3":"status-publish","4":"has-post-thumbnail","6":"product_cat-cintas-de-uso-especifico","7":"product_tag-cinta-invisible","9":"first","10":"instock","11":"taxable","12":"shipping-taxable","13":"product-type-variable"},"_links":{"self":[{"href":"https:\/\/lidertecsa.com.ar\/catalogo\/wp-json\/wp\/v2\/product\/1880"}],"collection":[{"href":"https:\/\/lidertecsa.com.ar\/catalogo\/wp-json\/wp\/v2\/product"}],"about":[{"href":"https:\/\/lidertecsa.com.ar\/catalogo\/wp-json\/wp\/v2\/types\/product"}],"wp:featuredmedia":[{"embeddable":true,"href":"https:\/\/lidertecsa.com.ar\/catalogo\/wp-json\/wp\/v2\/media\/1881"}],"wp:attachment":[{"href":"https:\/\/lidertecsa.com.ar\/catalogo\/wp-json\/wp\/v2\/media?parent=1880"}],"wp:term":[{"taxonomy":"product_cat","embeddable":true,"href":"https:\/\/lidertecsa.com.ar\/catalogo\/wp-json\/wp\/v2\/product_cat?post=1880"},{"taxonomy":"product_tag","embeddable":true,"href":"https:\/\/lidertecsa.com.ar\/catalogo\/wp-json\/wp\/v2\/product_tag?post=1880"}],"curies":[{"name":"wp","href":"https:\/\/api.w.org\/{rel}","templated":true}]}}