{"id":1877,"date":"2023-06-29T13:12:05","date_gmt":"2023-06-29T16:12:05","guid":{"rendered":"https:\/\/lidertecsa.com.ar\/catalogo\/?post_type=product&#038;p=1877"},"modified":"2024-12-13T16:43:33","modified_gmt":"2024-12-13T19:43:33","slug":"cinta-autoadhesiva-doble-faz-espuma-blanca","status":"publish","type":"product","link":"https:\/\/lidertecsa.com.ar\/catalogo\/producto\/cinta-autoadhesiva-doble-faz-espuma-blanca\/","title":{"rendered":"Cinta Autoadhesiva Doble Faz Espuma Blanca"},"content":{"rendered":"<div id=\"elementor-tab-title-1733\" class=\"elementor-tab-title elementor-active\" role=\"tab\" data-tab=\"3\"><a class=\"elementor-toggle-title\" href=\"https:\/\/faipsa.com\/cinta-doble-faz-espuma-blanca\/\">Usos<\/a><\/div>\n<div id=\"elementor-tab-content-1733\" class=\"elementor-tab-content elementor-clearfix elementor-active\" role=\"tabpanel\" data-tab=\"3\" aria-labelledby=\"elementor-tab-title-1733\">\n<ul>\n<li>Uni\u00f3n de superficies con alta exigencia de pegado, molduras, z\u00f3calos, carteles, gr\u00e1ficas,\u00a0 comunicaci\u00f3n visual, etc.<\/li>\n<\/ul>\n<div class=\"elementor-toggle-item\">\n<div id=\"elementor-tab-title-1731\" class=\"elementor-tab-title elementor-active\" role=\"tab\" data-tab=\"1\"><a class=\"elementor-toggle-title\" href=\"https:\/\/faipsa.com\/cinta-doble-faz-espuma-blanca\/\">Dimensiones<\/a><\/div>\n<div id=\"elementor-tab-content-1731\" class=\"elementor-tab-content elementor-clearfix elementor-active\" role=\"tabpanel\" data-tab=\"1\" aria-labelledby=\"elementor-tab-title-1731\">\n<div class=\"table-wrapper\">\n<table width=\"635\">\n<tbody>\n<tr>\n<td width=\"261\"><strong>Art\u00edculo\u00a0<\/strong><\/td>\n<td width=\"83\"><strong>Ancho (mm)<\/strong><\/td>\n<td width=\"178\"><strong>Largo (mts)<\/strong><\/td>\n<td width=\"113\"><strong>Rollos (por Caja)<\/strong><\/td>\n<\/tr>\n<tr>\n<td>0780 00712 00005\u00a0\u00a0\u00a0\u00a0\u00a0 c\/bolsita<\/td>\n<td>12<\/td>\n<td>5<\/td>\n<td>28<\/td>\n<\/tr>\n<tr>\n<td>0780 00724 00005\u00a0\u00a0\u00a0\u00a0\u00a0 c\/bolsita<\/td>\n<td>24<\/td>\n<td>5<\/td>\n<td>14<\/td>\n<\/tr>\n<\/tbody>\n<\/table>\n<\/div>\n<\/div>\n<\/div>\n<div class=\"elementor-toggle-item\">\n<div id=\"elementor-tab-title-1732\" class=\"elementor-tab-title elementor-active\" role=\"tab\" data-tab=\"2\"><i class=\"elementor-toggle-icon-opened far fa-check-circle\"><\/i><a class=\"elementor-toggle-title\" href=\"https:\/\/faipsa.com\/cinta-doble-faz-espuma-blanca\/\">Propiedades<\/a><\/div>\n<div id=\"elementor-tab-content-1732\" class=\"elementor-tab-content elementor-clearfix elementor-active\" role=\"tabpanel\" data-tab=\"2\" aria-labelledby=\"elementor-tab-title-1732\">\n<figure class=\"wp-block-table aligncenter\">\n<div class=\"table-wrapper\">\n<table>\n<thead>\n<tr>\n<th>Propiedades<\/th>\n<th><\/th>\n<\/tr>\n<tr>\n<td>Tipo de adhesivo<\/td>\n<td>acr\u00edlico<\/td>\n<\/tr>\n<tr>\n<td>Espesor (sin liner)<\/td>\n<td>1 mm<\/td>\n<\/tr>\n<\/thead>\n<tbody>\n<tr>\n<td>Adhesi\u00f3n al acero a 180\u00b0 * (de cada lado)<\/td>\n<td>&gt;1000 \u2013 1200 g\/cm<\/td>\n<\/tr>\n<tr>\n<td><\/td>\n<td><strong>* M\u00e9todos de ensayo seg\u00fan PSTC \/101C.<\/strong><\/td>\n<\/tr>\n<\/tbody>\n<\/table>\n<\/div>\n<p><strong>IMPORTANTE<\/strong>:\u00a0Los datos de este producto est\u00e1n basados en ensayos considerados como confiables y se presentan como informaci\u00f3n. Por lo tanto, no se garantizan los resultados ni se acepta responsabilidad por da\u00f1os o perjuicios ocasionados por su uso, debiendo el usuario atenerse a los resultados previos obtenidos en sus propias pruebas.<\/figure>\n<\/div>\n<\/div>\n<\/div>\n","protected":false},"excerpt":{"rendered":"<ul>\n<li>Cinta Autoadhesiva de doble faz con soporte de espuma de polietileno y adhesivo en ambas caras.<\/li>\n<\/ul>\n","protected":false},"featured_media":1879,"template":"","meta":{"_joinchat":[]},"product_cat":[429],"product_tag":[451],"class_list":{"0":"post-1877","1":"product","2":"type-product","3":"status-publish","4":"has-post-thumbnail","6":"product_cat-doble-faz","7":"product_tag-cinta-de-espuma","9":"first","10":"instock","11":"taxable","12":"shipping-taxable","13":"product-type-variable"},"_links":{"self":[{"href":"https:\/\/lidertecsa.com.ar\/catalogo\/wp-json\/wp\/v2\/product\/1877"}],"collection":[{"href":"https:\/\/lidertecsa.com.ar\/catalogo\/wp-json\/wp\/v2\/product"}],"about":[{"href":"https:\/\/lidertecsa.com.ar\/catalogo\/wp-json\/wp\/v2\/types\/product"}],"wp:featuredmedia":[{"embeddable":true,"href":"https:\/\/lidertecsa.com.ar\/catalogo\/wp-json\/wp\/v2\/media\/1879"}],"wp:attachment":[{"href":"https:\/\/lidertecsa.com.ar\/catalogo\/wp-json\/wp\/v2\/media?parent=1877"}],"wp:term":[{"taxonomy":"product_cat","embeddable":true,"href":"https:\/\/lidertecsa.com.ar\/catalogo\/wp-json\/wp\/v2\/product_cat?post=1877"},{"taxonomy":"product_tag","embeddable":true,"href":"https:\/\/lidertecsa.com.ar\/catalogo\/wp-json\/wp\/v2\/product_tag?post=1877"}],"curies":[{"name":"wp","href":"https:\/\/api.w.org\/{rel}","templated":true}]}}