{"id":1855,"date":"2023-06-28T16:50:31","date_gmt":"2023-06-28T19:50:31","guid":{"rendered":"https:\/\/lidertecsa.com.ar\/catalogo\/?post_type=product&#038;p=1855"},"modified":"2024-12-13T16:43:34","modified_gmt":"2024-12-13T19:43:34","slug":"cinta-autoadhesiva-filamentosa","status":"publish","type":"product","link":"https:\/\/lidertecsa.com.ar\/catalogo\/producto\/cinta-autoadhesiva-filamentosa\/","title":{"rendered":"Cinta Autoadhesiva Filamentosa"},"content":{"rendered":"<div id=\"elementor-tab-title-1513\" class=\"elementor-tab-title elementor-active\" role=\"tab\" data-tab=\"3\"><a class=\"elementor-toggle-title\" href=\"https:\/\/faipsa.com\/cinta-autoadhesiva-filamentosa\/\">Usos<\/a><\/div>\n<div id=\"elementor-tab-content-1513\" class=\"elementor-tab-content elementor-clearfix elementor-active\" role=\"tabpanel\" data-tab=\"3\" aria-labelledby=\"elementor-tab-title-1513\">\n<ul>\n<li>Cerrado, sujeci\u00f3n y refuerzo de cajas.<\/li>\n<li>Palletizado y sunchado de empaques de todo tipo.<\/li>\n<\/ul>\n<div class=\"elementor-toggle-item\">\n<div id=\"elementor-tab-title-1511\" class=\"elementor-tab-title elementor-active\" role=\"tab\" data-tab=\"1\"><a class=\"elementor-toggle-title\" href=\"https:\/\/faipsa.com\/cinta-autoadhesiva-filamentosa\/\">Dimensiones<\/a><\/div>\n<div id=\"elementor-tab-content-1511\" class=\"elementor-tab-content elementor-clearfix elementor-active\" role=\"tabpanel\" data-tab=\"1\" aria-labelledby=\"elementor-tab-title-1511\">\n<div class=\"table-wrapper\">\n<table width=\"635\">\n<tbody>\n<tr>\n<td width=\"261\"><strong>Art\u00edculo\u00a0<\/strong><\/td>\n<td width=\"83\"><strong>Ancho (mm)<\/strong><\/td>\n<td width=\"178\"><strong>Largo (mts)<\/strong><\/td>\n<td width=\"113\"><strong>Rollos (por Caja)<\/strong><\/td>\n<\/tr>\n<tr>\n<td>0150\u00a0 00012\u00a0 00050\u00a0\u00a0\u00a0\u00a0 (granel)<\/td>\n<td>12<\/td>\n<td>50<\/td>\n<td>72<\/td>\n<\/tr>\n<tr>\n<td>0150\u00a0 00018\u00a0 00050\u00a0\u00a0\u00a0\u00a0 (granel)<\/td>\n<td>18<\/td>\n<td>50<\/td>\n<td>48<\/td>\n<\/tr>\n<tr>\n<td>0150\u00a0 00024\u00a0 00050\u00a0\u00a0\u00a0\u00a0 (granel)<\/td>\n<td>24<\/td>\n<td>50<\/td>\n<td>36<\/td>\n<\/tr>\n<tr>\n<td>0150\u00a0 00036\u00a0 00050\u00a0\u00a0\u00a0\u00a0 (granel)<\/td>\n<td>36<\/td>\n<td>50<\/td>\n<td>24<\/td>\n<\/tr>\n<tr>\n<td>0150\u00a0 00048\u00a0 00050\u00a0\u00a0\u00a0\u00a0 (granel)<\/td>\n<td>48<\/td>\n<td>50<\/td>\n<td>18<\/td>\n<\/tr>\n<\/tbody>\n<\/table>\n<\/div>\n<\/div>\n<\/div>\n<div class=\"elementor-toggle-item\">\n<div id=\"elementor-tab-title-1512\" class=\"elementor-tab-title elementor-active\" role=\"tab\" data-tab=\"2\"><i class=\"elementor-toggle-icon-opened far fa-check-circle\"><\/i><a class=\"elementor-toggle-title\" href=\"https:\/\/faipsa.com\/cinta-autoadhesiva-filamentosa\/\">Propiedades<\/a><\/div>\n<div id=\"elementor-tab-content-1512\" class=\"elementor-tab-content elementor-clearfix elementor-active\" role=\"tabpanel\" data-tab=\"2\" aria-labelledby=\"elementor-tab-title-1512\">\n<figure class=\"wp-block-table aligncenter\">\n<div class=\"table-wrapper\">\n<table>\n<thead>\n<tr>\n<th>Propiedades<\/th>\n<th><\/th>\n<\/tr>\n<tr>\n<td>Tipo de adhesivo<\/td>\n<td>Caucho Sint\u00e9tico<\/td>\n<\/tr>\n<tr>\n<td>Espesor<\/td>\n<td>0,110 \u2013 0,120 mm<\/td>\n<\/tr>\n<tr>\n<td>Resistencia a la tracci\u00f3n *<\/td>\n<td>25 kg\/cm<\/td>\n<\/tr>\n<\/thead>\n<tbody>\n<tr>\n<td>Elongaci\u00f3n *<\/td>\n<td>5 \u2013 6 %<\/td>\n<\/tr>\n<tr>\n<td>Adhesi\u00f3n al acero a 180\u00ba *<\/td>\n<td>450 g\/cm m\u00edn.<\/td>\n<\/tr>\n<tr>\n<td><\/td>\n<td><strong>*M\u00e9todos de ensayo seg\u00fan PSTC\/31, \/31bis, \/1 y\/6, respectivamente.<\/strong><\/td>\n<\/tr>\n<\/tbody>\n<\/table>\n<\/div>\n<p><strong>IMPORTANTE<\/strong>:\u00a0Los datos de este producto est\u00e1n basados en ensayos considerados como confiables y se presentan como informaci\u00f3n. Por lo tanto, no se garantizan los resultados ni se acepta responsabilidad por da\u00f1os o perjuicios ocasionados por su uso, debiendo el usuario atenerse a los resultados previos obtenidos en sus propias pruebas.<\/figure>\n<\/div>\n<\/div>\n<\/div>\n","protected":false},"excerpt":{"rendered":"<ul>\n<li>Cinta sensible a la presi\u00f3n, de\u00a0<strong>poli\u00e9ster reforzado con fibra de vidrio como soporte<\/strong>, adhesivada en una de sus caras.<\/li>\n<li>Posee buena resistencia a los cambios bruscos.<\/li>\n<li>Por su baja elongaci\u00f3n y buena adhesi\u00f3n, se comporta satisfactoriamente sobre diversas superficies.<\/li>\n<li>Su soporte\u00a0<strong>no se resquebraja ni cuartea.<\/strong><\/li>\n<li><strong>De excelente resistencia a la abrasi\u00f3n, humedad y rasgado.<\/strong><\/li>\n<\/ul>\n","protected":false},"featured_media":1856,"template":"","meta":{"_joinchat":[]},"product_cat":[441],"product_tag":[446],"class_list":{"0":"post-1855","1":"product","2":"type-product","3":"status-publish","4":"has-post-thumbnail","6":"product_cat-cintas-de-uso-especifico","7":"product_tag-cinta-filamentosa","9":"first","10":"instock","11":"taxable","12":"shipping-taxable","13":"product-type-variable"},"_links":{"self":[{"href":"https:\/\/lidertecsa.com.ar\/catalogo\/wp-json\/wp\/v2\/product\/1855"}],"collection":[{"href":"https:\/\/lidertecsa.com.ar\/catalogo\/wp-json\/wp\/v2\/product"}],"about":[{"href":"https:\/\/lidertecsa.com.ar\/catalogo\/wp-json\/wp\/v2\/types\/product"}],"wp:featuredmedia":[{"embeddable":true,"href":"https:\/\/lidertecsa.com.ar\/catalogo\/wp-json\/wp\/v2\/media\/1856"}],"wp:attachment":[{"href":"https:\/\/lidertecsa.com.ar\/catalogo\/wp-json\/wp\/v2\/media?parent=1855"}],"wp:term":[{"taxonomy":"product_cat","embeddable":true,"href":"https:\/\/lidertecsa.com.ar\/catalogo\/wp-json\/wp\/v2\/product_cat?post=1855"},{"taxonomy":"product_tag","embeddable":true,"href":"https:\/\/lidertecsa.com.ar\/catalogo\/wp-json\/wp\/v2\/product_tag?post=1855"}],"curies":[{"name":"wp","href":"https:\/\/api.w.org\/{rel}","templated":true}]}}