{"id":1853,"date":"2023-06-28T16:46:11","date_gmt":"2023-06-28T19:46:11","guid":{"rendered":"https:\/\/lidertecsa.com.ar\/catalogo\/?post_type=product&#038;p=1853"},"modified":"2024-12-13T16:43:34","modified_gmt":"2024-12-13T19:43:34","slug":"cinta-autoadhesiva-de-aluminio","status":"publish","type":"product","link":"https:\/\/lidertecsa.com.ar\/catalogo\/producto\/cinta-autoadhesiva-de-aluminio\/","title":{"rendered":"Cinta Autoadhesiva de Aluminio"},"content":{"rendered":"<div id=\"elementor-tab-title-1173\" class=\"elementor-tab-title elementor-active\" role=\"tab\" data-tab=\"3\"><a class=\"elementor-toggle-title\" href=\"https:\/\/faipsa.com\/cinta-autoadhesiva-aluminio\/\">Usos<\/a><\/div>\n<div id=\"elementor-tab-content-1173\" class=\"elementor-tab-content elementor-clearfix elementor-active\" role=\"tabpanel\" data-tab=\"3\" aria-labelledby=\"elementor-tab-title-1173\">\n<ul>\n<li>Reparaci\u00f3n de carrocer\u00edas de autom\u00f3viles.<\/li>\n<li>En la industria de refrigeraci\u00f3n, sujeci\u00f3n de elementos donde se requiere un adhesivo estable y un respaldo muy resistente.<\/li>\n<\/ul>\n<div class=\"elementor-toggle-item\">\n<div id=\"elementor-tab-title-1171\" class=\"elementor-tab-title elementor-active\" role=\"tab\" data-tab=\"1\"><a class=\"elementor-toggle-title\" href=\"https:\/\/faipsa.com\/cinta-autoadhesiva-aluminio\/\">Dimensiones<\/a><\/div>\n<div id=\"elementor-tab-content-1171\" class=\"elementor-tab-content elementor-clearfix elementor-active\" role=\"tabpanel\" data-tab=\"1\" aria-labelledby=\"elementor-tab-title-1171\">\n<div class=\"table-wrapper\">\n<table width=\"635\">\n<tbody>\n<tr>\n<td width=\"261\"><strong>Art\u00edculo\u00a0<\/strong><\/td>\n<td width=\"83\"><strong>Ancho (mm)<\/strong><\/td>\n<td width=\"178\"><strong>Largo (mts)<\/strong><\/td>\n<td width=\"113\"><strong>Rollos (por Caja)<\/strong><\/td>\n<\/tr>\n<tr>\n<td>0270\u00a0 00750\u00a0 00003\u00a0\u00a0\u00a0\u00a0 c\/bolsita<\/td>\n<td>50<\/td>\n<td>3<\/td>\n<td>18<\/td>\n<\/tr>\n<tr>\n<td>0270\u00a0 00025\u00a0 00030\u00a0\u00a0\u00a0\u00a0 (granel)<\/td>\n<td>25<\/td>\n<td>30<\/td>\n<td>36<\/td>\n<\/tr>\n<tr>\n<td>0270\u00a0 00050\u00a0 00030\u00a0\u00a0\u00a0\u00a0 (granel)<\/td>\n<td>50<\/td>\n<td>30<\/td>\n<td>20<\/td>\n<\/tr>\n<\/tbody>\n<\/table>\n<\/div>\n<\/div>\n<\/div>\n<div class=\"elementor-toggle-item\">\n<div id=\"elementor-tab-title-1172\" class=\"elementor-tab-title elementor-active\" role=\"tab\" data-tab=\"2\"><i class=\"elementor-toggle-icon-opened far fa-check-circle\"><\/i><a class=\"elementor-toggle-title\" href=\"https:\/\/faipsa.com\/cinta-autoadhesiva-aluminio\/\">Propiedades 240\/270<\/a><\/div>\n<div id=\"elementor-tab-content-1172\" class=\"elementor-tab-content elementor-clearfix elementor-active\" role=\"tabpanel\" data-tab=\"2\" aria-labelledby=\"elementor-tab-title-1172\">\n<div class=\"table-wrapper\">\n<table width=\"580\">\n<tbody>\n<tr>\n<td width=\"167\">Propiedades (240)<\/td>\n<td width=\"413\"><\/td>\n<\/tr>\n<tr>\n<td>Tipo de adhesivo<\/td>\n<td>Acr\u00edlico<\/td>\n<\/tr>\n<tr>\n<td>Espesor<\/td>\n<td>0,065-0,085 mm<\/td>\n<\/tr>\n<tr>\n<td>Resistencia a la tracci\u00f3n *<\/td>\n<td>2,0 kg\/cm m\u00edn.<\/td>\n<\/tr>\n<tr>\n<td>Elongaci\u00f3n *<\/td>\n<td>4 \u2013 8 %<\/td>\n<\/tr>\n<tr>\n<td>Adhesi\u00f3n al acero a 180\u00b0 *<\/td>\n<td>250 g\/cm m\u00edn.<\/td>\n<\/tr>\n<tr>\n<td>Tack *<\/td>\n<td>10 cm m\u00e1x.<\/td>\n<\/tr>\n<tr>\n<td><\/td>\n<td>* M\u00e9todos de ensayo seg\u00fan PSTC \/31, \/31bis y \/1, respectivamente.<\/td>\n<\/tr>\n<\/tbody>\n<\/table>\n<\/div>\n<figure class=\"wp-block-table aligncenter .aligncenter { display: block; }\">\n<div class=\"table-wrapper\">\n<table>\n<thead>\n<tr>\n<th>Propiedades 270 (70 micrones)<\/th>\n<th><\/th>\n<\/tr>\n<tr>\n<td>Tipo de adhesivo<\/td>\n<td>Acr\u00edlico<\/td>\n<\/tr>\n<tr>\n<td>Espesor<\/td>\n<td>0,065-0,085 mm<\/td>\n<\/tr>\n<tr>\n<td>Resistencia a la tracci\u00f3n *<\/td>\n<td>2,0 kg\/cm m\u00edn.<\/td>\n<\/tr>\n<\/thead>\n<tbody>\n<tr>\n<td>Elongaci\u00f3n *<\/td>\n<td>4 \u2013 8 %<\/td>\n<\/tr>\n<tr>\n<td>Adhesi\u00f3n al acero a 180\u00b0 *<\/td>\n<td>250 g\/cm m\u00edn.<\/td>\n<\/tr>\n<tr>\n<td>Tack *<\/td>\n<td>10 cm m\u00e1x.<\/td>\n<\/tr>\n<tr>\n<td><\/td>\n<td><strong>* M\u00e9todos de ensayo seg\u00fan PSTC \/31, \/31bis y \/1, respectivamente.<\/strong><\/td>\n<\/tr>\n<\/tbody>\n<\/table>\n<\/div>\n<p><strong>IMPORTANTE<\/strong>:\u00a0Los datos de este producto est\u00e1n basados en ensayos considerados como confiables y se presentan como informaci\u00f3n. Por lo tanto, no se garantizan los resultados ni se acepta responsabilidad por da\u00f1os o perjuicios ocasionados por su uso, debiendo el usuario atenerse a los resultados previos obtenidos en sus propias pruebas.<\/figure>\n<\/div>\n<\/div>\n<\/div>\n","protected":false},"excerpt":{"rendered":"<p>Cinta sensible a la presi\u00f3n, con aluminio como soporte, adhesivado de una cara, protegido con un papel liso siliconado de f\u00e1cil remoci\u00f3n.<\/p>\n","protected":false},"featured_media":1854,"template":"","meta":{"_joinchat":[]},"product_cat":[441],"product_tag":[445],"class_list":{"0":"post-1853","1":"product","2":"type-product","3":"status-publish","4":"has-post-thumbnail","6":"product_cat-cintas-de-uso-especifico","7":"product_tag-cinta-de-aluminio","9":"first","10":"instock","11":"taxable","12":"shipping-taxable","13":"product-type-variable"},"_links":{"self":[{"href":"https:\/\/lidertecsa.com.ar\/catalogo\/wp-json\/wp\/v2\/product\/1853"}],"collection":[{"href":"https:\/\/lidertecsa.com.ar\/catalogo\/wp-json\/wp\/v2\/product"}],"about":[{"href":"https:\/\/lidertecsa.com.ar\/catalogo\/wp-json\/wp\/v2\/types\/product"}],"wp:featuredmedia":[{"embeddable":true,"href":"https:\/\/lidertecsa.com.ar\/catalogo\/wp-json\/wp\/v2\/media\/1854"}],"wp:attachment":[{"href":"https:\/\/lidertecsa.com.ar\/catalogo\/wp-json\/wp\/v2\/media?parent=1853"}],"wp:term":[{"taxonomy":"product_cat","embeddable":true,"href":"https:\/\/lidertecsa.com.ar\/catalogo\/wp-json\/wp\/v2\/product_cat?post=1853"},{"taxonomy":"product_tag","embeddable":true,"href":"https:\/\/lidertecsa.com.ar\/catalogo\/wp-json\/wp\/v2\/product_tag?post=1853"}],"curies":[{"name":"wp","href":"https:\/\/api.w.org\/{rel}","templated":true}]}}