{"id":1851,"date":"2023-06-28T16:41:33","date_gmt":"2023-06-28T19:41:33","guid":{"rendered":"https:\/\/lidertecsa.com.ar\/catalogo\/?post_type=product&#038;p=1851"},"modified":"2024-12-13T16:43:42","modified_gmt":"2024-12-13T19:43:42","slug":"cinta-autoadhesiva-help-tape","status":"publish","type":"product","link":"https:\/\/lidertecsa.com.ar\/catalogo\/producto\/cinta-autoadhesiva-help-tape\/","title":{"rendered":"Cinta Autoadhesiva Help Tape"},"content":{"rendered":"<div id=\"elementor-tab-title-1203\" class=\"elementor-tab-title elementor-active\" role=\"tab\" data-tab=\"3\"><a class=\"elementor-toggle-title\" href=\"https:\/\/faipsa.com\/cinta-autoadhesiva-help-tape\/\">Usos<\/a><\/div>\n<div id=\"elementor-tab-content-1203\" class=\"elementor-tab-content elementor-clearfix elementor-active\" role=\"tabpanel\" data-tab=\"3\" aria-labelledby=\"elementor-tab-title-1203\">\n<ul>\n<li>Empaque, embalaje, deportes n\u00e1uticos, camping.<\/li>\n<li>Aislaci\u00f3n y sellado de conductos, atado y envoltura de bobinas.<\/li>\n<\/ul>\n<div class=\"elementor-toggle-item\">\n<div id=\"elementor-tab-title-1201\" class=\"elementor-tab-title elementor-active\" role=\"tab\" data-tab=\"1\"><a class=\"elementor-toggle-title\" href=\"https:\/\/faipsa.com\/cinta-autoadhesiva-help-tape\/\">Dimensiones<\/a><\/div>\n<div id=\"elementor-tab-content-1201\" class=\"elementor-tab-content elementor-clearfix elementor-active\" role=\"tabpanel\" data-tab=\"1\" aria-labelledby=\"elementor-tab-title-1201\">\n<div class=\"table-wrapper\">\n<table width=\"635\">\n<tbody>\n<tr>\n<td width=\"261\"><strong>Art\u00edculo\u00a0<\/strong><\/td>\n<td width=\"83\"><strong>Ancho (mm)<\/strong><\/td>\n<td width=\"178\"><strong>Largo (mts)<\/strong><\/td>\n<td width=\"113\"><strong>Rollos (por Caja)<\/strong><\/td>\n<\/tr>\n<tr>\n<td>0650 00750 GR009\u00a0 | GRIS<\/td>\n<td>50<\/td>\n<td>9<\/td>\n<td>18<\/td>\n<\/tr>\n<tr>\n<td>0650 00750 AM009 | AMARILLO<\/td>\n<td>50<\/td>\n<td>9<\/td>\n<td>18<\/td>\n<\/tr>\n<tr>\n<td>0650 00750 NE009\u00a0 | NEGRO<\/td>\n<td>50<\/td>\n<td>9<\/td>\n<td>18<\/td>\n<\/tr>\n<tr>\n<td>0650 00750 RO009\u00a0 | ROJO<\/td>\n<td>50<\/td>\n<td>9<\/td>\n<td>18<\/td>\n<\/tr>\n<tr>\n<td>0650 00750 SU009\u00a0 \u00a0| SURTIDO<\/td>\n<td>50<\/td>\n<td>9<\/td>\n<td>18<\/td>\n<\/tr>\n<tr>\n<td>0650 00750 VE009\u00a0 \u00a0| VERDE<\/td>\n<td>50<\/td>\n<td>9<\/td>\n<td>18<\/td>\n<\/tr>\n<tr>\n<td>0650 00750 BL009\u00a0 \u00a0| BLANCO<\/td>\n<td>50<\/td>\n<td>9<\/td>\n<td>18<\/td>\n<\/tr>\n<tr>\n<td>0650 00750 AZ009\u00a0 \u00a0| AZUL<\/td>\n<td>50<\/td>\n<td>9<\/td>\n<td>18<\/td>\n<\/tr>\n<tr>\n<td>0650 00050 GR025\u00a0 | GRIS<\/td>\n<td>50<\/td>\n<td>25<\/td>\n<td>20<\/td>\n<\/tr>\n<tr>\n<td>0650 00050 NE025\u00a0 | NEGRO<\/td>\n<td>50<\/td>\n<td>25<\/td>\n<td>20<\/td>\n<\/tr>\n<tr>\n<td>0650 00050 GR050\u00a0 | GRIS<\/td>\n<td>50<\/td>\n<td>50<\/td>\n<td>10<\/td>\n<\/tr>\n<tr>\n<td>0650 00050 NE050\u00a0 | NEGRO<\/td>\n<td>50<\/td>\n<td>50<\/td>\n<td>10<\/td>\n<\/tr>\n<\/tbody>\n<\/table>\n<\/div>\n<p>&nbsp;<\/p>\n<\/div>\n<\/div>\n<div class=\"elementor-toggle-item\">\n<div id=\"elementor-tab-title-1202\" class=\"elementor-tab-title elementor-active\" role=\"tab\" data-tab=\"2\"><i class=\"elementor-toggle-icon-opened far fa-check-circle\"><\/i><a class=\"elementor-toggle-title\" href=\"https:\/\/faipsa.com\/cinta-autoadhesiva-help-tape\/\">Propiedades<\/a><\/div>\n<div id=\"elementor-tab-content-1202\" class=\"elementor-tab-content elementor-clearfix elementor-active\" role=\"tabpanel\" data-tab=\"2\" aria-labelledby=\"elementor-tab-title-1202\">\n<p>&nbsp;<\/p>\n<figure class=\"wp-block-table aligncenter width: 100%;\">\n<div class=\"table-wrapper\">\n<table>\n<thead>\n<tr>\n<th>Propiedades<\/th>\n<th><\/th>\n<\/tr>\n<tr>\n<td>Tipo de adhesivo<\/td>\n<td>Caucho-resina<\/td>\n<\/tr>\n<tr>\n<td>Espesor<\/td>\n<td>0,160-0,190 mm<\/td>\n<\/tr>\n<tr>\n<td>Resistencia a la tracci\u00f3n*<\/td>\n<td>3,5 kg\/cm m\u00edn.<\/td>\n<\/tr>\n<\/thead>\n<tbody>\n<tr>\n<td>Elongaci\u00f3n *<\/td>\n<td>20 %<\/td>\n<\/tr>\n<tr>\n<td>Adhesi\u00f3n al acero a 180\u00b0 *<\/td>\n<td>400 g\/cm m\u00edn.<\/td>\n<\/tr>\n<tr>\n<td>Tack*<\/td>\n<td>10 cm m\u00e1x.<\/td>\n<\/tr>\n<tr>\n<td><\/td>\n<td><strong>*M\u00e9todos de ensayo seg\u00fan PSTC\/31, \/31bis, \/1 y\/6, respectivamente.<\/strong><\/td>\n<\/tr>\n<\/tbody>\n<\/table>\n<\/div>\n<p>IMPORTANTE:\u00a0Los datos de este producto est\u00e1n basados en ensayos considerados como confiables y se presentan como informaci\u00f3n. Por lo tanto, no se garantizan los resultados ni se acepta responsabilidad por da\u00f1os o perjuicios ocasionados por su uso, debiendo el usuario atenerse a los resultados previos obtenidos en sus propias pruebas.<\/figure>\n<\/div>\n<\/div>\n<\/div>\n","protected":false},"excerpt":{"rendered":"<ul>\n<li>Cinta sensible a la presi\u00f3n, con tela laminada con polietileno como soporte, adhesivada en una de sus caras.<\/li>\n<li>Dise\u00f1ada para usar en conductos de ventilaci\u00f3n, calefacci\u00f3n y aire acondicionado.<\/li>\n<li>Provee un excelente sello para aislaciones t\u00e9rmicas y costuras de conductos met\u00e1licos.<\/li>\n<li>Su uso proporciona un cierre que protege del polvo y la humedad.<\/li>\n<\/ul>\n","protected":false},"featured_media":1852,"template":"","meta":{"_joinchat":[]},"product_cat":[441],"product_tag":[444],"class_list":{"0":"post-1851","1":"product","2":"type-product","3":"status-publish","4":"has-post-thumbnail","6":"product_cat-cintas-de-uso-especifico","7":"product_tag-cinta-help-tape","9":"first","10":"instock","11":"taxable","12":"shipping-taxable","13":"product-type-variable"},"_links":{"self":[{"href":"https:\/\/lidertecsa.com.ar\/catalogo\/wp-json\/wp\/v2\/product\/1851"}],"collection":[{"href":"https:\/\/lidertecsa.com.ar\/catalogo\/wp-json\/wp\/v2\/product"}],"about":[{"href":"https:\/\/lidertecsa.com.ar\/catalogo\/wp-json\/wp\/v2\/types\/product"}],"wp:featuredmedia":[{"embeddable":true,"href":"https:\/\/lidertecsa.com.ar\/catalogo\/wp-json\/wp\/v2\/media\/1852"}],"wp:attachment":[{"href":"https:\/\/lidertecsa.com.ar\/catalogo\/wp-json\/wp\/v2\/media?parent=1851"}],"wp:term":[{"taxonomy":"product_cat","embeddable":true,"href":"https:\/\/lidertecsa.com.ar\/catalogo\/wp-json\/wp\/v2\/product_cat?post=1851"},{"taxonomy":"product_tag","embeddable":true,"href":"https:\/\/lidertecsa.com.ar\/catalogo\/wp-json\/wp\/v2\/product_tag?post=1851"}],"curies":[{"name":"wp","href":"https:\/\/api.w.org\/{rel}","templated":true}]}}