{"id":1847,"date":"2023-06-28T16:37:39","date_gmt":"2023-06-28T19:37:39","guid":{"rendered":"https:\/\/lidertecsa.com.ar\/catalogo\/?post_type=product&#038;p=1847"},"modified":"2024-12-13T16:32:39","modified_gmt":"2024-12-13T19:32:39","slug":"cinta-de-advertencia-peligro","status":"publish","type":"product","link":"https:\/\/lidertecsa.com.ar\/catalogo\/producto\/cinta-de-advertencia-peligro\/","title":{"rendered":"Cinta de Advertencia \u00abPELIGRO\u00bb sin Adhesivo"},"content":{"rendered":"<ul>\n<li>Utilizable en construcci\u00f3n, mantenimiento e industria para la delimitaci\u00f3n de obras, zonas en mantenimiento, \u00e1reas de peligro y\/o riesgosas.<\/li>\n<li>La cinta puede estirarse para realizar nudos y delimitar f\u00e1cilmente la zona deseada.<\/li>\n<\/ul>\n<div class=\"elementor-toggle-item\">\n<div id=\"elementor-tab-title-4721\" class=\"elementor-tab-title elementor-active\" role=\"tab\" data-tab=\"1\"><a class=\"elementor-toggle-title\" href=\"https:\/\/faipsa.com\/cinta-impresa-peligro\/\">Dimensiones<\/a><\/div>\n<div id=\"elementor-tab-content-4721\" class=\"elementor-tab-content elementor-clearfix elementor-active\" role=\"tabpanel\" data-tab=\"1\" aria-labelledby=\"elementor-tab-title-4721\">\n<div class=\"table-wrapper\">\n<table width=\"710\">\n<tbody>\n<tr>\n<td width=\"188\"><strong>Art\u00edculo\u00a0<\/strong><\/td>\n<td width=\"261\"><strong>Ancho (mm)<\/strong><\/td>\n<td width=\"83\"><strong>Largo (mts)<\/strong><\/td>\n<td width=\"178\"><strong>Rollos (por Caja)<\/strong><\/td>\n<\/tr>\n<tr>\n<td>0793-00P80-00200<\/td>\n<td>80<\/td>\n<td>200<\/td>\n<td>12<\/td>\n<\/tr>\n<\/tbody>\n<\/table>\n<\/div>\n<\/div>\n<\/div>\n<div class=\"elementor-toggle-item\">\n<div id=\"elementor-tab-title-4722\" class=\"elementor-tab-title elementor-active\" role=\"tab\" data-tab=\"2\"><i class=\"elementor-toggle-icon-opened far fa-check-circle\"><\/i><a class=\"elementor-toggle-title\" href=\"https:\/\/faipsa.com\/cinta-impresa-peligro\/\">Propiedades<\/a><\/div>\n<div id=\"elementor-tab-content-4722\" class=\"elementor-tab-content elementor-clearfix elementor-active\" role=\"tabpanel\" data-tab=\"2\" aria-labelledby=\"elementor-tab-title-4722\">\n<p>&nbsp;<\/p>\n<figure class=\"wp-block-table aligncenter\">\n<div class=\"table-wrapper\">\n<table>\n<thead>\n<tr>\n<th>Propiedades<\/th>\n<th><\/th>\n<\/tr>\n<tr>\n<td>Soporte<\/td>\n<td>Film de polietileno blanco<\/td>\n<\/tr>\n<tr>\n<td>Espesor<\/td>\n<td>40 micrones<\/td>\n<\/tr>\n<tr>\n<td>Impreso<\/td>\n<td>PELIGRO color rojo<\/td>\n<\/tr>\n<\/thead>\n<\/table>\n<\/div>\n<p>IMPORTANTE:\u00a0Los datos de este producto est\u00e1n basados en ensayos considerados como confiables y se presentan como informaci\u00f3n. Por lo tanto, no se garantizan los resultados ni se acepta responsabilidad por da\u00f1os o perjuicios ocasionados por su uso, debiendo el usuario atenerse a los resultados previos obtenidos en sus propias pruebas.<\/figure>\n<\/div>\n<\/div>\n","protected":false},"excerpt":{"rendered":"<ul>\n<li>Cinta de se\u00f1alizaci\u00f3n de zonas peligrosas \/ riesgosas fabricadas en polietileno blanco, impresas en color rojo.<\/li>\n<\/ul>\n","protected":false},"featured_media":1848,"template":"","meta":{"_joinchat":[]},"product_cat":[441],"product_tag":[442],"class_list":{"0":"post-1847","1":"product","2":"type-product","3":"status-publish","4":"has-post-thumbnail","6":"product_cat-cintas-de-uso-especifico","7":"product_tag-cinta-peligro","9":"first","10":"instock","11":"taxable","12":"shipping-taxable","13":"product-type-simple"},"_links":{"self":[{"href":"https:\/\/lidertecsa.com.ar\/catalogo\/wp-json\/wp\/v2\/product\/1847"}],"collection":[{"href":"https:\/\/lidertecsa.com.ar\/catalogo\/wp-json\/wp\/v2\/product"}],"about":[{"href":"https:\/\/lidertecsa.com.ar\/catalogo\/wp-json\/wp\/v2\/types\/product"}],"wp:featuredmedia":[{"embeddable":true,"href":"https:\/\/lidertecsa.com.ar\/catalogo\/wp-json\/wp\/v2\/media\/1848"}],"wp:attachment":[{"href":"https:\/\/lidertecsa.com.ar\/catalogo\/wp-json\/wp\/v2\/media?parent=1847"}],"wp:term":[{"taxonomy":"product_cat","embeddable":true,"href":"https:\/\/lidertecsa.com.ar\/catalogo\/wp-json\/wp\/v2\/product_cat?post=1847"},{"taxonomy":"product_tag","embeddable":true,"href":"https:\/\/lidertecsa.com.ar\/catalogo\/wp-json\/wp\/v2\/product_tag?post=1847"}],"curies":[{"name":"wp","href":"https:\/\/api.w.org\/{rel}","templated":true}]}}