{"id":1843,"date":"2023-06-28T16:22:35","date_gmt":"2023-06-28T19:22:35","guid":{"rendered":"https:\/\/lidertecsa.com.ar\/catalogo\/?post_type=product&#038;p=1843"},"modified":"2024-12-13T16:43:33","modified_gmt":"2024-12-13T19:43:33","slug":"cinta-de-papel-doble-faz","status":"publish","type":"product","link":"https:\/\/lidertecsa.com.ar\/catalogo\/producto\/cinta-de-papel-doble-faz\/","title":{"rendered":"Cinta de Papel Doble Faz"},"content":{"rendered":"<div id=\"elementor-tab-title-2463\" class=\"elementor-tab-title elementor-active\" role=\"tab\" data-tab=\"3\"><a class=\"elementor-toggle-title\" href=\"https:\/\/faipsa.com\/cinta-doble-faz-papel\/\">Usos<\/a><\/div>\n<div id=\"elementor-tab-content-2463\" class=\"elementor-tab-content elementor-clearfix elementor-active\" role=\"tabpanel\" data-tab=\"3\" aria-labelledby=\"elementor-tab-title-2463\">\n<ul>\n<li>En la industria gr\u00e1fica para pegado de clis\u00e9s, empalmes, fabricaci\u00f3n de ap\u00f3sitos, sujeci\u00f3n de elementos livianos.<\/li>\n<\/ul>\n<div class=\"elementor-toggle-item\">\n<div id=\"elementor-tab-title-2461\" class=\"elementor-tab-title elementor-active\" role=\"tab\" data-tab=\"1\"><a class=\"elementor-toggle-title\" href=\"https:\/\/faipsa.com\/cinta-doble-faz-papel\/\">Dimensiones<\/a><\/div>\n<div id=\"elementor-tab-content-2461\" class=\"elementor-tab-content elementor-clearfix elementor-active\" role=\"tabpanel\" data-tab=\"1\" aria-labelledby=\"elementor-tab-title-2461\">\n<div class=\"table-wrapper\">\n<table width=\"593\">\n<tbody>\n<tr>\n<td width=\"188\"><strong>Art\u00edculo\u00a0<\/strong><\/td>\n<td width=\"124\"><strong>Ancho (mm)<\/strong><\/td>\n<td width=\"80\"><strong>Largo (mts)<\/strong><\/td>\n<td width=\"201\"><strong>Rollos (por Caja)<\/strong><\/td>\n<\/tr>\n<tr>\n<td>0580 00006 00030<\/td>\n<td>6<\/td>\n<td>30<\/td>\n<td>144<\/td>\n<\/tr>\n<tr>\n<td>0580 00010 00030<\/td>\n<td>10<\/td>\n<td>30<\/td>\n<td>88<\/td>\n<\/tr>\n<tr>\n<td>0580 00012 00030<\/td>\n<td>12<\/td>\n<td>30<\/td>\n<td>72<\/td>\n<\/tr>\n<tr>\n<td>0580 00018 00030<\/td>\n<td>18<\/td>\n<td>30<\/td>\n<td>48<\/td>\n<\/tr>\n<tr>\n<td>0580 00024 00030<\/td>\n<td>24<\/td>\n<td>30<\/td>\n<td>36<\/td>\n<\/tr>\n<tr>\n<td>0580 00036 00030<\/td>\n<td>36<\/td>\n<td>30<\/td>\n<td>24<\/td>\n<\/tr>\n<tr>\n<td>0580 00048 00030<\/td>\n<td>48<\/td>\n<td>30<\/td>\n<td>18<\/td>\n<\/tr>\n<tr>\n<td>0580 00072 00030<\/td>\n<td>72<\/td>\n<td>30<\/td>\n<td>12<\/td>\n<\/tr>\n<tr>\n<td>0580 00310 00030<\/td>\n<td>310<\/td>\n<td>30<\/td>\n<td>4<\/td>\n<\/tr>\n<tr>\n<td>0580 00510 00030<\/td>\n<td>510<\/td>\n<td>30<\/td>\n<td>4<\/td>\n<\/tr>\n<\/tbody>\n<\/table>\n<\/div>\n<\/div>\n<\/div>\n<div class=\"elementor-toggle-item\">\n<div id=\"elementor-tab-title-2462\" class=\"elementor-tab-title elementor-active\" role=\"tab\" data-tab=\"2\"><i class=\"elementor-toggle-icon-opened far fa-check-circle\"><\/i><a class=\"elementor-toggle-title\" href=\"https:\/\/faipsa.com\/cinta-doble-faz-papel\/\">Propiedades<\/a><\/div>\n<div id=\"elementor-tab-content-2462\" class=\"elementor-tab-content elementor-clearfix elementor-active\" role=\"tabpanel\" data-tab=\"2\" aria-labelledby=\"elementor-tab-title-2462\">\n<div class=\"table-wrapper\">\n<table>\n<thead>\n<tr>\n<th>Propiedades<\/th>\n<th><\/th>\n<\/tr>\n<tr>\n<td>Tipo de adhesivo<\/td>\n<td>Caucho \u2013 Resina<\/td>\n<\/tr>\n<tr>\n<td>Espesor<\/td>\n<td>0,190-0,220 mm<\/td>\n<\/tr>\n<tr>\n<td>Resistencia a la tracci\u00f3n *<\/td>\n<td>3,5 kg\/cm m\u00edn.<\/td>\n<\/tr>\n<\/thead>\n<tbody>\n<tr>\n<td>Elongaci\u00f3n *<\/td>\n<td>4,0 %<\/td>\n<\/tr>\n<tr>\n<td>Adhesi\u00f3n al acero a 180\u00ba *<\/td>\n<td>225 g\/cm<\/td>\n<\/tr>\n<tr>\n<td><\/td>\n<td><strong>* M\u00e9todos de ensayo seg\u00fan PSTC \/31, \/31bis y \/1 y 6 respectivamente.<\/strong><\/td>\n<\/tr>\n<\/tbody>\n<\/table>\n<\/div>\n<figure class=\"wp-block-table\">\n<ul>\n<li><strong>IMPORTANTE<\/strong>:\u00a0Los datos de este producto est\u00e1n basados en ensayos considerados como confiables y se presentan como informaci\u00f3n. Por lo tanto, no se garantizan los resultados ni se acepta responsabilidad por da\u00f1os o perjuicios ocasionados por su uso, debiendo el usuario atenerse a los resultados previos obtenidos en sus propias pruebas.<\/li>\n<\/ul>\n<\/figure>\n<\/div>\n<\/div>\n<\/div>\n","protected":false},"excerpt":{"rendered":"<ul>\n<li>Cinta sensible a la presi\u00f3n, adhesivada de ambas caras, protegida por un papel encrespado siliconado de f\u00e1cil remoci\u00f3n.<\/li>\n<\/ul>\n","protected":false},"featured_media":1844,"template":"","meta":{"_joinchat":[]},"product_cat":[429],"product_tag":[428],"class_list":{"0":"post-1843","1":"product","2":"type-product","3":"status-publish","4":"has-post-thumbnail","6":"product_cat-doble-faz","7":"product_tag-cinta-de-papel","9":"first","10":"instock","11":"taxable","12":"shipping-taxable","13":"product-type-variable"},"_links":{"self":[{"href":"https:\/\/lidertecsa.com.ar\/catalogo\/wp-json\/wp\/v2\/product\/1843"}],"collection":[{"href":"https:\/\/lidertecsa.com.ar\/catalogo\/wp-json\/wp\/v2\/product"}],"about":[{"href":"https:\/\/lidertecsa.com.ar\/catalogo\/wp-json\/wp\/v2\/types\/product"}],"wp:featuredmedia":[{"embeddable":true,"href":"https:\/\/lidertecsa.com.ar\/catalogo\/wp-json\/wp\/v2\/media\/1844"}],"wp:attachment":[{"href":"https:\/\/lidertecsa.com.ar\/catalogo\/wp-json\/wp\/v2\/media?parent=1843"}],"wp:term":[{"taxonomy":"product_cat","embeddable":true,"href":"https:\/\/lidertecsa.com.ar\/catalogo\/wp-json\/wp\/v2\/product_cat?post=1843"},{"taxonomy":"product_tag","embeddable":true,"href":"https:\/\/lidertecsa.com.ar\/catalogo\/wp-json\/wp\/v2\/product_tag?post=1843"}],"curies":[{"name":"wp","href":"https:\/\/api.w.org\/{rel}","templated":true}]}}