{"id":181,"date":"2023-06-11T19:41:26","date_gmt":"2023-06-11T22:41:26","guid":{"rendered":"https:\/\/lidertecsa.com.ar\/catalogo\/?post_type=product&#038;p=181"},"modified":"2024-12-13T16:30:25","modified_gmt":"2024-12-13T19:30:25","slug":"taladro-inalambrico-combinado-2","status":"publish","type":"product","link":"https:\/\/lidertecsa.com.ar\/catalogo\/producto\/taladro-inalambrico-combinado-2\/","title":{"rendered":"Taladro Inal\u00e1mbrico Combinado"},"content":{"rendered":"<p>El taladro combinado inal\u00e1mbrico Einhell Professional TP-CD 18\/50 Li-i BL Solo lleva la potencia al punto donde se necesita: para tareas de renovaci\u00f3n o para perforar materiales m\u00e1s duros como piedra o ladrillo. Como miembro de la familia Power X-Change de alto rendimiento, el taladro combinado funciona con las bater\u00edas de iones de litio de alta calidad de la serie PXC de Einhell, siempre listas para usar, sin la autodescarga habitual de las bater\u00edas. La herramienta es accionada por el motor sin escobillas Einhell PurePOWER. Este motor sin escobillas ofrece m\u00e1s potencia y un tiempo de funcionamiento m\u00e1s largo que los motores de escobillas de carb\u00f3n convencionales. Despu\u00e9s de un registro en l\u00ednea, se aplica una garant\u00eda de 10 a\u00f1os al motor sin escobillas. La funci\u00f3n de taladro de impacto incluida garantiza un trabajo universal, la caja de cambios de 2 velocidades es adecuada para taladrar y atornillar potentes. Con toda la potencia del taladro de impacto, la electr\u00f3nica de velocidad garantiza que el trabajo se adapte al material y la aplicaci\u00f3n. La m\u00e1xima maniobrabilidad y un agarre firme y seguro son proporcionados por el dise\u00f1o ergon\u00f3mico y el agarre suave. La iluminaci\u00f3n LED crea una vista \u00f3ptima del campo de trabajo, incluso en \u00e1reas oscuras. La entrega se realiza sin bater\u00eda y cargador, estos est\u00e1n disponibles por separado, por ejemplo, como un pr\u00e1ctico conjunto de inicio.<\/p>\n","protected":false},"excerpt":{"rendered":"<h3 class=\"heading epsilon\">El todoterreno profesional para aplicaciones intensivas en mano de obra<\/h3>\n<h3 class=\"heading epsilon\">El taladro combinado inal\u00e1mbrico Einhell TP-CD 18\/50 Li-i BL Solo tiene un rendimiento robusto para tareas profesionales. La caja de engranajes met\u00e1licos de 2 velocidades proporciona suficiente potencia al taladrar o atornillar, lo que garantiza una transmisi\u00f3n de potencia eficiente y una larga vida \u00fatil. Adem\u00e1s, el taladro combinado es miembro de la familia Power X-Change y, por lo tanto, tiene todas las ventajas asociadas con las bater\u00edas de iones de litio combinables.<\/h3>\n","protected":false},"featured_media":182,"template":"","meta":{"_joinchat":[]},"product_cat":[50],"product_tag":[57],"class_list":{"0":"post-181","1":"product","2":"type-product","3":"status-publish","4":"has-post-thumbnail","6":"product_cat-herramientas-a-bateria","7":"product_tag-taladro-a-bateria","9":"first","10":"instock","11":"product-type-simple"},"_links":{"self":[{"href":"https:\/\/lidertecsa.com.ar\/catalogo\/wp-json\/wp\/v2\/product\/181"}],"collection":[{"href":"https:\/\/lidertecsa.com.ar\/catalogo\/wp-json\/wp\/v2\/product"}],"about":[{"href":"https:\/\/lidertecsa.com.ar\/catalogo\/wp-json\/wp\/v2\/types\/product"}],"wp:featuredmedia":[{"embeddable":true,"href":"https:\/\/lidertecsa.com.ar\/catalogo\/wp-json\/wp\/v2\/media\/182"}],"wp:attachment":[{"href":"https:\/\/lidertecsa.com.ar\/catalogo\/wp-json\/wp\/v2\/media?parent=181"}],"wp:term":[{"taxonomy":"product_cat","embeddable":true,"href":"https:\/\/lidertecsa.com.ar\/catalogo\/wp-json\/wp\/v2\/product_cat?post=181"},{"taxonomy":"product_tag","embeddable":true,"href":"https:\/\/lidertecsa.com.ar\/catalogo\/wp-json\/wp\/v2\/product_tag?post=181"}],"curies":[{"name":"wp","href":"https:\/\/api.w.org\/{rel}","templated":true}]}}