{"id":179,"date":"2023-06-11T19:35:08","date_gmt":"2023-06-11T22:35:08","guid":{"rendered":"https:\/\/lidertecsa.com.ar\/catalogo\/?post_type=product&#038;p=179"},"modified":"2024-12-26T12:15:34","modified_gmt":"2024-12-26T15:15:34","slug":"taladro-atornillador-inalambrico","status":"publish","type":"product","link":"https:\/\/lidertecsa.com.ar\/catalogo\/producto\/taladro-atornillador-inalambrico\/","title":{"rendered":"Taladro Atornillador Inal\u00e1mbrico"},"content":{"rendered":"<p>El Einhell TE-CD 18\/40 Li BL &#8211; Solo atornillador inal\u00e1mbrico para taladrado potente y atornillado r\u00e1pido convierte un m\u00e1ximo de 40 Nm de par en la robusta caja de cambios de 2 velocidades. Gracias a la tecnolog\u00eda de bater\u00eda de \u00faltima generaci\u00f3n de la serie flexible Power X-Change, el trabajo de perforaci\u00f3n ligero, por ejemplo, en madera, no es un problema para el taladro inal\u00e1mbrico. La herramienta es accionada por el motor sin escobillas Einhell PurePOWER. Este motor sin escobillas ofrece m\u00e1s potencia y un tiempo de funcionamiento m\u00e1s largo que los motores de escobillas de carb\u00f3n convencionales. Despu\u00e9s de un registro en l\u00ednea, se aplica una garant\u00eda de 10 a\u00f1os al motor sin escobillas. El taladro inal\u00e1mbrico peque\u00f1o y ligero es f\u00e1cil de usar y, debido al dise\u00f1o ergon\u00f3mico y al agarre suave, el taladro ofrece un agarre firme y seguro para un trabajo sin fatiga. La electr\u00f3nica de velocidad garantiza que el material y el trabajo espec\u00edfico de la aplicaci\u00f3n se lleven a cabo con toda su potencia. El taladro inal\u00e1mbrico est\u00e1 equipado con un mandril de acci\u00f3n r\u00e1pida de 10 mm de manga \u00fanica de alta calidad e iluminaci\u00f3n LED para un trabajo \u00f3ptimo en \u00e1reas oscuras. Las bater\u00edas con celdas de iones de litio de alta calidad se pueden utilizar con todos los miembros de la familia Power X-Change. Gracias a la tecnolog\u00eda Li-Ion, las bater\u00edas PXC est\u00e1n siempre listas para su uso sin autodescarga. La entrega se realiza sin bater\u00eda y cargador de la serie Power X-Change, estos est\u00e1n disponibles por separado, por ejemplo, como un pr\u00e1ctico conjunto de arranque en diferentes concentraciones.<\/p>\n","protected":false},"excerpt":{"rendered":"<h3 class=\"heading epsilon\">Motor sin escobillas Einhell PurePOWER<\/h3>\n<p>El motor sin escobillas PurePOWER garantiza el m\u00e1ximo rendimiento, m\u00e1s tiempo de ejecuci\u00f3n y m\u00e1xima vida \u00fatil. A diferencia de los motores de escobillas de carb\u00f3n, el motor sin escobillas no est\u00e1 sujeto a ning\u00fan desgaste y, por lo tanto, no requiere mantenimiento. Al registrarse en l\u00ednea, se aplica una promesa de servicio de 10 a\u00f1os al motor sin escobillas PurePOWER.<\/p>\n","protected":false},"featured_media":180,"template":"","meta":{"_joinchat":[]},"product_cat":[50],"product_tag":[57],"class_list":{"0":"post-179","1":"product","2":"type-product","3":"status-publish","4":"has-post-thumbnail","6":"product_cat-herramientas-a-bateria","7":"product_tag-taladro-a-bateria","9":"first","10":"instock","11":"product-type-simple"},"_links":{"self":[{"href":"https:\/\/lidertecsa.com.ar\/catalogo\/wp-json\/wp\/v2\/product\/179"}],"collection":[{"href":"https:\/\/lidertecsa.com.ar\/catalogo\/wp-json\/wp\/v2\/product"}],"about":[{"href":"https:\/\/lidertecsa.com.ar\/catalogo\/wp-json\/wp\/v2\/types\/product"}],"wp:featuredmedia":[{"embeddable":true,"href":"https:\/\/lidertecsa.com.ar\/catalogo\/wp-json\/wp\/v2\/media\/180"}],"wp:attachment":[{"href":"https:\/\/lidertecsa.com.ar\/catalogo\/wp-json\/wp\/v2\/media?parent=179"}],"wp:term":[{"taxonomy":"product_cat","embeddable":true,"href":"https:\/\/lidertecsa.com.ar\/catalogo\/wp-json\/wp\/v2\/product_cat?post=179"},{"taxonomy":"product_tag","embeddable":true,"href":"https:\/\/lidertecsa.com.ar\/catalogo\/wp-json\/wp\/v2\/product_tag?post=179"}],"curies":[{"name":"wp","href":"https:\/\/api.w.org\/{rel}","templated":true}]}}