{"id":1777,"date":"2023-06-28T15:27:51","date_gmt":"2023-06-28T18:27:51","guid":{"rendered":"https:\/\/lidertecsa.com.ar\/catalogo\/?post_type=product&#038;p=1777"},"modified":"2024-12-13T16:32:32","modified_gmt":"2024-12-13T19:32:32","slug":"cinta-de-embalaje-transparente-fijapel","status":"publish","type":"product","link":"https:\/\/lidertecsa.com.ar\/catalogo\/producto\/cinta-de-embalaje-transparente-fijapel\/","title":{"rendered":"Cinta de Embalaje Transparente Fijapel"},"content":{"rendered":"<div class=\"elementor-toggle-item\">\n<div role=\"tab\" data-tab=\"1\"><\/div>\n<\/div>\n<div class=\"elementor-toggle-item\">\n<div id=\"elementor-tab-content-2992\" class=\"elementor-tab-content elementor-clearfix elementor-active\" role=\"tabpanel\" data-tab=\"2\" aria-labelledby=\"elementor-tab-title-2992\">\n<div class=\"table-wrapper\">\n<div id=\"elementor-tab-title-1273\" class=\"elementor-tab-title elementor-active\" role=\"tab\" data-tab=\"3\"><a class=\"elementor-toggle-title\" href=\"https:\/\/faipsa.com\/cinta-embalaje-transparente-fijapel\/\">Usos<\/a><\/div>\n<div id=\"elementor-tab-content-1273\" class=\"elementor-tab-content elementor-clearfix elementor-active\" role=\"tabpanel\" data-tab=\"3\" aria-labelledby=\"elementor-tab-title-1273\">\n<ul>\n<li>Embalaje, cerrado y sujeci\u00f3n de cajas de cart\u00f3n en forma manual o autom\u00e1tica.<\/li>\n<\/ul>\n<div class=\"elementor-toggle-item\">\n<div id=\"elementor-tab-title-1271\" class=\"elementor-tab-title elementor-active\" role=\"tab\" data-tab=\"1\"><a class=\"elementor-toggle-title\" href=\"https:\/\/faipsa.com\/cinta-embalaje-transparente-fijapel\/\">Dimensiones<\/a><\/div>\n<div id=\"elementor-tab-content-1271\" class=\"elementor-tab-content elementor-clearfix elementor-active\" role=\"tabpanel\" data-tab=\"1\" aria-labelledby=\"elementor-tab-title-1271\">\n<div class=\"table-wrapper\">\n<table width=\"484\">\n<tbody>\n<tr>\n<td width=\"182\"><strong>Articulo<\/strong><\/td>\n<td width=\"89\"><strong>Ancho (mm)<\/strong><\/td>\n<td width=\"87\"><strong>Largo (mts)<\/strong><\/td>\n<td width=\"126\"><strong>Rollos (por Caj<\/strong>a)<\/td>\n<\/tr>\n<tr>\n<td>0335\u00a0 00024\u00a0 00045<\/td>\n<td>24<\/td>\n<td>45<\/td>\n<td>72<\/td>\n<\/tr>\n<tr>\n<td>0335\u00a0 00048\u00a0 00045<\/td>\n<td>48<\/td>\n<td>45<\/td>\n<td>36<\/td>\n<\/tr>\n<tr>\n<td>0335\u00a0 00048\u00a0 00090<\/td>\n<td>48<\/td>\n<td>90<\/td>\n<td>36<\/td>\n<\/tr>\n<\/tbody>\n<\/table>\n<\/div>\n<\/div>\n<\/div>\n<div class=\"elementor-toggle-item\">\n<div id=\"elementor-tab-title-1272\" class=\"elementor-tab-title elementor-active\" role=\"tab\" data-tab=\"2\"><i class=\"elementor-toggle-icon-opened far fa-check-circle\"><\/i><a class=\"elementor-toggle-title\" href=\"https:\/\/faipsa.com\/cinta-embalaje-transparente-fijapel\/\">Propiedades<\/a><\/div>\n<div id=\"elementor-tab-content-1272\" class=\"elementor-tab-content elementor-clearfix elementor-active\" role=\"tabpanel\" data-tab=\"2\" aria-labelledby=\"elementor-tab-title-1272\">\n<div class=\"table-wrapper\">\n<table>\n<thead>\n<tr>\n<th>Propiedades<\/th>\n<th><\/th>\n<\/tr>\n<tr>\n<td>Tipo de adhesivo<\/td>\n<td>Acr\u00edlico<\/td>\n<\/tr>\n<tr>\n<td>Espesor<\/td>\n<td>0,040-0,045 mm<\/td>\n<\/tr>\n<tr>\n<td>Resistencia a la tracci\u00f3n *<\/td>\n<td>2,5 kg\/cm m\u00edn.<\/td>\n<\/tr>\n<\/thead>\n<tbody>\n<tr>\n<td>Elongaci\u00f3n *<\/td>\n<td>50 % m\u00edn.<\/td>\n<\/tr>\n<tr>\n<td>Adhesi\u00f3n al acero a 180\u00b0 *<\/td>\n<td>150-300 g\/cm<\/td>\n<\/tr>\n<tr>\n<td>Tack *<\/td>\n<td>15 cm m\u00e1x.<\/td>\n<\/tr>\n<tr>\n<td><\/td>\n<td><strong>* M\u00e9todos de ensayo seg\u00fan PSTC \/31, \/31bis y \/1 y 6 respectivamente.<\/strong><\/td>\n<\/tr>\n<\/tbody>\n<\/table>\n<\/div>\n<p><strong>IMPORTANTE<\/strong>:\u00a0Los datos de este producto est\u00e1n basados en ensayos considerados como confiables y se presentan como informaci\u00f3n. Por lo tanto, no se garantizan los resultados ni se acepta responsabilidad por da\u00f1os o perjuicios ocasionados por su uso, debiendo el usuario atenerse a los resultados previos obtenidos en sus propias pruebas.<\/p>\n<\/div>\n<\/div>\n<\/div>\n<\/div>\n<\/div>\n<\/div>\n","protected":false},"excerpt":{"rendered":"<ul>\n<li>Cinta sensible a la presi\u00f3n, de polipropileno biorientado, resistente al envejecimiento por ozono y luz solar, muy estable en su comportamiento frente a los cambios de condiciones clim\u00e1ticas.<\/li>\n<li>transparente (335).<\/li>\n<\/ul>\n<p>&nbsp;<\/p>\n","protected":false},"featured_media":1779,"template":"","meta":{"_joinchat":[]},"product_cat":[405],"product_tag":[421],"class_list":{"0":"post-1777","1":"product","2":"type-product","3":"status-publish","4":"has-post-thumbnail","6":"product_cat-cintas-de-embalaje","7":"product_tag-cinta-de-embalaje-transparente","9":"first","10":"instock","11":"taxable","12":"shipping-taxable","13":"product-type-simple"},"_links":{"self":[{"href":"https:\/\/lidertecsa.com.ar\/catalogo\/wp-json\/wp\/v2\/product\/1777"}],"collection":[{"href":"https:\/\/lidertecsa.com.ar\/catalogo\/wp-json\/wp\/v2\/product"}],"about":[{"href":"https:\/\/lidertecsa.com.ar\/catalogo\/wp-json\/wp\/v2\/types\/product"}],"wp:featuredmedia":[{"embeddable":true,"href":"https:\/\/lidertecsa.com.ar\/catalogo\/wp-json\/wp\/v2\/media\/1779"}],"wp:attachment":[{"href":"https:\/\/lidertecsa.com.ar\/catalogo\/wp-json\/wp\/v2\/media?parent=1777"}],"wp:term":[{"taxonomy":"product_cat","embeddable":true,"href":"https:\/\/lidertecsa.com.ar\/catalogo\/wp-json\/wp\/v2\/product_cat?post=1777"},{"taxonomy":"product_tag","embeddable":true,"href":"https:\/\/lidertecsa.com.ar\/catalogo\/wp-json\/wp\/v2\/product_tag?post=1777"}],"curies":[{"name":"wp","href":"https:\/\/api.w.org\/{rel}","templated":true}]}}