{"id":1743,"date":"2023-06-28T14:48:59","date_gmt":"2023-06-28T17:48:59","guid":{"rendered":"https:\/\/lidertecsa.com.ar\/catalogo\/?post_type=product&#038;p=1743"},"modified":"2024-12-13T16:43:25","modified_gmt":"2024-12-13T19:43:25","slug":"cinta-de-embalaje-transparente","status":"publish","type":"product","link":"https:\/\/lidertecsa.com.ar\/catalogo\/producto\/cinta-de-embalaje-transparente\/","title":{"rendered":"Cinta de Embalaje Transparente"},"content":{"rendered":"<div id=\"elementor-tab-title-2353\" class=\"elementor-tab-title elementor-active\" role=\"tab\" data-tab=\"3\"><a class=\"elementor-toggle-title\" href=\"https:\/\/faipsa.com\/cinta-embalaje-transparente\/\">Usos<\/a><\/div>\n<div id=\"elementor-tab-content-2353\" class=\"elementor-tab-content elementor-clearfix elementor-active\" role=\"tabpanel\" data-tab=\"3\" aria-labelledby=\"elementor-tab-title-2353\">\n<ul>\n<li>Embalaje, cerrado y sujeci\u00f3n de cajas de cart\u00f3n en forma manual o autom\u00e1tica.<\/li>\n<\/ul>\n<div id=\"elementor-tab-title-2352\" class=\"elementor-tab-title elementor-active\" role=\"tab\" data-tab=\"2\"><a class=\"elementor-toggle-title\" href=\"https:\/\/faipsa.com\/cinta-embalaje-transparente\/\">Propiedades<\/a><\/div>\n<div id=\"elementor-tab-content-2352\" class=\"elementor-tab-content elementor-clearfix elementor-active\" role=\"tabpanel\" data-tab=\"2\" aria-labelledby=\"elementor-tab-title-2352\">\n<div class=\"table-wrapper\">\n<table>\n<thead>\n<tr>\n<th>Propiedades<\/th>\n<th><\/th>\n<\/tr>\n<tr>\n<td>Tipo de adhesivo<\/td>\n<td>Acrilico<\/td>\n<\/tr>\n<tr>\n<td>Espesor<\/td>\n<td>0,048-0,053 mm<\/td>\n<\/tr>\n<tr>\n<td>Resistencia a la tracci\u00f3n *<\/td>\n<td>3,5 kg\/cm m\u00edn.<\/td>\n<\/tr>\n<\/thead>\n<tbody>\n<tr>\n<td>Elongaci\u00f3n *<\/td>\n<td>45 % m\u00edn.<\/td>\n<\/tr>\n<tr>\n<td>Adhesi\u00f3n al acero a 180\u00b0 *<\/td>\n<td>180-300 g\/cm<\/td>\n<\/tr>\n<tr>\n<td>Tack *<\/td>\n<td>20 cm m\u00e1x.<\/td>\n<\/tr>\n<tr>\n<td><\/td>\n<td><strong>* M\u00e9todos de ensayo seg\u00fan PSTC \/31, \/31bis y \/1, respectivamente.<\/strong><\/td>\n<\/tr>\n<\/tbody>\n<\/table>\n<\/div>\n<figure class=\"wp-block-table aligncenter\">\n<ul>\n<li><strong>IMPORTANTE<\/strong>:\u00a0Los datos de este producto est\u00e1n basados en ensayos considerados como confiables y se presentan como informaci\u00f3n. Por lo tanto, no se garantizan los resultados ni se acepta responsabilidad por da\u00f1os o perjuicios ocasionados por su uso, debiendo el usuario atenerse a los resultados previos obtenidos en sus propias pruebas.<\/li>\n<\/ul>\n<div id=\"elementor-tab-content-2351\" class=\"elementor-tab-content elementor-clearfix elementor-active\" role=\"tabpanel\" data-tab=\"1\" aria-labelledby=\"elementor-tab-title-2351\">\n<div class=\"table-wrapper\">\n<div id=\"elementor-tab-title-2351\" class=\"elementor-tab-title elementor-active\" role=\"tab\" data-tab=\"1\"><a class=\"elementor-toggle-title\" href=\"https:\/\/faipsa.com\/cinta-embalaje-transparente\/\">Dimensiones<\/a><\/div>\n<div id=\"elementor-tab-content-2351\" class=\"elementor-tab-content elementor-clearfix elementor-active\" role=\"tabpanel\" data-tab=\"1\" aria-labelledby=\"elementor-tab-title-2351\">\n<div class=\"table-wrapper\">\n<table width=\"568\">\n<tbody>\n<tr>\n<td width=\"189\"><strong>Art\u00edculo\u00a0<\/strong><\/td>\n<td width=\"88\"><strong>Ancho (mm)<\/strong><\/td>\n<td width=\"178\"><strong>Largo (mts)<\/strong><\/td>\n<td width=\"113\"><strong>Rollos (por Caja)<\/strong><\/td>\n<\/tr>\n<tr>\n<td>0350\u00a0 00724\u00a0 00050<\/td>\n<td>24<\/td>\n<td>50<\/td>\n<td>72<\/td>\n<\/tr>\n<tr>\n<td>0350\u00a0 00736\u00a0 00050<\/td>\n<td>36<\/td>\n<td>50<\/td>\n<td>48<\/td>\n<\/tr>\n<tr>\n<td>0350\u00a0 00748\u00a0 00050<\/td>\n<td>48<\/td>\n<td>50<\/td>\n<td>36<\/td>\n<\/tr>\n<\/tbody>\n<\/table>\n<\/div>\n<\/div>\n<\/div>\n<\/div>\n<\/figure>\n<\/div>\n<\/div>\n","protected":false},"excerpt":{"rendered":"<ul>\n<li>Cinta Autoadhesiva transparente de polipropileno biorientado sensible a la presi\u00f3n para embalaje y sujeci\u00f3n, es resistente al envejecimiento por ozono y luz solar.<\/li>\n<\/ul>\n","protected":false},"featured_media":1744,"template":"","meta":{"_joinchat":[]},"product_cat":[405],"product_tag":[407],"class_list":{"0":"post-1743","1":"product","2":"type-product","3":"status-publish","4":"has-post-thumbnail","6":"product_cat-cintas-de-embalaje","7":"product_tag-cinta-embalaje-transparente","9":"first","10":"instock","11":"taxable","12":"shipping-taxable","13":"product-type-variable"},"_links":{"self":[{"href":"https:\/\/lidertecsa.com.ar\/catalogo\/wp-json\/wp\/v2\/product\/1743"}],"collection":[{"href":"https:\/\/lidertecsa.com.ar\/catalogo\/wp-json\/wp\/v2\/product"}],"about":[{"href":"https:\/\/lidertecsa.com.ar\/catalogo\/wp-json\/wp\/v2\/types\/product"}],"wp:featuredmedia":[{"embeddable":true,"href":"https:\/\/lidertecsa.com.ar\/catalogo\/wp-json\/wp\/v2\/media\/1744"}],"wp:attachment":[{"href":"https:\/\/lidertecsa.com.ar\/catalogo\/wp-json\/wp\/v2\/media?parent=1743"}],"wp:term":[{"taxonomy":"product_cat","embeddable":true,"href":"https:\/\/lidertecsa.com.ar\/catalogo\/wp-json\/wp\/v2\/product_cat?post=1743"},{"taxonomy":"product_tag","embeddable":true,"href":"https:\/\/lidertecsa.com.ar\/catalogo\/wp-json\/wp\/v2\/product_tag?post=1743"}],"curies":[{"name":"wp","href":"https:\/\/api.w.org\/{rel}","templated":true}]}}