{"id":1741,"date":"2023-06-28T14:44:38","date_gmt":"2023-06-28T17:44:38","guid":{"rendered":"https:\/\/lidertecsa.com.ar\/catalogo\/?post_type=product&#038;p=1741"},"modified":"2024-12-13T16:43:18","modified_gmt":"2024-12-13T19:43:18","slug":"cinta-de-embalaje-marron","status":"publish","type":"product","link":"https:\/\/lidertecsa.com.ar\/catalogo\/producto\/cinta-de-embalaje-marron\/","title":{"rendered":"Cinta de Embalaje Marr\u00f3n"},"content":{"rendered":"<div id=\"elementor-tab-title-1973\" class=\"elementor-tab-title elementor-active\" role=\"tab\" data-tab=\"3\"><a class=\"elementor-toggle-title\" href=\"https:\/\/faipsa.com\/cinta-embalaje-marron\/\">Usos<\/a><\/div>\n<div id=\"elementor-tab-content-1973\" class=\"elementor-tab-content elementor-clearfix elementor-active\" role=\"tabpanel\" data-tab=\"3\" aria-labelledby=\"elementor-tab-title-1973\">\n<ul>\n<li>Embalaje, cerrado y sujeci\u00f3n de cajas de cart\u00f3n en forma manual o autom\u00e1tica.<\/li>\n<li>Impresas, para fajas de seguridad y\/o propaganda.<\/li>\n<li>En colores, para identificaci\u00f3n<\/li>\n<\/ul>\n<div id=\"elementor-tab-content-1971\" class=\"elementor-tab-content elementor-clearfix elementor-active\" role=\"tabpanel\" data-tab=\"1\" aria-labelledby=\"elementor-tab-title-1971\">\n<div class=\"table-wrapper\">\n<table width=\"568\">\n<tbody>\n<tr>\n<td width=\"189\"><strong>Art\u00edculo\u00a0<\/strong><\/td>\n<td width=\"88\"><strong>Ancho (mm)<\/strong><\/td>\n<td width=\"178\"><strong>Largo (mts)<\/strong><\/td>\n<td width=\"113\"><strong>Rollos (por Caja)<\/strong><\/td>\n<\/tr>\n<tr>\n<td>0340\u00a0 00724\u00a0 00050<\/td>\n<td>24<\/td>\n<td>50<\/td>\n<td>72<\/td>\n<\/tr>\n<tr>\n<td>0340\u00a0 00736\u00a0 00050<\/td>\n<td>36<\/td>\n<td>50<\/td>\n<td>48<\/td>\n<\/tr>\n<tr>\n<td>0340\u00a0 00748\u00a0 00050<\/td>\n<td>48<\/td>\n<td>50<\/td>\n<td>36<\/td>\n<\/tr>\n<\/tbody>\n<\/table>\n<\/div>\n<\/div>\n<table>\n<thead>\n<tr>\n<th>Propiedades<\/th>\n<th><\/th>\n<\/tr>\n<tr>\n<td>Tipo de adhesivo<\/td>\n<td>Acr\u00edlico<\/td>\n<\/tr>\n<tr>\n<td>Espesor<\/td>\n<td>0,040-0,045 mm<\/td>\n<\/tr>\n<tr>\n<td>Resistencia a la tracci\u00f3n *<\/td>\n<td>2,5 kg\/cm m\u00edn.<\/td>\n<\/tr>\n<\/thead>\n<tbody>\n<tr>\n<td>Elongaci\u00f3n *<\/td>\n<td>50 % m\u00edn.<\/td>\n<\/tr>\n<tr>\n<td>Adhesi\u00f3n al acero a 180\u00b0 *<\/td>\n<td>150-300 g\/cm<\/td>\n<\/tr>\n<tr>\n<td>Tack *<\/td>\n<td>15 cm m\u00e1x.<\/td>\n<\/tr>\n<tr>\n<td><\/td>\n<td><strong>* M\u00e9todos de ensayo seg\u00fan PSTC \/31, \/31bis y \/1 y 6\u00a0 respectivamente<\/strong><\/td>\n<\/tr>\n<\/tbody>\n<\/table>\n<\/div>\n","protected":false},"excerpt":{"rendered":"<ul>\n<li>Cinta de polipropileno biorientado para embalaje y sujeci\u00f3n, sensible a la presi\u00f3n, resistente al envejecimiento por ozono y luz solar.<\/li>\n<li>Su presentaci\u00f3n es en color marr\u00f3n.<\/li>\n<\/ul>\n","protected":false},"featured_media":1742,"template":"","meta":{"_joinchat":[]},"product_cat":[405],"product_tag":[406],"class_list":{"0":"post-1741","1":"product","2":"type-product","3":"status-publish","4":"has-post-thumbnail","6":"product_cat-cintas-de-embalaje","7":"product_tag-cinta-de-embalaje-marron","9":"first","10":"instock","11":"taxable","12":"shipping-taxable","13":"product-type-variable"},"_links":{"self":[{"href":"https:\/\/lidertecsa.com.ar\/catalogo\/wp-json\/wp\/v2\/product\/1741"}],"collection":[{"href":"https:\/\/lidertecsa.com.ar\/catalogo\/wp-json\/wp\/v2\/product"}],"about":[{"href":"https:\/\/lidertecsa.com.ar\/catalogo\/wp-json\/wp\/v2\/types\/product"}],"wp:featuredmedia":[{"embeddable":true,"href":"https:\/\/lidertecsa.com.ar\/catalogo\/wp-json\/wp\/v2\/media\/1742"}],"wp:attachment":[{"href":"https:\/\/lidertecsa.com.ar\/catalogo\/wp-json\/wp\/v2\/media?parent=1741"}],"wp:term":[{"taxonomy":"product_cat","embeddable":true,"href":"https:\/\/lidertecsa.com.ar\/catalogo\/wp-json\/wp\/v2\/product_cat?post=1741"},{"taxonomy":"product_tag","embeddable":true,"href":"https:\/\/lidertecsa.com.ar\/catalogo\/wp-json\/wp\/v2\/product_tag?post=1741"}],"curies":[{"name":"wp","href":"https:\/\/api.w.org\/{rel}","templated":true}]}}