{"id":1636,"date":"2023-06-26T15:44:22","date_gmt":"2023-06-26T18:44:22","guid":{"rendered":"https:\/\/lidertecsa.com.ar\/catalogo\/?post_type=product&#038;p=1636"},"modified":"2024-12-13T16:32:19","modified_gmt":"2024-12-13T19:32:19","slug":"mezclador-de-pintura-o-70-mm","status":"publish","type":"product","link":"https:\/\/lidertecsa.com.ar\/catalogo\/producto\/mezclador-de-pintura-o-70-mm\/","title":{"rendered":"Mezclador de Pintura \u00d8 70 mm."},"content":{"rendered":"<div class=\"description\">\n<p>Apto para la agitaci\u00f3n de lacas y pinturas en envases peque\u00f1os y grandes, de 1 a 15 kg. Cesta de 70 mm de di\u00e1metro, con una geometr\u00eda de agitaci\u00f3n especial para un mejor y m\u00e1s r\u00e1pido efecto de mezcla. Util\u00edcelo como paleta de agitaci\u00f3n con taladradoras con una potencia m\u00ednima de 500 vatios, con v\u00e1stago para un ajuste fijo en el portabrocas. No adecuado para l\u00edquidos con un punto de inflamaci\u00f3n inferior a 21\u00b0C.<\/p>\n<p>Longitud: 500 mm<\/p>\n<\/div>\n","protected":false},"excerpt":{"rendered":"<p>Apto para la agitaci\u00f3n de lacas y pinturas en envases peque\u00f1os y grandes, de 1 a 15 kg. Cesta de 70 mm de di\u00e1metro<\/p>\n","protected":false},"featured_media":1637,"template":"","meta":{"_joinchat":[]},"product_cat":[366],"product_tag":[389],"class_list":{"0":"post-1636","1":"product","2":"type-product","3":"status-publish","4":"has-post-thumbnail","6":"product_cat-accesorios-para-taladradoras","7":"product_tag-mezclador","9":"first","10":"instock","11":"taxable","12":"shipping-taxable","13":"product-type-simple"},"_links":{"self":[{"href":"https:\/\/lidertecsa.com.ar\/catalogo\/wp-json\/wp\/v2\/product\/1636"}],"collection":[{"href":"https:\/\/lidertecsa.com.ar\/catalogo\/wp-json\/wp\/v2\/product"}],"about":[{"href":"https:\/\/lidertecsa.com.ar\/catalogo\/wp-json\/wp\/v2\/types\/product"}],"wp:featuredmedia":[{"embeddable":true,"href":"https:\/\/lidertecsa.com.ar\/catalogo\/wp-json\/wp\/v2\/media\/1637"}],"wp:attachment":[{"href":"https:\/\/lidertecsa.com.ar\/catalogo\/wp-json\/wp\/v2\/media?parent=1636"}],"wp:term":[{"taxonomy":"product_cat","embeddable":true,"href":"https:\/\/lidertecsa.com.ar\/catalogo\/wp-json\/wp\/v2\/product_cat?post=1636"},{"taxonomy":"product_tag","embeddable":true,"href":"https:\/\/lidertecsa.com.ar\/catalogo\/wp-json\/wp\/v2\/product_tag?post=1636"}],"curies":[{"name":"wp","href":"https:\/\/api.w.org\/{rel}","templated":true}]}}