{"id":1634,"date":"2023-06-26T15:39:54","date_gmt":"2023-06-26T18:39:54","guid":{"rendered":"https:\/\/lidertecsa.com.ar\/catalogo\/?post_type=product&#038;p=1634"},"modified":"2024-12-13T16:32:19","modified_gmt":"2024-12-13T19:32:19","slug":"mezclador-de-pintura","status":"publish","type":"product","link":"https:\/\/lidertecsa.com.ar\/catalogo\/producto\/mezclador-de-pintura\/","title":{"rendered":"Mezclador de Pintura"},"content":{"rendered":"<p>Mezclador para pintura, mezclador met\u00e1lico, para la mezcla de pinturas de dispersi\u00f3n y de pared, morteros ligeros, ejecuci\u00f3n robusta, elevada estabilidad de marcha, para el empleo con taladradoras corrientes de venta en el mercado, m\u00edn. 500 vatios.<\/p>\n<p>Longitud: 590 mm<\/p>\n<p>&nbsp;<\/p>\n","protected":false},"excerpt":{"rendered":"<p>Mezclador para pintura, mezclador met\u00e1lico, para la mezcla de pinturas de dispersi\u00f3n y de pared<\/p>\n","protected":false},"featured_media":1635,"template":"","meta":{"_joinchat":[]},"product_cat":[366],"product_tag":[389],"class_list":{"0":"post-1634","1":"product","2":"type-product","3":"status-publish","4":"has-post-thumbnail","6":"product_cat-accesorios-para-taladradoras","7":"product_tag-mezclador","9":"first","10":"instock","11":"taxable","12":"shipping-taxable","13":"product-type-simple"},"_links":{"self":[{"href":"https:\/\/lidertecsa.com.ar\/catalogo\/wp-json\/wp\/v2\/product\/1634"}],"collection":[{"href":"https:\/\/lidertecsa.com.ar\/catalogo\/wp-json\/wp\/v2\/product"}],"about":[{"href":"https:\/\/lidertecsa.com.ar\/catalogo\/wp-json\/wp\/v2\/types\/product"}],"wp:featuredmedia":[{"embeddable":true,"href":"https:\/\/lidertecsa.com.ar\/catalogo\/wp-json\/wp\/v2\/media\/1635"}],"wp:attachment":[{"href":"https:\/\/lidertecsa.com.ar\/catalogo\/wp-json\/wp\/v2\/media?parent=1634"}],"wp:term":[{"taxonomy":"product_cat","embeddable":true,"href":"https:\/\/lidertecsa.com.ar\/catalogo\/wp-json\/wp\/v2\/product_cat?post=1634"},{"taxonomy":"product_tag","embeddable":true,"href":"https:\/\/lidertecsa.com.ar\/catalogo\/wp-json\/wp\/v2\/product_tag?post=1634"}],"curies":[{"name":"wp","href":"https:\/\/api.w.org\/{rel}","templated":true}]}}