{"id":1633,"date":"2023-06-26T15:37:54","date_gmt":"2023-06-26T18:37:54","guid":{"rendered":"https:\/\/lidertecsa.com.ar\/catalogo\/?post_type=product&#038;p=1633"},"modified":"2024-12-13T16:32:19","modified_gmt":"2024-12-13T19:32:19","slug":"mecha-conica-16-mm-a-30-mm","status":"publish","type":"product","link":"https:\/\/lidertecsa.com.ar\/catalogo\/producto\/mecha-conica-16-mm-a-30-mm\/","title":{"rendered":"Mecha C\u00f3nica 16 mm a 30 mm."},"content":{"rendered":"<p>Mecha c\u00f3nica, HSS, con punta para taladrado desde 6 mm hasta 20 mm. Sin pretaladrado en las chapas m\u00e1s finas, libre de rebabas gracias al redondeador de cantos, para chapa de acero, metales no f\u00e9rreos y pl\u00e1stico.<\/p>\n","protected":false},"excerpt":{"rendered":"<p>Mecha c\u00f3nica, HSS, con punta para taladrado desde 16 mm hasta 30 mm.<\/p>\n","protected":false},"featured_media":1631,"template":"","meta":{"_joinchat":[]},"product_cat":[366],"product_tag":[388],"class_list":{"0":"post-1633","1":"product","2":"type-product","3":"status-publish","4":"has-post-thumbnail","6":"product_cat-accesorios-para-taladradoras","7":"product_tag-mecha-conica","9":"first","10":"instock","11":"taxable","12":"shipping-taxable","13":"product-type-simple"},"_links":{"self":[{"href":"https:\/\/lidertecsa.com.ar\/catalogo\/wp-json\/wp\/v2\/product\/1633"}],"collection":[{"href":"https:\/\/lidertecsa.com.ar\/catalogo\/wp-json\/wp\/v2\/product"}],"about":[{"href":"https:\/\/lidertecsa.com.ar\/catalogo\/wp-json\/wp\/v2\/types\/product"}],"wp:featuredmedia":[{"embeddable":true,"href":"https:\/\/lidertecsa.com.ar\/catalogo\/wp-json\/wp\/v2\/media\/1631"}],"wp:attachment":[{"href":"https:\/\/lidertecsa.com.ar\/catalogo\/wp-json\/wp\/v2\/media?parent=1633"}],"wp:term":[{"taxonomy":"product_cat","embeddable":true,"href":"https:\/\/lidertecsa.com.ar\/catalogo\/wp-json\/wp\/v2\/product_cat?post=1633"},{"taxonomy":"product_tag","embeddable":true,"href":"https:\/\/lidertecsa.com.ar\/catalogo\/wp-json\/wp\/v2\/product_tag?post=1633"}],"curies":[{"name":"wp","href":"https:\/\/api.w.org\/{rel}","templated":true}]}}