{"id":16,"date":"2023-05-31T21:29:18","date_gmt":"2023-06-01T00:29:18","guid":{"rendered":"https:\/\/lidertecsa.com.ar\/catalogo\/?post_type=product&#038;p=16"},"modified":"2026-02-04T11:21:19","modified_gmt":"2026-02-04T14:21:19","slug":"trabasil-rb1-50g-fco-c5","status":"publish","type":"product","link":"https:\/\/lidertecsa.com.ar\/catalogo\/producto\/trabasil-rb1-50g-fco-c5\/","title":{"rendered":"Trabasil RM1 50g"},"content":{"rendered":"<h2>RB1<\/h2>\n<div class=\"content\">\n<div class=\"ttl-subcat-producto\">TORQUE BAJO<\/div>\n<\/div>\n<p>Torniller\u00eda de peque\u00f1o di\u00e1metro que requiera baja resistencia al desarme.<\/p>\n<ul class=\"ficha\">\n<li>Holgura m\u00e1xima diametral (mm.):\u00a00,12<\/li>\n<li>Viscosidad (mPa.s) :\u00a0L\u00edquido tixotr\u00f3pico<\/li>\n<li>Torque quiebre (N.m):\u00a08-14<\/li>\n<li>Torque remanente (N.m):\u00a01,5-6<\/li>\n<li>Tiempo cura parcial (Minutos):\u00a010-30<\/li>\n<li>Tiempo cura total (Horas):\u00a06<\/li>\n<li>Usos:\u00a0Tornillos de tensores de correas poli V y de distribuci\u00f3n, tornillos en carburadores, alternador, condensador.<\/li>\n<\/ul>\n","protected":false},"excerpt":{"rendered":"<p>Traba roscas Bajo Torque<\/p>\n","protected":false},"featured_media":15,"template":"","meta":{"_joinchat":[]},"product_cat":[21],"product_tag":[23],"class_list":{"0":"post-16","1":"product","2":"type-product","3":"status-publish","4":"has-post-thumbnail","6":"product_cat-serie-roja","7":"product_tag-traba-roscas","9":"first","10":"instock","11":"taxable","12":"shipping-taxable","13":"product-type-simple"},"_links":{"self":[{"href":"https:\/\/lidertecsa.com.ar\/catalogo\/wp-json\/wp\/v2\/product\/16"}],"collection":[{"href":"https:\/\/lidertecsa.com.ar\/catalogo\/wp-json\/wp\/v2\/product"}],"about":[{"href":"https:\/\/lidertecsa.com.ar\/catalogo\/wp-json\/wp\/v2\/types\/product"}],"wp:featuredmedia":[{"embeddable":true,"href":"https:\/\/lidertecsa.com.ar\/catalogo\/wp-json\/wp\/v2\/media\/15"}],"wp:attachment":[{"href":"https:\/\/lidertecsa.com.ar\/catalogo\/wp-json\/wp\/v2\/media?parent=16"}],"wp:term":[{"taxonomy":"product_cat","embeddable":true,"href":"https:\/\/lidertecsa.com.ar\/catalogo\/wp-json\/wp\/v2\/product_cat?post=16"},{"taxonomy":"product_tag","embeddable":true,"href":"https:\/\/lidertecsa.com.ar\/catalogo\/wp-json\/wp\/v2\/product_tag?post=16"}],"curies":[{"name":"wp","href":"https:\/\/api.w.org\/{rel}","templated":true}]}}