{"id":1487,"date":"2023-06-25T18:49:36","date_gmt":"2023-06-25T21:49:36","guid":{"rendered":"https:\/\/lidertecsa.com.ar\/catalogo\/?post_type=product&#038;p=1487"},"modified":"2024-12-13T16:32:07","modified_gmt":"2024-12-13T19:32:07","slug":"limpiador-de-canerias-inalambrico-te-da-18-760-li-solo","status":"publish","type":"product","link":"https:\/\/lidertecsa.com.ar\/catalogo\/producto\/limpiador-de-canerias-inalambrico-te-da-18-760-li-solo\/","title":{"rendered":"Limpiador de Ca\u00f1er\u00edas Inal\u00e1mbrico &#8211; TE-DA 18\/760 Li Solo"},"content":{"rendered":"<div id=\"description\" class=\"section-row -padded-wide--mod-top-only -in-viewport\" data-anchornav=\"Artikelbeschreibung\">\n<div class=\"col-wrapper -max-width-limited\">\n<div class=\"content-item module-description\">\n<div class=\"description-wrapper\">\n<div class=\"col-two\">\n<div class=\"description__content\">\n<p>El limpiador de desag\u00fces inal\u00e1mbrico Einhell TE-DA 18\/760 Li-Solo garantiza el flujo en las tuber\u00edas, sin esfuerzo y en muy poco tiempo. El limpiador de desag\u00fces es un miembro de la familia Power X-Change. Las bater\u00edas, dispositivos y cargadores de esta serie de sistemas se pueden combinar de forma flexible entre s\u00ed. El proceso de limpieza es un asunto limpio gracias a la f\u00e1cil retracci\u00f3n y extensi\u00f3n con alimentaci\u00f3n accionada. La rotaci\u00f3n en sentido horario y antihorario tambi\u00e9n libera bloqueos m\u00e1s grandes de manera f\u00e1cil y eficiente. La espiral galvanizada y libre de \u00f3xido garantiza la longevidad del dispositivo. La abertura de entrada y salida facilita la limpieza del tambor. El mecanismo de bloqueo le permite eliminar la suciedad persistente. El limpiador de desag\u00fces inal\u00e1mbrico es adecuado para tuber\u00edas con un di\u00e1metro de 16 a 55 mm gracias a la espiral de 7 mm de espesor. Un LED ilumina el \u00e1rea de trabajo. El dise\u00f1o ergon\u00f3mico con agarre suave ofrece la m\u00e1xima maniobrabilidad. La entrega se realiza sin bater\u00eda ni cargador. Estos est\u00e1n disponibles por separado, por ejemplo, como un pr\u00e1ctico juego de inicio.<\/p>\n<\/div>\n<\/div>\n<\/div>\n<\/div>\n<\/div>\n<\/div>\n<div id=\"technical-details\" class=\"section-row -padded-wide--mod-top-only -in-viewport\" data-anchornav=\"Technische Daten\">\n<div class=\"col-wrapper -max-width-limited -decrease-width\">\n<div class=\"col\">\n<div class=\"content-item module-headline-paragraph headline paragraph -color-headline-black\">\n<h2 class=\"heading delta\">Caracter\u00edsticas t\u00e9cnicas<\/h2>\n<\/div>\n<div class=\"content-item module-table -styling-beta\">\n<table class=\"table__table\">\n<tbody>\n<tr class=\"-show tr-odd\">\n<td><span class=\"bold\">N\u00famero de bater\u00edas incluidas<\/span><\/td>\n<td>0 piezas<\/td>\n<\/tr>\n<tr class=\"-show tr-even\">\n<td><span class=\"bold\">N\u00famero de cargadores incluidos<\/span><\/td>\n<td>0 piezas<\/td>\n<\/tr>\n<tr class=\"-show tr-odd\">\n<td><span class=\"bold\">Espiral de limpieza de di\u00e1metro<\/span><\/td>\n<td>7 mm<\/td>\n<\/tr>\n<tr class=\"-show tr-even\">\n<td><span class=\"bold\">Velocidad de ralent\u00ed m\u00e1x.<\/span><\/td>\n<td>560 minutos^-1<\/td>\n<\/tr>\n<tr class=\"-show tr-odd\">\n<td><span class=\"bold\">Longitud de la espiral de limpieza<\/span><\/td>\n<td>7,6 m<\/td>\n<\/tr>\n<tr class=\"-show tr-even\">\n<td><span class=\"bold\">Voltaje del motor<\/span><\/td>\n<td>18 V<\/td>\n<\/tr>\n<tr class=\"-show tr-odd\">\n<td><span class=\"bold\">Motor<\/span><\/td>\n<td>Motor cepillado<\/td>\n<\/tr>\n<tr class=\"-show tr-even\">\n<td><span class=\"bold\">Peso del producto<\/span><\/td>\n<td>3,69 kg<\/td>\n<\/tr>\n<tr class=\"-show tr-odd\">\n<td><span class=\"bold\">Di\u00e1metro de la tuber\u00eda m\u00e1x.<\/span><\/td>\n<td>55 mm<\/td>\n<\/tr>\n<tr class=\"-show tr-even\">\n<td><span class=\"bold\">Di\u00e1metro de la tuber\u00eda m\u00edn.<\/span><\/td>\n<td>16 mm<\/td>\n<\/tr>\n<\/tbody>\n<\/table>\n<\/div>\n<\/div>\n<\/div>\n<\/div>\n","protected":false},"excerpt":{"rendered":"<ul>\n<li class=\" meta\">Miembro de la familia Power X-Change, se requiere 1 bater\u00eda de 18V<\/li>\n<li class=\" meta\">F\u00e1cil retracci\u00f3n\/extensi\u00f3n de la espiral con motor alimentado por bater\u00eda<\/li>\n<li class=\" meta\">Rotaci\u00f3n en sentido horario\/antihorario para la liberaci\u00f3n cuando la espiral est\u00e1 bloqueada<\/li>\n<li class=\" meta\">La espiral es insensible al \u00f3xido debido a la galvanizaci\u00f3n<\/li>\n<li class=\" meta\">C\u00f3moda limpieza del tambor gracias a la apertura de salida<\/li>\n<li class=\"meta\">Mecanismo de bloqueo para liberar de la suciedad persistente<\/li>\n<li class=\"meta\">Adecuado para tuber\u00edas de 16 &#8211; 55 mm debido a la espiral de 7 mm de espesor<\/li>\n<li class=\"meta\">Luz LED para iluminar el \u00e1rea de trabajo<\/li>\n<li class=\"meta\">M\u00e1xima maniobrabilidad gracias a su dise\u00f1o ergon\u00f3mico y agarre suave<\/li>\n<li class=\"meta\">Se suministra sin bater\u00eda y sin cargador (se vende por separado)<\/li>\n<\/ul>\n","protected":false},"featured_media":1488,"template":"","meta":{"_joinchat":[]},"product_cat":[50],"product_tag":[364],"class_list":{"0":"post-1487","1":"product","2":"type-product","3":"status-publish","4":"has-post-thumbnail","6":"product_cat-herramientas-a-bateria","7":"product_tag-limpiador-de-canerias-inalambrico","9":"first","10":"instock","11":"product-type-simple"},"_links":{"self":[{"href":"https:\/\/lidertecsa.com.ar\/catalogo\/wp-json\/wp\/v2\/product\/1487"}],"collection":[{"href":"https:\/\/lidertecsa.com.ar\/catalogo\/wp-json\/wp\/v2\/product"}],"about":[{"href":"https:\/\/lidertecsa.com.ar\/catalogo\/wp-json\/wp\/v2\/types\/product"}],"wp:featuredmedia":[{"embeddable":true,"href":"https:\/\/lidertecsa.com.ar\/catalogo\/wp-json\/wp\/v2\/media\/1488"}],"wp:attachment":[{"href":"https:\/\/lidertecsa.com.ar\/catalogo\/wp-json\/wp\/v2\/media?parent=1487"}],"wp:term":[{"taxonomy":"product_cat","embeddable":true,"href":"https:\/\/lidertecsa.com.ar\/catalogo\/wp-json\/wp\/v2\/product_cat?post=1487"},{"taxonomy":"product_tag","embeddable":true,"href":"https:\/\/lidertecsa.com.ar\/catalogo\/wp-json\/wp\/v2\/product_tag?post=1487"}],"curies":[{"name":"wp","href":"https:\/\/api.w.org\/{rel}","templated":true}]}}