{"id":1485,"date":"2023-06-25T18:47:04","date_gmt":"2023-06-25T21:47:04","guid":{"rendered":"https:\/\/lidertecsa.com.ar\/catalogo\/?post_type=product&#038;p=1485"},"modified":"2024-12-13T16:32:07","modified_gmt":"2024-12-13T19:32:07","slug":"aspiradora-inalambrica-te-vc-18-li-solo","status":"publish","type":"product","link":"https:\/\/lidertecsa.com.ar\/catalogo\/producto\/aspiradora-inalambrica-te-vc-18-li-solo\/","title":{"rendered":"Aspiradora Inal\u00e1mbrica &#8211; TE-VC 18 Li-Solo"},"content":{"rendered":"<div id=\"description\" class=\"section-row -padded-wide--mod-top-only -in-viewport\" data-anchornav=\"Artikelbeschreibung\">\n<div class=\"col-wrapper -max-width-limited\">\n<div class=\"content-item module-description\">\n<div class=\"description-wrapper\">\n<div class=\"col-two\">\n<div class=\"description__content\">\n<p>El aspirador de mano inal\u00e1mbrico Einhell TE-VC 18 Li-Solo est\u00e1 siempre a mano para eliminar la suciedad y las molestas migas, ya sea en la alfombra, el sof\u00e1 o la mesa. La pr\u00e1ctica central el\u00e9ctrica es parte de la probada familia Power X-Change de Einhell. Las bater\u00edas de esta serie se pueden utilizar en todos los dispositivos de la familia de sistemas. Los cortos alcances, las innumerables bater\u00edas y cargadores, as\u00ed como el rendimiento d\u00e9bil son cosa del pasado. La aspiradora de mano inal\u00e1mbrica limpia cualquier superficie a la velocidad del rayo gracias a sus tres boquillas incluidas en el paquete. La boquilla de suelo es especialmente adecuada para suelos duros y superficies lisas. Otra boquilla es adecuada para tapicer\u00eda y telas. Con la herramienta de grietas, el usuario puede limpiar incluso \u00e1reas dif\u00edciles de alcanzar sin mucho esfuerzo. Con la ayuda del tubo de extensi\u00f3n de 46,5 cent\u00edmetros de largo, la pr\u00e1ctica aspiradora inal\u00e1mbrica tambi\u00e9n se puede utilizar como aspiradora de bote y, por lo tanto, c\u00f3modamente en posici\u00f3n vertical. El colector de polvo tiene una capacidad de 540 mililitros. El soporte de pared integrado garantiza un almacenamiento que ahorra espacio. La entrega se realiza sin bater\u00eda y cargador, estos est\u00e1n disponibles por separado, por ejemplo, como un pr\u00e1ctico conjunto de inicio.<\/p>\n<\/div>\n<\/div>\n<\/div>\n<\/div>\n<\/div>\n<\/div>\n<div id=\"technical-details\" class=\"section-row -padded-wide--mod-top-only -in-viewport\" data-anchornav=\"Technische Daten\">\n<div class=\"col-wrapper -max-width-limited -decrease-width\">\n<div class=\"col\">\n<div class=\"content-item module-headline-paragraph headline paragraph -color-headline-black\">\n<h2 class=\"heading delta\">Caracter\u00edsticas t\u00e9cnicas<\/h2>\n<\/div>\n<div class=\"content-item module-table -styling-beta\">\n<table class=\"table__table\">\n<tbody>\n<tr class=\"-show tr-odd\">\n<td><span class=\"bold\">N\u00famero de bater\u00edas incluidas<\/span><\/td>\n<td>0 piezas<\/td>\n<\/tr>\n<tr class=\"-show tr-even\">\n<td><span class=\"bold\">N\u00famero de cargadores incluidos<\/span><\/td>\n<td>0 piezas<\/td>\n<\/tr>\n<tr class=\"-show tr-odd\">\n<td><span class=\"bold\">Longitud del colector de admisi\u00f3n<\/span><\/td>\n<td>0.465 metros<\/td>\n<\/tr>\n<tr class=\"-show tr-even\">\n<td><span class=\"bold\">Voltaje del motor<\/span><\/td>\n<td>18 V<\/td>\n<\/tr>\n<tr class=\"-show tr-odd\">\n<td><span class=\"bold\">Motor<\/span><\/td>\n<td>Motor cepillado<\/td>\n<\/tr>\n<tr class=\"-show tr-even\">\n<td><span class=\"bold\">Peso del producto<\/span><\/td>\n<td>0,85 kg<\/td>\n<\/tr>\n<tr class=\"-show tr-odd\">\n<td><span class=\"bold\">Succi\u00f3n<\/span><\/td>\n<td>42 mbar<\/td>\n<\/tr>\n<tr class=\"-show tr-even\">\n<td><span class=\"bold\">Contenedor de recolecci\u00f3n de vol\u00famenes<\/span><\/td>\n<td>0,54 l<\/td>\n<\/tr>\n<\/tbody>\n<\/table>\n<\/div>\n<\/div>\n<\/div>\n<\/div>\n","protected":false},"excerpt":{"rendered":"<ul>\n<li class=\" meta\">Miembro de la familia Power X-Change<\/li>\n<li class=\" meta\">Colector de polvo con una capacidad de 540 ml<\/li>\n<li class=\" meta\">Los filtros se pueden limpiar con agua corriente<\/li>\n<li class=\" meta\">Boquilla de piso incl. para suelos duros y superficies lisas<\/li>\n<li class=\" meta\">Incluye herramienta de grietas para lugares de dif\u00edcil acceso<\/li>\n<li class=\"meta\">Incluye boquilla de tapicer\u00eda para limpiar tapicer\u00eda y telas<\/li>\n<li class=\"meta\">Incluye tubo de extensi\u00f3n (46,5 cm) para su uso como aspirador de bote<\/li>\n<li class=\"meta\">Almacenamiento que ahorra espacio gracias al soporte de pared integrado<\/li>\n<li class=\"meta\">Se suministra sin bater\u00eda y sin cargador (se vende por separado)<\/li>\n<\/ul>\n","protected":false},"featured_media":1486,"template":"","meta":{"_joinchat":[]},"product_cat":[50],"product_tag":[363],"class_list":{"0":"post-1485","1":"product","2":"type-product","3":"status-publish","4":"has-post-thumbnail","6":"product_cat-herramientas-a-bateria","7":"product_tag-aspiradora-inalambrica","9":"first","10":"instock","11":"product-type-simple"},"_links":{"self":[{"href":"https:\/\/lidertecsa.com.ar\/catalogo\/wp-json\/wp\/v2\/product\/1485"}],"collection":[{"href":"https:\/\/lidertecsa.com.ar\/catalogo\/wp-json\/wp\/v2\/product"}],"about":[{"href":"https:\/\/lidertecsa.com.ar\/catalogo\/wp-json\/wp\/v2\/types\/product"}],"wp:featuredmedia":[{"embeddable":true,"href":"https:\/\/lidertecsa.com.ar\/catalogo\/wp-json\/wp\/v2\/media\/1486"}],"wp:attachment":[{"href":"https:\/\/lidertecsa.com.ar\/catalogo\/wp-json\/wp\/v2\/media?parent=1485"}],"wp:term":[{"taxonomy":"product_cat","embeddable":true,"href":"https:\/\/lidertecsa.com.ar\/catalogo\/wp-json\/wp\/v2\/product_cat?post=1485"},{"taxonomy":"product_tag","embeddable":true,"href":"https:\/\/lidertecsa.com.ar\/catalogo\/wp-json\/wp\/v2\/product_tag?post=1485"}],"curies":[{"name":"wp","href":"https:\/\/api.w.org\/{rel}","templated":true}]}}