{"id":1483,"date":"2023-06-25T18:44:32","date_gmt":"2023-06-25T21:44:32","guid":{"rendered":"https:\/\/lidertecsa.com.ar\/catalogo\/?post_type=product&#038;p=1483"},"modified":"2024-12-13T16:32:06","modified_gmt":"2024-12-13T19:32:06","slug":"aspiradora-inalambrica-te-vc-18-10-li-solo","status":"publish","type":"product","link":"https:\/\/lidertecsa.com.ar\/catalogo\/producto\/aspiradora-inalambrica-te-vc-18-10-li-solo\/","title":{"rendered":"Aspiradora Inal\u00e1mbrica &#8211; TE-VC 18\/10 Li-Solo"},"content":{"rendered":"<div id=\"description\" class=\"section-row -padded-wide--mod-top-only -in-viewport\" data-anchornav=\"Artikelbeschreibung\">\n<div class=\"col-wrapper -max-width-limited\">\n<div class=\"content-item module-description\">\n<div class=\"description-wrapper\">\n<div class=\"col-two\">\n<div class=\"description__content\">\n<p>La aspiradora inal\u00e1mbrica einhell TE-VC 18\/10 Li-Solo inal\u00e1mbrica-seca elimina el polvo, la suciedad e incluso los l\u00edquidos de forma inal\u00e1mbrica y sin ataduras, ya sea en el hogar, taller, s\u00f3tano o garaje. La aspiradora multifuncional multiusos forma parte de la familia inteligente Power X-Change. Todas las bater\u00edas de la serie de sistemas se pueden cambiar entre s\u00ed, con todos los dispositivos PXC. El contenedor de recogida tiene un volumen de diez litros y, por lo tanto, tambi\u00e9n espacio para operaciones duraderas. Al mismo tiempo, el dise\u00f1o ergon\u00f3mico y el asa de transporte lo hacen f\u00e1cil de usar para facilitar el transporte. Ya sea en baldosas, alfombras u otros pisos, la aspiradora se puede usar de varias maneras, ya sea para aspirar en h\u00famedo o en seco, ambas son posibles. La conexi\u00f3n de soplado se utiliza para soplar lugares dif\u00edciles de alcanzar. Los accesorios incluidos se pueden guardar convenientemente directamente en el dispositivo. El contenedor se vac\u00eda en poco tiempo gracias a los sujetadores de liberaci\u00f3n r\u00e1pida. Al mismo tiempo, el motor funciona silenciosamente y permite un trabajo agradable y silencioso. La operaci\u00f3n conveniente con una sola mano est\u00e1 garantizada por el interruptor de encendido \/ apagado colocado inteligentemente. El equipo incluye una manguera extensible con una longitud total de 2,00 metros, boquilla de hendidura\/cepillo 2 en 1 y boquilla de coj\u00edn\/universal 2 en 1, filtro de espuma para uso en aspiraci\u00f3n h\u00fameda y una bolsa de recolecci\u00f3n de suciedad. La bater\u00eda y el cargador no est\u00e1n incluidos en el volumen de suministro. Estos est\u00e1n disponibles por separado, por ejemplo, como un pr\u00e1ctico juego de inicio.<\/p>\n<\/div>\n<\/div>\n<\/div>\n<\/div>\n<\/div>\n<\/div>\n<div id=\"technical-details\" class=\"section-row -padded-wide--mod-top-only -in-viewport\" data-anchornav=\"Technische Daten\">\n<div class=\"col-wrapper -max-width-limited -decrease-width\">\n<div class=\"col\">\n<div class=\"content-item module-headline-paragraph headline paragraph -color-headline-black\">\n<h2 class=\"heading delta\">Caracter\u00edsticas t\u00e9cnicas<\/h2>\n<\/div>\n<div class=\"content-item module-table -styling-beta\">\n<table class=\"table__table\">\n<tbody>\n<tr class=\"-show tr-odd\">\n<td><span class=\"bold\">N\u00famero de bater\u00edas incluidas<\/span><\/td>\n<td>0 piezas<\/td>\n<\/tr>\n<tr class=\"-show tr-even\">\n<td><span class=\"bold\">N\u00famero de cargadores incluidos<\/span><\/td>\n<td>0 piezas<\/td>\n<\/tr>\n<tr class=\"-show tr-odd\">\n<td><span class=\"bold\">Manguera de succi\u00f3n de di\u00e1metro<\/span><\/td>\n<td>36 mm<\/td>\n<\/tr>\n<tr class=\"-show tr-even\">\n<td><span class=\"bold\">Longitud de la manguera de succi\u00f3n<\/span><\/td>\n<td>2 m<\/td>\n<\/tr>\n<tr class=\"-show tr-odd\">\n<td><span class=\"bold\">Voltaje del motor<\/span><\/td>\n<td>18 V<\/td>\n<\/tr>\n<tr class=\"-show tr-even\">\n<td><span class=\"bold\">Motor<\/span><\/td>\n<td>Motor cepillado<\/td>\n<\/tr>\n<tr class=\"-show tr-odd\">\n<td><span class=\"bold\">Peso del producto<\/span><\/td>\n<td>3,05 kg<\/td>\n<\/tr>\n<tr class=\"-show tr-even\">\n<td><span class=\"bold\">Succi\u00f3n<\/span><\/td>\n<td>90 mbar<\/td>\n<\/tr>\n<tr class=\"-show tr-odd\">\n<td><span class=\"bold\">Nivel de presi\u00f3n ac\u00fastica (volumen)<\/span><\/td>\n<td>72 dB (A)<\/td>\n<\/tr>\n<tr class=\"-show tr-even\">\n<td><span class=\"bold\">Clase de protecci\u00f3n contra el polvo<\/span><\/td>\n<td>Sin clasificar<\/td>\n<\/tr>\n<tr class=\"-show tr-odd\">\n<td><span class=\"bold\">Contenedor de recolecci\u00f3n de vol\u00famenes<\/span><\/td>\n<td>10 l<\/td>\n<\/tr>\n<\/tbody>\n<\/table>\n<\/div>\n<\/div>\n<\/div>\n<\/div>\n","protected":false},"excerpt":{"rendered":"<ul>\n<li class=\" meta\">Miembro de la familia Power X-Change<\/li>\n<li class=\" meta\">El contenedor de recolecci\u00f3n tiene un volumen de 10 litros<\/li>\n<li class=\" meta\">Dise\u00f1o ergon\u00f3mico y asa de transporte para facilitar el transporte<\/li>\n<li class=\" meta\">Vers\u00e1til: posible aspiraci\u00f3n en h\u00famedo y en seco<\/li>\n<li class=\" meta\">Conexi\u00f3n de soplado para soplar lugares dif\u00edciles de alcanzar<\/li>\n<li class=\"meta\">Almacenamiento conveniente de los accesorios incluidos directamente en el dispositivo<\/li>\n<li class=\"meta\">F\u00e1cil vaciado del contenedor gracias a los sujetadores de liberaci\u00f3n r\u00e1pida<\/li>\n<li class=\"meta\">El motor de funcionamiento silencioso permite un trabajo agradable y silencioso<\/li>\n<li class=\"meta\">Manejo con una sola mano gracias al interruptor de encendido\/apagado colocado de forma inteligente<\/li>\n<li class=\"meta\">Incluye una manguera extensible con una longitud total de 2 metros<\/li>\n<li class=\"meta\">Incluye boquilla de hendidura\/cepillo 2 en 1 y boquilla de amortiguaci\u00f3n\/universal 2 en 1<\/li>\n<li class=\"meta\">Incluye filtro de espuma, bolsa de filtro y bolsa de recolecci\u00f3n de suciedad<\/li>\n<li class=\"meta\">Se suministra sin bater\u00eda ni cargador (se vende por separado)<\/li>\n<li class=\"meta\">Recomendaci\u00f3n para obtener resultados \u00f3ptimos: bater\u00eda de 2,5 Ah y m\u00e1s grande<\/li>\n<\/ul>\n","protected":false},"featured_media":1484,"template":"","meta":{"_joinchat":[]},"product_cat":[50],"product_tag":[363],"class_list":{"0":"post-1483","1":"product","2":"type-product","3":"status-publish","4":"has-post-thumbnail","6":"product_cat-herramientas-a-bateria","7":"product_tag-aspiradora-inalambrica","9":"first","10":"instock","11":"product-type-simple"},"_links":{"self":[{"href":"https:\/\/lidertecsa.com.ar\/catalogo\/wp-json\/wp\/v2\/product\/1483"}],"collection":[{"href":"https:\/\/lidertecsa.com.ar\/catalogo\/wp-json\/wp\/v2\/product"}],"about":[{"href":"https:\/\/lidertecsa.com.ar\/catalogo\/wp-json\/wp\/v2\/types\/product"}],"wp:featuredmedia":[{"embeddable":true,"href":"https:\/\/lidertecsa.com.ar\/catalogo\/wp-json\/wp\/v2\/media\/1484"}],"wp:attachment":[{"href":"https:\/\/lidertecsa.com.ar\/catalogo\/wp-json\/wp\/v2\/media?parent=1483"}],"wp:term":[{"taxonomy":"product_cat","embeddable":true,"href":"https:\/\/lidertecsa.com.ar\/catalogo\/wp-json\/wp\/v2\/product_cat?post=1483"},{"taxonomy":"product_tag","embeddable":true,"href":"https:\/\/lidertecsa.com.ar\/catalogo\/wp-json\/wp\/v2\/product_tag?post=1483"}],"curies":[{"name":"wp","href":"https:\/\/api.w.org\/{rel}","templated":true}]}}