{"id":1481,"date":"2023-06-25T18:41:39","date_gmt":"2023-06-25T21:41:39","guid":{"rendered":"https:\/\/lidertecsa.com.ar\/catalogo\/?post_type=product&#038;p=1481"},"modified":"2024-12-13T16:32:06","modified_gmt":"2024-12-13T19:32:06","slug":"aspiradora-inalambrica-te-sv-18-li-solo","status":"publish","type":"product","link":"https:\/\/lidertecsa.com.ar\/catalogo\/producto\/aspiradora-inalambrica-te-sv-18-li-solo\/","title":{"rendered":"Aspiradora Inal\u00e1mbrica &#8211; TE-SV 18 Li-Solo"},"content":{"rendered":"<div id=\"description\" class=\"section-row -padded-wide--mod-top-only -in-viewport\" data-anchornav=\"Artikelbeschreibung\">\n<div class=\"col-wrapper -max-width-limited\">\n<div class=\"content-item module-description\">\n<div class=\"description-wrapper\">\n<div class=\"col-two\">\n<div class=\"description__content\">\n<p>El aspirador inal\u00e1mbrico Einhell TE-SV 18 Li-Solo forma parte del sistema de bater\u00eda multifuncional Einhell Power X-Change, que se puede combinar entre s\u00ed sin l\u00edmites. Se requiere una bater\u00eda de 18V para usar la aspiradora de barra inal\u00e1mbrica. Trabajo ininterrumpido sin cables: Esto es posible gracias al sistema de bater\u00eda reemplazable Power X-Change y la tecnolog\u00eda de carga r\u00e1pida. Si la bater\u00eda insertada est\u00e1 vac\u00eda, simplemente se puede cambiar por una completamente cargada. Dependiendo de la bater\u00eda, tambi\u00e9n se pueden lograr tiempos de ejecuci\u00f3n muy largos, porque, por ejemplo, la bater\u00eda de 6 Ah suministra energ\u00eda a la aspiradora hasta 80 minutos en modo ECO. Los cuatro LED de foco y una junta reversible de dos ejes en la boquilla del piso facilitan la limpieza, incluso en lugares oscuros y dif\u00edciles de alcanzar, como debajo de una cama o un armario. Las ruedas con neum\u00e1ticos de goma son silenciosas y suaves en revestimientos de suelos sensibles, como los suelos de parquet. Gracias a su dise\u00f1o compacto y ligero, la aspiradora inal\u00e1mbrica es libre de cansancio y c\u00f3moda en la mano, incluso durante el trabajo m\u00e1s largo. Esto hace que aspirar sea realmente f\u00e1cil. El eficiente sistema de filtro de 3 pliegues que consta de un prefiltro, un filtro plisado reemplazable y lavable y un filtro de motor y el separador cicl\u00f3nico integrado garantizan un aire de escape limpio y una succi\u00f3n eficiente con alta potencia de succi\u00f3n. El contenedor de la trampa de suciedad simplemente se vac\u00eda con solo presionar un bot\u00f3n, no se necesita una bolsa adicional. Esto protege el medio ambiente, ahorra dinero y tambi\u00e9n es muy higi\u00e9nico, ya que el usuario no entra en contacto con la suciedad. Con dos potencias de succi\u00f3n ajustables, la aspiradora se puede adaptar a cualquier situaci\u00f3n. El modo ECO se puede utilizar para la suciedad normal y para el m\u00e1ximo tiempo de funcionamiento, mientras que el modo BOOST garantiza la m\u00e1xima potencia de succi\u00f3n para la suciedad persistente, como en las alfombras. Gracias a la combinaci\u00f3n de dos dise\u00f1os, la aspiradora inal\u00e1mbrica es un pr\u00e1ctico dispositivo 2 en 1. Se puede utilizar tanto peque\u00f1o como ligero como aspirador de mano, as\u00ed como para la limpieza de suelos, donde impresiona como aspirador de palo con un manejo perfecto. La boquilla de piso motorizada est\u00e1 dise\u00f1ada para eliminar el polvo y la suciedad persistente de pisos duros, alfombras y alfombras. El cepillo tambi\u00e9n es f\u00e1cil de separar y f\u00e1cil de limpiar. En la entrega se incluye un soporte de pared, que ofrece espacio para almacenar la aspiradora y los accesorios, de modo que todo est\u00e9 cuidadosamente guardado, pero siempre a mano. La herramienta de hendidura flexible incluida es ideal para aspirar en lugares dif\u00edciles de alcanzar, como entre los asientos del autom\u00f3vil. Una sola pulsaci\u00f3n del interruptor de encendido es suficiente para que la aspiradora funcione continuamente. No es necesario presionar continuamente el bot\u00f3n de encendido. La aspiradora de barra inal\u00e1mbrica se entrega sin bater\u00eda ni cargador, estos se venden por separado.<\/p>\n<\/div>\n<\/div>\n<\/div>\n<\/div>\n<\/div>\n<\/div>\n<div id=\"technical-details\" class=\"section-row -padded-wide--mod-top-only -in-viewport\" data-anchornav=\"Technische Daten\">\n<div class=\"col-wrapper -max-width-limited -decrease-width\">\n<div class=\"col\">\n<div class=\"content-item module-headline-paragraph headline paragraph -color-headline-black\">\n<h2 class=\"heading delta\">Caracter\u00edsticas t\u00e9cnicas<\/h2>\n<\/div>\n<div class=\"content-item module-table -styling-beta\">\n<table class=\"table__table\">\n<tbody>\n<tr class=\"-show tr-odd\">\n<td><span class=\"bold\">N\u00famero de bater\u00edas incluidas<\/span><\/td>\n<td>0 piezas<\/td>\n<\/tr>\n<tr class=\"-show tr-even\">\n<td><span class=\"bold\">N\u00famero de cargadores incluidos<\/span><\/td>\n<td>0 piezas<\/td>\n<\/tr>\n<tr class=\"-show tr-odd\">\n<td><span class=\"bold\">Voltaje del motor<\/span><\/td>\n<td>18 V<\/td>\n<\/tr>\n<tr class=\"-show tr-even\">\n<td><span class=\"bold\">Motor<\/span><\/td>\n<td>Motor cepillado<\/td>\n<\/tr>\n<tr class=\"-show tr-odd\">\n<td><span class=\"bold\">Peso del producto<\/span><\/td>\n<td>1,05 kg<\/td>\n<\/tr>\n<tr class=\"-show tr-even\">\n<td><span class=\"bold\">Succi\u00f3n<\/span><\/td>\n<td>100 mbar<\/td>\n<\/tr>\n<tr class=\"-show tr-odd\">\n<td><span class=\"bold\">Contenedor de recolecci\u00f3n de vol\u00famenes<\/span><\/td>\n<td>0,6 l<\/td>\n<\/tr>\n<\/tbody>\n<\/table>\n<\/div>\n<\/div>\n<\/div>\n<\/div>\n<div id=\"video\" class=\"section-row -padded-wide--mod-top-only\" data-anchornav=\"Video\">\n<div class=\"col-wrapper l-1col -max-width-limited\">\n<div class=\"col\">\n<div class=\"content-item module-video -full-size\">\n<div class=\"cards__card\" data-video-id=\"video-0\">\n<div class=\"card__video\"><\/div>\n<\/div>\n<\/div>\n<\/div>\n<\/div>\n<\/div>\n","protected":false},"excerpt":{"rendered":"<ul>\n<li class=\" meta\">Miembro de la familia Power X-Change, se requiere 1 bater\u00eda de 18V<\/li>\n<li class=\" meta\">Trabajo ininterrumpido sin cables gracias al sistema de bater\u00eda reemplazable<\/li>\n<li class=\" meta\">en combinaci\u00f3n con tecnolog\u00eda de carga r\u00e1pida (3 &#8211; 6 A)<\/li>\n<li class=\" meta\">Limpieza a fondo en zonas oscuras gracias a los 4 LED de foco<\/li>\n<li class=\" meta\">Trabajo silencioso y respetuoso con el suelo con la ayuda de ruedas de goma<\/li>\n<li class=\"meta\">Dise\u00f1o compacto y ligero para aspirar sin fatiga<\/li>\n<li class=\"meta\">Aire de escape limpio y alta potencia de succi\u00f3n gracias a la eficiencia de 3 veces<\/li>\n<li class=\"meta\">Sistema de filtro con filtro plisado lavable y separador cicl\u00f3nico<\/li>\n<li class=\"meta\">Simple + sin bolsa: el colector de polvo se puede vaciar con solo tocar un bot\u00f3n<\/li>\n<li class=\"meta\">Ahorra dinero, protege el medio ambiente y evita el contacto con la suciedad<\/li>\n<li class=\"meta\">Ajuste la potencia de succi\u00f3n a cualquier situaci\u00f3n: modo ECO o BOOST<\/li>\n<li class=\"meta\">Funci\u00f3n de ventaja 2 en 1: peque\u00f1a + luz como aspiradora de mano o,<\/li>\n<li class=\"meta\">Manejo perfecto al limpiar el piso como aspirador en barra<\/li>\n<li class=\"meta\">Limpieza de todo tipo de suelo con la boquilla de suelo motorizada<\/li>\n<li class=\"meta\">incl. soporte de pared para guardar el dispositivo + accesorios<\/li>\n<li class=\"meta\">Amoladora angular. La herramienta de hendidura permite la limpieza de lugares dif\u00edciles de alcanzar<\/li>\n<li class=\"meta\">Se suministra sin bater\u00eda ni cargador (se vende por separado)<\/li>\n<\/ul>\n","protected":false},"featured_media":1482,"template":"","meta":{"_joinchat":[]},"product_cat":[50],"product_tag":[363],"class_list":{"0":"post-1481","1":"product","2":"type-product","3":"status-publish","4":"has-post-thumbnail","6":"product_cat-herramientas-a-bateria","7":"product_tag-aspiradora-inalambrica","9":"first","10":"instock","11":"product-type-simple"},"_links":{"self":[{"href":"https:\/\/lidertecsa.com.ar\/catalogo\/wp-json\/wp\/v2\/product\/1481"}],"collection":[{"href":"https:\/\/lidertecsa.com.ar\/catalogo\/wp-json\/wp\/v2\/product"}],"about":[{"href":"https:\/\/lidertecsa.com.ar\/catalogo\/wp-json\/wp\/v2\/types\/product"}],"wp:featuredmedia":[{"embeddable":true,"href":"https:\/\/lidertecsa.com.ar\/catalogo\/wp-json\/wp\/v2\/media\/1482"}],"wp:attachment":[{"href":"https:\/\/lidertecsa.com.ar\/catalogo\/wp-json\/wp\/v2\/media?parent=1481"}],"wp:term":[{"taxonomy":"product_cat","embeddable":true,"href":"https:\/\/lidertecsa.com.ar\/catalogo\/wp-json\/wp\/v2\/product_cat?post=1481"},{"taxonomy":"product_tag","embeddable":true,"href":"https:\/\/lidertecsa.com.ar\/catalogo\/wp-json\/wp\/v2\/product_tag?post=1481"}],"curies":[{"name":"wp","href":"https:\/\/api.w.org\/{rel}","templated":true}]}}