{"id":1479,"date":"2023-06-25T18:39:08","date_gmt":"2023-06-25T21:39:08","guid":{"rendered":"https:\/\/lidertecsa.com.ar\/catalogo\/?post_type=product&#038;p=1479"},"modified":"2024-12-13T16:32:06","modified_gmt":"2024-12-13T19:32:06","slug":"aspiradora-inalambrica-te-vc-36-25-li-s-solo","status":"publish","type":"product","link":"https:\/\/lidertecsa.com.ar\/catalogo\/producto\/aspiradora-inalambrica-te-vc-36-25-li-s-solo\/","title":{"rendered":"Aspiradora Inal\u00e1mbrica &#8211; TE-VC 36\/25 Li S-Solo"},"content":{"rendered":"<div id=\"description\" class=\"section-row -padded-wide--mod-top-only -in-viewport\" data-anchornav=\"Artikelbeschreibung\">\n<div class=\"col-wrapper -max-width-limited\">\n<div class=\"content-item module-description\">\n<div class=\"description-wrapper\">\n<div class=\"col-two\">\n<div class=\"description__content\">\n<p>La aspiradora inal\u00e1mbrica einhell TE-VC 36\/25 Li S-Solo inal\u00e1mbrica h\u00fameda-seca es un ayudante indispensable en la vida cotidiana, ya que limpia todas las superficies profundamente en los poros y elimina el polvo y la suciedad con la misma eficacia que los l\u00edquidos. La aspiradora h\u00famedo-seco con bater\u00eda pertenece a la familia Power X-Change y, por lo tanto, se puede utilizar de forma absolutamente flexible lejos del enchufe y, gracias a las potentes bater\u00edas, siempre es el ayudante adecuado incluso para aplicaciones dif\u00edciles. Como miembros de la familia PXC, se pueden utilizar las bater\u00edas de la serie completa de sistemas. La aspiradora h\u00fameda-seca tiene dos modos de potencia que se pueden seleccionar f\u00e1cilmente con solo tocar un bot\u00f3n. El modo ECO prolonga la duraci\u00f3n de la bater\u00eda y es adecuado para un trabajo de aspiraci\u00f3n m\u00e1s prolongado. El modo BOOST, por otro lado, aspira sin esfuerzo incluso la suciedad persistente con la m\u00e1xima potencia de succi\u00f3n. Equipada con una boquilla combinada para alfombras y pisos lisos, una boquilla de tapicer\u00eda para asientos de autom\u00f3vil y otros muebles tapizados, as\u00ed como una boquilla de hendidura para esquinas dif\u00edciles de alcanzar, la aspiradora se enfrenta a todos los obst\u00e1culos y se utiliza para trabajos de aspiraci\u00f3n, secado y limpieza en la casa, taller o garaje. Los nichos estrechos se pueden volar sin m\u00e1s pre\u00e1mbulos mediante la funci\u00f3n de soplado para luego aspirar la suciedad. El volumen de suministro tambi\u00e9n incluye un filtro de espuma para aspiraci\u00f3n h\u00fameda, as\u00ed como un filtro plisado y una bolsa de recolecci\u00f3n de suciedad de papel para aspirar en seco. Gracias al regulador de aire en el mango, la potencia de succi\u00f3n de hasta 150 mbar tambi\u00e9n se puede adaptar a \u00e1reas de trabajo sensibles. El contenedor de acero inoxidable resistente y libre de \u00f3xido puede contener suciedad y l\u00edquidos hasta 25 litros y el tap\u00f3n de drenaje de agua integrado hace que sea un juego de ni\u00f1os vaciar l\u00edquidos aspirados. Gracias a las ruedas, las ruedas y el asa de transporte, la aspiradora h\u00famedo-seco se puede transportar al lugar de uso sin ning\u00fan esfuerzo. La robusta manguera de aspiraci\u00f3n de pl\u00e1stico de 2,5 metros de largo con un di\u00e1metro de 36 mil\u00edmetros y el tubo telesc\u00f3pico de acero inoxidable, junto con la energ\u00eda de la bater\u00eda, garantizan la m\u00e1xima flexibilidad. Gracias al tubo telesc\u00f3pico, la aspiradora se puede ajustar individualmente a su propia altura y tambi\u00e9n es adecuada para uso a\u00e9reo. Gracias al soporte para accesorios y al soporte del colector de admisi\u00f3n, las aspiradoras y los accesorios no solo se guardan de forma r\u00e1pida y limpia, sino que tambi\u00e9n est\u00e1n listos para volver a usar. La entrega se realiza sin bater\u00eda y cargador, estos est\u00e1n disponibles por separado, por ejemplo, como un pr\u00e1ctico conjunto de inicio.<\/p>\n<\/div>\n<\/div>\n<\/div>\n<\/div>\n<\/div>\n<\/div>\n<div id=\"technical-details\" class=\"section-row -padded-wide--mod-top-only -in-viewport\" data-anchornav=\"Technische Daten\">\n<div class=\"col-wrapper -max-width-limited -decrease-width\">\n<div class=\"col\">\n<div class=\"content-item module-headline-paragraph headline paragraph -color-headline-black\">\n<h2 class=\"heading delta\">Caracter\u00edsticas t\u00e9cnicas<\/h2>\n<\/div>\n<div class=\"content-item module-table -styling-beta\">\n<table class=\"table__table\">\n<tbody>\n<tr class=\"-show tr-odd\">\n<td><span class=\"bold\">N\u00famero de bater\u00edas incluidas<\/span><\/td>\n<td>0 piezas<\/td>\n<\/tr>\n<tr class=\"-show tr-even\">\n<td><span class=\"bold\">N\u00famero de cargadores incluidos<\/span><\/td>\n<td>0 piezas<\/td>\n<\/tr>\n<tr class=\"-show tr-odd\">\n<td><span class=\"bold\">Manguera de succi\u00f3n de di\u00e1metro<\/span><\/td>\n<td>36 mm<\/td>\n<\/tr>\n<tr class=\"-show tr-even\">\n<td><span class=\"bold\">Longitud de la manguera de succi\u00f3n<\/span><\/td>\n<td>2,5 m<\/td>\n<\/tr>\n<tr class=\"-show tr-odd\">\n<td><span class=\"bold\">Voltaje del motor<\/span><\/td>\n<td>36 V<\/td>\n<\/tr>\n<tr class=\"-show tr-even\">\n<td><span class=\"bold\">Motor<\/span><\/td>\n<td>Motor cepillado<\/td>\n<\/tr>\n<tr class=\"-show tr-odd\">\n<td><span class=\"bold\">Peso del producto<\/span><\/td>\n<td>6,75 kg<\/td>\n<\/tr>\n<tr class=\"-show tr-even\">\n<td><span class=\"bold\">Succi\u00f3n<\/span><\/td>\n<td>150 mbar<\/td>\n<\/tr>\n<tr class=\"-show tr-odd\">\n<td><span class=\"bold\">Nivel de presi\u00f3n ac\u00fastica (volumen)<\/span><\/td>\n<td>76 dB (A)<\/td>\n<\/tr>\n<tr class=\"-show tr-even\">\n<td><span class=\"bold\">Clase de protecci\u00f3n contra el polvo<\/span><\/td>\n<td>Sin clasificar<\/td>\n<\/tr>\n<tr class=\"-show tr-odd\">\n<td><span class=\"bold\">Contenedor de recolecci\u00f3n de vol\u00famenes<\/span><\/td>\n<td>25 l<\/td>\n<\/tr>\n<\/tbody>\n<\/table>\n<\/div>\n<\/div>\n<\/div>\n<\/div>\n","protected":false},"excerpt":{"rendered":"<ul>\n<li class=\" meta\">Miembro de la familia Power X-Change, se requiere bater\u00eda de 2x18V<\/li>\n<li class=\" meta\">2 velocidades (ECO\/BOOST) para un uso \u00f3ptimo de la bater\u00eda<\/li>\n<li class=\" meta\">Alta potencia de succi\u00f3n con libertad inal\u00e1mbrica simult\u00e1nea<\/li>\n<li class=\" meta\">Contenedor de acero inoxidable 25l, libre de \u00f3xido y estable<\/li>\n<li class=\" meta\">Conexi\u00f3n de soplado para soplar lugares dif\u00edciles de alcanzar<\/li>\n<li class=\"meta\">Ruedas y ruedas grandes para facilitar el transporte<\/li>\n<li class=\"meta\">Pr\u00e1ctico soporte para accesorios para almacenamiento y trabajo limpios<\/li>\n<li class=\"meta\">Tap\u00f3n de drenaje de agua para drenar el agua aspirada<\/li>\n<li class=\"meta\">Tubo de aspiraci\u00f3n de 2 piezas de acero inoxidable, \u00d8 36 mm<\/li>\n<li class=\"meta\">Incluye manguera de aspiraci\u00f3n de pl\u00e1stico de 2,50 metros, \u00d8 36 mm<\/li>\n<li class=\"meta\">Incluye combinaci\u00f3n grande, grieta y boquilla de tapicer\u00eda<\/li>\n<li class=\"meta\">Regulador de aire defectuoso en el mango<\/li>\n<li class=\"meta\">Incluye filtro de espuma, filtro plisado y bolsa de recolecci\u00f3n de suciedad de papel<\/li>\n<li class=\"meta\">Recomendaci\u00f3n para obtener resultados \u00f3ptimos: bater\u00eda de 3.0 Ah y m\u00e1s grande<\/li>\n<li class=\"meta\">Se suministra sin bater\u00eda ni cargador (se vende por separado)<\/li>\n<\/ul>\n","protected":false},"featured_media":1480,"template":"","meta":{"_joinchat":[]},"product_cat":[50],"product_tag":[362],"class_list":{"0":"post-1479","1":"product","2":"type-product","3":"status-publish","4":"has-post-thumbnail","6":"product_cat-herramientas-a-bateria","7":"product_tag-aspiradora-polvo-agua-inalambrica","9":"first","10":"instock","11":"product-type-simple"},"_links":{"self":[{"href":"https:\/\/lidertecsa.com.ar\/catalogo\/wp-json\/wp\/v2\/product\/1479"}],"collection":[{"href":"https:\/\/lidertecsa.com.ar\/catalogo\/wp-json\/wp\/v2\/product"}],"about":[{"href":"https:\/\/lidertecsa.com.ar\/catalogo\/wp-json\/wp\/v2\/types\/product"}],"wp:featuredmedia":[{"embeddable":true,"href":"https:\/\/lidertecsa.com.ar\/catalogo\/wp-json\/wp\/v2\/media\/1480"}],"wp:attachment":[{"href":"https:\/\/lidertecsa.com.ar\/catalogo\/wp-json\/wp\/v2\/media?parent=1479"}],"wp:term":[{"taxonomy":"product_cat","embeddable":true,"href":"https:\/\/lidertecsa.com.ar\/catalogo\/wp-json\/wp\/v2\/product_cat?post=1479"},{"taxonomy":"product_tag","embeddable":true,"href":"https:\/\/lidertecsa.com.ar\/catalogo\/wp-json\/wp\/v2\/product_tag?post=1479"}],"curies":[{"name":"wp","href":"https:\/\/api.w.org\/{rel}","templated":true}]}}