{"id":1475,"date":"2023-06-25T18:33:45","date_gmt":"2023-06-25T21:33:45","guid":{"rendered":"https:\/\/lidertecsa.com.ar\/catalogo\/?post_type=product&#038;p=1475"},"modified":"2024-12-13T16:32:05","modified_gmt":"2024-12-13T19:32:05","slug":"aspiradora-inalambrica-tc-vc-18-15-li-solo","status":"publish","type":"product","link":"https:\/\/lidertecsa.com.ar\/catalogo\/producto\/aspiradora-inalambrica-tc-vc-18-15-li-solo\/","title":{"rendered":"Aspiradora Inal\u00e1mbrica &#8211; TC-VC 18\/15 Li-Solo"},"content":{"rendered":"<div id=\"description\" class=\"section-row -padded-wide--mod-top-only -in-viewport\" data-anchornav=\"Artikelbeschreibung\">\n<div class=\"col-wrapper -max-width-limited\">\n<div class=\"content-item module-description\">\n<div class=\"description-wrapper\">\n<div class=\"col-two\">\n<div class=\"description__content\">\n<p>La aspiradora inal\u00e1mbrica inal\u00e1mbrico en seco TC-VC 18\/15 Li-Solo de Einhell es un poderoso miembro de la familia Power X-Change, la familia de sistemas de Einhell que se puede combinar de manera flexible entre s\u00ed. Una aspiradora h\u00fameda-seca es una herramienta indispensable para tareas de limpieza exhaustivas, profundas e intensivas. Los textiles como asientos y adornos para autom\u00f3viles, sof\u00e1s o sillones se limpian con una aspiradora h\u00fameda-seca no solo superficialmente, sino profundamente en la fibra. Incluso con alfombras o textiles fijos, baldosas o todo tipo de baldosas de poro abierto, un tratamiento superficial solo a menudo no ayuda. La aspiradora h\u00famedo-seco limpia a fondo y es el complemento perfecto para el equipo de limpieza dom\u00e9stico est\u00e1ndar para suciedad pesada y profunda. En terrazas y balcones, la aspiradora h\u00famedo-seco permite que las superficies resistentes al agua, los pisos y el revestimiento de paredes, as\u00ed como las juntas y los puntales del balc\u00f3n, brillen con un nuevo esplendor. Todas las bater\u00edas de sistema de la familia Power X-Change se pueden combinar con todos los dispositivos PXC. El contenedor de pl\u00e1stico de 15 litros resistente a los golpes es ligero, ideal para uso m\u00f3vil y r\u00e1pido de vaciar. Cuatro rodillos proporcionan una facilidad de uso adicional. El sistema de manguera con \u00d8 36mm ofrece un alto rendimiento de aire y suciedad. La conexi\u00f3n de soplado se utiliza para soplar lugares dif\u00edciles de alcanzar. Un pr\u00e1ctico soporte para accesorios mantiene todas las piezas adicionales al alcance, y los accesorios tambi\u00e9n se pueden guardar cuidadosamente. En la entrega se incluye una manguera de succi\u00f3n de pl\u00e1stico de 1,50 m con tubo de extensi\u00f3n de tres partes, una boquilla combinada para alfombras y suelos lisos y una boquilla para grietas, as\u00ed como un filtro de espuma, una bolsa de filtro y una bolsa de recogida de suciedad. La entrega se realiza sin bater\u00eda PXC y sin cargador. Estos est\u00e1n disponibles por separado, por ejemplo, como un pr\u00e1ctico juego de inicio.<\/p>\n<\/div>\n<\/div>\n<\/div>\n<\/div>\n<\/div>\n<\/div>\n<div id=\"technical-details\" class=\"section-row -padded-wide--mod-top-only -in-viewport\" data-anchornav=\"Technische Daten\">\n<div class=\"col-wrapper -max-width-limited -decrease-width\">\n<div class=\"col\">\n<div class=\"content-item module-headline-paragraph headline paragraph -color-headline-black\">\n<h2 class=\"heading delta\">Caracter\u00edsticas t\u00e9cnicas<\/h2>\n<\/div>\n<div class=\"content-item module-table -styling-beta\">\n<table class=\"table__table\">\n<tbody>\n<tr class=\"-show tr-odd\">\n<td><span class=\"bold\">N\u00famero de bater\u00edas incluidas<\/span><\/td>\n<td>0 piezas<\/td>\n<\/tr>\n<tr class=\"-show tr-even\">\n<td><span class=\"bold\">N\u00famero de cargadores incluidos<\/span><\/td>\n<td>0 piezas<\/td>\n<\/tr>\n<tr class=\"-show tr-odd\">\n<td><span class=\"bold\">Manguera de succi\u00f3n de di\u00e1metro<\/span><\/td>\n<td>36 mm<\/td>\n<\/tr>\n<tr class=\"-show tr-even\">\n<td><span class=\"bold\">Longitud de la manguera de succi\u00f3n<\/span><\/td>\n<td>1,5 m<\/td>\n<\/tr>\n<tr class=\"-show tr-odd\">\n<td><span class=\"bold\">Voltaje del motor<\/span><\/td>\n<td>18 V<\/td>\n<\/tr>\n<tr class=\"-show tr-even\">\n<td><span class=\"bold\">Motor<\/span><\/td>\n<td>Motor cepillado<\/td>\n<\/tr>\n<tr class=\"-show tr-odd\">\n<td><span class=\"bold\">Peso del producto<\/span><\/td>\n<td>3 Kg<\/td>\n<\/tr>\n<tr class=\"-show tr-even\">\n<td><span class=\"bold\">Succi\u00f3n<\/span><\/td>\n<td>80 mbar<\/td>\n<\/tr>\n<tr class=\"-show tr-odd\">\n<td><span class=\"bold\">Nivel de presi\u00f3n ac\u00fastica (volumen)<\/span><\/td>\n<td>72 dB (A)<\/td>\n<\/tr>\n<tr class=\"-show tr-even\">\n<td><span class=\"bold\">Clase de protecci\u00f3n contra el polvo<\/span><\/td>\n<td>Sin clasificar<\/td>\n<\/tr>\n<tr class=\"-show tr-odd\">\n<td><span class=\"bold\">Contenedor de recolecci\u00f3n de vol\u00famenes<\/span><\/td>\n<td>15 l<\/td>\n<\/tr>\n<\/tbody>\n<\/table>\n<\/div>\n<\/div>\n<\/div>\n<\/div>\n","protected":false},"excerpt":{"rendered":"<ul>\n<li class=\" meta\">Miembro de la familia Power X-Change<\/li>\n<li class=\" meta\">Recipiente de pl\u00e1stico 15l, a prueba de golpes con bajo peso<\/li>\n<li class=\" meta\">Conexi\u00f3n de soplado para soplar lugares dif\u00edciles de alcanzar<\/li>\n<li class=\" meta\">4 ruedas para una buena movilidad<\/li>\n<li class=\" meta\">Pr\u00e1ctico soporte para accesorios para almacenamiento y trabajo limpios<\/li>\n<li class=\"meta\">El sistema de manguera con \u00d8 36 mm ofrece un alto rendimiento de aire y suciedad<\/li>\n<li class=\"meta\">Incluye manguera de succi\u00f3n de pl\u00e1stico y tubo de extensi\u00f3n de tres partes<\/li>\n<li class=\"meta\">Incluye boquilla combinada para alfombras y suelos lisos y boquilla para grietas<\/li>\n<li class=\"meta\">Incluye filtro de espuma, bolsa de filtro y bolsa de recolecci\u00f3n de suciedad<\/li>\n<li class=\"meta\">Recomendaci\u00f3n para obtener resultados \u00f3ptimos: bater\u00eda de 2,5 Ah y m\u00e1s grande<\/li>\n<li class=\"meta\">Se suministra sin bater\u00eda ni cargador (se vende por separado)<\/li>\n<\/ul>\n","protected":false},"featured_media":1476,"template":"","meta":{"_joinchat":[]},"product_cat":[50],"product_tag":[362],"class_list":{"0":"post-1475","1":"product","2":"type-product","3":"status-publish","4":"has-post-thumbnail","6":"product_cat-herramientas-a-bateria","7":"product_tag-aspiradora-polvo-agua-inalambrica","9":"first","10":"instock","11":"product-type-simple"},"_links":{"self":[{"href":"https:\/\/lidertecsa.com.ar\/catalogo\/wp-json\/wp\/v2\/product\/1475"}],"collection":[{"href":"https:\/\/lidertecsa.com.ar\/catalogo\/wp-json\/wp\/v2\/product"}],"about":[{"href":"https:\/\/lidertecsa.com.ar\/catalogo\/wp-json\/wp\/v2\/types\/product"}],"wp:featuredmedia":[{"embeddable":true,"href":"https:\/\/lidertecsa.com.ar\/catalogo\/wp-json\/wp\/v2\/media\/1476"}],"wp:attachment":[{"href":"https:\/\/lidertecsa.com.ar\/catalogo\/wp-json\/wp\/v2\/media?parent=1475"}],"wp:term":[{"taxonomy":"product_cat","embeddable":true,"href":"https:\/\/lidertecsa.com.ar\/catalogo\/wp-json\/wp\/v2\/product_cat?post=1475"},{"taxonomy":"product_tag","embeddable":true,"href":"https:\/\/lidertecsa.com.ar\/catalogo\/wp-json\/wp\/v2\/product_tag?post=1475"}],"curies":[{"name":"wp","href":"https:\/\/api.w.org\/{rel}","templated":true}]}}