{"id":1465,"date":"2023-06-25T18:15:49","date_gmt":"2023-06-25T21:15:49","guid":{"rendered":"https:\/\/lidertecsa.com.ar\/catalogo\/?post_type=product&#038;p=1465"},"modified":"2024-12-13T16:32:03","modified_gmt":"2024-12-13T19:32:03","slug":"rotomartillo-inalambrico-herocco-36-28","status":"publish","type":"product","link":"https:\/\/lidertecsa.com.ar\/catalogo\/producto\/rotomartillo-inalambrico-herocco-36-28\/","title":{"rendered":"Rotomartillo Inal\u00e1mbrico &#8211; HEROCCO 36\/28"},"content":{"rendered":"<div id=\"description\" class=\"section-row -padded-wide--mod-top-only -in-viewport\" data-anchornav=\"Artikelbeschreibung\">\n<div class=\"col-wrapper -max-width-limited\">\n<div class=\"content-item module-description\">\n<div class=\"description-wrapper\">\n<div class=\"col-two\">\n<div class=\"description__content\">\n<p>El taladro de martillo inal\u00e1mbrico Einhell Professional Herocco 36\/28 es un potente ayudante para el sitio de construcci\u00f3n, combinando 3.2 julios de fuerza y alto rendimiento de perforaci\u00f3n con la libertad inal\u00e1mbrica de una herramienta inal\u00e1mbrica. Como miembro de la familia Power X-Change de Einhell, todas las bater\u00edas de iones de litio de alta calidad de la serie se pueden combinar con el taladro de martillo. Con la tecnolog\u00eda TWIN-PACK, el taladro martillo funciona con dos bater\u00edas Power X-Change de 18 voltios, lo que significa: m\u00e1s potencia para materiales adversos. El taladro de martillo combina cuatro funciones en una: taladrar y taladrar con martillo, as\u00ed como cincelar con y sin fijaci\u00f3n. La herramienta es accionada por el motor sin escobillas Einhell PurePOWER. Este motor sin escobillas ofrece m\u00e1s potencia y un tiempo de funcionamiento m\u00e1s largo que los motores de escobillas de carb\u00f3n convencionales. Despu\u00e9s de un registro en l\u00ednea, se aplica una garant\u00eda de 10 a\u00f1os al motor sin escobillas. El mecanismo de impacto neum\u00e1tico del taladro de martillo proporciona un juego f\u00e1cil para la perforaci\u00f3n continua en concreto. El taladro de martillo est\u00e1 equipado con un portaherramientas universal SDS-plus con transmisi\u00f3n semiautom\u00e1tica, electr\u00f3nica de velocidad finamente controlable para trabajos sensibles a pesar de toda la fuerza del taladro de martillo y un tope de profundidad de perforaci\u00f3n robusto e infinitamente ajustable hecho de metal s\u00f3lido. El manejo del taladro de martillo inal\u00e1mbrico se ve facilitado por el mango amortiguado por vibraciones, que garantiza un trabajo de baja vibraci\u00f3n. Adem\u00e1s, el taladro de martillo est\u00e1 equipado con un mango adicional con agarre suave que se fija de forma segura mediante nervaduras, y el embrague deslizante de sobrecarga garantiza una mayor seguridad para el usuario. Para obtener la mejor vista del \u00e1rea de trabajo, el taladro de martillo est\u00e1 equipado con una luz LED. Se requieren dos bater\u00edas Power X-Change de 18 voltios para el funcionamiento, se recomiendan bater\u00edas de 3.0 Ah o m\u00e1s para obtener mejores resultados. La entrega se realiza en el estuche de transporte y almacenamiento E-Box, sin bater\u00eda ni cargador. Estos se venden por separado.<\/p>\n<\/div>\n<\/div>\n<\/div>\n<\/div>\n<\/div>\n<\/div>\n<div id=\"technical-details\" class=\"section-row -padded-wide--mod-top-only -in-viewport\" data-anchornav=\"Technische Daten\">\n<div class=\"col-wrapper -max-width-limited -decrease-width\">\n<div class=\"col\">\n<div class=\"content-item module-headline-paragraph headline paragraph -color-headline-black\">\n<h2 class=\"heading delta\">Caracter\u00edsticas t\u00e9cnicas<\/h2>\n<\/div>\n<div class=\"content-item module-table -styling-beta\">\n<table class=\"table__table\">\n<tbody>\n<tr class=\"-show tr-odd\">\n<td><span class=\"bold\">N\u00famero de bater\u00edas incluidas<\/span><\/td>\n<td>0 piezas<\/td>\n<\/tr>\n<tr class=\"-show tr-even\">\n<td><span class=\"bold\">N\u00famero de engranajes caja de cambios<\/span><\/td>\n<td>1<\/td>\n<\/tr>\n<tr class=\"-show tr-odd\">\n<td><span class=\"bold\">N\u00famero de cargadores incluidos<\/span><\/td>\n<td>0 piezas<\/td>\n<\/tr>\n<tr class=\"-show tr-even\">\n<td><span class=\"bold\">Par (duro)<\/span><\/td>\n<td>29 Nm<\/td>\n<\/tr>\n<tr class=\"-show tr-odd\">\n<td><span class=\"bold\">Material de la caja de cambios<\/span><\/td>\n<td>Metal<\/td>\n<\/tr>\n<tr class=\"-show tr-even\">\n<td><span class=\"bold\">Capacidad m\u00e1x. de perforaci\u00f3n de hormig\u00f3n<\/span><\/td>\n<td>28 mm<\/td>\n<\/tr>\n<tr class=\"-show tr-odd\">\n<td><span class=\"bold\">Capacidad m\u00e1x. de perforaci\u00f3n de madera<\/span><\/td>\n<td>30 mm<\/td>\n<\/tr>\n<tr class=\"-show tr-even\">\n<td><span class=\"bold\">Capacidad m\u00e1x. de perforaci\u00f3n de metal<\/span><\/td>\n<td>13 mm<\/td>\n<\/tr>\n<tr class=\"-show tr-odd\">\n<td><span class=\"bold\">Voltaje del motor<\/span><\/td>\n<td>36 V<\/td>\n<\/tr>\n<tr class=\"-show tr-even\">\n<td><span class=\"bold\">Motor<\/span><\/td>\n<td>Motor sin escobillas<\/td>\n<\/tr>\n<tr class=\"-show tr-odd\">\n<td><span class=\"bold\">Peso del producto<\/span><\/td>\n<td>3,37 kg<\/td>\n<\/tr>\n<tr class=\"-show tr-even\">\n<td><span class=\"bold\">Resistencia al impacto<\/span><\/td>\n<td>3.2 J<\/td>\n<\/tr>\n<\/tbody>\n<\/table>\n<\/div>\n<\/div>\n<\/div>\n<\/div>\n<div id=\"video\" class=\"section-row -padded-wide--mod-top-only\" data-anchornav=\"Video\">\n<div class=\"col-wrapper l-1col -max-width-limited\">\n<div class=\"col\">\n<div class=\"content-item module-video -full-size\">\n<div class=\"cards__card\" data-video-id=\"video-0\">\n<div class=\"card__video\"><\/div>\n<\/div>\n<\/div>\n<\/div>\n<\/div>\n<\/div>\n","protected":false},"excerpt":{"rendered":"<ul>\n<li class=\" meta\">Miembro de la familia Power X-Change, se requiere bater\u00eda de 2x18V<\/li>\n<li class=\" meta\">Tecnolog\u00eda TWIN-PACK: bater\u00edas Power X-Change de 2x18V &#8211; m\u00e1s potencia<\/li>\n<li class=\" meta\">Motor sin escobillas: m\u00e1s potencia y mayor autonom\u00eda<\/li>\n<li class=\" meta\">PurePOWER Brushless: garant\u00eda del motor de 10 a\u00f1os despu\u00e9s del registro<\/li>\n<li class=\" meta\">Alto rendimiento de perforaci\u00f3n con libertad inal\u00e1mbrica al mismo tiempo<\/li>\n<li class=\"meta\">4 funciones: taladrado \/ taladrado con martillo \/ cincelado con y sin fijaci\u00f3n<\/li>\n<li class=\"meta\">Embrague deslizante de sobrecarga para mayor seguridad del usuario<\/li>\n<li class=\"meta\">Mecanismo de impacto neum\u00e1tico para facilitar la perforaci\u00f3n en hormig\u00f3n<\/li>\n<li class=\"meta\">Soporte de herramienta universal SDS-plus con semiautom\u00e1tico<\/li>\n<li class=\"meta\">Electr\u00f3nica de velocidad finamente controlable para un trabajo sensible<\/li>\n<li class=\"meta\">Trabajo de baja vibraci\u00f3n gracias al mango amortiguado por vibraciones<\/li>\n<li class=\"meta\">Mango ergon\u00f3mico y asa adicional con agarre suave<\/li>\n<li class=\"meta\">Mango adicional fijado de forma segura mediante nervaduras<\/li>\n<li class=\"meta\">Tope de profundidad de perforaci\u00f3n infinitamente ajustable hecho de metal s\u00f3lido<\/li>\n<li class=\"meta\">Incluye luz LED para iluminar el \u00e1rea de trabajo<\/li>\n<li class=\"meta\">Recomendaci\u00f3n para obtener resultados \u00f3ptimos: bater\u00eda de 3.0 Ah y m\u00e1s grande<\/li>\n<li class=\"meta\">Se suministra sin bater\u00eda y sin cargador (se vende por separado)<\/li>\n<li class=\"meta\">Se suministra en el estuche de transporte y almacenamiento E-Box<\/li>\n<\/ul>\n","protected":false},"featured_media":1466,"template":"","meta":{"_joinchat":[]},"product_cat":[50],"product_tag":[358],"class_list":{"0":"post-1465","1":"product","2":"type-product","3":"status-publish","4":"has-post-thumbnail","6":"product_cat-herramientas-a-bateria","7":"product_tag-rotomartillo-inalambrico","9":"first","10":"instock","11":"product-type-simple"},"_links":{"self":[{"href":"https:\/\/lidertecsa.com.ar\/catalogo\/wp-json\/wp\/v2\/product\/1465"}],"collection":[{"href":"https:\/\/lidertecsa.com.ar\/catalogo\/wp-json\/wp\/v2\/product"}],"about":[{"href":"https:\/\/lidertecsa.com.ar\/catalogo\/wp-json\/wp\/v2\/types\/product"}],"wp:featuredmedia":[{"embeddable":true,"href":"https:\/\/lidertecsa.com.ar\/catalogo\/wp-json\/wp\/v2\/media\/1466"}],"wp:attachment":[{"href":"https:\/\/lidertecsa.com.ar\/catalogo\/wp-json\/wp\/v2\/media?parent=1465"}],"wp:term":[{"taxonomy":"product_cat","embeddable":true,"href":"https:\/\/lidertecsa.com.ar\/catalogo\/wp-json\/wp\/v2\/product_cat?post=1465"},{"taxonomy":"product_tag","embeddable":true,"href":"https:\/\/lidertecsa.com.ar\/catalogo\/wp-json\/wp\/v2\/product_tag?post=1465"}],"curies":[{"name":"wp","href":"https:\/\/api.w.org\/{rel}","templated":true}]}}