{"id":1463,"date":"2023-06-25T18:12:14","date_gmt":"2023-06-25T21:12:14","guid":{"rendered":"https:\/\/lidertecsa.com.ar\/catalogo\/?post_type=product&#038;p=1463"},"modified":"2024-12-13T16:32:03","modified_gmt":"2024-12-13T19:32:03","slug":"rotomartillo-inalambrico-herocco-18-20","status":"publish","type":"product","link":"https:\/\/lidertecsa.com.ar\/catalogo\/producto\/rotomartillo-inalambrico-herocco-18-20\/","title":{"rendered":"Rotomartillo Inal\u00e1mbrico &#8211; HEROCCO 18\/20"},"content":{"rendered":"<div id=\"description\" class=\"section-row -padded-wide--mod-top-only -in-viewport\" data-anchornav=\"Artikelbeschreibung\">\n<div class=\"col-wrapper -max-width-limited\">\n<div class=\"content-item module-description\">\n<div class=\"description-wrapper\">\n<div class=\"col-two\">\n<div class=\"description__content\">\n<p>El taladro de martillo inal\u00e1mbrico Einhell Professional HEROCCO 18\/20 es un todoterreno muy solicitado: proporciona potencia de forma fiable para taladrar, taladrar con martillo o cincelar con o sin fijaci\u00f3n. La herramienta es accionada por el motor sin escobillas Einhell PurePOWER. Este motor sin escobillas ofrece m\u00e1s potencia y un tiempo de funcionamiento m\u00e1s largo que los motores de escobillas de carb\u00f3n convencionales. Despu\u00e9s de un registro en l\u00ednea, se aplica una garant\u00eda de 10 a\u00f1os al motor sin escobillas. El mecanismo de percusi\u00f3n neum\u00e1tica funciona a una frecuencia de hasta 5.500 latidos por minuto y una resistencia al impacto de 2,2 julios. Al cincelar, las baldosas o los ladrillos no tienen ninguna posibilidad contra el poder del HEROCCO 18\/20. Su poder de perforaci\u00f3n, por otro lado, no puede ser resistido ni siquiera por el hormig\u00f3n y el granito. El portaherramientas universal SDS-plus con portaherramientas semiautom\u00e1tico garantiza un cambio r\u00e1pido de herramienta. La electr\u00f3nica de velocidad se puede dosificar finamente para trabajos sensibles. El funcionamiento es agradable y sin fatiga gracias a la zona de agarre ergon\u00f3mica con agarre suave. El mango tiene amortiguaci\u00f3n de vibraciones para un trabajo de baja vibraci\u00f3n y, por lo tanto, extremadamente preciso. El robusto tope de profundidad de perforaci\u00f3n hecho de metal s\u00f3lido es infinitamente ajustable. El martillo inal\u00e1mbrico HEROCCO 18\/20 est\u00e1 equipado con una luz LED para una iluminaci\u00f3n \u00f3ptima del \u00e1rea de trabajo. El volumen de suministro incluye el adaptador de broca magn\u00e9tico para atornillar. La entrega se realiza en un pr\u00e1ctico estuche de transporte y almacenamiento E-Box. Dise\u00f1adas como miembro de la familia Power X-Change, todas las bater\u00edas de la serie de sistemas se pueden utilizar de forma flexible en las herramientas de taller y jard\u00edn de la serie de sistemas. La bater\u00eda y el cargador se venden por separado. Para un trabajo \u00f3ptimo, se recomienda la bater\u00eda de 3.0 Ah o m\u00e1s.<\/p>\n<\/div>\n<\/div>\n<\/div>\n<\/div>\n<\/div>\n<\/div>\n<div id=\"technical-details\" class=\"section-row -padded-wide--mod-top-only -in-viewport\" data-anchornav=\"Technische Daten\">\n<div class=\"col-wrapper -max-width-limited -decrease-width\">\n<div class=\"col\">\n<div class=\"content-item module-headline-paragraph headline paragraph -color-headline-black\">\n<h2 class=\"heading delta\">Caracter\u00edsticas t\u00e9cnicas<\/h2>\n<\/div>\n<div class=\"content-item module-table -styling-beta\">\n<table class=\"table__table\">\n<tbody>\n<tr class=\"-show tr-odd\">\n<td><span class=\"bold\">N\u00famero de bater\u00edas incluidas<\/span><\/td>\n<td>0 piezas<\/td>\n<\/tr>\n<tr class=\"-show tr-even\">\n<td><span class=\"bold\">N\u00famero de engranajes caja de cambios<\/span><\/td>\n<td>1<\/td>\n<\/tr>\n<tr class=\"-show tr-odd\">\n<td><span class=\"bold\">N\u00famero de cargadores incluidos<\/span><\/td>\n<td>0 piezas<\/td>\n<\/tr>\n<tr class=\"-show tr-even\">\n<td><span class=\"bold\">Par (duro)<\/span><\/td>\n<td>18 Nm<\/td>\n<\/tr>\n<tr class=\"-show tr-odd\">\n<td><span class=\"bold\">Material de la caja de cambios<\/span><\/td>\n<td>Metal<\/td>\n<\/tr>\n<tr class=\"-show tr-even\">\n<td><span class=\"bold\">Capacidad m\u00e1x. de perforaci\u00f3n de hormig\u00f3n<\/span><\/td>\n<td>20 mm<\/td>\n<\/tr>\n<tr class=\"-show tr-odd\">\n<td><span class=\"bold\">Capacidad m\u00e1x. de perforaci\u00f3n de madera<\/span><\/td>\n<td>30 mm<\/td>\n<\/tr>\n<tr class=\"-show tr-even\">\n<td><span class=\"bold\">Capacidad m\u00e1x. de perforaci\u00f3n de metal<\/span><\/td>\n<td>13 mm<\/td>\n<\/tr>\n<tr class=\"-show tr-odd\">\n<td><span class=\"bold\">Voltaje del motor<\/span><\/td>\n<td>18 V<\/td>\n<\/tr>\n<tr class=\"-show tr-even\">\n<td><span class=\"bold\">Motor<\/span><\/td>\n<td>Motor sin escobillas<\/td>\n<\/tr>\n<tr class=\"-show tr-odd\">\n<td><span class=\"bold\">Peso del producto<\/span><\/td>\n<td>2,12 kg<\/td>\n<\/tr>\n<tr class=\"-show tr-even\">\n<td><span class=\"bold\">Resistencia al impacto<\/span><\/td>\n<td>2.2 J<\/td>\n<\/tr>\n<\/tbody>\n<\/table>\n<\/div>\n<\/div>\n<\/div>\n<\/div>\n","protected":false},"excerpt":{"rendered":"<ul>\n<li class=\" meta\">Miembro de la familia Power X-Change, se requiere 1 bater\u00eda de 18V<\/li>\n<li class=\" meta\">Motor sin escobillas: m\u00e1s potencia y mayor autonom\u00eda<\/li>\n<li class=\" meta\">PurePOWER Brushless: garant\u00eda del motor de 10 a\u00f1os despu\u00e9s del registro<\/li>\n<li class=\" meta\">Funciones 4 + 1: perforaci\u00f3n \/ perforaci\u00f3n con martillo \/ cincelado con y sin fijaci\u00f3n<\/li>\n<li class=\" meta\">Mecanismo de impacto neum\u00e1tico para facilitar la perforaci\u00f3n en hormig\u00f3n<\/li>\n<li class=\"meta\">Soporte de herramienta universal SDS-plus con semiautom\u00e1tico<\/li>\n<li class=\"meta\">Electr\u00f3nica de velocidad finamente controlable para un trabajo sensible<\/li>\n<li class=\"meta\">Trabajo de baja vibraci\u00f3n gracias al mango amortiguado por vibraciones<\/li>\n<li class=\"meta\">Mango ergon\u00f3mico y asa adicional con agarre suave<\/li>\n<li class=\"meta\">Tope de profundidad de perforaci\u00f3n infinitamente ajustable hecho de metal s\u00f3lido<\/li>\n<li class=\"meta\">Incluye luz LED para iluminar el \u00e1rea de trabajo<\/li>\n<li class=\"meta\">Incluye adaptador de broca magn\u00e9tico para atornillar<\/li>\n<li class=\"meta\">Recomendaci\u00f3n para obtener resultados \u00f3ptimos: bater\u00eda de 3.0 Ah y m\u00e1s grande<\/li>\n<li class=\"meta\">Se suministra sin bater\u00eda y sin cargador (se vende por separado)<\/li>\n<li class=\"meta\">Se suministra en el estuche de transporte y almacenamiento E-Box<\/li>\n<\/ul>\n","protected":false},"featured_media":1464,"template":"","meta":{"_joinchat":[]},"product_cat":[50],"product_tag":[358],"class_list":{"0":"post-1463","1":"product","2":"type-product","3":"status-publish","4":"has-post-thumbnail","6":"product_cat-herramientas-a-bateria","7":"product_tag-rotomartillo-inalambrico","9":"first","10":"instock","11":"product-type-simple"},"_links":{"self":[{"href":"https:\/\/lidertecsa.com.ar\/catalogo\/wp-json\/wp\/v2\/product\/1463"}],"collection":[{"href":"https:\/\/lidertecsa.com.ar\/catalogo\/wp-json\/wp\/v2\/product"}],"about":[{"href":"https:\/\/lidertecsa.com.ar\/catalogo\/wp-json\/wp\/v2\/types\/product"}],"wp:featuredmedia":[{"embeddable":true,"href":"https:\/\/lidertecsa.com.ar\/catalogo\/wp-json\/wp\/v2\/media\/1464"}],"wp:attachment":[{"href":"https:\/\/lidertecsa.com.ar\/catalogo\/wp-json\/wp\/v2\/media?parent=1463"}],"wp:term":[{"taxonomy":"product_cat","embeddable":true,"href":"https:\/\/lidertecsa.com.ar\/catalogo\/wp-json\/wp\/v2\/product_cat?post=1463"},{"taxonomy":"product_tag","embeddable":true,"href":"https:\/\/lidertecsa.com.ar\/catalogo\/wp-json\/wp\/v2\/product_tag?post=1463"}],"curies":[{"name":"wp","href":"https:\/\/api.w.org\/{rel}","templated":true}]}}