{"id":1461,"date":"2023-06-25T18:08:21","date_gmt":"2023-06-25T21:08:21","guid":{"rendered":"https:\/\/lidertecsa.com.ar\/catalogo\/?post_type=product&#038;p=1461"},"modified":"2024-12-13T16:32:02","modified_gmt":"2024-12-13T19:32:02","slug":"rotomartillo-inalambrico-te-hd-18-12-li-solo","status":"publish","type":"product","link":"https:\/\/lidertecsa.com.ar\/catalogo\/producto\/rotomartillo-inalambrico-te-hd-18-12-li-solo\/","title":{"rendered":"Rotomartillo Inal\u00e1mbrico &#8211; TE-HD 18\/12 Li &#8211; Solo"},"content":{"rendered":"<div id=\"description\" class=\"section-row -padded-wide--mod-top-only -in-viewport\" data-anchornav=\"Artikelbeschreibung\">\n<div class=\"col-wrapper -max-width-limited\">\n<div class=\"content-item module-description\">\n<div class=\"description-wrapper\">\n<div class=\"col-two\">\n<div class=\"description__content\">\n<p>El taladro de martillo inal\u00e1mbrico Einhell TE-HD 18\/12 Li &#8211; Solo es un poderoso miembro de la familia flexible Power X-Change. Cada bater\u00eda PXC se puede combinar con cualquier dispositivo de la serie del sistema. Con sus dos funciones b\u00e1sicas, el taladro de martillo inal\u00e1mbrico es un gran ayudante para principiantes y artesanos experimentados para taladrar y taladrar con martillo para trabajos espec\u00edficos de materiales y un mecanismo de impacto neum\u00e1tico para perforar potentes materiales rebeldes como el hormig\u00f3n. Un potente motor y una robusta caja de cambios met\u00e1lica convierten un alto par. Con toda la potencia del taladro de martillo, la electr\u00f3nica de velocidad garantiza que el trabajo se adapte al material y la aplicaci\u00f3n. El portaherramientas universal SDS-plus est\u00e1 equipado con semiautom\u00e1tico. El dise\u00f1o ergon\u00f3mico del mango con agarre suave ofrece un agarre firme y seguro incluso bajo resistencia. El taladro de martillo inal\u00e1mbrico tambi\u00e9n est\u00e1 equipado con una luz LED para una iluminaci\u00f3n \u00f3ptima del \u00e1rea de trabajo. En la entrega se incluye un adaptador de broca magn\u00e9tico para atornillar. La entrega se realiza sin bater\u00eda y cargador, estos est\u00e1n disponibles por separado, por ejemplo, como un pr\u00e1ctico set de inicio Power X-Change.<\/p>\n<\/div>\n<\/div>\n<\/div>\n<\/div>\n<\/div>\n<\/div>\n<div id=\"technical-details\" class=\"section-row -padded-wide--mod-top-only -in-viewport\" data-anchornav=\"Technische Daten\">\n<div class=\"col-wrapper -max-width-limited -decrease-width\">\n<div class=\"col\">\n<div class=\"content-item module-headline-paragraph headline paragraph -color-headline-black\">\n<h2 class=\"heading delta\">Caracter\u00edsticas t\u00e9cnicas<\/h2>\n<\/div>\n<div class=\"content-item module-table -styling-beta\">\n<table class=\"table__table\">\n<tbody>\n<tr class=\"-show tr-odd\">\n<td><span class=\"bold\">N\u00famero de bater\u00edas incluidas<\/span><\/td>\n<td>0 piezas<\/td>\n<\/tr>\n<tr class=\"-show tr-even\">\n<td><span class=\"bold\">N\u00famero de engranajes caja de cambios<\/span><\/td>\n<td>1<\/td>\n<\/tr>\n<tr class=\"-show tr-odd\">\n<td><span class=\"bold\">N\u00famero de cargadores incluidos<\/span><\/td>\n<td>0 piezas<\/td>\n<\/tr>\n<tr class=\"-show tr-even\">\n<td><span class=\"bold\">Par (duro)<\/span><\/td>\n<td>14 Nm<\/td>\n<\/tr>\n<tr class=\"-show tr-odd\">\n<td><span class=\"bold\">Material de la caja de cambios<\/span><\/td>\n<td>Metal<\/td>\n<\/tr>\n<tr class=\"-show tr-even\">\n<td><span class=\"bold\">Capacidad m\u00e1x. de perforaci\u00f3n de hormig\u00f3n<\/span><\/td>\n<td>12 mm<\/td>\n<\/tr>\n<tr class=\"-show tr-odd\">\n<td><span class=\"bold\">Capacidad m\u00e1x. de perforaci\u00f3n de madera<\/span><\/td>\n<td>14 mm<\/td>\n<\/tr>\n<tr class=\"-show tr-even\">\n<td><span class=\"bold\">Capacidad m\u00e1x. de perforaci\u00f3n de metal<\/span><\/td>\n<td>8 mm<\/td>\n<\/tr>\n<tr class=\"-show tr-odd\">\n<td><span class=\"bold\">Voltaje del motor<\/span><\/td>\n<td>18 V<\/td>\n<\/tr>\n<tr class=\"-show tr-even\">\n<td><span class=\"bold\">Motor<\/span><\/td>\n<td>Motor cepillado<\/td>\n<\/tr>\n<tr class=\"-show tr-odd\">\n<td><span class=\"bold\">Peso del producto<\/span><\/td>\n<td>1,5 kg<\/td>\n<\/tr>\n<tr class=\"-show tr-even\">\n<td><span class=\"bold\">Resistencia al impacto<\/span><\/td>\n<td>1.3 J<\/td>\n<\/tr>\n<\/tbody>\n<\/table>\n<\/div>\n<\/div>\n<\/div>\n<\/div>\n<div id=\"video\" class=\"section-row -padded-wide--mod-top-only\" data-anchornav=\"Video\">\n<div class=\"col-wrapper l-1col -max-width-limited\">\n<div class=\"col\">\n<div class=\"content-item module-video -full-size\">\n<div class=\"cards__card\" data-video-id=\"video-0\">\n<div class=\"card__video\"><\/div>\n<\/div>\n<\/div>\n<\/div>\n<\/div>\n<\/div>\n","protected":false},"excerpt":{"rendered":"<ul>\n<li class=\" meta\">Miembro de la familia Power X-Change<\/li>\n<li class=\" meta\">2 + 1 funciones: taladrado \/ taladrado con martillo \/ atornillado gracias al adaptador de broca<\/li>\n<li class=\" meta\">Mecanismo de impacto neum\u00e1tico para facilitar la perforaci\u00f3n en hormig\u00f3n<\/li>\n<li class=\" meta\">Potente motor y caja de cambios met\u00e1lica para un alto par<\/li>\n<li class=\" meta\">Soporte de herramienta universal SDS-plus con semiautom\u00e1tico<\/li>\n<li class=\"meta\">Electr\u00f3nica de velocidad finamente controlable para un trabajo sensible<\/li>\n<li class=\"meta\">Manejo simplificado del interruptor de funci\u00f3n sin bot\u00f3n pulsador<\/li>\n<li class=\"meta\">Mango ergon\u00f3mico con agarre suave<\/li>\n<li class=\"meta\">Incluye luz LED para iluminar el \u00e1rea de trabajo<\/li>\n<li class=\"meta\">Incluye adaptador de broca magn\u00e9tico para atornillar<\/li>\n<li class=\"meta\">Se suministra sin bater\u00eda y sin cargador (se vende por separado)<\/li>\n<\/ul>\n","protected":false},"featured_media":1462,"template":"","meta":{"_joinchat":[]},"product_cat":[50],"product_tag":[358],"class_list":{"0":"post-1461","1":"product","2":"type-product","3":"status-publish","4":"has-post-thumbnail","6":"product_cat-herramientas-a-bateria","7":"product_tag-rotomartillo-inalambrico","9":"first","10":"instock","11":"product-type-simple"},"_links":{"self":[{"href":"https:\/\/lidertecsa.com.ar\/catalogo\/wp-json\/wp\/v2\/product\/1461"}],"collection":[{"href":"https:\/\/lidertecsa.com.ar\/catalogo\/wp-json\/wp\/v2\/product"}],"about":[{"href":"https:\/\/lidertecsa.com.ar\/catalogo\/wp-json\/wp\/v2\/types\/product"}],"wp:featuredmedia":[{"embeddable":true,"href":"https:\/\/lidertecsa.com.ar\/catalogo\/wp-json\/wp\/v2\/media\/1462"}],"wp:attachment":[{"href":"https:\/\/lidertecsa.com.ar\/catalogo\/wp-json\/wp\/v2\/media?parent=1461"}],"wp:term":[{"taxonomy":"product_cat","embeddable":true,"href":"https:\/\/lidertecsa.com.ar\/catalogo\/wp-json\/wp\/v2\/product_cat?post=1461"},{"taxonomy":"product_tag","embeddable":true,"href":"https:\/\/lidertecsa.com.ar\/catalogo\/wp-json\/wp\/v2\/product_tag?post=1461"}],"curies":[{"name":"wp","href":"https:\/\/api.w.org\/{rel}","templated":true}]}}