{"id":1457,"date":"2023-06-25T18:01:51","date_gmt":"2023-06-25T21:01:51","guid":{"rendered":"https:\/\/lidertecsa.com.ar\/catalogo\/?post_type=product&#038;p=1457"},"modified":"2024-12-13T16:32:02","modified_gmt":"2024-12-13T19:32:02","slug":"lampara-inalambrica-te-cl-18-2500-liac-solo","status":"publish","type":"product","link":"https:\/\/lidertecsa.com.ar\/catalogo\/producto\/lampara-inalambrica-te-cl-18-2500-liac-solo\/","title":{"rendered":"L\u00e1mpara Inal\u00e1mbrica &#8211; TE-CL 18\/2500 LiAC-solo"},"content":{"rendered":"<p>Con 18.2500 l\u00famenes, la l\u00e1mpara inal\u00e1mbrica Einhell TE-CL 2\/500 LiAC &#8211; Solo aporta mucha luz a la oscuridad. Como miembro de la familia Power X-Change, todas las bater\u00edas de la familia de sistemas tambi\u00e9n se pueden combinar con la luminaria. La l\u00e1mpara inal\u00e1mbrica no solo es pr\u00e1ctica en lugares poco iluminados, como en el s\u00f3tano, el sitio de construcci\u00f3n, en el \u00e1tico o en rincones oscuros del taller. Una pr\u00e1ctica l\u00e1mpara alimentada por bater\u00eda ofrece una visi\u00f3n completa de lo que est\u00e1 sucediendo incluso en caso de un corte de energ\u00eda o en unas vacaciones de camping, para caminatas nocturnas, para paseos despu\u00e9s del atardecer y para otras actividades al aire libre cuando no se debe prescindir de una fuente de luz independiente de la energ\u00eda. Gracias a los siete LED brillantes y duraderos con un flujo luminoso total de 2.500 l\u00famenes y una temperatura de luz de 6.500 K (elvin), la l\u00e1mpara inal\u00e1mbrica no solo es m\u00e1s brillante, sino tambi\u00e9n m\u00e1s robusta y resistente a los golpes que una l\u00e1mpara hal\u00f3gena comparable. Dos niveles de brillo aseguran una iluminaci\u00f3n ideal. Una fijaci\u00f3n del tr\u00edpode es posible a trav\u00e9s de la rosca del tr\u00edpode de 1\/4&#8243;. La l\u00e1mpara es f\u00e1cil de usar y flexible gracias a su dise\u00f1o delgado y liviano y su mango ergon\u00f3mico con agarre suave. La entrega se realiza sin bater\u00eda y cargador de la serie Power X-Change, estos est\u00e1n disponibles por separado, por ejemplo, como un pr\u00e1ctico conjunto de arranque en diferentes concentraciones.<\/p>\n<p>Caracter\u00edsticas t\u00e9cnicas<br \/>\nN\u00famero de bater\u00edas incluidas 0 piezas<br \/>\nN\u00famero de cargadores incluidos 0 piezas<br \/>\nN\u00famero de bombillas 7 piezas<br \/>\nN\u00famero de niveles de control de brillo 2<br \/>\nTemperatura de color 6500 K<br \/>\nControl de brillo Verdadero<br \/>\nRango de haz 640 metros<br \/>\nFlujo luminoso 2500 lm<br \/>\nPeso del producto 0,6 kg<br \/>\n\u00c1ngulo de reflexi\u00f3n 8 \u00b0<br \/>\nVoltaje 18 V<\/p>\n","protected":false},"excerpt":{"rendered":"<ul>\n<li class=\" meta\">Miembro de la familia Power X-Change<\/li>\n<li class=\" meta\">7 LEDs brillantes con un flujo luminoso total de 2500 l\u00famenes<\/li>\n<li class=\" meta\">Dos niveles de brillo para una iluminaci\u00f3n ideal<\/li>\n<li class=\" meta\">La temperatura de luz de 6500 K permite un \u00e1rea de trabajo brillante<\/li>\n<li class=\" meta\">El dise\u00f1o delgado y liviano permite una amplia gama de usos<\/li>\n<li class=\"meta\">Mango ergon\u00f3mico con agarre suave<\/li>\n<li class=\"meta\">Posibilidad de funcionamiento mediante un encendedor de 12V<\/li>\n<li class=\"meta\">Fijaci\u00f3n del tr\u00edpode posible gracias a la rosca del tr\u00edpode de 1\/4&#8243;<\/li>\n<li class=\"meta\">El ojal de sujeci\u00f3n permite una fijaci\u00f3n y almacenamiento flexibles<\/li>\n<li class=\"meta\">Se suministra sin bater\u00eda ni cargador (se vende por separado)<\/li>\n<\/ul>\n","protected":false},"featured_media":1458,"template":"","meta":{"_joinchat":[]},"product_cat":[50],"product_tag":[357],"class_list":{"0":"post-1457","1":"product","2":"type-product","3":"status-publish","4":"has-post-thumbnail","6":"product_cat-herramientas-a-bateria","7":"product_tag-lampara-inalambrica","9":"first","10":"instock","11":"product-type-simple"},"_links":{"self":[{"href":"https:\/\/lidertecsa.com.ar\/catalogo\/wp-json\/wp\/v2\/product\/1457"}],"collection":[{"href":"https:\/\/lidertecsa.com.ar\/catalogo\/wp-json\/wp\/v2\/product"}],"about":[{"href":"https:\/\/lidertecsa.com.ar\/catalogo\/wp-json\/wp\/v2\/types\/product"}],"wp:featuredmedia":[{"embeddable":true,"href":"https:\/\/lidertecsa.com.ar\/catalogo\/wp-json\/wp\/v2\/media\/1458"}],"wp:attachment":[{"href":"https:\/\/lidertecsa.com.ar\/catalogo\/wp-json\/wp\/v2\/media?parent=1457"}],"wp:term":[{"taxonomy":"product_cat","embeddable":true,"href":"https:\/\/lidertecsa.com.ar\/catalogo\/wp-json\/wp\/v2\/product_cat?post=1457"},{"taxonomy":"product_tag","embeddable":true,"href":"https:\/\/lidertecsa.com.ar\/catalogo\/wp-json\/wp\/v2\/product_tag?post=1457"}],"curies":[{"name":"wp","href":"https:\/\/api.w.org\/{rel}","templated":true}]}}