{"id":1453,"date":"2023-06-25T17:55:31","date_gmt":"2023-06-25T20:55:31","guid":{"rendered":"https:\/\/lidertecsa.com.ar\/catalogo\/?post_type=product&#038;p=1453"},"modified":"2024-12-13T16:32:01","modified_gmt":"2024-12-13T19:32:01","slug":"luz-de-obra-inalambrica-tc-cl-18-1800-li-solo","status":"publish","type":"product","link":"https:\/\/lidertecsa.com.ar\/catalogo\/producto\/luz-de-obra-inalambrica-tc-cl-18-1800-li-solo\/","title":{"rendered":"Luz de Obra Inal\u00e1mbrica &#8211; TC-CL 18\/1800 Li &#8211; Solo"},"content":{"rendered":"<div id=\"description\" class=\"section-row -padded-wide--mod-top-only -in-viewport\" data-anchornav=\"Artikelbeschreibung\">\n<div class=\"col-wrapper -max-width-limited\">\n<div class=\"content-item module-description\">\n<div class=\"description-wrapper\">\n<div class=\"col-two\">\n<div class=\"description__content\">\n<p>La l\u00e1mpara inal\u00e1mbrica Einhell TC-CL 18\/1800 Li aporta luz a la oscuridad: alimentada por una bater\u00eda Power X-Change de 18 voltios, la iluminaci\u00f3n \u00f3ptima est\u00e1 garantizada por un potente LED. Por medio del atenuador giratorio, es posible un ajuste de brillo infinitamente variable y el cabezal de luz giratorio de 360 grados garantiza una alta flexibilidad. El pr\u00e1ctico asa de transporte facilita su transporte, y el soporte plegable tambi\u00e9n permite un almacenamiento que ahorra espacio. Un gancho de sujeci\u00f3n resistente admite el uso universal. La entrega se realiza sin bater\u00eda ni cargador. Estos est\u00e1n disponibles por separado, por ejemplo, como un pr\u00e1ctico juego de inicio.<\/p>\n<\/div>\n<\/div>\n<\/div>\n<\/div>\n<\/div>\n<\/div>\n<div id=\"technical-details\" class=\"section-row -padded-wide--mod-top-only -in-viewport\" data-anchornav=\"Technische Daten\">\n<div class=\"col-wrapper -max-width-limited -decrease-width\">\n<div class=\"col\">\n<div class=\"content-item module-headline-paragraph headline paragraph -color-headline-black\">\n<h2 class=\"heading delta\">Caracter\u00edsticas t\u00e9cnicas<\/h2>\n<\/div>\n<div class=\"content-item module-table -styling-beta\">\n<table class=\"table__table\">\n<tbody>\n<tr class=\"-show tr-odd\">\n<td><span class=\"bold\">N\u00famero de bater\u00edas incluidas<\/span><\/td>\n<td>0 piezas<\/td>\n<\/tr>\n<tr class=\"-show tr-even\">\n<td><span class=\"bold\">N\u00famero de cargadores incluidos<\/span><\/td>\n<td>0 piezas<\/td>\n<\/tr>\n<tr class=\"-show tr-odd\">\n<td><span class=\"bold\">N\u00famero de bombillas<\/span><\/td>\n<td>1 piezas<\/td>\n<\/tr>\n<tr class=\"-show tr-even\">\n<td><span class=\"bold\">Temperatura de color<\/span><\/td>\n<td>5000 K<\/td>\n<\/tr>\n<tr class=\"-show tr-odd\">\n<td><span class=\"bold\">Control de brillo<\/span><\/td>\n<td>Verdadero<\/td>\n<\/tr>\n<tr class=\"-show tr-even\">\n<td><span class=\"bold\">Rango de haz<\/span><\/td>\n<td>6 m<\/td>\n<\/tr>\n<tr class=\"-show tr-odd\">\n<td><span class=\"bold\">Flujo luminoso<\/span><\/td>\n<td>1800 lm<\/td>\n<\/tr>\n<tr class=\"-show tr-even\">\n<td><span class=\"bold\">Peso del producto<\/span><\/td>\n<td>1,15 kg<\/td>\n<\/tr>\n<tr class=\"-show tr-odd\">\n<td><span class=\"bold\">\u00c1ngulo de reflexi\u00f3n<\/span><\/td>\n<td>121.3 \u00b0<\/td>\n<\/tr>\n<tr class=\"-show tr-even\">\n<td><span class=\"bold\">Voltaje<\/span><\/td>\n<td>18 V<\/td>\n<\/tr>\n<\/tbody>\n<\/table>\n<\/div>\n<\/div>\n<\/div>\n<\/div>\n","protected":false},"excerpt":{"rendered":"<ul>\n<li class=\" meta\">Miembro de la familia Power X-Change<\/li>\n<li class=\" meta\">Iluminaci\u00f3n \u00f3ptima gracias a un potente LED<\/li>\n<li class=\" meta\">Atenuador rotativo para un ajuste de brillo infinitamente variable<\/li>\n<li class=\" meta\">Alta flexibilidad gracias al cabezal de luz giratorio de 360\u00b0<\/li>\n<li class=\" meta\">Pr\u00e1ctico asa de transporte para facilitar el transporte<\/li>\n<li class=\"meta\">Soporte plegable para almacenamiento que ahorra espacio<\/li>\n<li class=\"meta\">Gancho de sujeci\u00f3n robusto para uso universal<\/li>\n<li class=\"meta\">Se suministra sin bater\u00eda ni cargador (se vende por separado)<\/li>\n<\/ul>\n","protected":false},"featured_media":1454,"template":"","meta":{"_joinchat":[]},"product_cat":[50],"product_tag":[356],"class_list":{"0":"post-1453","1":"product","2":"type-product","3":"status-publish","4":"has-post-thumbnail","6":"product_cat-herramientas-a-bateria","7":"product_tag-luz-de-obra-inalambrica","9":"first","10":"instock","11":"product-type-simple"},"_links":{"self":[{"href":"https:\/\/lidertecsa.com.ar\/catalogo\/wp-json\/wp\/v2\/product\/1453"}],"collection":[{"href":"https:\/\/lidertecsa.com.ar\/catalogo\/wp-json\/wp\/v2\/product"}],"about":[{"href":"https:\/\/lidertecsa.com.ar\/catalogo\/wp-json\/wp\/v2\/types\/product"}],"wp:featuredmedia":[{"embeddable":true,"href":"https:\/\/lidertecsa.com.ar\/catalogo\/wp-json\/wp\/v2\/media\/1454"}],"wp:attachment":[{"href":"https:\/\/lidertecsa.com.ar\/catalogo\/wp-json\/wp\/v2\/media?parent=1453"}],"wp:term":[{"taxonomy":"product_cat","embeddable":true,"href":"https:\/\/lidertecsa.com.ar\/catalogo\/wp-json\/wp\/v2\/product_cat?post=1453"},{"taxonomy":"product_tag","embeddable":true,"href":"https:\/\/lidertecsa.com.ar\/catalogo\/wp-json\/wp\/v2\/product_tag?post=1453"}],"curies":[{"name":"wp","href":"https:\/\/api.w.org\/{rel}","templated":true}]}}