{"id":1449,"date":"2023-06-25T17:48:08","date_gmt":"2023-06-25T20:48:08","guid":{"rendered":"https:\/\/lidertecsa.com.ar\/catalogo\/?post_type=product&#038;p=1449"},"modified":"2024-12-13T16:32:00","modified_gmt":"2024-12-13T19:32:00","slug":"sierra-circular-inalambrica-tp-cs-18-190-li-bl-solo","status":"publish","type":"product","link":"https:\/\/lidertecsa.com.ar\/catalogo\/producto\/sierra-circular-inalambrica-tp-cs-18-190-li-bl-solo\/","title":{"rendered":"Sierra Circular Inal\u00e1mbrica &#8211; TP-CS 18\/190 Li BL &#8211; Solo"},"content":{"rendered":"<div id=\"description\" class=\"section-row -padded-wide--mod-top-only -in-viewport\" data-anchornav=\"Artikelbeschreibung\">\n<div class=\"col-wrapper -max-width-limited\">\n<div class=\"content-item module-description\">\n<div class=\"description-wrapper\">\n<div class=\"col-two\">\n<div class=\"description__content\">\n<p>La sierra circular inal\u00e1mbrica de mano Einhell Professional TP-CS 18\/190 Li BL- Solo es un poderoso miembro de la familia Power X-Change de Einhell. Las bater\u00edas de iones de litio de alta calidad de la serie de sistemas se pueden combinar con todos los dispositivos PXC indefinidamente. La herramienta es accionada por el motor sin escobillas Einhell PurePOWER. Este motor sin escobillas ofrece m\u00e1s potencia y un tiempo de funcionamiento m\u00e1s largo que los motores de escobillas de carb\u00f3n convencionales. Despu\u00e9s de un registro en l\u00ednea, se aplica una garant\u00eda de 10 a\u00f1os al motor sin escobillas. La sierra circular de mano inal\u00e1mbrica es pr\u00e1ctica y f\u00e1cil de operar gracias a las opciones de ajuste sin herramientas para la profundidad de corte y el \u00e1ngulo de inclinaci\u00f3n, as\u00ed como al simple cambio de hoja de sierra a trav\u00e9s del bloqueo del husillo. La cu\u00f1a de divisi\u00f3n se adapta a la profundidad de corte y la valla de rasgado garantiza cortes exactos. El gran soporte del mango permite un trabajo sin fatiga gracias a un agarre seguro y firme. La mesa de sierra de alta calidad est\u00e1 hecha de aluminio robusto y al mismo tiempo ligero. La hoja de sierra de carburo de alta calidad ofrece cortes exactos y limpios. El adaptador de aspiradora garantiza un lugar de trabajo limpio. La alineaci\u00f3n \u00f3ptima del \u00e1rea de corte es proporcionada por la iluminaci\u00f3n LED de alta calidad. La sierra circular de mano inal\u00e1mbrica es compatible con todos los rieles de gu\u00eda Einhell. La entrega se realiza sin bater\u00eda y sin cargador. Estos est\u00e1n disponibles por separado, por ejemplo, como un pr\u00e1ctico juego de inicio.<\/p>\n<\/div>\n<\/div>\n<\/div>\n<\/div>\n<\/div>\n<\/div>\n<div id=\"technical-details\" class=\"section-row -padded-wide--mod-top-only -in-viewport\" data-anchornav=\"Technische Daten\">\n<div class=\"col-wrapper -max-width-limited -decrease-width\">\n<div class=\"col\">\n<div class=\"content-item module-headline-paragraph headline paragraph -color-headline-black\">\n<h2 class=\"heading delta\">Caracter\u00edsticas t\u00e9cnicas<\/h2>\n<\/div>\n<div class=\"content-item module-table -styling-beta\">\n<table class=\"table__table\">\n<tbody>\n<tr class=\"-show tr-odd\">\n<td><span class=\"bold\">N\u00famero de bater\u00edas incluidas<\/span><\/td>\n<td>0 piezas<\/td>\n<\/tr>\n<tr class=\"-show tr-even\">\n<td><span class=\"bold\">N\u00famero de cargadores incluidos<\/span><\/td>\n<td>0 piezas<\/td>\n<\/tr>\n<tr class=\"-show tr-odd\">\n<td><span class=\"bold\">N\u00famero de hojas de sierra incluidas<\/span><\/td>\n<td>1 piezas<\/td>\n<\/tr>\n<tr class=\"-show tr-even\">\n<td><span class=\"bold\">N\u00famero de dientes hoja de sierra 1<\/span><\/td>\n<td>24 piezas<\/td>\n<\/tr>\n<tr class=\"-show tr-odd\">\n<td><span class=\"bold\">Conexi\u00f3n de succi\u00f3n de di\u00e1metro<\/span><\/td>\n<td>36 mm<\/td>\n<\/tr>\n<tr class=\"-show tr-even\">\n<td><span class=\"bold\">Di\u00e1metro hoja de sierra 1<\/span><\/td>\n<td>190 mm<\/td>\n<\/tr>\n<tr class=\"-show tr-odd\">\n<td><span class=\"bold\">Di\u00e1metro soporte de hoja de sierra<\/span><\/td>\n<td>20 mm<\/td>\n<\/tr>\n<tr class=\"-show tr-even\">\n<td><span class=\"bold\">Velocidad de ralent\u00ed m\u00e1x.<\/span><\/td>\n<td>3800 min^-1<\/td>\n<\/tr>\n<tr class=\"-show tr-odd\">\n<td><span class=\"bold\">Voltaje del motor<\/span><\/td>\n<td>18 V<\/td>\n<\/tr>\n<tr class=\"-show tr-even\">\n<td><span class=\"bold\">Motor<\/span><\/td>\n<td>Motor sin escobillas<\/td>\n<\/tr>\n<tr class=\"-show tr-odd\">\n<td><span class=\"bold\">Peso del producto<\/span><\/td>\n<td>3,23 kg<\/td>\n<\/tr>\n<tr class=\"-show tr-even\">\n<td><span class=\"bold\">Profundidad de corte a 45\u00b0<\/span><\/td>\n<td>45 mm<\/td>\n<\/tr>\n<tr class=\"-show tr-odd\">\n<td><span class=\"bold\">Profundidad de corte a 90\u00b0<\/span><\/td>\n<td>65 mm<\/td>\n<\/tr>\n<tr class=\"-show tr-even\">\n<td><span class=\"bold\">Hoja de sierra tipo 1<\/span><\/td>\n<td>HW\/TCT<\/td>\n<\/tr>\n<\/tbody>\n<\/table>\n<\/div>\n<\/div>\n<\/div>\n<\/div>\n","protected":false},"excerpt":{"rendered":"<ul>\n<li class=\" meta\">Miembro de la familia Power X-Change, se requiere 1 bater\u00eda de 18V<\/li>\n<li class=\" meta\">Motor sin escobillas: m\u00e1s potencia y mayor autonom\u00eda<\/li>\n<li class=\" meta\">PurePOWER Brushless: garant\u00eda del motor de 10 a\u00f1os despu\u00e9s del registro<\/li>\n<li class=\" meta\">Ajuste simple y sin herramientas (profundidad de corte, \u00e1ngulo de inclinaci\u00f3n)<\/li>\n<li class=\" meta\">Soporte de mango grande para un trabajo sin fatiga<\/li>\n<li class=\"meta\">Iluminaci\u00f3n \u00f3ptima de la zona de corte a trav\u00e9s de LEDs de alta calidad<\/li>\n<li class=\"meta\">Mesa de sierra de alta calidad hecha de aluminio<\/li>\n<li class=\"meta\">F\u00e1cil cambio de hoja de sierra gracias al bloqueo del husillo<\/li>\n<li class=\"meta\">Hoja de sierra de carburo de alta calidad para cortes limpios<\/li>\n<li class=\"meta\">Se puede utilizar una hoja de sierra con un di\u00e1metro interior de 20 mm y 30 mm<\/li>\n<li class=\"meta\">Adaptador de aspiradora para un lugar de trabajo limpio<\/li>\n<li class=\"meta\">Compatible con el riel gu\u00eda Einhell<\/li>\n<li class=\"meta\">Rip fence para cortes exactos<\/li>\n<li class=\"meta\">Se suministra sin bater\u00eda y sin cargador (se vende por separado)<\/li>\n<\/ul>\n","protected":false},"featured_media":1450,"template":"","meta":{"_joinchat":[]},"product_cat":[50],"product_tag":[354],"class_list":{"0":"post-1449","1":"product","2":"type-product","3":"status-publish","4":"has-post-thumbnail","6":"product_cat-herramientas-a-bateria","7":"product_tag-sierra-circular-inalambrica","9":"first","10":"instock","11":"product-type-simple"},"_links":{"self":[{"href":"https:\/\/lidertecsa.com.ar\/catalogo\/wp-json\/wp\/v2\/product\/1449"}],"collection":[{"href":"https:\/\/lidertecsa.com.ar\/catalogo\/wp-json\/wp\/v2\/product"}],"about":[{"href":"https:\/\/lidertecsa.com.ar\/catalogo\/wp-json\/wp\/v2\/types\/product"}],"wp:featuredmedia":[{"embeddable":true,"href":"https:\/\/lidertecsa.com.ar\/catalogo\/wp-json\/wp\/v2\/media\/1450"}],"wp:attachment":[{"href":"https:\/\/lidertecsa.com.ar\/catalogo\/wp-json\/wp\/v2\/media?parent=1449"}],"wp:term":[{"taxonomy":"product_cat","embeddable":true,"href":"https:\/\/lidertecsa.com.ar\/catalogo\/wp-json\/wp\/v2\/product_cat?post=1449"},{"taxonomy":"product_tag","embeddable":true,"href":"https:\/\/lidertecsa.com.ar\/catalogo\/wp-json\/wp\/v2\/product_tag?post=1449"}],"curies":[{"name":"wp","href":"https:\/\/api.w.org\/{rel}","templated":true}]}}