{"id":1447,"date":"2023-06-25T17:43:48","date_gmt":"2023-06-25T20:43:48","guid":{"rendered":"https:\/\/lidertecsa.com.ar\/catalogo\/?post_type=product&#038;p=1447"},"modified":"2024-12-13T16:32:00","modified_gmt":"2024-12-13T19:32:00","slug":"sierra-circular-inalambrica-te-cs-18-165-1-li-solo","status":"publish","type":"product","link":"https:\/\/lidertecsa.com.ar\/catalogo\/producto\/sierra-circular-inalambrica-te-cs-18-165-1-li-solo\/","title":{"rendered":"Sierra Circular Inal\u00e1mbrica &#8211; TE-CS 18\/165-1 Li &#8211; Solo"},"content":{"rendered":"<div id=\"description\" class=\"section-row -padded-wide--mod-top-only -in-viewport\" data-anchornav=\"Artikelbeschreibung\">\n<div class=\"col-wrapper -max-width-limited\">\n<div class=\"content-item module-description\">\n<div class=\"description-wrapper\">\n<div class=\"col-two\">\n<div class=\"description__content\">\n<p>La Einhell TE-CS 18\/165-1 Li &#8211; Solo sierra circular inal\u00e1mbrica de mano es peque\u00f1a, ligera y manejable de operar, lo que la hace ideal para todas las tareas del hogar, el jard\u00edn y el pasatiempo. Como miembro de la familia Power X-Change, ya no hay l\u00edmite para la libertad de movimiento: una bater\u00eda potente para todos los dispositivos Power X-Change. La sierra circular de mano inal\u00e1mbrica es sencilla y r\u00e1pida, sin herramientas, ajustable individualmente en profundidad de corte y \u00e1ngulo de inclinaci\u00f3n. El bloqueo del husillo facilita el cambio de hojas de sierra con un di\u00e1metro de 20 mm. Tanto los LED de alta calidad para la iluminaci\u00f3n como el adaptador de extracci\u00f3n de polvo garantizan la limpieza en el \u00e1rea de corte y garantizan una visibilidad \u00f3ptima en el lugar de trabajo. La sierra circular inal\u00e1mbrica de mano TE-CS 18\/165-1 Li &#8211; Solo es compatible con el riel gu\u00eda Einhell, que est\u00e1 disponible por separado. Con las herramientas inal\u00e1mbricas Power X-Change de Einhell, el rango de acci\u00f3n de los aficionados al bricolaje es casi ilimitado: los riesgos de tropiezo debido a cables enredados, las restricciones debidas a cables demasiado cortos o la molesta b\u00fasqueda de un cable de extensi\u00f3n son cosa del pasado gracias a la nueva tecnolog\u00eda de iones de litio. La entrega se realiza sin bater\u00eda y cargador, estos se venden por separado.<\/p>\n<\/div>\n<\/div>\n<\/div>\n<\/div>\n<\/div>\n<\/div>\n<div id=\"technical-details\" class=\"section-row -padded-wide--mod-top-only -in-viewport\" data-anchornav=\"Technische Daten\">\n<div class=\"col-wrapper -max-width-limited -decrease-width\">\n<div class=\"col\">\n<div class=\"content-item module-headline-paragraph headline paragraph -color-headline-black\">\n<h2 class=\"heading delta\">Caracter\u00edsticas t\u00e9cnicas<\/h2>\n<\/div>\n<div class=\"content-item module-table -styling-beta\">\n<table class=\"table__table\">\n<tbody>\n<tr class=\"-show tr-odd\">\n<td><span class=\"bold\">N\u00famero de bater\u00edas incluidas<\/span><\/td>\n<td>0 piezas<\/td>\n<\/tr>\n<tr class=\"-show tr-even\">\n<td><span class=\"bold\">N\u00famero de cargadores incluidos<\/span><\/td>\n<td>0 piezas<\/td>\n<\/tr>\n<tr class=\"-show tr-odd\">\n<td><span class=\"bold\">N\u00famero de hojas de sierra incluidas<\/span><\/td>\n<td>1 piezas<\/td>\n<\/tr>\n<tr class=\"-show tr-even\">\n<td><span class=\"bold\">N\u00famero de dientes hoja de sierra 1<\/span><\/td>\n<td>18 piezas<\/td>\n<\/tr>\n<tr class=\"-show tr-odd\">\n<td><span class=\"bold\">Conexi\u00f3n de succi\u00f3n de di\u00e1metro<\/span><\/td>\n<td>36 mm<\/td>\n<\/tr>\n<tr class=\"-show tr-even\">\n<td><span class=\"bold\">Di\u00e1metro hoja de sierra 1<\/span><\/td>\n<td>165 mm<\/td>\n<\/tr>\n<tr class=\"-show tr-odd\">\n<td><span class=\"bold\">Di\u00e1metro soporte de hoja de sierra<\/span><\/td>\n<td>20 mm<\/td>\n<\/tr>\n<tr class=\"-show tr-even\">\n<td><span class=\"bold\">Velocidad de ralent\u00ed m\u00e1x.<\/span><\/td>\n<td>4200 min^-1<\/td>\n<\/tr>\n<tr class=\"-show tr-odd\">\n<td><span class=\"bold\">Voltaje del motor<\/span><\/td>\n<td>18 V<\/td>\n<\/tr>\n<tr class=\"-show tr-even\">\n<td><span class=\"bold\">Motor<\/span><\/td>\n<td>Motor cepillado<\/td>\n<\/tr>\n<tr class=\"-show tr-odd\">\n<td><span class=\"bold\">Peso del producto<\/span><\/td>\n<td>2,6 kg<\/td>\n<\/tr>\n<tr class=\"-show tr-even\">\n<td><span class=\"bold\">Profundidad de corte a 45\u00b0<\/span><\/td>\n<td>35 mm<\/td>\n<\/tr>\n<tr class=\"-show tr-odd\">\n<td><span class=\"bold\">Profundidad de corte a 90\u00b0<\/span><\/td>\n<td>54 mm<\/td>\n<\/tr>\n<tr class=\"-show tr-even\">\n<td><span class=\"bold\">Hoja de sierra tipo 1<\/span><\/td>\n<td>HW\/TCT<\/td>\n<\/tr>\n<\/tbody>\n<\/table>\n<\/div>\n<\/div>\n<\/div>\n<\/div>\n","protected":false},"excerpt":{"rendered":"<ul>\n<li class=\" meta\">Miembro de la familia Power X-Change<\/li>\n<li class=\" meta\">Peque\u00f1o, ligero y pr\u00e1ctico &#8211; para un trabajo agradable<\/li>\n<li class=\" meta\">Ajuste simple y sin herramientas (profundidad de corte, \u00e1ngulo de inclinaci\u00f3n)<\/li>\n<li class=\" meta\">Adaptador de extracci\u00f3n de polvo para un lugar de trabajo limpio<\/li>\n<li class=\" meta\">F\u00e1cil cambio de hoja de sierra gracias al bloqueo del husillo<\/li>\n<li class=\"meta\">Iluminaci\u00f3n \u00f3ptima de la zona de corte a trav\u00e9s de LEDs de alta calidad<\/li>\n<li class=\"meta\">Compatible con el riel gu\u00eda Einhell<\/li>\n<li class=\"meta\">Mesa de sierra de alta calidad hecha de aluminio<\/li>\n<li class=\"meta\">La hoja de sierra de alta calidad est\u00e1 incluida en el volumen de entrega<\/li>\n<li class=\"meta\">Posibilidad de uso de una hoja de sierra con di\u00e1metro de 20 mm<\/li>\n<li class=\"meta\">Se suministra sin bater\u00eda y sin cargador (se vende por separado)<\/li>\n<\/ul>\n","protected":false},"featured_media":1448,"template":"","meta":{"_joinchat":[]},"product_cat":[50],"product_tag":[354],"class_list":{"0":"post-1447","1":"product","2":"type-product","3":"status-publish","4":"has-post-thumbnail","6":"product_cat-herramientas-a-bateria","7":"product_tag-sierra-circular-inalambrica","9":"first","10":"instock","11":"product-type-simple"},"_links":{"self":[{"href":"https:\/\/lidertecsa.com.ar\/catalogo\/wp-json\/wp\/v2\/product\/1447"}],"collection":[{"href":"https:\/\/lidertecsa.com.ar\/catalogo\/wp-json\/wp\/v2\/product"}],"about":[{"href":"https:\/\/lidertecsa.com.ar\/catalogo\/wp-json\/wp\/v2\/types\/product"}],"wp:featuredmedia":[{"embeddable":true,"href":"https:\/\/lidertecsa.com.ar\/catalogo\/wp-json\/wp\/v2\/media\/1448"}],"wp:attachment":[{"href":"https:\/\/lidertecsa.com.ar\/catalogo\/wp-json\/wp\/v2\/media?parent=1447"}],"wp:term":[{"taxonomy":"product_cat","embeddable":true,"href":"https:\/\/lidertecsa.com.ar\/catalogo\/wp-json\/wp\/v2\/product_cat?post=1447"},{"taxonomy":"product_tag","embeddable":true,"href":"https:\/\/lidertecsa.com.ar\/catalogo\/wp-json\/wp\/v2\/product_tag?post=1447"}],"curies":[{"name":"wp","href":"https:\/\/api.w.org\/{rel}","templated":true}]}}