{"id":1445,"date":"2023-06-25T17:40:31","date_gmt":"2023-06-25T20:40:31","guid":{"rendered":"https:\/\/lidertecsa.com.ar\/catalogo\/?post_type=product&#038;p=1445"},"modified":"2024-12-13T16:32:00","modified_gmt":"2024-12-13T19:32:00","slug":"mini-sierra-inalambrica-te-cs-18-89-li-solo","status":"publish","type":"product","link":"https:\/\/lidertecsa.com.ar\/catalogo\/producto\/mini-sierra-inalambrica-te-cs-18-89-li-solo\/","title":{"rendered":"Mini Sierra Inal\u00e1mbrica &#8211;  TE-CS 18\/89 Li &#8211; Solo"},"content":{"rendered":"<div id=\"description\" class=\"section-row -padded-wide--mod-top-only -in-viewport\" data-anchornav=\"Artikelbeschreibung\">\n<div class=\"col-wrapper -max-width-limited\">\n<div class=\"content-item module-description\">\n<div class=\"description-wrapper\">\n<div class=\"col-two\">\n<div class=\"description__content\">\n<p>La Einhell TE-CS 18\/89 Li &#8211; Solo inal\u00e1mbrica mini sierra circular de mano es ideal para realizar cortes rectos en piezas de madera, paneles, parquet o paneles de diversos materiales. La versi\u00f3n de bater\u00eda se puede usar de manera extremadamente flexible, especialmente en lugares de trabajo donde no hay una toma de corriente cerca y un cable de extensi\u00f3n largo se convertir\u00eda en un peligro de tropiezo. La versi\u00f3n mini alimentada por bater\u00eda es peque\u00f1a, ligera y pr\u00e1ctica, c\u00f3moda de usar y, por lo tanto, agradable de trabajar. Como miembro de la familia Power X-Change, cualquier bater\u00eda PXC se puede combinar con la mini sierra circular de mano. La bater\u00eda y el cargador de la serie Power X-Change no est\u00e1n incluidos en el volumen de suministro y se venden por separado, por ejemplo, como un pr\u00e1ctico juego de inicio. La profundidad de corte se puede ajustar f\u00e1cilmente y sin herramientas en la mini sierra circular de mano inal\u00e1mbrica, y gracias al bloqueo del husillo, cambiar la hoja de sierra tambi\u00e9n es muy f\u00e1cil. La hoja de sierra de carburo de alta calidad y la valla de rasgado garantizan cortes limpios y exactos, la profundidad m\u00e1xima de corte es de 28 mm gracias a la hoja de sierra con \u00d8 89 mm. La mesa de sierra de aluminio de alta calidad garantiza una estabilidad \u00f3ptima. Un adaptador de aspiradora en la carcasa garantiza un lugar de trabajo limpio.<\/p>\n<\/div>\n<\/div>\n<\/div>\n<\/div>\n<\/div>\n<\/div>\n<div id=\"technical-details\" class=\"section-row -padded-wide--mod-top-only -in-viewport\" data-anchornav=\"Technische Daten\">\n<div class=\"col-wrapper -max-width-limited -decrease-width\">\n<div class=\"col\">\n<div class=\"content-item module-headline-paragraph headline paragraph -color-headline-black\">\n<h2 class=\"heading delta\">Caracter\u00edsticas t\u00e9cnicas<\/h2>\n<\/div>\n<div class=\"content-item module-table -styling-beta\">\n<table class=\"table__table\">\n<tbody>\n<tr class=\"-show tr-odd\">\n<td><span class=\"bold\">N\u00famero de bater\u00edas incluidas<\/span><\/td>\n<td>0 piezas<\/td>\n<\/tr>\n<tr class=\"-show tr-even\">\n<td><span class=\"bold\">N\u00famero de cargadores incluidos<\/span><\/td>\n<td>0 piezas<\/td>\n<\/tr>\n<tr class=\"-show tr-odd\">\n<td><span class=\"bold\">Velocidad de ralent\u00ed m\u00e1x.<\/span><\/td>\n<td>2500 min^-1<\/td>\n<\/tr>\n<tr class=\"-show tr-even\">\n<td><span class=\"bold\">Voltaje del motor<\/span><\/td>\n<td>18 V<\/td>\n<\/tr>\n<tr class=\"-show tr-odd\">\n<td><span class=\"bold\">Motor<\/span><\/td>\n<td>Motor cepillado<\/td>\n<\/tr>\n<tr class=\"-show tr-even\">\n<td><span class=\"bold\">Peso del producto<\/span><\/td>\n<td>1,77 kg<\/td>\n<\/tr>\n<tr class=\"-show tr-odd\">\n<td><span class=\"bold\">Profundidad de corte a 90\u00b0<\/span><\/td>\n<td>28 mm<\/td>\n<\/tr>\n<\/tbody>\n<\/table>\n<\/div>\n<\/div>\n<\/div>\n<\/div>\n","protected":false},"excerpt":{"rendered":"<ul>\n<li class=\" meta\">Miembro de la familia Power X-Change<\/li>\n<li class=\" meta\">Peque\u00f1o, ligero y pr\u00e1ctico &#8211; para un trabajo agradable<\/li>\n<li class=\" meta\">Ajuste sencillo y sin herramientas de la profundidad de corte<\/li>\n<li class=\" meta\">Mesa de sierra de alta calidad hecha de aluminio para una estabilidad \u00f3ptima<\/li>\n<li class=\" meta\">F\u00e1cil cambio de hoja de sierra gracias al bloqueo del husillo<\/li>\n<li class=\"meta\">Hoja de sierra de carburo de alta calidad para cortes limpios<\/li>\n<li class=\"meta\">Profundidad de corte m\u00e1x. de 28 mm gracias a la hoja de sierra de \u00d889 mm<\/li>\n<li class=\"meta\">Adaptador de aspiradora para un lugar de trabajo limpio<\/li>\n<li class=\"meta\">Rip fence para cortes exactos<\/li>\n<\/ul>\n","protected":false},"featured_media":1446,"template":"","meta":{"_joinchat":[]},"product_cat":[50],"product_tag":[353],"class_list":{"0":"post-1445","1":"product","2":"type-product","3":"status-publish","4":"has-post-thumbnail","6":"product_cat-herramientas-a-bateria","7":"product_tag-mini-sierra-inalambrica","9":"first","10":"instock","11":"product-type-simple"},"_links":{"self":[{"href":"https:\/\/lidertecsa.com.ar\/catalogo\/wp-json\/wp\/v2\/product\/1445"}],"collection":[{"href":"https:\/\/lidertecsa.com.ar\/catalogo\/wp-json\/wp\/v2\/product"}],"about":[{"href":"https:\/\/lidertecsa.com.ar\/catalogo\/wp-json\/wp\/v2\/types\/product"}],"wp:featuredmedia":[{"embeddable":true,"href":"https:\/\/lidertecsa.com.ar\/catalogo\/wp-json\/wp\/v2\/media\/1446"}],"wp:attachment":[{"href":"https:\/\/lidertecsa.com.ar\/catalogo\/wp-json\/wp\/v2\/media?parent=1445"}],"wp:term":[{"taxonomy":"product_cat","embeddable":true,"href":"https:\/\/lidertecsa.com.ar\/catalogo\/wp-json\/wp\/v2\/product_cat?post=1445"},{"taxonomy":"product_tag","embeddable":true,"href":"https:\/\/lidertecsa.com.ar\/catalogo\/wp-json\/wp\/v2\/product_tag?post=1445"}],"curies":[{"name":"wp","href":"https:\/\/api.w.org\/{rel}","templated":true}]}}