{"id":1443,"date":"2023-06-25T17:37:33","date_gmt":"2023-06-25T20:37:33","guid":{"rendered":"https:\/\/lidertecsa.com.ar\/catalogo\/?post_type=product&#038;p=1443"},"modified":"2024-12-13T16:32:00","modified_gmt":"2024-12-13T19:32:00","slug":"lijadora-orbital-inalambrica-tc-os-18-187-li-solo","status":"publish","type":"product","link":"https:\/\/lidertecsa.com.ar\/catalogo\/producto\/lijadora-orbital-inalambrica-tc-os-18-187-li-solo\/","title":{"rendered":"Lijadora Orbital Inal\u00e1mbrica &#8211;  TC-OS 18\/187 Li Solo"},"content":{"rendered":"<div id=\"description\" class=\"section-row -padded-wide--mod-top-only -in-viewport\" data-anchornav=\"Artikelbeschreibung\">\n<div class=\"col-wrapper -max-width-limited\">\n<div class=\"content-item module-description\">\n<div class=\"description-wrapper\">\n<div class=\"col-two\">\n<div class=\"description__content\">\n<p>La lijadora orbital inal\u00e1mbrica Einhell TC-OS 18\/187 Li Solo es una lijadora orbital ligera y pr\u00e1ctica de la familia Power X-Change, con todas las ventajas de la serie de sistemas flexibles, que se pueden combinar entre s\u00ed sin l\u00edmites. La lijadora orbital inal\u00e1mbrica es perfecta para lijar superficies planas, piezas grandes, revestimientos o paneles. El micro Velcro y el dispositivo de sujeci\u00f3n garantizan cambios de papel de lija f\u00e1ciles y r\u00e1pidos y el uso de papel de lija sin Velcro adherencia. Las grandes superficies de agarre con agarre suave garantizan un manejo c\u00f3modo. La bolsa de recolecci\u00f3n de polvo recoge cualquier polvo de molienda que se acumule. Adem\u00e1s, la posibilidad de conectar una aspiradora ofrece la m\u00e1xima limpieza en la superficie de trabajo. La entrega incluye 1 x lija para el inicio inmediato del proyecto. No se incluyen la bater\u00eda y el cargador (se venden por separado).<\/p>\n<\/div>\n<\/div>\n<\/div>\n<\/div>\n<\/div>\n<\/div>\n<div id=\"technical-details\" class=\"section-row -padded-wide--mod-top-only -in-viewport\" data-anchornav=\"Technische Daten\">\n<div class=\"col-wrapper -max-width-limited -decrease-width\">\n<div class=\"col\">\n<div class=\"content-item module-headline-paragraph headline paragraph -color-headline-black\">\n<h2 class=\"heading delta\">Caracter\u00edsticas t\u00e9cnicas<\/h2>\n<\/div>\n<div class=\"content-item module-table -styling-beta\">\n<table class=\"table__table\">\n<tbody>\n<tr class=\"-show tr-odd\">\n<td><span class=\"bold\">N\u00famero de bater\u00edas incluidas<\/span><\/td>\n<td>0 piezas<\/td>\n<\/tr>\n<tr class=\"-show tr-even\">\n<td><span class=\"bold\">N\u00famero de cargadores incluidos<\/span><\/td>\n<td>0 piezas<\/td>\n<\/tr>\n<tr class=\"-show tr-odd\">\n<td><span class=\"bold\">Conexi\u00f3n de succi\u00f3n de di\u00e1metro<\/span><\/td>\n<td>35 mm<\/td>\n<\/tr>\n<tr class=\"-show tr-even\">\n<td><span class=\"bold\">Voltaje del motor<\/span><\/td>\n<td>18 V<\/td>\n<\/tr>\n<tr class=\"-show tr-odd\">\n<td><span class=\"bold\">Motor<\/span><\/td>\n<td>Motor cepillado<\/td>\n<\/tr>\n<tr class=\"-show tr-even\">\n<td><span class=\"bold\">Peso del producto<\/span><\/td>\n<td>1,17 kg<\/td>\n<\/tr>\n<tr class=\"-show tr-odd\">\n<td><span class=\"bold\">Ancho del papel de lija<\/span><\/td>\n<td>94 mm<\/td>\n<\/tr>\n<tr class=\"-show tr-even\">\n<td><span class=\"bold\">Longitud del papel de lija<\/span><\/td>\n<td>187 mm<\/td>\n<\/tr>\n<tr class=\"-show tr-odd\">\n<td><span class=\"bold\">Circuito resonante<\/span><\/td>\n<td>2 mm<\/td>\n<\/tr>\n<tr class=\"-show tr-even\">\n<td><span class=\"bold\">Relaci\u00f3n de vibraci\u00f3n m\u00e1x.<\/span><\/td>\n<td>24000 min^-1<\/td>\n<\/tr>\n<tr class=\"-show tr-odd\">\n<td><span class=\"bold\">Umbral m\u00edn.<\/span><\/td>\n<td>24000 min^-1<\/td>\n<\/tr>\n<\/tbody>\n<\/table>\n<\/div>\n<\/div>\n<\/div>\n<\/div>\n<div id=\"video\" class=\"section-row -padded-wide--mod-top-only\" data-anchornav=\"Video\">\n<div class=\"col-wrapper l-1col -max-width-limited\">\n<div class=\"col\">\n<div class=\"content-item module-video -full-size\">\n<div class=\"cards__card\" data-video-id=\"video-0\">\n<div class=\"card__video\"><\/div>\n<\/div>\n<\/div>\n<\/div>\n<\/div>\n<\/div>\n","protected":false},"excerpt":{"rendered":"<ul>\n<li class=\" meta\">Miembro de la familia Power X-Change<\/li>\n<li class=\" meta\">Lijadora orbital ligera y pr\u00e1ctica<\/li>\n<li class=\" meta\">Perfectamente adecuado para lijar superficies planas<\/li>\n<li class=\" meta\">Cambio r\u00e1pido y f\u00e1cil de papel de lija gracias a la micro-Velcro<\/li>\n<li class=\" meta\">Tambi\u00e9n es adecuado para lijas sin Velcro adherencia<\/li>\n<li class=\"meta\">Manejo c\u00f3modo gracias a las grandes superficies de agarre con agarre suave<\/li>\n<li class=\"meta\">La bolsa de recolecci\u00f3n de polvo recoge el polvo de lijado<\/li>\n<li class=\"meta\">Adecuado para la conexi\u00f3n a un sistema externo de extracci\u00f3n de polvo<\/li>\n<li class=\"meta\">Incluye 1 x papel de lija para el inicio inmediato del proyecto<\/li>\n<li class=\"meta\">Se suministra sin bater\u00eda y sin cargador (se vende por separado)<\/li>\n<\/ul>\n","protected":false},"featured_media":1444,"template":"","meta":{"_joinchat":[]},"product_cat":[50],"product_tag":[352],"class_list":{"0":"post-1443","1":"product","2":"type-product","3":"status-publish","4":"has-post-thumbnail","6":"product_cat-herramientas-a-bateria","7":"product_tag-lijadora-orbital-inalambrica","9":"first","10":"instock","11":"product-type-simple"},"_links":{"self":[{"href":"https:\/\/lidertecsa.com.ar\/catalogo\/wp-json\/wp\/v2\/product\/1443"}],"collection":[{"href":"https:\/\/lidertecsa.com.ar\/catalogo\/wp-json\/wp\/v2\/product"}],"about":[{"href":"https:\/\/lidertecsa.com.ar\/catalogo\/wp-json\/wp\/v2\/types\/product"}],"wp:featuredmedia":[{"embeddable":true,"href":"https:\/\/lidertecsa.com.ar\/catalogo\/wp-json\/wp\/v2\/media\/1444"}],"wp:attachment":[{"href":"https:\/\/lidertecsa.com.ar\/catalogo\/wp-json\/wp\/v2\/media?parent=1443"}],"wp:term":[{"taxonomy":"product_cat","embeddable":true,"href":"https:\/\/lidertecsa.com.ar\/catalogo\/wp-json\/wp\/v2\/product_cat?post=1443"},{"taxonomy":"product_tag","embeddable":true,"href":"https:\/\/lidertecsa.com.ar\/catalogo\/wp-json\/wp\/v2\/product_tag?post=1443"}],"curies":[{"name":"wp","href":"https:\/\/api.w.org\/{rel}","templated":true}]}}