{"id":1439,"date":"2023-06-25T17:29:32","date_gmt":"2023-06-25T20:29:32","guid":{"rendered":"https:\/\/lidertecsa.com.ar\/catalogo\/?post_type=product&#038;p=1439"},"modified":"2024-12-13T16:31:59","modified_gmt":"2024-12-13T19:31:59","slug":"lijadora-orbital-inalambrica-te-os-18-150-li-solo","status":"publish","type":"product","link":"https:\/\/lidertecsa.com.ar\/catalogo\/producto\/lijadora-orbital-inalambrica-te-os-18-150-li-solo\/","title":{"rendered":"Lijadora Orbital Inal\u00e1mbrica &#8211;  TE-OS 18\/150 Li Solo"},"content":{"rendered":"<div id=\"description\" class=\"section-row -padded-wide--mod-top-only -in-viewport\" data-anchornav=\"Artikelbeschreibung\">\n<div class=\"col-wrapper -max-width-limited\">\n<div class=\"content-item module-description\">\n<div class=\"description-wrapper\">\n<div class=\"col-two\">\n<div class=\"description__content\">\n<p>La multilijadora inal\u00e1mbrica TE-OS 18\/150 Li \u2013 Solo est\u00e1 equipada con el sistema de Velcro \u00abExtreme Fix\u00bb, que permite cambiar las lijas en segundos y, gracias a un menor deslizamiento, es posible aumentar la tasa de eliminaci\u00f3n. El trabajo limpio y casi libre de polvo es posible gracias a la caja de recolecci\u00f3n de polvo con extracci\u00f3n activa de polvo. Gracias al adaptador de extracci\u00f3n de polvo, se puede reemplazar por una aspiradora que extrae el polvo de lijado directamente, manteniendo el aire limpio y el papel de lija afilado. La robusta rueda del ventilador de aluminio garantiza un funcionamiento suave de la amoladora para obtener resultados de trabajo \u00f3ptimos. Para que el trabajo pueda comenzar de inmediato, 6 lijas de madera ya est\u00e1n incluidas en el alcance de la entrega. El dispositivo se entrega sin bater\u00eda ni cargador. Estos se venden por separado. Adem\u00e1s, el dispositivo tambi\u00e9n se puede operar con la bater\u00eda de otro dispositivo de la familia Power X-Change.<\/p>\n<\/div>\n<\/div>\n<\/div>\n<\/div>\n<\/div>\n<\/div>\n<div id=\"technical-details\" class=\"section-row -padded-wide--mod-top-only -in-viewport\" data-anchornav=\"Technische Daten\">\n<div class=\"col-wrapper -max-width-limited -decrease-width\">\n<div class=\"col\">\n<div class=\"content-item module-headline-paragraph headline paragraph -color-headline-black\">\n<h2 class=\"heading delta\">Caracter\u00edsticas t\u00e9cnicas<\/h2>\n<\/div>\n<div class=\"content-item module-table -styling-beta\">\n<table class=\"table__table\">\n<tbody>\n<tr class=\"-show tr-odd\">\n<td><span class=\"bold\">N\u00famero de papel de lija de grano 120<\/span><\/td>\n<td>3 piezas<\/td>\n<\/tr>\n<tr class=\"-show tr-even\">\n<td><span class=\"bold\">N\u00famero de papel de lija de grano 240<\/span><\/td>\n<td>3 piezas<\/td>\n<\/tr>\n<tr class=\"-show tr-odd\">\n<td><span class=\"bold\">N\u00famero de bater\u00edas incluidas<\/span><\/td>\n<td>0 piezas<\/td>\n<\/tr>\n<tr class=\"-show tr-even\">\n<td><span class=\"bold\">N\u00famero de cargadores incluidos<\/span><\/td>\n<td>0 piezas<\/td>\n<\/tr>\n<tr class=\"-show tr-odd\">\n<td><span class=\"bold\">Adaptador de succi\u00f3n de di\u00e1metro<\/span><\/td>\n<td>35 mm<\/td>\n<\/tr>\n<tr class=\"-show tr-even\">\n<td><span class=\"bold\">Voltaje del motor<\/span><\/td>\n<td>18 V<\/td>\n<\/tr>\n<tr class=\"-show tr-odd\">\n<td><span class=\"bold\">Motor<\/span><\/td>\n<td>Motor cepillado<\/td>\n<\/tr>\n<tr class=\"-show tr-even\">\n<td><span class=\"bold\">Peso del producto<\/span><\/td>\n<td>0,79 kg<\/td>\n<\/tr>\n<tr class=\"-show tr-odd\">\n<td><span class=\"bold\">Lijadora &#8211; Cara A<\/span><\/td>\n<td>150 mm<\/td>\n<\/tr>\n<tr class=\"-show tr-even\">\n<td><span class=\"bold\">Lijadora &#8211; Cara B<\/span><\/td>\n<td>150 mm<\/td>\n<\/tr>\n<tr class=\"-show tr-odd\">\n<td><span class=\"bold\">Lijadora &#8211; Lado C<\/span><\/td>\n<td>100 mm<\/td>\n<\/tr>\n<tr class=\"-show tr-even\">\n<td><span class=\"bold\">Circuito resonante<\/span><\/td>\n<td>1,6 mm<\/td>\n<\/tr>\n<tr class=\"-show tr-odd\">\n<td><span class=\"bold\">Relaci\u00f3n de vibraci\u00f3n m\u00e1x.<\/span><\/td>\n<td>24000 min^-1<\/td>\n<\/tr>\n<tr class=\"-show tr-even\">\n<td><span class=\"bold\">Umbral m\u00edn.<\/span><\/td>\n<td>24000 min^-1<\/td>\n<\/tr>\n<\/tbody>\n<\/table>\n<\/div>\n<\/div>\n<\/div>\n<\/div>\n","protected":false},"excerpt":{"rendered":"<ul>\n<li class=\" meta\">Miembro de la familia Power X-Change<\/li>\n<li class=\" meta\">\u00c1rea de agarre modelada en la palma de la mano con agarre suave<\/li>\n<li class=\" meta\">Peque\u00f1o, compacto y pr\u00e1ctico<\/li>\n<li class=\" meta\">Se puede utilizar de forma flexible para lijar en esquinas y \u00e1reas peque\u00f1as<\/li>\n<li class=\" meta\">Accesorio de papel de lija simple usando Velcro \u00abExtreme Fix\u00bb<\/li>\n<li class=\"meta\">Aumento de la tasa de eliminaci\u00f3n de existencias debido a \u00abExtreme Fix\u00bb debido a un menor deslizamiento<\/li>\n<li class=\"meta\">Funcionamiento suave gracias a la rueda de ventilador de aluminio s\u00f3lida y robusta<\/li>\n<li class=\"meta\">Con extracci\u00f3n activa de polvo para un entorno de trabajo limpio<\/li>\n<li class=\"meta\">Caja de filtro para lijar el polvo (solo con bater\u00eda de 1.5 \/ 2.0 \/ 2.5 \/ 2.6 \/ 3.0 + Ah)<\/li>\n<li class=\"meta\">Incluye adaptador de extracci\u00f3n de polvo (se puede combinar con cualquier bater\u00eda)<\/li>\n<li class=\"meta\">Incluye 6 lijas (3*P120\/3*P240)<\/li>\n<li class=\"meta\">Se suministra sin bater\u00eda y sin cargador (se vende por separado)<\/li>\n<\/ul>\n","protected":false},"featured_media":1440,"template":"","meta":{"_joinchat":[]},"product_cat":[50],"product_tag":[352],"class_list":{"0":"post-1439","1":"product","2":"type-product","3":"status-publish","4":"has-post-thumbnail","6":"product_cat-herramientas-a-bateria","7":"product_tag-lijadora-orbital-inalambrica","9":"first","10":"instock","11":"product-type-simple"},"_links":{"self":[{"href":"https:\/\/lidertecsa.com.ar\/catalogo\/wp-json\/wp\/v2\/product\/1439"}],"collection":[{"href":"https:\/\/lidertecsa.com.ar\/catalogo\/wp-json\/wp\/v2\/product"}],"about":[{"href":"https:\/\/lidertecsa.com.ar\/catalogo\/wp-json\/wp\/v2\/types\/product"}],"wp:featuredmedia":[{"embeddable":true,"href":"https:\/\/lidertecsa.com.ar\/catalogo\/wp-json\/wp\/v2\/media\/1440"}],"wp:attachment":[{"href":"https:\/\/lidertecsa.com.ar\/catalogo\/wp-json\/wp\/v2\/media?parent=1439"}],"wp:term":[{"taxonomy":"product_cat","embeddable":true,"href":"https:\/\/lidertecsa.com.ar\/catalogo\/wp-json\/wp\/v2\/product_cat?post=1439"},{"taxonomy":"product_tag","embeddable":true,"href":"https:\/\/lidertecsa.com.ar\/catalogo\/wp-json\/wp\/v2\/product_tag?post=1439"}],"curies":[{"name":"wp","href":"https:\/\/api.w.org\/{rel}","templated":true}]}}