{"id":1405,"date":"2023-06-25T10:42:41","date_gmt":"2023-06-25T13:42:41","guid":{"rendered":"https:\/\/lidertecsa.com.ar\/catalogo\/?post_type=product&#038;p=1405"},"modified":"2024-12-13T16:31:56","modified_gmt":"2024-12-13T19:31:56","slug":"liajadora-roto-orbital-inalambrica-te-rs-18-li-solo","status":"publish","type":"product","link":"https:\/\/lidertecsa.com.ar\/catalogo\/producto\/liajadora-roto-orbital-inalambrica-te-rs-18-li-solo\/","title":{"rendered":"Liajadora Roto Orbital inal\u00e1mbrica &#8211; TE-RS 18 Li-Solo"},"content":{"rendered":"<div id=\"description\" class=\"section-row -padded-wide--mod-top-only -in-viewport\" data-anchornav=\"Artikelbeschreibung\">\n<div class=\"col-wrapper -max-width-limited\">\n<div class=\"content-item module-description\">\n<div class=\"description-wrapper\">\n<div class=\"col-two\">\n<div class=\"description__content\">\n<p>La lijadora orbital aleatoria inal\u00e1mbrica Einhell TE-RS 18 Li &#8211; Solo hace que el usuario sea flexible, inal\u00e1mbrico e independiente en el hogar, el garaje y el taller. La lijadora orbital aleatoria inal\u00e1mbrica es miembro de la familia Power X-Change. Las bater\u00edas con celdas de iones de litio de alta calidad se pueden utilizar con todos los miembros de la familia Power X-Change. Ya sean materiales blandos o compactos: la electr\u00f3nica de velocidad permite adaptar la herramienta a las superficies a procesar para trabajos espec\u00edficos de materiales y aplicaciones, ya sean madera, metales o estructuras similares a la piedra. Por lo tanto, la molienda m\u00e1s fina es posible con un alto rendimiento de molienda gracias al principio exc\u00e9ntrico. El trabajo seguro y c\u00f3modo es posible gracias al agarre suave. La adhesi\u00f3n micro-Velcro asegura una sujeci\u00f3n firme del papel de lija, lo que permite reemplazarlo en muy poco tiempo. Para garantizar que el lugar de trabajo permanezca limpio y libre de polvo, se integra un sistema de extracci\u00f3n de polvo y tambi\u00e9n es posible conectar un extractor de polvo externo. El volumen de entrega incluye un papel de lija (P80). La bater\u00eda y el cargador se venden por separado.<\/p>\n<\/div>\n<\/div>\n<\/div>\n<\/div>\n<\/div>\n<\/div>\n<div id=\"technical-details\" class=\"section-row -padded-wide--mod-top-only -in-viewport\" data-anchornav=\"Technische Daten\">\n<div class=\"col-wrapper -max-width-limited -decrease-width\">\n<div class=\"col\">\n<div class=\"content-item module-headline-paragraph headline paragraph -color-headline-black\">\n<h2 class=\"heading delta\">Caracter\u00edsticas t\u00e9cnicas<\/h2>\n<\/div>\n<div class=\"content-item module-table -styling-beta\">\n<table class=\"table__table\">\n<tbody>\n<tr class=\"-show tr-odd\">\n<td><span class=\"bold\">N\u00famero de bater\u00edas incluidas<\/span><\/td>\n<td>0 piezas<\/td>\n<\/tr>\n<tr class=\"-show tr-even\">\n<td><span class=\"bold\">N\u00famero de cargadores incluidos<\/span><\/td>\n<td>0 piezas<\/td>\n<\/tr>\n<tr class=\"-show tr-odd\">\n<td><span class=\"bold\">Conexi\u00f3n de succi\u00f3n de di\u00e1metro<\/span><\/td>\n<td>35 mm<\/td>\n<\/tr>\n<tr class=\"-show tr-even\">\n<td><span class=\"bold\">Di\u00e1metro de la almohadilla de lijado<\/span><\/td>\n<td>125 mm<\/td>\n<\/tr>\n<tr class=\"-show tr-odd\">\n<td><span class=\"bold\">Voltaje del motor<\/span><\/td>\n<td>18 V<\/td>\n<\/tr>\n<tr class=\"-show tr-even\">\n<td><span class=\"bold\">Motor<\/span><\/td>\n<td>Motor cepillado<\/td>\n<\/tr>\n<tr class=\"-show tr-odd\">\n<td><span class=\"bold\">Peso del producto<\/span><\/td>\n<td>1,15 kg<\/td>\n<\/tr>\n<tr class=\"-show tr-even\">\n<td><span class=\"bold\">Circuito resonante<\/span><\/td>\n<td>2 mm<\/td>\n<\/tr>\n<tr class=\"-show tr-odd\">\n<td><span class=\"bold\">Relaci\u00f3n de vibraci\u00f3n m\u00e1x.<\/span><\/td>\n<td>22000 min^-1<\/td>\n<\/tr>\n<tr class=\"-show tr-even\">\n<td><span class=\"bold\">Umbral m\u00edn.<\/span><\/td>\n<td>14000 min^-1<\/td>\n<\/tr>\n<\/tbody>\n<\/table>\n<\/div>\n<\/div>\n<\/div>\n<\/div>\n","protected":false},"excerpt":{"rendered":"<ul>\n<li class=\" meta\">Miembro de la familia Power X-Change<\/li>\n<li class=\" meta\">Electr\u00f3nica de velocidad para trabajos espec\u00edficos de materiales y aplicaciones<\/li>\n<li class=\" meta\">La mejor molienda con un alto rendimiento de molienda gracias al principio exc\u00e9ntrico<\/li>\n<li class=\" meta\">Trabajo seguro y c\u00f3modo gracias al agarre suave<\/li>\n<li class=\" meta\">Agarre firme del papel de lija debido a la adhesi\u00f3n de micro-Velcro<\/li>\n<li class=\"meta\">Conexi\u00f3n de extracci\u00f3n de polvo incorporada y externa<\/li>\n<li class=\"meta\">Incluye 1x papel de lija (P80)<\/li>\n<li class=\"meta\">Se suministra sin bater\u00eda ni cargador (se vende por separado)<\/li>\n<\/ul>\n","protected":false},"featured_media":1406,"template":"","meta":{"_joinchat":[]},"product_cat":[50],"product_tag":[346],"class_list":{"0":"post-1405","1":"product","2":"type-product","3":"status-publish","4":"has-post-thumbnail","6":"product_cat-herramientas-a-bateria","7":"product_tag-liajadora-roto-orbital-inalambrica","9":"first","10":"instock","11":"product-type-simple"},"_links":{"self":[{"href":"https:\/\/lidertecsa.com.ar\/catalogo\/wp-json\/wp\/v2\/product\/1405"}],"collection":[{"href":"https:\/\/lidertecsa.com.ar\/catalogo\/wp-json\/wp\/v2\/product"}],"about":[{"href":"https:\/\/lidertecsa.com.ar\/catalogo\/wp-json\/wp\/v2\/types\/product"}],"wp:featuredmedia":[{"embeddable":true,"href":"https:\/\/lidertecsa.com.ar\/catalogo\/wp-json\/wp\/v2\/media\/1406"}],"wp:attachment":[{"href":"https:\/\/lidertecsa.com.ar\/catalogo\/wp-json\/wp\/v2\/media?parent=1405"}],"wp:term":[{"taxonomy":"product_cat","embeddable":true,"href":"https:\/\/lidertecsa.com.ar\/catalogo\/wp-json\/wp\/v2\/product_cat?post=1405"},{"taxonomy":"product_tag","embeddable":true,"href":"https:\/\/lidertecsa.com.ar\/catalogo\/wp-json\/wp\/v2\/product_tag?post=1405"}],"curies":[{"name":"wp","href":"https:\/\/api.w.org\/{rel}","templated":true}]}}