{"id":1402,"date":"2023-06-25T10:30:32","date_gmt":"2023-06-25T13:30:32","guid":{"rendered":"https:\/\/lidertecsa.com.ar\/catalogo\/?post_type=product&#038;p=1402"},"modified":"2024-12-13T16:31:56","modified_gmt":"2024-12-13T19:31:56","slug":"cepillo-inalambrico","status":"publish","type":"product","link":"https:\/\/lidertecsa.com.ar\/catalogo\/producto\/cepillo-inalambrico\/","title":{"rendered":"Cepillo Inal\u00e1mbrico &#8211; TE-PL 18\/82 Li &#8211; Solo"},"content":{"rendered":"<div id=\"description\" class=\"section-row -padded-wide--mod-top-only -in-viewport\" data-anchornav=\"Artikelbeschreibung\">\n<div class=\"col-wrapper -max-width-limited\">\n<div class=\"content-item module-description\">\n<div class=\"description-wrapper\">\n<div class=\"col-two\">\n<div class=\"description__content\">\n<p>Con la Einhell TE-PL 18\/82 Li &#8211; Cepilladora inal\u00e1mbrica Solo, aficionada al bricolaje y ambiciosa aficionada a la madera tiene a mano una potente cepilladora manual a mano para aplicaciones con una profundidad de viruta de hasta 2 mm. Los grandes ejes de cuchillas garantizan resultados de cepillado \u00f3ptimos, mientras que la placa base de aluminio s\u00f3lido garantiza resultados de trabajo planos. El reposapi\u00e9s tambi\u00e9n est\u00e1 equipado con una ranura en V para facilitar el biselado de los bordes. Las piezas de trabajo y los aviones est\u00e1n protegidos por la zapata de estacionamiento autom\u00e1tica. El mango ergon\u00f3mico proporciona un agarre firme y seguro y un trabajo sin fatiga. El agarre suave garantiza un manejo c\u00f3modo de la cepilladora inal\u00e1mbrica. En el volumen de entrega se incluye una cerca de rasgado para un trabajo de cepillado recto y preciso, as\u00ed como una valla de profundidad de reembolso para facilitar la producci\u00f3n de tacones. Adem\u00e1s, se incluye un cuchillo cepillador TCT (cuchillo reversible) en el volumen de suministro para lograr una alta calidad superficial. Como miembro de la familia Power X-Change de alta calidad, todas las bater\u00edas de la serie de sistemas se pueden combinar con la cepilladora. Para obtener los mejores resultados, se recomiendan bater\u00edas Plus de 2,5 Ah o m\u00e1s. La entrega se realiza sin bater\u00eda y cargador, estos se venden por separado.<\/p>\n<\/div>\n<\/div>\n<\/div>\n<\/div>\n<\/div>\n<\/div>\n<div id=\"technical-details\" class=\"section-row -padded-wide--mod-top-only -in-viewport\" data-anchornav=\"Technische Daten\">\n<div class=\"col-wrapper -max-width-limited -decrease-width\">\n<div class=\"col\">\n<div class=\"content-item module-headline-paragraph headline paragraph -color-headline-black\">\n<h2 class=\"heading delta\">Caracter\u00edsticas t\u00e9cnicas<\/h2>\n<\/div>\n<div class=\"content-item module-table -styling-beta\">\n<table class=\"table__table\">\n<tbody>\n<tr class=\"-show tr-odd\">\n<td><span class=\"bold\">N\u00famero de bater\u00edas incluidas<\/span><\/td>\n<td>0 piezas<\/td>\n<\/tr>\n<tr class=\"-show tr-even\">\n<td><span class=\"bold\">N\u00famero de cargadores incluidos<\/span><\/td>\n<td>0 piezas<\/td>\n<\/tr>\n<tr class=\"-show tr-odd\">\n<td><span class=\"bold\">N\u00famero de ranuras en V<\/span><\/td>\n<td>1 piezas<\/td>\n<\/tr>\n<tr class=\"-show tr-even\">\n<td><span class=\"bold\">Adaptador de succi\u00f3n de di\u00e1metro<\/span><\/td>\n<td>36 mm<\/td>\n<\/tr>\n<tr class=\"-show tr-odd\">\n<td><span class=\"bold\">Cuchilla de cepillado de materiales<\/span><\/td>\n<td>TCT<\/td>\n<\/tr>\n<tr class=\"-show tr-even\">\n<td><span class=\"bold\">Profundidad m\u00e1x. de reembolso<\/span><\/td>\n<td>8 mm<\/td>\n<\/tr>\n<tr class=\"-show tr-odd\">\n<td><span class=\"bold\">Anchura m\u00e1x. de cepillado<\/span><\/td>\n<td>82 mm<\/td>\n<\/tr>\n<tr class=\"-show tr-even\">\n<td><span class=\"bold\">Profundidad m\u00e1x. del chip<\/span><\/td>\n<td>2 mm<\/td>\n<\/tr>\n<tr class=\"-show tr-odd\">\n<td><span class=\"bold\">Voltaje del motor<\/span><\/td>\n<td>18 V<\/td>\n<\/tr>\n<tr class=\"-show tr-even\">\n<td><span class=\"bold\">Motor<\/span><\/td>\n<td>Motor cepillado<\/td>\n<\/tr>\n<tr class=\"-show tr-odd\">\n<td><span class=\"bold\">Peso del producto<\/span><\/td>\n<td>2,44 kg<\/td>\n<\/tr>\n<tr class=\"-show tr-even\">\n<td><span class=\"bold\">Cuchillo cepillador tipo<\/span><\/td>\n<td>Cuchillos reversibles<\/td>\n<\/tr>\n<\/tbody>\n<\/table>\n<\/div>\n<\/div>\n<\/div>\n<\/div>\n","protected":false},"excerpt":{"rendered":"<ul>\n<li class=\" meta\">Miembro de la familia Power X-Change<\/li>\n<li class=\" meta\">Cepilladora manual de alto rendimiento para aplicaciones con una profundidad de chip de hasta 2 mm<\/li>\n<li class=\" meta\">Eje de cuchilla grande para obtener resultados \u00f3ptimos de cepillado<\/li>\n<li class=\" meta\">Protecci\u00f3n de la pieza de trabajo y la cuchilla de cepillado gracias a la zapata de estacionamiento autom\u00e1tica<\/li>\n<li class=\" meta\">Placas base de aluminio macizo para resultados de trabajo planos<\/li>\n<li class=\"meta\">Placa base con ranura de 1 V para un f\u00e1cil biselado de los bordes<\/li>\n<li class=\"meta\">Mango ergon\u00f3mico para un trabajo sin fatiga<\/li>\n<li class=\"meta\">Manejo seguro y c\u00f3modo gracias al agarre suave<\/li>\n<li class=\"meta\">Incluye cerca de rasgadura para un trabajo de cepillado recto y preciso<\/li>\n<li class=\"meta\">Incluye tope de profundidad de reembolso para facilitar la producci\u00f3n de tacones<\/li>\n<li class=\"meta\">Incluye 1x cuchilla cepilladora TCT (cuchilla reversible) para una alta calidad superficial<\/li>\n<li class=\"meta\">Recomendaci\u00f3n para obtener resultados \u00f3ptimos: bater\u00eda Plus de 2.5 Ah y m\u00e1s grande<\/li>\n<li class=\"meta\">Se suministra sin bater\u00eda y sin cargador (se vende por separado)<\/li>\n<\/ul>\n","protected":false},"featured_media":1404,"template":"","meta":{"_joinchat":[]},"product_cat":[50],"product_tag":[345],"class_list":{"0":"post-1402","1":"product","2":"type-product","3":"status-publish","4":"has-post-thumbnail","6":"product_cat-herramientas-a-bateria","7":"product_tag-cepillo-inalambrico","9":"first","10":"instock","11":"product-type-simple"},"_links":{"self":[{"href":"https:\/\/lidertecsa.com.ar\/catalogo\/wp-json\/wp\/v2\/product\/1402"}],"collection":[{"href":"https:\/\/lidertecsa.com.ar\/catalogo\/wp-json\/wp\/v2\/product"}],"about":[{"href":"https:\/\/lidertecsa.com.ar\/catalogo\/wp-json\/wp\/v2\/types\/product"}],"wp:featuredmedia":[{"embeddable":true,"href":"https:\/\/lidertecsa.com.ar\/catalogo\/wp-json\/wp\/v2\/media\/1404"}],"wp:attachment":[{"href":"https:\/\/lidertecsa.com.ar\/catalogo\/wp-json\/wp\/v2\/media?parent=1402"}],"wp:term":[{"taxonomy":"product_cat","embeddable":true,"href":"https:\/\/lidertecsa.com.ar\/catalogo\/wp-json\/wp\/v2\/product_cat?post=1402"},{"taxonomy":"product_tag","embeddable":true,"href":"https:\/\/lidertecsa.com.ar\/catalogo\/wp-json\/wp\/v2\/product_tag?post=1402"}],"curies":[{"name":"wp","href":"https:\/\/api.w.org\/{rel}","templated":true}]}}