{"id":1396,"date":"2023-06-25T10:18:45","date_gmt":"2023-06-25T13:18:45","guid":{"rendered":"https:\/\/lidertecsa.com.ar\/catalogo\/?post_type=product&#038;p=1396"},"modified":"2024-12-13T16:31:54","modified_gmt":"2024-12-13T19:31:54","slug":"amoladora-angular-inalambrica-axxio-36-230-q","status":"publish","type":"product","link":"https:\/\/lidertecsa.com.ar\/catalogo\/producto\/amoladora-angular-inalambrica-axxio-36-230-q\/","title":{"rendered":"Amoladora Angular Inal\u00e1mbrica &#8211; AXXIO 36\/230 Q"},"content":{"rendered":"<div id=\"description\" class=\"section-row -padded-wide--mod-top-only -in-viewport\" data-anchornav=\"Artikelbeschreibung\">\n<div class=\"col-wrapper -max-width-limited\">\n<div class=\"content-item module-description\">\n<div class=\"description-wrapper\">\n<div class=\"col-two\">\n<div class=\"description__content\">\n<p>La amoladora angular inal\u00e1mbrica Einhell Professional AXXIO 36\/230 Q es un ayudante probado para cortar y pulir. Ya sea metal o piedra: las posibles aplicaciones son m\u00faltiples. La amoladora angular es un miembro de la familia Power X-Change, se requieren 2 bater\u00edas de 18 V para su funcionamiento. La herramienta es accionada por el motor sin escobillas Einhell PurePOWER. Este motor sin escobillas ofrece m\u00e1s potencia y un tiempo de funcionamiento m\u00e1s largo que los motores de escobillas de carb\u00f3n convencionales. Despu\u00e9s de un registro en l\u00ednea, se aplica una garant\u00eda de 10 a\u00f1os al motor sin escobillas. La tuerca de liberaci\u00f3n r\u00e1pida garantiza un cambio de arandela r\u00e1pido y sin herramientas. El asa principal giratoria ofrece la m\u00e1xima flexibilidad, mientras que el protector del parabrisas con ajuste r\u00e1pido permite un trabajo flexible. La funci\u00f3n antivibraci\u00f3n garantiza un trabajo de baja vibraci\u00f3n. Las inserciones c\u00f3modas son posibles gracias al dise\u00f1o delgado con agarre suave ergon\u00f3mico, el mango adicional se puede montar de manera flexible en 3 posiciones. Al mismo tiempo, la amoladora angular inal\u00e1mbrica ofrece una amplia gama de aplicaciones debido a la profundidad de corte extremadamente grande de 70 mm. La protecci\u00f3n de arranque y reinicio suave garantiza una mayor seguridad para el usuario, mientras que la protecci\u00f3n de la bater\u00eda protege contra chispas y polvo voladores. La robusta carcasa de aluminio de la caja de cambios y la protecci\u00f3n contra sobrecarga garantizan la durabilidad. Para obtener los mejores resultados, se recomiendan bater\u00edas de 3.0 Ah y m\u00e1s grandes. La entrega se realiza sin bater\u00eda y sin cargador, estos est\u00e1n disponibles por separado en el pr\u00e1ctico set de arranque, as\u00ed como sin disco de corte.<\/p>\n<\/div>\n<\/div>\n<\/div>\n<\/div>\n<\/div>\n<\/div>\n<div id=\"technical-details\" class=\"section-row -padded-wide--mod-top-only -in-viewport\" data-anchornav=\"Technische Daten\">\n<div class=\"col-wrapper -max-width-limited -decrease-width\">\n<div class=\"col\">\n<div class=\"content-item module-headline-paragraph headline paragraph -color-headline-black\">\n<h2 class=\"heading delta\">Caracter\u00edsticas t\u00e9cnicas<\/h2>\n<\/div>\n<div class=\"content-item module-table -styling-beta\">\n<table class=\"table__table\">\n<tbody>\n<tr class=\"-show tr-odd\">\n<td><span class=\"bold\">Di\u00e1metro del disco<\/span><\/td>\n<td>230 mm<\/td>\n<\/tr>\n<tr class=\"-show tr-even\">\n<td><span class=\"bold\">Velocidad de ralent\u00ed m\u00edn.<\/span><\/td>\n<td>0 min^-1<\/td>\n<\/tr>\n<tr class=\"-show tr-odd\">\n<td><span class=\"bold\">Velocidad de ralent\u00ed m\u00e1x.<\/span><\/td>\n<td>6600 min^-1<\/td>\n<\/tr>\n<tr class=\"-show tr-even\">\n<td><span class=\"bold\">Profundidad de corte m\u00e1x.<\/span><\/td>\n<td>70 mm<\/td>\n<\/tr>\n<\/tbody>\n<\/table>\n<\/div>\n<\/div>\n<\/div>\n<\/div>\n","protected":false},"excerpt":{"rendered":"<ul>\n<li class=\" meta\">Miembro de la familia Power X-Change, se requiere bater\u00eda de 2x18V<\/li>\n<li class=\" meta\">Tecnolog\u00eda TWIN-PACK: bater\u00edas Power X-Change de 2x18V &#8211; m\u00e1s potencia<\/li>\n<li class=\" meta\">Motor sin escobillas: m\u00e1s potencia y mayor autonom\u00eda<\/li>\n<li class=\" meta\">PurePOWER Brushless: garant\u00eda del motor de 10 a\u00f1os despu\u00e9s del registro<\/li>\n<li class=\" meta\">Ranura Quick-Fix para un reemplazo de disco r\u00e1pido y sin herramientas<\/li>\n<li class=\"meta\">Mango principal giratorio para m\u00e1xima flexibilidad<\/li>\n<li class=\"meta\">Trabajo de baja vibraci\u00f3n gracias a la funci\u00f3n antivibraci\u00f3n<\/li>\n<li class=\"meta\">Amplia gama de aplicaciones debido a la profundidad de corte extremadamente grande de 70 mm<\/li>\n<li class=\"meta\">Protecci\u00f3n de arranque y reinicio suave para una mayor seguridad del usuario<\/li>\n<li class=\"meta\">Protecci\u00f3n contra sobrecarga para mayor longevidad<\/li>\n<li class=\"meta\">Protecci\u00f3n met\u00e1lica de la bater\u00eda contra chispas voladoras y polvo<\/li>\n<li class=\"meta\">Protecci\u00f3n de la lente con ajuste r\u00e1pido para un trabajo flexible<\/li>\n<li class=\"meta\">Carcasa robusta de caja de cambios de aluminio<\/li>\n<li class=\"meta\">Dise\u00f1o delgado con agarre suave ergon\u00f3mico<\/li>\n<li class=\"meta\">El mango adicional se puede montar de forma flexible en 3 posiciones<\/li>\n<li class=\"meta\">Recomendaci\u00f3n para obtener resultados \u00f3ptimos: bater\u00eda de 3.0 Ah y m\u00e1s grande<\/li>\n<li class=\"meta\">Se suministra sin bater\u00eda y sin cargador (se vende por separado)<\/li>\n<li class=\"meta\">Entrega sin disco de corte<\/li>\n<\/ul>\n","protected":false},"featured_media":1397,"template":"","meta":{"_joinchat":[]},"product_cat":[50],"product_tag":[183],"class_list":{"0":"post-1396","1":"product","2":"type-product","3":"status-publish","4":"has-post-thumbnail","6":"product_cat-herramientas-a-bateria","7":"product_tag-amoladora-angular","9":"first","10":"instock","11":"product-type-simple"},"_links":{"self":[{"href":"https:\/\/lidertecsa.com.ar\/catalogo\/wp-json\/wp\/v2\/product\/1396"}],"collection":[{"href":"https:\/\/lidertecsa.com.ar\/catalogo\/wp-json\/wp\/v2\/product"}],"about":[{"href":"https:\/\/lidertecsa.com.ar\/catalogo\/wp-json\/wp\/v2\/types\/product"}],"wp:featuredmedia":[{"embeddable":true,"href":"https:\/\/lidertecsa.com.ar\/catalogo\/wp-json\/wp\/v2\/media\/1397"}],"wp:attachment":[{"href":"https:\/\/lidertecsa.com.ar\/catalogo\/wp-json\/wp\/v2\/media?parent=1396"}],"wp:term":[{"taxonomy":"product_cat","embeddable":true,"href":"https:\/\/lidertecsa.com.ar\/catalogo\/wp-json\/wp\/v2\/product_cat?post=1396"},{"taxonomy":"product_tag","embeddable":true,"href":"https:\/\/lidertecsa.com.ar\/catalogo\/wp-json\/wp\/v2\/product_tag?post=1396"}],"curies":[{"name":"wp","href":"https:\/\/api.w.org\/{rel}","templated":true}]}}