{"id":1391,"date":"2023-06-25T10:11:44","date_gmt":"2023-06-25T13:11:44","guid":{"rendered":"https:\/\/lidertecsa.com.ar\/catalogo\/?post_type=product&#038;p=1391"},"modified":"2024-12-13T16:31:54","modified_gmt":"2024-12-13T19:31:54","slug":"amoladora-angular-inalambrica-axxio-18-115-q","status":"publish","type":"product","link":"https:\/\/lidertecsa.com.ar\/catalogo\/producto\/amoladora-angular-inalambrica-axxio-18-115-q\/","title":{"rendered":"Amoladora Angular Inal\u00e1mbrica &#8211; AXXIO 18\/115 Q"},"content":{"rendered":"<div id=\"description\" class=\"section-row -padded-wide--mod-top-only -in-viewport\" data-anchornav=\"Artikelbeschreibung\">\n<div class=\"col-wrapper -max-width-limited\">\n<div class=\"content-item module-description\">\n<div class=\"description-wrapper\">\n<div class=\"col-two\">\n<div class=\"description__content\">\n<p>La amoladora angular inal\u00e1mbrica Einhell Axxio 18\/115 Q ha demostrado ser una ayuda para el trabajo en el taller, la casa y el garaje. Potentes, inal\u00e1mbricos y c\u00f3modos, estos son los predicados a los que se asign\u00f3 gran importancia durante la concepci\u00f3n. La amoladora angular es un miembro de la familia Power X-Change, donde la bater\u00eda se puede utilizar en todos los dispositivos de la gama del sistema. Los resultados \u00f3ptimos son proporcionados por la bater\u00eda de 2.5 Ah y las bater\u00edas m\u00e1s potentes de la serie. La herramienta es accionada por el motor sin escobillas Einhell PurePOWER. Este motor sin escobillas ofrece m\u00e1s potencia y un tiempo de funcionamiento m\u00e1s largo que los motores de escobillas de carb\u00f3n convencionales. Despu\u00e9s de un registro en l\u00ednea, se aplica una garant\u00eda de 10 a\u00f1os al motor sin escobillas. La protecci\u00f3n de arranque y reinicio suave sirve para aumentar la seguridad del usuario. Es agradable trabajar con \u00e9l gracias al dise\u00f1o delgado con agarre suave ergon\u00f3mico y asa adicional. El desacoplamiento del motor y la transmisi\u00f3n garantiza un funcionamiento suave. El protector del parabrisas con ajuste r\u00e1pido permite un trabajo flexible. El asa adicional se puede montar de forma flexible en dos posiciones. Con la ranura Quick-Fix, ya no se necesita una llave de orificio frontal para cambiar el disco de corte: el cambio es r\u00e1pido y sin herramientas. La amoladora angular inal\u00e1mbrica est\u00e1 equipada con protecci\u00f3n contra sobrecarga. Se prest\u00f3 atenci\u00f3n a la longevidad con la robusta carcasa de engranajes de aluminio. La entrega se realiza sin bater\u00eda ni cargador. Un disco de corte a juego (di\u00e1metro de disco 115 mm) tambi\u00e9n est\u00e1 disponible por separado.<\/p>\n<\/div>\n<\/div>\n<\/div>\n<\/div>\n<\/div>\n<\/div>\n<div id=\"technical-details\" class=\"section-row -padded-wide--mod-top-only\" data-anchornav=\"Technische Daten\">\n<div class=\"col-wrapper -max-width-limited -decrease-width\">\n<div class=\"col\">\n<div class=\"content-item module-headline-paragraph headline paragraph -color-headline-black\">\n<h2 class=\"heading delta\">Caracter\u00edsticas t\u00e9cnicas<\/h2>\n<\/div>\n<div class=\"content-item module-table -styling-beta\">\n<table class=\"table__table\">\n<tbody>\n<tr class=\"-show tr-odd\">\n<td><span class=\"bold\">Di\u00e1metro del disco<\/span><\/td>\n<td>115 mm<\/td>\n<\/tr>\n<tr class=\"-show tr-even\">\n<td><span class=\"bold\">Velocidad de ralent\u00ed m\u00e1x.<\/span><\/td>\n<td>8500 min^-1<\/td>\n<\/tr>\n<tr class=\"-show tr-odd\">\n<td><span class=\"bold\">Profundidad de corte m\u00e1x.<\/span><\/td>\n<td>28 mm<\/td>\n<\/tr>\n<\/tbody>\n<\/table>\n<\/div>\n<\/div>\n<\/div>\n<\/div>\n","protected":false},"excerpt":{"rendered":"<ul>\n<li class=\" meta\">Miembro de la familia Power X-Change, se requiere 1 bater\u00eda de 18V<\/li>\n<li class=\" meta\">Motor sin escobillas: m\u00e1s potencia y mayor autonom\u00eda<\/li>\n<li class=\" meta\">PurePOWER Brushless: garant\u00eda del motor de 10 a\u00f1os despu\u00e9s del registro<\/li>\n<li class=\" meta\">Tuerca de fijaci\u00f3n r\u00e1pida para un cambio de disco r\u00e1pido y sin herramientas<\/li>\n<li class=\" meta\">Protecci\u00f3n de arranque y reinicio suave para una mayor seguridad del usuario<\/li>\n<li class=\"meta\">Protecci\u00f3n contra sobrecarga para mayor longevidad<\/li>\n<li class=\"meta\">Funcionamiento extremadamente suave debido al desacoplamiento del motor y la transmisi\u00f3n<\/li>\n<li class=\"meta\">Protecci\u00f3n de la lente con ajuste r\u00e1pido para un trabajo flexible<\/li>\n<li class=\"meta\">Carcasa robusta de caja de cambios de aluminio<\/li>\n<li class=\"meta\">Dise\u00f1o delgado con agarre suave ergon\u00f3mico<\/li>\n<li class=\"meta\">El mango adicional se puede montar de forma flexible en 2 posiciones<\/li>\n<li class=\"meta\">Recomendaci\u00f3n para obtener resultados \u00f3ptimos: bater\u00eda de 2,5 Ah y m\u00e1s grande<\/li>\n<li class=\"meta\">Se suministra sin bater\u00eda y sin cargador (se vende por separado)<\/li>\n<li class=\"meta\">Entrega sin disco de corte<\/li>\n<\/ul>\n","protected":false},"featured_media":1392,"template":"","meta":{"_joinchat":[]},"product_cat":[50],"product_tag":[183],"class_list":{"0":"post-1391","1":"product","2":"type-product","3":"status-publish","4":"has-post-thumbnail","6":"product_cat-herramientas-a-bateria","7":"product_tag-amoladora-angular","9":"first","10":"instock","11":"product-type-simple"},"_links":{"self":[{"href":"https:\/\/lidertecsa.com.ar\/catalogo\/wp-json\/wp\/v2\/product\/1391"}],"collection":[{"href":"https:\/\/lidertecsa.com.ar\/catalogo\/wp-json\/wp\/v2\/product"}],"about":[{"href":"https:\/\/lidertecsa.com.ar\/catalogo\/wp-json\/wp\/v2\/types\/product"}],"wp:featuredmedia":[{"embeddable":true,"href":"https:\/\/lidertecsa.com.ar\/catalogo\/wp-json\/wp\/v2\/media\/1392"}],"wp:attachment":[{"href":"https:\/\/lidertecsa.com.ar\/catalogo\/wp-json\/wp\/v2\/media?parent=1391"}],"wp:term":[{"taxonomy":"product_cat","embeddable":true,"href":"https:\/\/lidertecsa.com.ar\/catalogo\/wp-json\/wp\/v2\/product_cat?post=1391"},{"taxonomy":"product_tag","embeddable":true,"href":"https:\/\/lidertecsa.com.ar\/catalogo\/wp-json\/wp\/v2\/product_tag?post=1391"}],"curies":[{"name":"wp","href":"https:\/\/api.w.org\/{rel}","templated":true}]}}