{"id":1379,"date":"2023-06-25T09:49:42","date_gmt":"2023-06-25T12:49:42","guid":{"rendered":"https:\/\/lidertecsa.com.ar\/catalogo\/?post_type=product&#038;p=1379"},"modified":"2024-12-13T16:31:53","modified_gmt":"2024-12-13T19:31:53","slug":"sierra-caladora-inalambrica-te-js-18-80-li-solo","status":"publish","type":"product","link":"https:\/\/lidertecsa.com.ar\/catalogo\/producto\/sierra-caladora-inalambrica-te-js-18-80-li-solo\/","title":{"rendered":"Sierra Caladora Inal\u00e1mbrica &#8211; TE-JS 18\/80 Li-Solo"},"content":{"rendered":"<div id=\"description\" class=\"section-row -padded-wide--mod-top-only -in-viewport\" data-anchornav=\"Artikelbeschreibung\">\n<div class=\"col-wrapper -max-width-limited\">\n<div class=\"content-item module-description\">\n<div class=\"description-wrapper\">\n<div class=\"col-two\">\n<div class=\"description__content\">\n<div id=\"description\" class=\"section-row -padded-wide--mod-top-only -in-viewport\" data-anchornav=\"Artikelbeschreibung\">\n<div class=\"col-wrapper -max-width-limited\">\n<div class=\"content-item module-description\">\n<div class=\"description-wrapper\">\n<div class=\"col-two\">\n<div class=\"description__content\"><\/div>\n<\/div>\n<\/div>\n<\/div>\n<\/div>\n<\/div>\n<\/div>\n<\/div>\n<\/div>\n<\/div>\n<\/div>\n<\/div>\n<div id=\"technical-details\" class=\"section-row -padded-wide--mod-top-only -in-viewport\" data-anchornav=\"Technische Daten\">\n<div class=\"col-wrapper -max-width-limited -decrease-width\">\n<div class=\"col\">\n<div class=\"content-item module-headline-paragraph headline paragraph -color-headline-black\">\n<div id=\"description\" class=\"section-row -padded-wide--mod-top-only -in-viewport\" data-anchornav=\"Artikelbeschreibung\">\n<div class=\"col-wrapper -max-width-limited\">\n<div class=\"content-item module-description\">\n<div class=\"description-wrapper\">\n<div class=\"col-two\">\n<div class=\"description__content\"><span class=\"heading gamma\">Descripci\u00f3n<\/span>El rompecabezas inal\u00e1mbrico TE-JS 18\/80 Li-Solo es miembro de la familia Power X-Change y funciona con bater\u00edas de iones de litio con un sistema de gesti\u00f3n de bater\u00edas para una larga vida \u00fatil. Las bater\u00edas del sistema son compatibles con cualquier dispositivo de la familia Power X-Change. La protecci\u00f3n contra desgarros de viruta y la pantalla de l\u00ednea de corte acoplable permiten cortes exactos y sin rasgaduras. Una luz LED para iluminar el \u00e1rea de corte y la pr\u00e1ctica funci\u00f3n de soplado de polvo aseguran una visi\u00f3n perfecta de la pieza de trabajo en todo momento. La bater\u00eda y el cargador se venden por separado y no est\u00e1n incluidos.<\/p>\n<\/div>\n<\/div>\n<\/div>\n<\/div>\n<\/div>\n<\/div>\n<div id=\"technical-details\" class=\"section-row -padded-wide--mod-top-only -in-viewport\" data-anchornav=\"Technische Daten\">\n<div class=\"col-wrapper -max-width-limited -decrease-width\">\n<div class=\"col\">\n<div class=\"content-item module-headline-paragraph headline paragraph -color-headline-black\">\n<h2 class=\"heading delta\">Caracter\u00edsticas t\u00e9cnicas<\/h2>\n<\/div>\n<div class=\"content-item module-table -styling-beta\">\n<table class=\"table__table\">\n<tbody>\n<tr class=\"-show tr-odd\">\n<td><span class=\"bold\">N\u00famero de bater\u00edas incluidas<\/span><\/td>\n<td>0 piezas<\/td>\n<\/tr>\n<tr class=\"-show tr-even\">\n<td><span class=\"bold\">N\u00famero de cargadores incluidos<\/span><\/td>\n<td>0 piezas<\/td>\n<\/tr>\n<tr class=\"-show tr-odd\">\n<td><span class=\"bold\">N\u00famero de hojas de sierra incluidas<\/span><\/td>\n<td>0 piezas<\/td>\n<\/tr>\n<tr class=\"-show tr-even\">\n<td><span class=\"bold\">Levantamiento<\/span><\/td>\n<td>25,4 mm<\/td>\n<\/tr>\n<tr class=\"-show tr-odd\">\n<td><span class=\"bold\">Velocidad de ralent\u00ed m\u00e1x.<\/span><\/td>\n<td>2400 min^-1<\/td>\n<\/tr>\n<tr class=\"-show tr-even\">\n<td><span class=\"bold\">Voltaje del motor<\/span><\/td>\n<td>18 V<\/td>\n<\/tr>\n<tr class=\"-show tr-odd\">\n<td><span class=\"bold\">Motor<\/span><\/td>\n<td>Motor cepillado<\/td>\n<\/tr>\n<tr class=\"-show tr-even\">\n<td><span class=\"bold\">Peso del producto<\/span><\/td>\n<td>1,75 kg<\/td>\n<\/tr>\n<tr class=\"-show tr-odd\">\n<td><span class=\"bold\">Corte de madera en profundidad<\/span><\/td>\n<td>80 mm<\/td>\n<\/tr>\n<tr class=\"-show tr-even\">\n<td><span class=\"bold\">Acero de profundidad de corte<\/span><\/td>\n<td>10 mm<\/td>\n<\/tr>\n<tr class=\"-show tr-odd\">\n<td><span class=\"bold\">Cortes biselados m\u00e1x.<\/span><\/td>\n<td>45 \u00b0<\/td>\n<\/tr>\n<tr class=\"-show tr-even\">\n<td><span class=\"bold\">Cortes biselados m\u00edn.<\/span><\/td>\n<td>0 \u00b0<\/td>\n<\/tr>\n<tr class=\"-show tr-odd\">\n<td><span class=\"bold\">Tipo: Soporte de hoja de sierra<\/span><\/td>\n<td>Eje T\/U<\/td>\n<\/tr>\n<\/tbody>\n<\/table>\n<\/div>\n<\/div>\n<\/div>\n<\/div>\n<\/div>\n<div class=\"content-item module-table -styling-beta\"><\/div>\n<\/div>\n<\/div>\n<\/div>\n","protected":false},"excerpt":{"rendered":"<ul>\n<li class=\" meta\">Miembro de la familia Power X-Change<\/li>\n<li class=\" meta\">Funcionamiento suave para cortes precisos<\/li>\n<li class=\" meta\">Carrera de p\u00e9ndulo conmutable para cortes r\u00e1pidos<\/li>\n<li class=\" meta\">Soporte de hoja de sierra universal sin herramientas<\/li>\n<li class=\" meta\">Con funci\u00f3n de soplado de polvo para una mejor visibilidad<\/li>\n<li class=\"meta\">Luz LED para iluminar el \u00e1rea de corte<\/li>\n<li class=\"meta\">El inserto deslizante de pl\u00e1stico integrado protege las piezas de trabajo sensibles<\/li>\n<li class=\"meta\">Pantalla de l\u00ednea de corte con clip adicional para cortes exactos<\/li>\n<li class=\"meta\">Incluye protecci\u00f3n contra el desgarro de viruta para cortes sin desgarros<\/li>\n<li class=\"meta\">Se suministra sin bater\u00eda y sin cargador (se vende por separado)<\/li>\n<\/ul>\n","protected":false},"featured_media":1380,"template":"","meta":{"_joinchat":[]},"product_cat":[50],"product_tag":[200],"class_list":{"0":"post-1379","1":"product","2":"type-product","3":"status-publish","4":"has-post-thumbnail","6":"product_cat-herramientas-a-bateria","7":"product_tag-sierra-caladora","9":"first","10":"instock","11":"product-type-simple"},"_links":{"self":[{"href":"https:\/\/lidertecsa.com.ar\/catalogo\/wp-json\/wp\/v2\/product\/1379"}],"collection":[{"href":"https:\/\/lidertecsa.com.ar\/catalogo\/wp-json\/wp\/v2\/product"}],"about":[{"href":"https:\/\/lidertecsa.com.ar\/catalogo\/wp-json\/wp\/v2\/types\/product"}],"wp:featuredmedia":[{"embeddable":true,"href":"https:\/\/lidertecsa.com.ar\/catalogo\/wp-json\/wp\/v2\/media\/1380"}],"wp:attachment":[{"href":"https:\/\/lidertecsa.com.ar\/catalogo\/wp-json\/wp\/v2\/media?parent=1379"}],"wp:term":[{"taxonomy":"product_cat","embeddable":true,"href":"https:\/\/lidertecsa.com.ar\/catalogo\/wp-json\/wp\/v2\/product_cat?post=1379"},{"taxonomy":"product_tag","embeddable":true,"href":"https:\/\/lidertecsa.com.ar\/catalogo\/wp-json\/wp\/v2\/product_tag?post=1379"}],"curies":[{"name":"wp","href":"https:\/\/api.w.org\/{rel}","templated":true}]}}