{"id":1377,"date":"2023-06-25T09:46:10","date_gmt":"2023-06-25T12:46:10","guid":{"rendered":"https:\/\/lidertecsa.com.ar\/catalogo\/?post_type=product&#038;p=1377"},"modified":"2024-12-13T16:31:52","modified_gmt":"2024-12-13T19:31:52","slug":"sierra-caladora-inalambrica-tc-js-18-li-solo","status":"publish","type":"product","link":"https:\/\/lidertecsa.com.ar\/catalogo\/producto\/sierra-caladora-inalambrica-tc-js-18-li-solo\/","title":{"rendered":"Sierra Caladora Inal\u00e1mbrica &#8211; TC-JS 18 Li &#8211; Solo"},"content":{"rendered":"<div id=\"description\" class=\"section-row -padded-wide--mod-top-only -in-viewport\" data-anchornav=\"Artikelbeschreibung\">\n<div class=\"col-wrapper -max-width-limited\">\n<div class=\"content-item module-description\">\n<div class=\"description-wrapper\">\n<div class=\"col-two\">\n<div class=\"description__content\">\n<div id=\"description\" class=\"section-row -padded-wide--mod-top-only -in-viewport\" data-anchornav=\"Artikelbeschreibung\">\n<div class=\"col-wrapper -max-width-limited\">\n<div class=\"content-item module-description\">\n<div class=\"description-wrapper\">\n<div class=\"col-two\">\n<div class=\"description__content\">\n<p>El rompecabezas inal\u00e1mbrico Einhell TC-JS 18 Li est\u00e1 siempre a mano cuando se trata de hacer el corte perfecto en una amplia variedad de materiales. Como miembro de la familia Power X-Change, ofrece un alto grado de flexibilidad cuando se trabaja en casa, en el taller y en el garaje. Libertad inal\u00e1mbrica con energ\u00eda concentrada de la bater\u00eda: Las bater\u00edas de la familia de sistemas Einhell se pueden utilizar en todas las herramientas PXC. Debido a su buen funcionamiento, la sierra de calar inal\u00e1mbrica garantiza cortes exactos. Para cortes r\u00e1pidos, la carrera del p\u00e9ndulo se puede encender. El soporte universal de hojas de sierra sin herramientas ahorra movimientos innecesarios de la mano y permite un cambio de hoja de sierra r\u00e1pido y sin herramientas. La funci\u00f3n de soplado de polvo garantiza la mejor visibilidad al trabajar. El inserto deslizante de pl\u00e1stico integrado protege las piezas de trabajo especialmente sensibles. El volumen de suministro incluye una hoja de sierra de calidad KWB para madera. La entrega se realiza sin bater\u00eda ni cargador. Si a\u00fan no est\u00e1n disponibles, estos est\u00e1n disponibles por separado, por ejemplo, como un pr\u00e1ctico juego de inicio Einhell.<\/p>\n<\/div>\n<\/div>\n<\/div>\n<\/div>\n<\/div>\n<\/div>\n<div id=\"technical-details\" class=\"section-row -padded-wide--mod-top-only -in-viewport\" data-anchornav=\"Technische Daten\">\n<div class=\"col-wrapper -max-width-limited -decrease-width\">\n<div class=\"col\">\n<div class=\"content-item module-headline-paragraph headline paragraph -color-headline-black\">\n<h2 class=\"heading delta\">Caracter\u00edsticas t\u00e9cnicas<\/h2>\n<\/div>\n<div class=\"content-item module-table -styling-beta\">\n<table class=\"table__table\">\n<tbody>\n<tr class=\"-show tr-odd\">\n<td><span class=\"bold\">N\u00famero de bater\u00edas incluidas<\/span><\/td>\n<td>0 piezas<\/td>\n<\/tr>\n<tr class=\"-show tr-even\">\n<td><span class=\"bold\">N\u00famero de cargadores incluidos<\/span><\/td>\n<td>0 piezas<\/td>\n<\/tr>\n<tr class=\"-show tr-odd\">\n<td><span class=\"bold\">N\u00famero de hojas de sierra incluidas<\/span><\/td>\n<td>1 piezas<\/td>\n<\/tr>\n<tr class=\"-show tr-even\">\n<td><span class=\"bold\">Conexi\u00f3n de succi\u00f3n de di\u00e1metro<\/span><\/td>\n<td>36 mm<\/td>\n<\/tr>\n<tr class=\"-show tr-odd\">\n<td><span class=\"bold\">Levantamiento<\/span><\/td>\n<td>20 mm<\/td>\n<\/tr>\n<tr class=\"-show tr-even\">\n<td><span class=\"bold\">Velocidad de ralent\u00ed m\u00e1x.<\/span><\/td>\n<td>2700 min^-1<\/td>\n<\/tr>\n<tr class=\"-show tr-odd\">\n<td><span class=\"bold\">Voltaje del motor<\/span><\/td>\n<td>18 V<\/td>\n<\/tr>\n<tr class=\"-show tr-even\">\n<td><span class=\"bold\">Motor<\/span><\/td>\n<td>Motor cepillado<\/td>\n<\/tr>\n<tr class=\"-show tr-odd\">\n<td><span class=\"bold\">Peso del producto<\/span><\/td>\n<td>1,62 kg<\/td>\n<\/tr>\n<tr class=\"-show tr-even\">\n<td><span class=\"bold\">Corte de madera en profundidad<\/span><\/td>\n<td>70 mm<\/td>\n<\/tr>\n<tr class=\"-show tr-odd\">\n<td><span class=\"bold\">Acero de profundidad de corte<\/span><\/td>\n<td>8 mm<\/td>\n<\/tr>\n<tr class=\"-show tr-even\">\n<td><span class=\"bold\">Cortes biselados m\u00e1x.<\/span><\/td>\n<td>45 \u00b0<\/td>\n<\/tr>\n<tr class=\"-show tr-odd\">\n<td><span class=\"bold\">Cortes biselados m\u00edn.<\/span><\/td>\n<td>0 \u00b0<\/td>\n<\/tr>\n<tr class=\"-show tr-even\">\n<td><span class=\"bold\">Tipo: Soporte de hoja de sierra<\/span><\/td>\n<td>Eje en T<\/td>\n<\/tr>\n<\/tbody>\n<\/table>\n<\/div>\n<\/div>\n<\/div>\n<\/div>\n<\/div>\n<\/div>\n<\/div>\n<\/div>\n<\/div>\n<\/div>\n<div id=\"technical-details\" class=\"section-row -padded-wide--mod-top-only -in-viewport\" data-anchornav=\"Technische Daten\">\n<div class=\"col-wrapper -max-width-limited -decrease-width\">\n<div class=\"col\">\n<div class=\"content-item module-table -styling-beta\"><\/div>\n<\/div>\n<\/div>\n<\/div>\n","protected":false},"excerpt":{"rendered":"<ul>\n<li class=\" meta\">Miembro de la familia Power X-Change<\/li>\n<li class=\" meta\">Funcionamiento suave para cortes precisos<\/li>\n<li class=\" meta\">Carrera de p\u00e9ndulo conmutable para cortes r\u00e1pidos<\/li>\n<li class=\" meta\">Soporte de hoja de sierra universal sin herramientas<\/li>\n<li class=\" meta\">Con funci\u00f3n de soplado de polvo para una mejor visibilidad<\/li>\n<li class=\"meta\">El inserto deslizante de pl\u00e1stico integrado protege las piezas de trabajo sensibles<\/li>\n<li class=\"meta\">Incluye hoja de sierra de calidad KWB para madera<\/li>\n<li class=\"meta\">Se suministra sin bater\u00eda y sin cargador (se vende por separado)<\/li>\n<\/ul>\n","protected":false},"featured_media":1378,"template":"","meta":{"_joinchat":[]},"product_cat":[50],"product_tag":[200],"class_list":{"0":"post-1377","1":"product","2":"type-product","3":"status-publish","4":"has-post-thumbnail","6":"product_cat-herramientas-a-bateria","7":"product_tag-sierra-caladora","9":"first","10":"instock","11":"taxable","12":"shipping-taxable","13":"product-type-simple"},"_links":{"self":[{"href":"https:\/\/lidertecsa.com.ar\/catalogo\/wp-json\/wp\/v2\/product\/1377"}],"collection":[{"href":"https:\/\/lidertecsa.com.ar\/catalogo\/wp-json\/wp\/v2\/product"}],"about":[{"href":"https:\/\/lidertecsa.com.ar\/catalogo\/wp-json\/wp\/v2\/types\/product"}],"wp:featuredmedia":[{"embeddable":true,"href":"https:\/\/lidertecsa.com.ar\/catalogo\/wp-json\/wp\/v2\/media\/1378"}],"wp:attachment":[{"href":"https:\/\/lidertecsa.com.ar\/catalogo\/wp-json\/wp\/v2\/media?parent=1377"}],"wp:term":[{"taxonomy":"product_cat","embeddable":true,"href":"https:\/\/lidertecsa.com.ar\/catalogo\/wp-json\/wp\/v2\/product_cat?post=1377"},{"taxonomy":"product_tag","embeddable":true,"href":"https:\/\/lidertecsa.com.ar\/catalogo\/wp-json\/wp\/v2\/product_tag?post=1377"}],"curies":[{"name":"wp","href":"https:\/\/api.w.org\/{rel}","templated":true}]}}