{"id":1373,"date":"2023-06-25T09:40:28","date_gmt":"2023-06-25T12:40:28","guid":{"rendered":"https:\/\/lidertecsa.com.ar\/catalogo\/?post_type=product&#038;p=1373"},"modified":"2024-12-13T16:31:52","modified_gmt":"2024-12-13T19:31:52","slug":"sierra-sable-inalambrica-te-ap-18-22-li-solo","status":"publish","type":"product","link":"https:\/\/lidertecsa.com.ar\/catalogo\/producto\/sierra-sable-inalambrica-te-ap-18-22-li-solo\/","title":{"rendered":"Sierra Sable Inal\u00e1mbrica &#8211; TE-AP 18\/22 Li-Solo"},"content":{"rendered":"<div id=\"description\" class=\"section-row -padded-wide--mod-top-only -in-viewport\" data-anchornav=\"Artikelbeschreibung\">\n<div class=\"col-wrapper -max-width-limited\">\n<div class=\"content-item module-description\">\n<div class=\"description-wrapper\">\n<div class=\"col-two\">\n<div class=\"description__content\">\n<p>La sierra universal inal\u00e1mbrica TE-AP 18\/22 Li-Solo es miembro de la familia Power X-Change y funciona con bater\u00edas de iones de litio con un sistema de gesti\u00f3n de bater\u00edas para una larga vida \u00fatil. Las bater\u00edas del sistema son compatibles con cualquier dispositivo de la familia Power X-Change. La zapata de sierra ajustable sin herramientas garantiza una utilizaci\u00f3n \u00f3ptima de la hoja de sierra, que tambi\u00e9n se puede cambiar sin herramientas. La sierra universal est\u00e1 equipada con un agarre suave ergon\u00f3mico y se encuentra c\u00f3moda y segura en la mano. Para proteger el estuche, se adjuntan almohadillas de goma adicionales. La bater\u00eda y el cargador se venden por separado y no est\u00e1n incluidos.<\/p>\n<\/div>\n<\/div>\n<\/div>\n<\/div>\n<\/div>\n<\/div>\n<div id=\"technical-details\" class=\"section-row -padded-wide--mod-top-only -in-viewport\" data-anchornav=\"Technische Daten\">\n<div class=\"col-wrapper -max-width-limited -decrease-width\">\n<div class=\"col\">\n<div class=\"content-item module-headline-paragraph headline paragraph -color-headline-black\">\n<h2 class=\"heading delta\">Caracter\u00edsticas t\u00e9cnicas<\/h2>\n<\/div>\n<div class=\"content-item module-table -styling-beta\">\n<table class=\"table__table\">\n<tbody>\n<tr class=\"-show tr-odd\">\n<td><span class=\"bold\">N\u00famero de bater\u00edas incluidas<\/span><\/td>\n<td>0 piezas<\/td>\n<\/tr>\n<tr class=\"-show tr-even\">\n<td><span class=\"bold\">N\u00famero de cargadores incluidos<\/span><\/td>\n<td>0 piezas<\/td>\n<\/tr>\n<tr class=\"-show tr-odd\">\n<td><span class=\"bold\">N\u00famero de hojas de sierra incluidas<\/span><\/td>\n<td>1 piezas<\/td>\n<\/tr>\n<tr class=\"-show tr-even\">\n<td><span class=\"bold\">Levantamiento<\/span><\/td>\n<td>22 mm<\/td>\n<\/tr>\n<tr class=\"-show tr-odd\">\n<td><span class=\"bold\">Velocidad de ralent\u00ed m\u00e1x.<\/span><\/td>\n<td>2600 min^-1<\/td>\n<\/tr>\n<tr class=\"-show tr-even\">\n<td><span class=\"bold\">Voltaje del motor<\/span><\/td>\n<td>18 V<\/td>\n<\/tr>\n<tr class=\"-show tr-odd\">\n<td><span class=\"bold\">Motor<\/span><\/td>\n<td>Motor cepillado<\/td>\n<\/tr>\n<tr class=\"-show tr-even\">\n<td><span class=\"bold\">Peso del producto<\/span><\/td>\n<td>1,6 kg<\/td>\n<\/tr>\n<tr class=\"-show tr-odd\">\n<td><span class=\"bold\">Corte de madera en profundidad<\/span><\/td>\n<td>100 mm<\/td>\n<\/tr>\n<tr class=\"-show tr-even\">\n<td><span class=\"bold\">Acero de profundidad de corte<\/span><\/td>\n<td>6 mm<\/td>\n<\/tr>\n<tr class=\"-show tr-odd\">\n<td><span class=\"bold\">Soporte de hoja de sierra m\u00e1x.<\/span><\/td>\n<td>1,6 mm<\/td>\n<\/tr>\n<tr class=\"-show tr-even\">\n<td><span class=\"bold\">Soporte de hoja de sierra min.<\/span><\/td>\n<td>0,6 mm<\/td>\n<\/tr>\n<tr class=\"-show tr-odd\">\n<td><span class=\"bold\">Tipo: Soporte de hoja de sierra<\/span><\/td>\n<td>Eje en T<\/td>\n<\/tr>\n<\/tbody>\n<\/table>\n<\/div>\n<\/div>\n<\/div>\n<\/div>\n","protected":false},"excerpt":{"rendered":"<ul>\n<li class=\" meta\">Miembro de la familia Power X-Change<\/li>\n<li class=\" meta\">Vers\u00e1til: obra &#8211; taller &#8211; jard\u00edn<\/li>\n<li class=\" meta\">La sierra universal m\u00e1s peque\u00f1a de su clase<\/li>\n<li class=\" meta\">Motor de triatl\u00f3n \u00fanico (potente, r\u00e1pido, eficiente)<\/li>\n<li class=\" meta\">Cambio de hoja de sierra sin herramientas<\/li>\n<li class=\"meta\">Zapata de sierra ajustable para una utilizaci\u00f3n \u00f3ptima de la hoja de sierra<\/li>\n<li class=\"meta\">Superficies de agarre suave de forma ergon\u00f3mica<\/li>\n<li class=\"meta\">Almohadillas de goma para proteger la carcasa<\/li>\n<li class=\"meta\">Se suministra sin bater\u00eda y sin cargador (se vende por separado)<\/li>\n<li class=\"meta\">Incluye hoja de sierra (madera)<\/li>\n<\/ul>\n","protected":false},"featured_media":1374,"template":"","meta":{"_joinchat":[]},"product_cat":[50],"product_tag":[201],"class_list":{"0":"post-1373","1":"product","2":"type-product","3":"status-publish","4":"has-post-thumbnail","6":"product_cat-herramientas-a-bateria","7":"product_tag-sierra-sable","9":"first","10":"instock","11":"product-type-simple"},"_links":{"self":[{"href":"https:\/\/lidertecsa.com.ar\/catalogo\/wp-json\/wp\/v2\/product\/1373"}],"collection":[{"href":"https:\/\/lidertecsa.com.ar\/catalogo\/wp-json\/wp\/v2\/product"}],"about":[{"href":"https:\/\/lidertecsa.com.ar\/catalogo\/wp-json\/wp\/v2\/types\/product"}],"wp:featuredmedia":[{"embeddable":true,"href":"https:\/\/lidertecsa.com.ar\/catalogo\/wp-json\/wp\/v2\/media\/1374"}],"wp:attachment":[{"href":"https:\/\/lidertecsa.com.ar\/catalogo\/wp-json\/wp\/v2\/media?parent=1373"}],"wp:term":[{"taxonomy":"product_cat","embeddable":true,"href":"https:\/\/lidertecsa.com.ar\/catalogo\/wp-json\/wp\/v2\/product_cat?post=1373"},{"taxonomy":"product_tag","embeddable":true,"href":"https:\/\/lidertecsa.com.ar\/catalogo\/wp-json\/wp\/v2\/product_tag?post=1373"}],"curies":[{"name":"wp","href":"https:\/\/api.w.org\/{rel}","templated":true}]}}