{"id":1367,"date":"2023-06-25T09:20:35","date_gmt":"2023-06-25T12:20:35","guid":{"rendered":"https:\/\/lidertecsa.com.ar\/catalogo\/?post_type=product&#038;p=1367"},"modified":"2024-12-13T16:31:51","modified_gmt":"2024-12-13T19:31:51","slug":"atornillador-de-impacto-inalambrico-tp-ci-18-li-bl-solo-copia","status":"publish","type":"product","link":"https:\/\/lidertecsa.com.ar\/catalogo\/producto\/atornillador-de-impacto-inalambrico-tp-ci-18-li-bl-solo-copia\/","title":{"rendered":"Atornillador de Impacto Inal\u00e1mbrico &#8211; TP-CI 18 Li BL &#8211; Solo"},"content":{"rendered":"<p>La llave de impacto inal\u00e1mbrica Einhell Professional TP-CW 18 Li BL-solo es el complemento ideal para el cuidado y mantenimiento de la flota de veh\u00edculos. En lugar de invertir su energ\u00eda y tiempo en cambiar los neum\u00e1ticos en primavera y oto\u00f1o, aflojar y apretar las tuercas se puede hacer en poco tiempo con el ayudante pr\u00e1ctico. La poderosa llave de impacto ofrece una alternativa conveniente al laborioso aflojamiento a mano. La herramienta es accionada por el motor sin escobillas Einhell PurePOWER. Este motor sin escobillas ofrece m\u00e1s potencia y un tiempo de funcionamiento m\u00e1s largo que los motores de escobillas de carb\u00f3n convencionales. Despu\u00e9s de un registro en l\u00ednea, se aplica una garant\u00eda de 10 a\u00f1os al motor sin escobillas. Adem\u00e1s, la llave de impacto inal\u00e1mbrica es miembro de la familia Power X-Change: la bater\u00eda con tecnolog\u00eda de iones de litio de alta calidad y un cargador se utilizan en todos los modelos Power X-Change. La ventaja es obvia: los cables molestos, los \u00abpeligros de tropiezo\u00bb y las distracciones no deseadas debido a la limitada libertad de movimiento son cosa del pasado con la nueva, potente y duradera generaci\u00f3n de herramientas inal\u00e1mbricas Einhell. Esto permite que el trabajo se lleve a cabo de forma r\u00e1pida y segura en todas las ruedas. El alto par de la potente llave de impacto inal\u00e1mbrica proporciona suficiente potencia para aflojar incluso las tuercas atascadas, encajadas u oxidadas en muy poco tiempo. A pesar de todas sus prestaciones, el TP-CW 18 Li BL-solo es un peso ligero para su calibre y, por lo tanto, c\u00f3modo de usar. La llave de impacto tiene un robusto montaje cuadrado exterior de 1\/2&#8243;, incluido en la entrega hay un adaptador de broca para atornillar. La luz LED integrada para iluminar el \u00e1rea de trabajo tambi\u00e9n permite un cambio r\u00e1pido de neum\u00e1ticos cuando importa: al atardecer, en la oscuridad o en garajes sin suficiente iluminaci\u00f3n. La entrega se realiza sin bater\u00eda y sin cargador, estos se venden por separado.<\/p>\n","protected":false},"excerpt":{"rendered":"<ul>\n<li class=\" meta\">Miembro de la familia Power X-Change<\/li>\n<li class=\" meta\">Motor sin escobillas: m\u00e1s potencia y mayor autonom\u00eda<\/li>\n<li class=\" meta\">PurePOWER Brushless: garant\u00eda del motor de 10 a\u00f1os despu\u00e9s del registro<\/li>\n<li class=\" meta\">Alto par para un f\u00e1cil aflojamiento de las tuercas de la rueda<\/li>\n<li class=\" meta\">Peque\u00f1o y ligero &#8211; para un trabajo c\u00f3modo<\/li>\n<li class=\"meta\">Robusto montaje cuadrado exterior de 1\/2&#8243;<\/li>\n<li class=\"meta\">Incluye luz LED para iluminar el \u00e1rea de trabajo<\/li>\n<li class=\"meta\">Incluye adaptador de broca para atornillar<\/li>\n<li class=\"meta\">Recomendaci\u00f3n para obtener resultados \u00f3ptimos: bater\u00eda de 2,5 Ah y m\u00e1s grande<\/li>\n<li class=\"meta\">Se suministra sin bater\u00eda y sin cargador (se vende por separado)<\/li>\n<\/ul>\n","protected":false},"featured_media":1369,"template":"","meta":{"_joinchat":[]},"product_cat":[50],"product_tag":[52],"class_list":{"0":"post-1367","1":"product","2":"type-product","3":"status-publish","4":"has-post-thumbnail","6":"product_cat-herramientas-a-bateria","7":"product_tag-llave-de-impacto","9":"first","10":"instock","11":"product-type-simple"},"_links":{"self":[{"href":"https:\/\/lidertecsa.com.ar\/catalogo\/wp-json\/wp\/v2\/product\/1367"}],"collection":[{"href":"https:\/\/lidertecsa.com.ar\/catalogo\/wp-json\/wp\/v2\/product"}],"about":[{"href":"https:\/\/lidertecsa.com.ar\/catalogo\/wp-json\/wp\/v2\/types\/product"}],"wp:featuredmedia":[{"embeddable":true,"href":"https:\/\/lidertecsa.com.ar\/catalogo\/wp-json\/wp\/v2\/media\/1369"}],"wp:attachment":[{"href":"https:\/\/lidertecsa.com.ar\/catalogo\/wp-json\/wp\/v2\/media?parent=1367"}],"wp:term":[{"taxonomy":"product_cat","embeddable":true,"href":"https:\/\/lidertecsa.com.ar\/catalogo\/wp-json\/wp\/v2\/product_cat?post=1367"},{"taxonomy":"product_tag","embeddable":true,"href":"https:\/\/lidertecsa.com.ar\/catalogo\/wp-json\/wp\/v2\/product_tag?post=1367"}],"curies":[{"name":"wp","href":"https:\/\/api.w.org\/{rel}","templated":true}]}}