{"id":1363,"date":"2023-06-25T09:11:56","date_gmt":"2023-06-25T12:11:56","guid":{"rendered":"https:\/\/lidertecsa.com.ar\/catalogo\/?post_type=product&#038;p=1363"},"modified":"2024-12-13T16:31:51","modified_gmt":"2024-12-13T19:31:51","slug":"atornillador-de-durlock-inalambrico-te-dy-18-li-solo","status":"publish","type":"product","link":"https:\/\/lidertecsa.com.ar\/catalogo\/producto\/atornillador-de-durlock-inalambrico-te-dy-18-li-solo\/","title":{"rendered":"Atornillador de Durlock Inal\u00e1mbrico &#8211; TE-DY 18 Li-Solo"},"content":{"rendered":"<div id=\"description\" class=\"section-row -padded-wide--mod-top-only -in-viewport\" data-anchornav=\"Artikelbeschreibung\">\n<div class=\"col-wrapper -max-width-limited\">\n<div class=\"content-item module-description\">\n<div class=\"description-wrapper\">\n<div class=\"col-two\">\n<div class=\"description__content\">\n<p>El destornillador inal\u00e1mbrico para paneles de yeso Einhell TE-DY 18 Li-Solo ofrece un rendimiento preciso y potente durante los trabajos de renovaci\u00f3n y renovaci\u00f3n, lejos de cualquier toma de corriente. Como miembro de la familia Power X-Change, todas las bater\u00edas de esta serie de sistemas se pueden usar y combinar entre s\u00ed sin l\u00edmites. La fijaci\u00f3n exacta de la profundidad se realiza mediante un tope de profundidad ajustable. El trabajo de baja fatiga es posible gracias a la operaci\u00f3n continua ajustable. El acoplamiento de presi\u00f3n integrado tambi\u00e9n permite atornillar de forma f\u00e1cil de usar. Al mismo tiempo, el dise\u00f1o corto y ligero con superficies de agarre suave de forma ergon\u00f3mica garantiza un proceso de trabajo agradable que el bricolaje experimentado aprecia. Gracias a la iluminaci\u00f3n LED del destornillador inal\u00e1mbrico para paneles de yeso, tambi\u00e9n es posible trabajar de manera \u00f3ptima en \u00e1reas oscuras. El cambio de broca es r\u00e1pido e intuitivo gracias al soporte de broca magn\u00e9tico (6,35 mm\/&lt;&gt;\/&lt;&gt;\u00bb). El equipo incluye un pr\u00e1ctico clip para cintur\u00f3n que permite almacenar temporalmente el destornillador inal\u00e1mbrico para paneles de yeso. La entrega se realiza en la pr\u00e1ctica y b\u00e1sica E-Box. La bater\u00eda y el cargador Power X-Change deseados se venden por separado.<\/p>\n<\/div>\n<\/div>\n<\/div>\n<\/div>\n<\/div>\n<\/div>\n<div id=\"technical-details\" class=\"section-row -padded-wide--mod-top-only -in-viewport\" data-anchornav=\"Technische Daten\">\n<div class=\"col-wrapper -max-width-limited -decrease-width\">\n<div class=\"col\">\n<div class=\"content-item module-headline-paragraph headline paragraph -color-headline-black\">\n<h2 class=\"heading delta\">Caracter\u00edsticas t\u00e9cnicas<\/h2>\n<\/div>\n<div class=\"content-item module-table -styling-beta\">\n<table class=\"table__table\">\n<tbody>\n<tr class=\"-show tr-odd\">\n<td><span class=\"bold\">N\u00famero de bater\u00edas incluidas<\/span><\/td>\n<td>0 piezas<\/td>\n<\/tr>\n<tr class=\"-show tr-even\">\n<td><span class=\"bold\">N\u00famero de cargadores incluidos<\/span><\/td>\n<td>0 piezas<\/td>\n<\/tr>\n<tr class=\"-show tr-odd\">\n<td><span class=\"bold\">Velocidad de ralent\u00ed m\u00e1x.<\/span><\/td>\n<td>4000 min^-1<\/td>\n<\/tr>\n<tr class=\"-show tr-even\">\n<td><span class=\"bold\">Material de la caja de cambios<\/span><\/td>\n<td>Metal<\/td>\n<\/tr>\n<tr class=\"-show tr-odd\">\n<td><span class=\"bold\">Voltaje del motor<\/span><\/td>\n<td>18 V<\/td>\n<\/tr>\n<tr class=\"-show tr-even\">\n<td><span class=\"bold\">Motor<\/span><\/td>\n<td>Motor cepillado<\/td>\n<\/tr>\n<tr class=\"-show tr-odd\">\n<td><span class=\"bold\">Peso del producto<\/span><\/td>\n<td>0,99 kg<\/td>\n<\/tr>\n<\/tbody>\n<\/table>\n<\/div>\n<\/div>\n<\/div>\n<\/div>\n","protected":false},"excerpt":{"rendered":"<ul>\n<li class=\" meta\">Miembro de la familia Power X-Change<\/li>\n<li class=\" meta\">Fijaci\u00f3n exacta de la profundidad mediante tope de profundidad ajustable<\/li>\n<li class=\" meta\">Trabajo de baja fatiga gracias al funcionamiento continuo ajustable<\/li>\n<li class=\" meta\">Destornillado f\u00e1cil de usar con acoplamiento de presi\u00f3n integrado<\/li>\n<li class=\" meta\">Dise\u00f1o corto y ligero con superficies de agarre suave de forma ergon\u00f3mica<\/li>\n<li class=\"meta\">Trabajo \u00f3ptimo en zonas oscuras gracias a la iluminaci\u00f3n LED<\/li>\n<li class=\"meta\">Cambio de broca r\u00e1pido e intuitivo gracias al soporte de broca magn\u00e9tico<\/li>\n<li class=\"meta\">Incluye pr\u00e1ctico clip para cintur\u00f3n para un almacenamiento intermedio seguro<\/li>\n<li class=\"meta\">Se suministra en la pr\u00e1ctica E-Box b\u00e1sica<\/li>\n<\/ul>\n","protected":false},"featured_media":1364,"template":"","meta":{"_joinchat":[]},"product_cat":[50],"product_tag":[186],"class_list":{"0":"post-1363","1":"product","2":"type-product","3":"status-publish","4":"has-post-thumbnail","6":"product_cat-herramientas-a-bateria","7":"product_tag-atornillador-paneles-de-yeso","9":"first","10":"instock","11":"product-type-simple"},"_links":{"self":[{"href":"https:\/\/lidertecsa.com.ar\/catalogo\/wp-json\/wp\/v2\/product\/1363"}],"collection":[{"href":"https:\/\/lidertecsa.com.ar\/catalogo\/wp-json\/wp\/v2\/product"}],"about":[{"href":"https:\/\/lidertecsa.com.ar\/catalogo\/wp-json\/wp\/v2\/types\/product"}],"wp:featuredmedia":[{"embeddable":true,"href":"https:\/\/lidertecsa.com.ar\/catalogo\/wp-json\/wp\/v2\/media\/1364"}],"wp:attachment":[{"href":"https:\/\/lidertecsa.com.ar\/catalogo\/wp-json\/wp\/v2\/media?parent=1363"}],"wp:term":[{"taxonomy":"product_cat","embeddable":true,"href":"https:\/\/lidertecsa.com.ar\/catalogo\/wp-json\/wp\/v2\/product_cat?post=1363"},{"taxonomy":"product_tag","embeddable":true,"href":"https:\/\/lidertecsa.com.ar\/catalogo\/wp-json\/wp\/v2\/product_tag?post=1363"}],"curies":[{"name":"wp","href":"https:\/\/api.w.org\/{rel}","templated":true}]}}