{"id":136,"date":"2023-06-11T16:26:30","date_gmt":"2023-06-11T19:26:30","guid":{"rendered":"https:\/\/lidertecsa.com.ar\/catalogo\/?post_type=product&#038;p=136"},"modified":"2024-12-13T16:30:24","modified_gmt":"2024-12-13T19:30:24","slug":"taladro-inalambrico-combinado","status":"publish","type":"product","link":"https:\/\/lidertecsa.com.ar\/catalogo\/producto\/taladro-inalambrico-combinado\/","title":{"rendered":"Taladro Inalambrico Combinado"},"content":{"rendered":"<div class=\"col col-one\">\n<div class=\"content-item module-headline-paragraph headline paragraph -color-headline-black\">\n<p>El taladro combinado inal\u00e1mbrico Einhell TE-CD 18\/48 Li-i-Solo no solo es un asistente \u00fatil y poderoso en el hogar, el taller y el garaje. Debido a su funci\u00f3n de perforaci\u00f3n de impacto incluida, tambi\u00e9n est\u00e1 dise\u00f1ado para el trabajo universal en el campo de la renovaci\u00f3n y renovaci\u00f3n. El atornillado, la perforaci\u00f3n y la perforaci\u00f3n por impacto son las funciones b\u00e1sicas importantes que lo equipan para todas las tareas importantes. Como miembro de la familia Power X-Change, libera toda su potencia lejos de cualquier toma de corriente, lo que hace que el usuario sea altamente flexible. Al mismo tiempo, siempre est\u00e1 listo para su uso gracias a la tecnolog\u00eda Li-Ion sin autodescarga. La caja de cambios de dos velocidades funciona a una velocidad de carrera de hasta 24.000 unidades por minuto y entrega hasta 48 Nm de potencia al punto deseado. Gracias a su dise\u00f1o ergon\u00f3mico y agarre suave, el taladro combinado inal\u00e1mbrico est\u00e1 dise\u00f1ado para una m\u00e1xima maniobrabilidad y garantiza un trabajo agradable y sin fatiga incluso durante un uso prolongado. El mandril de 13 mm de manga simple recoge los accesorios de herramienta deseados de forma r\u00e1pida y sencilla. La iluminaci\u00f3n LED garantiza un trabajo \u00f3ptimo en \u00e1reas oscuras. La bater\u00eda y el cargador est\u00e1n disponibles por separado, por ejemplo, como un pr\u00e1ctico conjunto de arranque PXC en diferentes niveles de potencia.<\/p>\n<\/div>\n<\/div>\n<div class=\"col col-two\"><\/div>\n","protected":false},"excerpt":{"rendered":"<div class=\"col col-one\">\n<div class=\"content-item module-headline-paragraph headline paragraph -color-headline-black\">\n<p>El taladro combinado inal\u00e1mbrico Einhell TE-CD 18\/48 Li-i-Solo tiene un rendimiento robusto para tareas exigentes. La caja de engranajes met\u00e1licos de 2 velocidades proporciona suficiente potencia al taladrar o atornillar, mientras que al mismo tiempo garantiza una transmisi\u00f3n de potencia eficiente y una larga vida \u00fatil. Adem\u00e1s, el taladro combinado es miembro de la familia Power X-Change y, por lo tanto, tiene todas las ventajas asociadas con las bater\u00edas combinables. La entrega se realiza sin bater\u00eda ni cargador.<\/p>\n<\/div>\n<\/div>\n<div class=\"col col-two\"><\/div>\n","protected":false},"featured_media":138,"template":"","meta":{"_joinchat":[]},"product_cat":[50],"product_tag":[57],"class_list":{"0":"post-136","1":"product","2":"type-product","3":"status-publish","4":"has-post-thumbnail","6":"product_cat-herramientas-a-bateria","7":"product_tag-taladro-a-bateria","9":"first","10":"instock","11":"taxable","12":"shipping-taxable","13":"product-type-simple"},"_links":{"self":[{"href":"https:\/\/lidertecsa.com.ar\/catalogo\/wp-json\/wp\/v2\/product\/136"}],"collection":[{"href":"https:\/\/lidertecsa.com.ar\/catalogo\/wp-json\/wp\/v2\/product"}],"about":[{"href":"https:\/\/lidertecsa.com.ar\/catalogo\/wp-json\/wp\/v2\/types\/product"}],"wp:featuredmedia":[{"embeddable":true,"href":"https:\/\/lidertecsa.com.ar\/catalogo\/wp-json\/wp\/v2\/media\/138"}],"wp:attachment":[{"href":"https:\/\/lidertecsa.com.ar\/catalogo\/wp-json\/wp\/v2\/media?parent=136"}],"wp:term":[{"taxonomy":"product_cat","embeddable":true,"href":"https:\/\/lidertecsa.com.ar\/catalogo\/wp-json\/wp\/v2\/product_cat?post=136"},{"taxonomy":"product_tag","embeddable":true,"href":"https:\/\/lidertecsa.com.ar\/catalogo\/wp-json\/wp\/v2\/product_tag?post=136"}],"curies":[{"name":"wp","href":"https:\/\/api.w.org\/{rel}","templated":true}]}}