{"id":1354,"date":"2023-06-24T12:00:55","date_gmt":"2023-06-24T15:00:55","guid":{"rendered":"https:\/\/lidertecsa.com.ar\/catalogo\/?post_type=product&#038;p=1354"},"modified":"2024-12-13T16:31:50","modified_gmt":"2024-12-13T19:31:50","slug":"taladro-inalambrico-con-percusion-en-kit-te-cd-18-40-li-i-64-2x20ah","status":"publish","type":"product","link":"https:\/\/lidertecsa.com.ar\/catalogo\/producto\/taladro-inalambrico-con-percusion-en-kit-te-cd-18-40-li-i-64-2x20ah\/","title":{"rendered":"Taladro Inalambrico con Percusi\u00f3n en Kit &#8211; TE-CD 18\/40 Li-i +64 (2&#215;2,0Ah)"},"content":{"rendered":"<div id=\"description\" class=\"section-row -padded-wide--mod-top-only -in-viewport\" data-anchornav=\"Artikelbeschreibung\">\n<div class=\"col-wrapper -max-width-limited\">\n<div class=\"content-item module-description\">\n<div class=\"description-wrapper\">\n<div class=\"col-two\">\n<div class=\"description__content\">\n<p>El taladro combinado inal\u00e1mbrico TE-CD 18\/40 Li-i +64 (2&#215;2.0Ah) es un todoterreno que brilla en tres disciplinas importantes en el sector dom\u00e9stico y artesanal: las funciones de atornillado, taladrado y perforaci\u00f3n por impacto se combinan en un dispositivo pr\u00e1ctico. Como miembro de la familia Power X-Change de alto rendimiento, cualquier bater\u00eda de la serie de sistemas se puede combinar con el taladro combinado, y las bater\u00edas que se incluyen en la entrega tambi\u00e9n se pueden utilizar en todas las herramientas del sistema. La caja de cambios de 2 velocidades es adecuada para taladrar y atornillar potentes con hasta 40 Nm de par. A pesar de toda la potencia, la electr\u00f3nica de velocidad garantiza que el material y el trabajo espec\u00edfico de la aplicaci\u00f3n se lleven a cabo en 21 niveles de par. Con la funci\u00f3n de impacto incluida, incluso los materiales m\u00e1s duros, como los ladrillos, se pueden perforar a velocidades m\u00e1s altas: la funci\u00f3n de perforaci\u00f3n por s\u00ed sola es suficiente para perforar en madera. Sin embargo, debido a la configuraci\u00f3n de par, el dispositivo tambi\u00e9n ofrece velocidades m\u00e1s bajas para atornillar en materiales m\u00e1s blandos si es necesario. Una vista \u00f3ptima del \u00e1rea de trabajo, incluso en \u00e1reas oscuras, es proporcionada por la iluminaci\u00f3n LED integrada. El taladro inal\u00e1mbrico siempre est\u00e1 listo para su uso sin autodescarga gracias a la tecnolog\u00eda Li-Ion de alta calidad. En la entrega se incluyen dos bater\u00edas Power X-Change de 2.0 Ah y un cargador r\u00e1pido, as\u00ed como un conjunto de accesorios de 64 piezas, que se entrega en un pr\u00e1ctico estuche.<\/p>\n<\/div>\n<\/div>\n<\/div>\n<\/div>\n<\/div>\n<\/div>\n<div id=\"technical-details\" class=\"section-row -padded-wide--mod-top-only -in-viewport\" data-anchornav=\"Technische Daten\">\n<div class=\"col-wrapper -max-width-limited -decrease-width\">\n<div class=\"col\">\n<div class=\"content-item module-headline-paragraph headline paragraph -color-headline-black\">\n<h2 class=\"heading delta\">Caracter\u00edsticas t\u00e9cnicas<\/h2>\n<\/div>\n<div class=\"content-item module-table -styling-beta\">\n<table class=\"table__table\">\n<tbody>\n<tr class=\"-show tr-odd\">\n<td><span class=\"bold\">N\u00famero de bater\u00edas incluidas<\/span><\/td>\n<td>2 piezas<\/td>\n<\/tr>\n<tr class=\"-show tr-even\">\n<td><span class=\"bold\">N\u00famero de engranajes caja de cambios<\/span><\/td>\n<td>2<\/td>\n<\/tr>\n<tr class=\"-show tr-odd\">\n<td><span class=\"bold\">N\u00famero de cargadores incluidos<\/span><\/td>\n<td>1 piezas<\/td>\n<\/tr>\n<tr class=\"-show tr-even\">\n<td><span class=\"bold\">Par (duro)<\/span><\/td>\n<td>40 Nm<\/td>\n<\/tr>\n<tr class=\"-show tr-odd\">\n<td><span class=\"bold\">Etapas de ajuste de par<\/span><\/td>\n<td>21<\/td>\n<\/tr>\n<tr class=\"-show tr-even\">\n<td><span class=\"bold\">Capacidad de la bater\u00eda<\/span><\/td>\n<td>2 Ah<\/td>\n<\/tr>\n<tr class=\"-show tr-odd\">\n<td><span class=\"bold\">Capacidad m\u00e1xima del mandril de perforaci\u00f3n<\/span><\/td>\n<td>13 mm<\/td>\n<\/tr>\n<tr class=\"-show tr-even\">\n<td><span class=\"bold\">Mandril de perforaci\u00f3n de capacidad m\u00ednima<\/span><\/td>\n<td>2 mm<\/td>\n<\/tr>\n<tr class=\"-show tr-odd\">\n<td><span class=\"bold\">Voltaje del motor<\/span><\/td>\n<td>18 V<\/td>\n<\/tr>\n<tr class=\"-show tr-even\">\n<td><span class=\"bold\">Motor<\/span><\/td>\n<td>Motor cepillado<\/td>\n<\/tr>\n<tr class=\"-show tr-odd\">\n<td><span class=\"bold\">Peso del producto<\/span><\/td>\n<td>1,46 kg<\/td>\n<\/tr>\n<tr class=\"-show tr-even\">\n<td><span class=\"bold\">Velocidad de carrera 1<\/span><\/td>\n<td>6400 min^-1<\/td>\n<\/tr>\n<tr class=\"-show tr-odd\">\n<td><span class=\"bold\">Velocidad de carrera 2<\/span><\/td>\n<td>24000 min^-1<\/td>\n<\/tr>\n<\/tbody>\n<\/table>\n<\/div>\n<\/div>\n<\/div>\n<\/div>\n","protected":false},"excerpt":{"rendered":"<ul>\n<li class=\" meta\">Miembro de la familia Power X-Change<\/li>\n<li class=\" meta\">Caja de engranajes de 2 velocidades para taladrar y atornillar potentes<\/li>\n<li class=\" meta\">Electr\u00f3nica de velocidad para trabajos espec\u00edficos de materiales y aplicaciones<\/li>\n<li class=\" meta\">Siempre listo para su uso gracias a la tecnolog\u00eda Li-Ion sin autodescarga<\/li>\n<li class=\" meta\">Trabajo \u00f3ptimo en zonas oscuras gracias a la iluminaci\u00f3n LED<\/li>\n<li class=\"meta\">Funci\u00f3n de taladro de impacto incluida para un trabajo universal<\/li>\n<li class=\"meta\">Se suministra con dos bater\u00edas PXC de 2,0 Ah y cargador r\u00e1pido<\/li>\n<li class=\"meta\">Se suministra en un pr\u00e1ctico estuche y accesorios de 64 piezas<\/li>\n<\/ul>\n","protected":false},"featured_media":1355,"template":"","meta":{"_joinchat":[]},"product_cat":[50],"product_tag":[57],"class_list":{"0":"post-1354","1":"product","2":"type-product","3":"status-publish","4":"has-post-thumbnail","6":"product_cat-herramientas-a-bateria","7":"product_tag-taladro-a-bateria","9":"first","10":"instock","11":"product-type-simple"},"_links":{"self":[{"href":"https:\/\/lidertecsa.com.ar\/catalogo\/wp-json\/wp\/v2\/product\/1354"}],"collection":[{"href":"https:\/\/lidertecsa.com.ar\/catalogo\/wp-json\/wp\/v2\/product"}],"about":[{"href":"https:\/\/lidertecsa.com.ar\/catalogo\/wp-json\/wp\/v2\/types\/product"}],"wp:featuredmedia":[{"embeddable":true,"href":"https:\/\/lidertecsa.com.ar\/catalogo\/wp-json\/wp\/v2\/media\/1355"}],"wp:attachment":[{"href":"https:\/\/lidertecsa.com.ar\/catalogo\/wp-json\/wp\/v2\/media?parent=1354"}],"wp:term":[{"taxonomy":"product_cat","embeddable":true,"href":"https:\/\/lidertecsa.com.ar\/catalogo\/wp-json\/wp\/v2\/product_cat?post=1354"},{"taxonomy":"product_tag","embeddable":true,"href":"https:\/\/lidertecsa.com.ar\/catalogo\/wp-json\/wp\/v2\/product_tag?post=1354"}],"curies":[{"name":"wp","href":"https:\/\/api.w.org\/{rel}","templated":true}]}}