{"id":1348,"date":"2023-06-24T11:42:25","date_gmt":"2023-06-24T14:42:25","guid":{"rendered":"https:\/\/lidertecsa.com.ar\/catalogo\/?post_type=product&#038;p=1348"},"modified":"2024-12-13T16:31:50","modified_gmt":"2024-12-13T19:31:50","slug":"taladro-inalambrico-con-percusion-en-kit-te-cd-18-2-li-i-22-1x2-5-ah","status":"publish","type":"product","link":"https:\/\/lidertecsa.com.ar\/catalogo\/producto\/taladro-inalambrico-con-percusion-en-kit-te-cd-18-2-li-i-22-1x2-5-ah\/","title":{"rendered":"Taladro Inalambrico con Percusi\u00f3n en Kit &#8211; TE-CD 18\/2 Li-i +22 (1&#215;2.5 Ah)"},"content":{"rendered":"<div id=\"description\" class=\"section-row -padded-wide--mod-top-only -in-viewport\" data-anchornav=\"Artikelbeschreibung\">\n<div class=\"col-wrapper -max-width-limited\">\n<div class=\"content-item module-description\">\n<div class=\"description-wrapper\">\n<div class=\"col-two\">\n<div class=\"description__content\">\n<p>El taladro combinado inal\u00e1mbrico Einhell TE-CD 18\/2 Li-i +22 (1&#215;2.5 Ah) es el todoterreno en las tres disciplinas de bricolaje m\u00e1s importantes. Las funciones de atornillado, taladrado y taladrado por impacto se combinan de manera \u00f3ptima en esta herramienta inal\u00e1mbrica. Como miembro de la familia Power X-Change, ofrece libertad inal\u00e1mbrica, en cualquier momento y en cualquier lugar. La caja de cambios de 2 velocidades es utilizada por el usuario para un potente atornillado y una perforaci\u00f3n r\u00e1pida. Adem\u00e1s, la funci\u00f3n de taladro de impacto incluida garantiza que sea f\u00e1cil para las juntas para todos los trabajos en el hogar, el taller y el garaje. En la marcha respectiva, se entrega la velocidad de carrera ideal. El mandril de acci\u00f3n r\u00e1pida de manga simple (13 mm) est\u00e1 hecho de metal s\u00f3lido. Ya sea una broca o un taladro, los accesorios adecuados se pueden cambiar r\u00e1pidamente gracias al bloqueo autom\u00e1tico del husillo. El embrague de deslizamiento de par garantiza un trabajo sensible en aplicaciones delicadas. Por lo tanto, las bajas velocidades en materiales blandos no son un problema, gracias a los 20 niveles de par. Incluso con un uso prolongado, el agarre suave ergon\u00f3mico permite un trabajo c\u00f3modo. El \u00e1rea de trabajo est\u00e1 iluminada de manera \u00f3ptima por luz LED. El conjunto est\u00e1 inmediatamente listo para su uso gracias a la amplia gama de accesorios. El volumen de suministro incluye el pr\u00e1ctico clip para cintur\u00f3n, una bater\u00eda PXC de 2,5 Ah y un cargador r\u00e1pido, as\u00ed como un extenso juego de brocas y taladros con 22 piezas, todo cuidadosamente guardado en el pr\u00e1ctico estuche E-Box Basic.<\/p>\n<\/div>\n<\/div>\n<\/div>\n<\/div>\n<\/div>\n<\/div>\n<div id=\"technical-details\" class=\"section-row -padded-wide--mod-top-only -in-viewport\" data-anchornav=\"Technische Daten\">\n<div class=\"col-wrapper -max-width-limited -decrease-width\">\n<div class=\"col\">\n<div class=\"content-item module-headline-paragraph headline paragraph -color-headline-black\">\n<h2 class=\"heading delta\">Caracter\u00edsticas t\u00e9cnicas<\/h2>\n<\/div>\n<div class=\"content-item module-table -styling-beta\">\n<table class=\"table__table\">\n<tbody>\n<tr class=\"-show tr-odd\">\n<td><span class=\"bold\">N\u00famero de bater\u00edas incluidas<\/span><\/td>\n<td>1 piezas<\/td>\n<\/tr>\n<tr class=\"-show tr-even\">\n<td><span class=\"bold\">N\u00famero de engranajes caja de cambios<\/span><\/td>\n<td>2<\/td>\n<\/tr>\n<tr class=\"-show tr-odd\">\n<td><span class=\"bold\">N\u00famero de cargadores incluidos<\/span><\/td>\n<td>1 piezas<\/td>\n<\/tr>\n<tr class=\"-show tr-even\">\n<td><span class=\"bold\">Par (duro)<\/span><\/td>\n<td>44 Nm<\/td>\n<\/tr>\n<tr class=\"-show tr-odd\">\n<td><span class=\"bold\">Etapas de ajuste de par<\/span><\/td>\n<td>20<\/td>\n<\/tr>\n<tr class=\"-show tr-even\">\n<td><span class=\"bold\">Capacidad m\u00e1xima del mandril de perforaci\u00f3n<\/span><\/td>\n<td>13 mm<\/td>\n<\/tr>\n<tr class=\"-show tr-odd\">\n<td><span class=\"bold\">Mandril de perforaci\u00f3n de capacidad m\u00ednima<\/span><\/td>\n<td>2 mm<\/td>\n<\/tr>\n<tr class=\"-show tr-even\">\n<td><span class=\"bold\">Voltaje del motor<\/span><\/td>\n<td>18 V<\/td>\n<\/tr>\n<tr class=\"-show tr-odd\">\n<td><span class=\"bold\">Motor<\/span><\/td>\n<td>Motor cepillado<\/td>\n<\/tr>\n<tr class=\"-show tr-even\">\n<td><span class=\"bold\">Peso del producto<\/span><\/td>\n<td>1,14 kg<\/td>\n<\/tr>\n<tr class=\"-show tr-odd\">\n<td><span class=\"bold\">Velocidad de carrera 1<\/span><\/td>\n<td>5250 min^-1<\/td>\n<\/tr>\n<tr class=\"-show tr-even\">\n<td><span class=\"bold\">Velocidad de carrera 2<\/span><\/td>\n<td>18750 min^-1<\/td>\n<\/tr>\n<\/tbody>\n<\/table>\n<\/div>\n<\/div>\n<\/div>\n<\/div>\n","protected":false},"excerpt":{"rendered":"<ul>\n<li class=\" meta\">Miembro de la familia Power X-Change<\/li>\n<li class=\" meta\">Caja de engranajes de 2 velocidades para atornillado potente y taladrado r\u00e1pido<\/li>\n<li class=\" meta\">Funci\u00f3n de taladro de impacto incluida para un trabajo que es f\u00e1cil para las juntas<\/li>\n<li class=\" meta\">Portabrocas de acci\u00f3n r\u00e1pida de una sola manga<\/li>\n<li class=\" meta\">Bloqueo autom\u00e1tico del husillo para un cambio r\u00e1pido de herramienta<\/li>\n<li class=\"meta\">Embrague de deslizamiento de par para un trabajo sensible<\/li>\n<li class=\"meta\">Agarre ergon\u00f3mico suave para un trabajo c\u00f3modo<\/li>\n<li class=\"meta\">Incluye luz LED para iluminar el \u00e1rea de trabajo<\/li>\n<li class=\"meta\">Incluye pr\u00e1ctico clip para cintur\u00f3n<\/li>\n<li class=\"meta\">Se suministra con una bater\u00eda PXC de 2,5 Ah y un cargador r\u00e1pido<\/li>\n<li class=\"meta\">Se suministra en un pr\u00e1ctico estuche E-Box Basic<\/li>\n<li class=\"meta\">Incluye amplio juego de brocas y taladros con 22 piezas<\/li>\n<\/ul>\n","protected":false},"featured_media":1349,"template":"","meta":{"_joinchat":[]},"product_cat":[50],"product_tag":[57],"class_list":{"0":"post-1348","1":"product","2":"type-product","3":"status-publish","4":"has-post-thumbnail","6":"product_cat-herramientas-a-bateria","7":"product_tag-taladro-a-bateria","9":"first","10":"instock","11":"product-type-simple"},"_links":{"self":[{"href":"https:\/\/lidertecsa.com.ar\/catalogo\/wp-json\/wp\/v2\/product\/1348"}],"collection":[{"href":"https:\/\/lidertecsa.com.ar\/catalogo\/wp-json\/wp\/v2\/product"}],"about":[{"href":"https:\/\/lidertecsa.com.ar\/catalogo\/wp-json\/wp\/v2\/types\/product"}],"wp:featuredmedia":[{"embeddable":true,"href":"https:\/\/lidertecsa.com.ar\/catalogo\/wp-json\/wp\/v2\/media\/1349"}],"wp:attachment":[{"href":"https:\/\/lidertecsa.com.ar\/catalogo\/wp-json\/wp\/v2\/media?parent=1348"}],"wp:term":[{"taxonomy":"product_cat","embeddable":true,"href":"https:\/\/lidertecsa.com.ar\/catalogo\/wp-json\/wp\/v2\/product_cat?post=1348"},{"taxonomy":"product_tag","embeddable":true,"href":"https:\/\/lidertecsa.com.ar\/catalogo\/wp-json\/wp\/v2\/product_tag?post=1348"}],"curies":[{"name":"wp","href":"https:\/\/api.w.org\/{rel}","templated":true}]}}